{"id":64274,"date":"2024-06-28T12:47:17","date_gmt":"2024-06-28T19:47:17","guid":{"rendered":"https:\/\/www.dragonframe.com\/?post_type=product&#038;p=64274"},"modified":"2024-06-28T12:51:02","modified_gmt":"2024-06-28T19:51:02","slug":"general-lift-junior","status":"publish","type":"product","link":"https:\/\/www.dragonframe.com\/it\/product\/general-lift-junior\/","title":{"rendered":"Ascensore generale \u2013 Junior"},"content":{"rendered":"","protected":false},"excerpt":{"rendered":"<p>General Lift \u00e8 al servizio del settore cinematografico e commerciale da oltre 30 anni.<\/p>\n<p>Junior \u00e8 stato progettato come un sistema di controllo del movimento Stop Motion Animation versatile, facilmente spostabile e configurabile con fattore di forma pi\u00f9 piccolo rispetto al Senior Rig.<\/p>\n<p>Progettato come un fattore di forma &quot;tutto in uno&quot;, Junior pu\u00f2 essere portato sul set e poi lasciato cadere per prepararsi alle riprese.<\/p>\n<p>Ha sette assi di movimento: traccia, oscillazione del braccio, elevazione del braccio, panoramica, inclinazione e rollio oltre alla messa a fuoco.<\/p>\n<p>Caratteristiche:<\/p>\n<ol>\n<li>Junior \u00e8 costruito con il sistema montato su una robusta struttura in acciaio con rotelle per carichi pesanti per posizionarlo in posizione sul tuo set.<\/li>\n<li>I piedini di livellamento sono posizionati su tutti e quattro gli angoli per posizionare con precisione Junior in una configurazione molto stabile e livellata.<\/li>\n<li>In virt\u00f9 delle sue dimensioni e mobilit\u00e0, Junior pu\u00f2 essere facilmente spostato dentro o fuori per consentire una nuova installazione da parte di una persona.<\/li>\n<\/ol>","protected":false},"featured_media":64276,"template":"","meta":[],"product_brand":[],"product_cat":[372],"product_tag":[],"class_list":{"0":"post-64274","1":"product","2":"type-product","3":"status-publish","4":"has-post-thumbnail","6":"product_cat-dragonframe-hardware","7":"no-featured-image-padding","8":"","9":"woocommerce-text-align-center","10":"woocommerce-image-align-center","11":"do-quantity-buttons","13":"first","14":"instock","15":"taxable","16":"shipping-taxable","17":"product-type-external"},"bundled_by":[],"bundle_stock_status":"instock","bundle_stock_quantity":null,"bundle_virtual":false,"bundle_layout":"","bundle_add_to_cart_form_location":"","bundle_editable_in_cart":false,"bundle_sold_individually_context":"","bundle_item_grouping":"","bundle_min_size":"","bundle_max_size":"","bundle_price":[],"bundled_items":[],"bundle_sell_ids":[],"exclude_global_add_ons":[],"addons":[],"_links":{"self":[{"href":"https:\/\/www.dragonframe.com\/it\/wp-json\/wp\/v2\/product\/64274","targetHints":{"allow":["GET"]}}],"collection":[{"href":"https:\/\/www.dragonframe.com\/it\/wp-json\/wp\/v2\/product"}],"about":[{"href":"https:\/\/www.dragonframe.com\/it\/wp-json\/wp\/v2\/types\/product"}],"wp:featuredmedia":[{"embeddable":true,"href":"https:\/\/www.dragonframe.com\/it\/wp-json\/wp\/v2\/media\/64276"}],"wp:attachment":[{"href":"https:\/\/www.dragonframe.com\/it\/wp-json\/wp\/v2\/media?parent=64274"}],"wp:term":[{"taxonomy":"product_brand","embeddable":true,"href":"https:\/\/www.dragonframe.com\/it\/wp-json\/wp\/v2\/product_brand?post=64274"},{"taxonomy":"product_cat","embeddable":true,"href":"https:\/\/www.dragonframe.com\/it\/wp-json\/wp\/v2\/product_cat?post=64274"},{"taxonomy":"product_tag","embeddable":true,"href":"https:\/\/www.dragonframe.com\/it\/wp-json\/wp\/v2\/product_tag?post=64274"}],"curies":[{"name":"wp","href":"https:\/\/api.w.org\/{rel}","templated":true}]}}