{"id":49964,"date":"2021-12-02T13:59:15","date_gmt":"2021-12-02T21:59:15","guid":{"rendered":"https:\/\/www.dragonframe.com\/?post_type=product&#038;p=49964"},"modified":"2026-02-19T08:05:19","modified_gmt":"2026-02-19T16:05:19","slug":"dmc-32","status":"publish","type":"product","link":"https:\/\/www.dragonframe.com\/it\/product\/dmc-32\/","title":{"rendered":"DMC-32"},"content":{"rendered":"<div class=\"fusion-clearfix\"><\/div>\n<div data-post-id=\"49969\" class=\"insert-page insert-page-49969\">\n<div class=\"productSectionTitleBox\" style=\"margin-top: 20px;\">\n<h1>Dragonframe <span class=\"white\">Controllore principale<\/span><\/h1>\n<\/div>\n\n\n\n<div class=\"wp-block-columns is-layout-flex wp-container-core-columns-is-layout-9d6595d7 wp-block-columns-is-layout-flex\">\n<div class=\"wp-block-column is-layout-flow wp-block-column-is-layout-flow\" style=\"flex-basis:66.66%\">\n<h3 style=\"margin-top: 20px;\">Caratteristiche<\/h3>\n<ul>\n \t<li>32 canali di segnali passo\/direzione per l&#039;utilizzo con driver per motori passo-passo.<\/li>\n \t<li>Frequenza massima degli impulsi di 200.000 passi\/secondo (200 kHz).<\/li>\n \t<li>16 jack RJ45 con uscite differenziali e non differenziali per passo e direzione.<\/li>\n \t<li>Un&#039;uscita passo\/direzione DB37 compatibile con Kuper (non differenziale).<\/li>\n \t<li>16 ingressi finecorsa su DB25. (8 serie di limiti bassi e alti per i motori 1-8).<\/li>\n \t<li>Un trigger della fotocamera con misurazione separata e uscite dell&#039;otturatore.<\/li>\n \t<li>Un&#039;uscita DMX512 per controllare fino a 512 luci.<\/li>\n \t<li>Ingresso Timecode (LTC \/ Linear Timecode) su connettore BNC, per passaggi live ripetibili.<\/li>\n \t<li>I\/O Trigger per interfacciare DMC-32\/Dragonframe con un altro dispositivo esterno.<\/li>\n \t<li>Include un rel\u00e8, due uscite di livello logico, un ingresso di commutazione e un ingresso di arresto di emergenza.<\/li>\n \t<li>Tensione di ingresso: da 115 V CA a 230 V CA.<\/li>\n<\/ul>\n<h3>Specifiche fisiche<\/h3>\n<ul>\n \t<li>Contenitore montabile su rack 1U<\/li>\n \t<li>Dimensioni: 19\u2033 di larghezza x 1.719\u2033 di altezza x 10\u2033 di profondit\u00e0<\/li>\n \t<li>Peso: 6,5 libbre<\/li>\n<\/ul>\n<h3>La confezione include<\/h3>\n<ul>\n \t<li>Cavo di alimentazione a scelta: US\/UK\/EU\/Nessuno.<\/li>\n \t<li>Cavo USB (lunghezza 6\u2032).<\/li>\n \t<li>Piedini in gomma per uso desktop.<\/li>\n<\/ul>\n<h3>Domande frequenti:<\/h3>\n<p><strong>Q: <\/strong>Qual \u00e8 la differenza tra il DMC-32 e l&#039;utilizzo di un Arduino per il controllo del movimento? Perch\u00e9 dovrei pagare molto di pi\u00f9 per il DMC-32?<\/p>\n\n<p><strong>UN: <\/strong>Arduino (con Dragonframe e il nostro sketch DFMoco) \u00e8 un ottimo strumento per il controllo del movimento in stop motion e time-lapse, ma \u00e8 molto semplice. Ha una velocit\u00e0 massima del motore di 20.000 passi\/secondo, con accelerazioni\/decelerazioni abbastanza grossolane. Il DMC-32 \u00e8 dieci volte pi\u00f9 veloce, con accelerazione e decelerazione pi\u00f9 fluide. L&#039;Arduino fornisce funzionalit\u00e0 di base di tiro-mossa-tiro, mentre il DMC-32 pu\u00f2 eseguire mosse a piena velocit\u00e0. Il DMC-32 fornisce anche funzionalit\u00e0 e trigger di illuminazione DMX completi.<\/p>\n\n<p><strong>Q: <\/strong>Il DMC-32 include driver per motori passo-passo alimentati?<\/p>\n\n<p><strong>UN: <\/strong>No. Fornisce segnali di passo e di direzione. \u00c8 necessario utilizzare driver separati, come quelli di <a href=\"https:\/\/www.geckodrive.com\/g201x-digital-step-drive.html\" target=\"dframe\" rel=\"noopener noreferrer\">Gecodrive<\/a>.<\/p>\n\n<p><strong>Q: <\/strong>In che modo il DMC-32 \u00e8 diverso dal DMC-16?<\/p>\n\n<p><strong>UN: <\/strong>Il DMC-32 pu\u00f2 emettere contemporaneamente 32 diversi segnali motore passo\/direzione. Il DB37 sul DMC-32 emette i canali 17-32 invece di ripetere 1-16. Il DMC-32 ha un ingresso BNC LTC, per la sincronizzazione live action.<\/p>\n\n<p><strong>Q: <\/strong>Il DMC-32 \u00e8 genlockabile?<\/p>\n\n<p><strong>UN: <\/strong>Richiede il timecode LTC. Se utilizzi un generatore di segnale che emette sia genlock che LTC (come Atomos Ultrasync One), puoi inviare LTC al DMC-32 e genlock a una videocamera e saranno sincronizzati.<\/p>\n\n<p><strong>Q: <\/strong>Il DMC-32 \u00e8 incredibilmente fantastico come sembra?<\/p>\n\n<p><strong>UN: <\/strong>S\u00ec.<\/p>\n<\/div>\n\n\n\n<div class=\"wp-block-column is-layout-flow wp-block-column-is-layout-flow\" style=\"flex-basis:33.33%\">\n<h3 style=\"margin-top: 20px;\">Risorse<\/h3>\n<p>\u00c8 possibile trovare ulteriori specifiche tecniche, precauzioni di sicurezza e schemi elettrici nella guida per l&#039;utente:<\/p>\n\n<p><a href=\"\/download\/DMC32-1.3.pdf\">DMC-32 Guida per l&#039;utente<\/a><\/p>\n\n<p>Garanzia sull&#039;hardware:<\/p>\n\n<p><a href=\"\/download\/DZEDLimitedWarranty-2yr.pdf\">Garanzia limitata DZED \u2013 2 anni<\/a><\/p>\n\n<p>Domande frequenti aggiuntive:<\/p>\n\n<p><a href=\"\/it\/faq\/#_ewd-ufaq-faq-category-motion-control\">Domande frequenti sul controllo del movimento<\/a><\/p>\n\n<\/div>\n<\/div>\n<\/div>","protected":false},"excerpt":{"rendered":"<p>Il DMC-32 (Dragonframe Master Controller) \u00e8 un coordinatore del controllo del movimento a 32 assi da utilizzare con il software Dragonframe.<\/p>\n<p>Fornisce 32 canali di segnali di passo e direzione completamente sincronizzati a velocit\u00e0 fino a 200kHz, un trigger della telecamera, controllo dell&#039;illuminazione DMX512, ingressi di finecorsa e una serie di trigger per l&#039;interfacciamento con un dispositivo esterno.<\/p>\n<p>Il DMC-32 \u00e8 la nuova generazione del nostro prodotto DMC-16. Ecco le principali differenze:<\/p>\n<ul>\n<li>Emette 32 canali invece di 16. (Il DB37 trasporta i canali 17-32 invece di ripetere 1-16.)<\/li>\n<li>Alimentato dal processore Zynq 7Z020 migliorato (invece di DE0-Nano).<\/li>\n<li>Ingresso LTC per passaggi live-action perfettamente sincronizzati e ripetibili.<\/li>\n<li>Ventola integrata per il controllo della temperatura.<\/li>\n<li>Utilizza un ingresso TRS da 3,5 mm (mini jack per cuffie stereo) per l&#039;otturatore\/misuratore della fotocamera anzich\u00e9 XLR.<\/li>\n<\/ul>","protected":false},"featured_media":61499,"template":"","meta":[],"product_brand":[],"product_cat":[372],"product_tag":[],"class_list":{"0":"post-49964","1":"product","2":"type-product","3":"status-publish","4":"has-post-thumbnail","6":"product_cat-dragonframe-hardware","7":"no-featured-image-padding","8":"","9":"woocommerce-text-align-center","10":"woocommerce-image-align-center","11":"do-quantity-buttons","13":"first","14":"instock","15":"taxable","16":"shipping-taxable","17":"purchasable","18":"product-type-simple"},"bundled_by":[],"bundle_stock_status":"instock","bundle_stock_quantity":12,"bundle_virtual":false,"bundle_layout":"","bundle_add_to_cart_form_location":"","bundle_editable_in_cart":false,"bundle_sold_individually_context":"","bundle_item_grouping":"","bundle_min_size":"","bundle_max_size":"","bundle_price":[],"bundled_items":[],"bundle_sell_ids":[],"exclude_global_add_ons":true,"addons":[{"name":"Cavo di alimentazione","type":"multiple_choice","position":0,"required":true,"title_format":"label","default":"0","description_enable":false,"description":"","placeholder_enable":false,"placeholder":"","display":"select","restrictions_type":"any_text","adjust_price":false,"price":"","price_type":"flat_fee","restrictions":false,"min":"0","max":"0","options":[{"label":"US (Type B)","price":"","price_type":"flat_fee","image":0,"visibility":true},{"label":"UK (Type G)","price":"","price_type":"flat_fee","image":0,"visibility":true},{"label":"EU (Type C)","price":"","price_type":"flat_fee","image":0,"visibility":true},{"label":"None","price":"","price_type":"flat_fee","image":0,"visibility":true}],"id":1701432188}],"_links":{"self":[{"href":"https:\/\/www.dragonframe.com\/it\/wp-json\/wp\/v2\/product\/49964","targetHints":{"allow":["GET"]}}],"collection":[{"href":"https:\/\/www.dragonframe.com\/it\/wp-json\/wp\/v2\/product"}],"about":[{"href":"https:\/\/www.dragonframe.com\/it\/wp-json\/wp\/v2\/types\/product"}],"wp:featuredmedia":[{"embeddable":true,"href":"https:\/\/www.dragonframe.com\/it\/wp-json\/wp\/v2\/media\/61499"}],"wp:attachment":[{"href":"https:\/\/www.dragonframe.com\/it\/wp-json\/wp\/v2\/media?parent=49964"}],"wp:term":[{"taxonomy":"product_brand","embeddable":true,"href":"https:\/\/www.dragonframe.com\/it\/wp-json\/wp\/v2\/product_brand?post=49964"},{"taxonomy":"product_cat","embeddable":true,"href":"https:\/\/www.dragonframe.com\/it\/wp-json\/wp\/v2\/product_cat?post=49964"},{"taxonomy":"product_tag","embeddable":true,"href":"https:\/\/www.dragonframe.com\/it\/wp-json\/wp\/v2\/product_tag?post=49964"}],"curies":[{"name":"wp","href":"https:\/\/api.w.org\/{rel}","templated":true}]}}