{"id":45986,"date":"2021-05-15T17:00:50","date_gmt":"2021-05-16T00:00:50","guid":{"rendered":"https:\/\/www.dragonframe.com\/?post_type=product&#038;p=45986"},"modified":"2025-10-28T08:43:10","modified_gmt":"2025-10-28T15:43:10","slug":"zdmc-16-upgrade-card","status":"publish","type":"product","link":"https:\/\/www.dragonframe.com\/it\/product\/zdmc-16-upgrade-card\/","title":{"rendered":"Scheda di aggiornamento zDMC-16"},"content":{"rendered":"","protected":false},"excerpt":{"rendered":"<p>Questo prodotto aggiorna il tuo DMC-16 esistente con la nostra scheda figlia migliorata, o &quot;cervello&quot;.<\/p>\n<p>Il nuovo cervello \u00e8 uno Z-Turn 7Z020. \u00c8 pi\u00f9 veloce e pi\u00f9 affidabile e ci consentir\u00e0 di migliorare la funzionalit\u00e0 DMC.<br \/>\nAd esempio, zDMC-16 supporta la nuova funzionalit\u00e0 &quot;punto di mira&quot; in Dragonframe 5 e anche l&#039;accoppiamento del motore (che guida insieme due motori).<\/p>\n<p>Nella nostra guida per l&#039;utente e altrove, faremo riferimento al tuo DMC-16 aggiornato come &quot;zDMC-16&quot;.<\/p>\n<p>Il firmware per i dispositivi aggiornati inizier\u00e0 con &quot;zDMC&quot;.<\/p>\n<p>Ecco le istruzioni per sostituire la scheda figlia DE0-Nano nel tuo DMC-16 con una nuova scheda Z-Turn:<br \/>\n<a href=\"\/download\/DMC16-ZTurn.pdf\">DMC16-ZTurn.pdf<\/a><\/p>","protected":false},"featured_media":50246,"template":"","meta":[],"product_brand":[],"product_cat":[372],"product_tag":[],"class_list":{"0":"post-45986","1":"product","2":"type-product","3":"status-publish","4":"has-post-thumbnail","6":"product_cat-dragonframe-hardware","7":"no-featured-image-padding","8":"","9":"woocommerce-text-align-center","10":"woocommerce-image-align-center","11":"do-quantity-buttons","13":"first","14":"instock","15":"taxable","16":"shipping-taxable","17":"purchasable","18":"product-type-simple"},"bundled_by":[],"bundle_stock_status":"instock","bundle_stock_quantity":2,"bundle_virtual":false,"bundle_layout":"","bundle_add_to_cart_form_location":"","bundle_editable_in_cart":false,"bundle_sold_individually_context":"","bundle_item_grouping":"","bundle_min_size":"","bundle_max_size":"","bundle_price":[],"bundled_items":[],"bundle_sell_ids":[],"exclude_global_add_ons":[],"addons":[],"_links":{"self":[{"href":"https:\/\/www.dragonframe.com\/it\/wp-json\/wp\/v2\/product\/45986","targetHints":{"allow":["GET"]}}],"collection":[{"href":"https:\/\/www.dragonframe.com\/it\/wp-json\/wp\/v2\/product"}],"about":[{"href":"https:\/\/www.dragonframe.com\/it\/wp-json\/wp\/v2\/types\/product"}],"wp:featuredmedia":[{"embeddable":true,"href":"https:\/\/www.dragonframe.com\/it\/wp-json\/wp\/v2\/media\/50246"}],"wp:attachment":[{"href":"https:\/\/www.dragonframe.com\/it\/wp-json\/wp\/v2\/media?parent=45986"}],"wp:term":[{"taxonomy":"product_brand","embeddable":true,"href":"https:\/\/www.dragonframe.com\/it\/wp-json\/wp\/v2\/product_brand?post=45986"},{"taxonomy":"product_cat","embeddable":true,"href":"https:\/\/www.dragonframe.com\/it\/wp-json\/wp\/v2\/product_cat?post=45986"},{"taxonomy":"product_tag","embeddable":true,"href":"https:\/\/www.dragonframe.com\/it\/wp-json\/wp\/v2\/product_tag?post=45986"}],"curies":[{"name":"wp","href":"https:\/\/api.w.org\/{rel}","templated":true}]}}