{"id":19626,"date":"2017-03-25T14:12:35","date_gmt":"2017-03-25T21:12:35","guid":{"rendered":"http:\/\/dev.dragonframe.com\/product\/ddmx-s2\/"},"modified":"2024-03-22T11:47:07","modified_gmt":"2024-03-22T18:47:07","slug":"ddmx-s2","status":"publish","type":"product","link":"https:\/\/www.dragonframe.com\/it\/product\/ddmx-s2\/","title":{"rendered":"DDMX-S2"},"content":{"rendered":"<div data-post-id=\"19662\" class=\"insert-page insert-page-19662\">\n<div class=\"productSectionTitleBox\" style=\"margin-top:20px;\">\n<h1>DDMX-S2 <span class=\"white\">Controllo dell&#039;illuminazione<\/span><\/h1>\n<\/div>\n\n\n\n<div class=\"wp-block-columns is-layout-flex wp-container-core-columns-is-layout-9d6595d7 wp-block-columns-is-layout-flex\">\n<div class=\"wp-block-column is-layout-flow wp-block-column-is-layout-flow\" style=\"flex-basis:66.66%\">\n<h3 style=\"margin-top: 20px;\">Panoramica<\/h3>\n<strong>Il <span data-scaytid=\"4\">DDMX-S2<\/span> \u00e8 un dispositivo hardware che puoi accoppiare <span data-scayt_word=\"Dragonframe\" data-scaytid=\"5\">Dragonframe<\/span> a:<\/strong>\n<ul>\n \t<li>Automatizza l&#039;accensione e lo spegnimento di una luce da lavoro (bash light).<\/li>\n \t<li>Automatizza i passaggi di luce anteriore\/posteriore.<\/li>\n \t<li>Automatizzare <span data-scayt_word=\"keyframe-based\" data-scaytid=\"7\">basato su fotogrammi chiave<\/span> programmi di illuminazione per la tua scena.<\/li>\n \t<li>Attiva una fotocamera RED, una fotocamera a pellicola o una fotocamera fissa non supportata.<\/li>\n \t<li>Attiva un sistema di controllo del movimento per l&#039;integrazione ripresa-movimento-ripresa.<\/li>\n \t<li>Grilletto <span data-scayt_word=\"Dragonframe\" data-scaytid=\"6\">Dragonframe<\/span> da un sistema esterno.<\/li>\n<\/ul>\n<h3>Controllo dell&#039;illuminazione<\/h3>\n<p><span data-scayt_word=\"DMX512\" data-scaytid=\"8\">DMX512<\/span> (o <span data-scayt_word=\"DMX\" data-scaytid=\"9\">DMX<\/span>) \u00e8 un protocollo standard per il controllo dell&#039;illuminazione. Se abbinato a uno o pi\u00f9 <span data-scayt_word=\"DMX\" data-scaytid=\"10\">DMX<\/span> dimmer\/switch pack, puoi controllare fino a 99 diversi canali di luce.<\/p>\n<h3>Dispositivi di controllo<\/h3>\n<p>Interagisci con dispositivi esterni utilizzando l&#039;interruttore a rel\u00e8 integrato, l&#039;ingresso digitale e l&#039;uscita digitale.<\/p>\n<h3>Di cos&#039;altro ho bisogno?<\/h3>\n<p>Il <span data-scaytid=\"11\">DDMX-S2<\/span> interfacce <span data-scayt_word=\"Dragonframe\" data-scaytid=\"12\">Dragonframe<\/span> a uno o pi\u00f9 <span data-scayt_word=\"DMX\" data-scaytid=\"13\">DMX<\/span> pacchetti dimmer\/interruttore. Dovrai acquistare un <span data-scayt_word=\"DMX\" data-scaytid=\"14\">DMX<\/span> dimmer\/interruttore per alimentare le luci. Puoi trovarne diversi <a href=\"http:\/\/www.amazon.com\/gp\/search?ie=UTF8&amp;keywords=dmx%20dimmer&amp;tag=drastomot-20&amp;index=mi&amp;linkCode=ur2&amp;camp=1789&amp;creative=9325\"><span data-scayt_word=\"DMX\" data-scaytid=\"15\">DMX<\/span> pacchetti dimmer<\/a> in <span data-scayt_word=\"Amazon.com\" data-scaytid=\"16\">Amazon.com<\/span> . Assicurati che quello che scegli sia in grado di gestire i requisiti di alimentazione delle tue luci.<\/p>\n<p>Avrai anche bisogno di un cavo. \u00c8 necessario utilizzare un cavo progettato per DMX, non un cavo per microfono. Se usi un 5 pin <span data-scayt_word=\"DMX\" data-scaytid=\"18\">DMX<\/span> pacchetto dimmer, avrai bisogno di un adattatore da 5 pin a 3 pin.<\/p>\n<h2>Specifiche tecniche<\/h2>\n<h3>Uscite<\/h3>\n<p>Per prevenire qualsiasi possibile danno al computer host da periferiche mal collegate a terra, tutto <span data-scaytid=\"22\">DDMX-S2<\/span> le uscite e gli ingressi sono optoisolati dal bus USB host. I canali I\/O &quot;galleggiano&quot; elettricamente rispetto all&#039;USB, riducendo cos\u00ec al minimo la possibilit\u00e0 di loop di massa.<\/p>\n<h3>Uscita DMX<\/h3>\n<p><span data-scaytid=\"88\">DDMX-S2<\/span> sostiene A <span data-scayt_word=\"USITT\" data-scaytid=\"33\">USITT<\/span> standard <span data-scayt_word=\"DMX512\" data-scaytid=\"30\">DMX512<\/span> protocollo di uscita. Il <span data-scaytid=\"28\">DDMX-S2<\/span> l&#039;uscita guider\u00e0 facilmente una terminazione bus standard da 120 ohm. Il <span data-scayt_word=\"DMX\" data-scaytid=\"24\">DMX<\/span> canale fornisce pacchetti di 199 slot, con a <span data-scayt_word=\"50mS\" data-scaytid=\"35\">50ms<\/span> periodo tra pacchetti. Il <span data-scayt_word=\"DMX\" data-scaytid=\"25\">DMX<\/span> la porta \u00e8 generalmente dotata di un connettore a 3 pin <span data-scayt_word=\"XLR\" data-scaytid=\"31\">XLR<\/span> connettore per un facile collegamento in stile \u201cintrattenimento\u201d. <span data-scayt_word=\"DMX\" data-scaytid=\"26\">DMX<\/span> pacchi. Per connettere <span data-scaytid=\"29\">DDMX-S2<\/span> ad un <span data-scayt_word=\"USITT\" data-scaytid=\"34\">USITT<\/span> standard a 5 poli <span data-scayt_word=\"XLR\" data-scaytid=\"32\">XLR<\/span> connettore per l&#039;uso con apparecchiature di tipo &quot;professionale&quot;, utilizzare un adattatore standard da 3 pin a 5 pin.<\/p>\n<h3>Rel\u00e8 fuori<\/h3>\n<p>Il rel\u00e8 ha lo scopo di commutare segnali di controllo a bassa potenza come la pressione di pulsanti, ma pu\u00f2 anche commutare piccole quantit\u00e0 di energia. Non superare <span data-scayt_word=\"0.5A\" data-scaytid=\"36\">0,5 A<\/span> @ <span data-scayt_word=\"24VDC\" data-scaytid=\"38\">24 V CC<\/span>, o <span data-scayt_word=\"0.25A\" data-scaytid=\"37\">0,25 A<\/span> @ <span data-scayt_word=\"125VAC\" data-scaytid=\"39\">125 V CA<\/span>.<\/p>\n<h3>Logica fuori<\/h3>\n<p>L&#039;uscita logica \u00e8 uno standard <span data-scayt_word=\"5V\" data-scaytid=\"40\">5V<\/span>, <span data-scayt_word=\"TTL\" data-scaytid=\"41\">TTL<\/span> livello, segnale logico (relativo al morsetto di terra). Il segnale \u00e8 fornito sia in versione attiva alta che attiva bassa. Il carico massimo \u00e8 <span data-scayt_word=\"30mA\" data-scaytid=\"42\">30mA<\/span> in ogni stato. Questi segnali possono anche essere usati come coppia differenziale con un carico di terminazione maggiore di 220 ohm.<\/p>\n<h3>Entra<\/h3>\n<p>L&#039;interruttore \u00e8 progettato per rilevare la chiusura dell&#039;interruttore a terra. Questo input richieder\u00e0 anche a <span data-scayt_word=\"5V\" data-scaytid=\"43\">5V<\/span> <span data-scayt_word=\"TTL\" data-scaytid=\"45\">TTL<\/span> segnale di livello. Si noti che in linea con la chiusura di un interruttore, la logica su questo pin \u00e8 attiva bassa. Questo perno \u00e8 tirato internamente a <span data-scayt_word=\"5V\" data-scaytid=\"44\">5V<\/span> con un <span data-scayt_word=\"1Kohm\" data-scaytid=\"46\">1Kohm<\/span> resistente. Quando si guida questo pin esternamente, non superare i 5 volt.<\/p>\n<h3>Dimensioni fisiche<\/h3>\n<p>4,7\u2033 X 3,7\u2033 X 1,3\u2033 (<span data-scayt_word=\"12cm\" data-scaytid=\"50\">12 cm<\/span> X <span data-scayt_word=\"9cm\" data-scaytid=\"51\">9 cm<\/span> X <span data-scayt_word=\"3.5cm\" data-scaytid=\"47\">3,5 cm<\/span>). Peso: circa <span data-scayt_word=\"12oz\" data-scaytid=\"52\">12 once<\/span>. (<span data-scayt_word=\"340g\" data-scaytid=\"53\">340 g<\/span>) con 5\u2032 (<span data-scayt_word=\"1.5m\" data-scaytid=\"48\">1,5 m<\/span>) Codino USB di tipo A. <span data-scaytid=\"49\">DDMX-S2<\/span> \u00e8 costruito in modo robusto, in una scatola di alluminio pressofuso spessa 0,090 pollici e verniciato con un rivestimento in polvere dura per sopravvivere per anni in un ambiente teatrale ostile.<\/p>\n<h3>Energia<\/h3>\n<p><span data-scaytid=\"54\">DDMX-S2<\/span> \u00e8 una periferica USB \u201cad alta corrente\u201d, che elabora fino a <span data-scayt_word=\"220mA\" data-scaytid=\"56\">220 mA<\/span> con tutte le uscite attive e a pieno carico. In quanto tale, deve essere collegato direttamente a una porta del computer o a un hub USB alimentato. La tua fonte di alimentazione deve fornire almeno 4,5 Volt. <span data-scaytid=\"55\">DDMX-S2<\/span> non deve essere collegato a un <span data-scayt_word=\"unpowered\" data-scaytid=\"57\">non alimentato<\/span> Hub USB. Le periferiche USB inviano i loro requisiti di alimentazione al sistema durante l&#039;inizializzazione e <span data-scayt_word=\"unpowered\" data-scaytid=\"58\">non alimentato<\/span> gli hub dovrebbero rifiutare le periferiche che non si identificano come &quot;a bassa corrente&quot;, ovvero tutte le periferiche che richiedono pi\u00f9 di <span data-scayt_word=\"100mA\" data-scaytid=\"59\">100 mA<\/span>.<\/p>\n<\/div>\n\n\n\n<div class=\"wp-block-column is-layout-flow wp-block-column-is-layout-flow\" style=\"flex-basis:33.33%\">\n<h3 style=\"margin-top: 20px;\">Risorse<\/h3>\n<p>Guida utente\n<br><a href=\"\/download\/DDMXS2v1.1.pdf\">Guida per l&#039;utente di DDMX-S2<\/a>\n<\/p>\n<p>\nGaranzia sull&#039;hardware:\n<br><a href=\"\/download\/DZEDLimitedWarranty-2yr.pdf\">Garanzia limitata DZED \u2013 2 anni<\/a>\n<\/p>\n<p>\nDomande frequenti aggiuntive:\n<br><a href=\"\/it\/faq\/#_ewd-ufaq-faq-category-dmx\">Domande frequenti su DMX<\/a>\n<\/p>\n<\/div>\n<\/div>\n<\/div>","protected":false},"excerpt":{"rendered":"<div class=\"stockNote\">Non abbiamo pi\u00f9 questo prodotto. Scegli il <a href='\/it\/prodotto\/ddmx-512\/'>DDMX-512<\/a> invece.<\/div>\n<p>Automatizza l&#039;illuminazione e interagisci con i dispositivi esterni utilizzando il nostro <b>DMX512<\/b> e controller I\/O digitale. Programma l&#039;illuminazione di scena\/esposizione per effetti avanzati e automatizza facilmente l&#039;illuminazione bash.<\/p>\n<p>Il funzionamento predefinito del DDMX-S2 supporta 99 canali, con uscita specializzata sui canali 101-199 e 201-299.<\/p>\n<p>Se possiedi gi\u00e0 il DDMX-S2 e desideri aggiornarlo per utilizzare 512 canali con Dragonframe 4, acquista il <a href=\"\/it\/prodotto\/ddmx-s2-upgrade-chip\/\">Chip di aggiornamento DDMX-S2<\/a>.<\/p>\n<p>Questo prodotto \u00e8 adatto per stop motion e time-lapse. Per le funzionalit\u00e0 DMX in tempo reale, \u00e8 necessario il nostro <a href='\/it\/prodotto\/dmc-16\/'>DMC-16<\/a> controllore in tempo reale.<\/p>","protected":false},"featured_media":19627,"template":"","meta":[],"product_brand":[],"product_cat":[372],"product_tag":[],"class_list":{"0":"post-19626","1":"product","2":"type-product","3":"status-publish","4":"has-post-thumbnail","6":"product_cat-dragonframe-hardware","7":"no-featured-image-padding","8":"","9":"woocommerce-text-align-center","10":"woocommerce-image-align-center","11":"do-quantity-buttons","13":"first","14":"outofstock","15":"taxable","16":"shipping-taxable","17":"purchasable","18":"product-type-simple"},"bundled_by":[],"bundle_stock_status":"outofstock","bundle_stock_quantity":0,"bundle_virtual":false,"bundle_layout":"","bundle_add_to_cart_form_location":"","bundle_editable_in_cart":false,"bundle_sold_individually_context":"","bundle_item_grouping":"","bundle_min_size":"","bundle_max_size":"","bundle_price":[],"bundled_items":[],"bundle_sell_ids":[],"exclude_global_add_ons":[],"addons":[],"_links":{"self":[{"href":"https:\/\/www.dragonframe.com\/it\/wp-json\/wp\/v2\/product\/19626","targetHints":{"allow":["GET"]}}],"collection":[{"href":"https:\/\/www.dragonframe.com\/it\/wp-json\/wp\/v2\/product"}],"about":[{"href":"https:\/\/www.dragonframe.com\/it\/wp-json\/wp\/v2\/types\/product"}],"wp:featuredmedia":[{"embeddable":true,"href":"https:\/\/www.dragonframe.com\/it\/wp-json\/wp\/v2\/media\/19627"}],"wp:attachment":[{"href":"https:\/\/www.dragonframe.com\/it\/wp-json\/wp\/v2\/media?parent=19626"}],"wp:term":[{"taxonomy":"product_brand","embeddable":true,"href":"https:\/\/www.dragonframe.com\/it\/wp-json\/wp\/v2\/product_brand?post=19626"},{"taxonomy":"product_cat","embeddable":true,"href":"https:\/\/www.dragonframe.com\/it\/wp-json\/wp\/v2\/product_cat?post=19626"},{"taxonomy":"product_tag","embeddable":true,"href":"https:\/\/www.dragonframe.com\/it\/wp-json\/wp\/v2\/product_tag?post=19626"}],"curies":[{"name":"wp","href":"https:\/\/api.w.org\/{rel}","templated":true}]}}