{"id":18158,"date":"2017-02-06T11:31:22","date_gmt":"2017-02-06T19:31:22","guid":{"rendered":"http:\/\/dev.dragonframe.com\/?post_type=product&#038;p=18158"},"modified":"2024-03-22T11:47:07","modified_gmt":"2024-03-22T18:47:07","slug":"dmc-16","status":"publish","type":"product","link":"https:\/\/www.dragonframe.com\/it\/product\/dmc-16\/","title":{"rendered":"DMC-16 (fuori produzione)"},"content":{"rendered":"<div class=\"fusion-clearfix\"><\/div>\n<div data-post-id=\"20195\" class=\"insert-page insert-page-20195\">\n<div class=\"productSectionTitleBox\" style=\"margin-top: 20px;\">\n<h1>Dragonframe <span class=\"white\">Controllore principale<\/span><\/h1>\n<\/div>\n\n\n\n<div class=\"wp-block-columns is-layout-flex wp-container-core-columns-is-layout-9d6595d7 wp-block-columns-is-layout-flex\">\n<div class=\"wp-block-column is-layout-flow wp-block-column-is-layout-flow\" style=\"flex-basis:66.66%\">\n<h3 style=\"margin-top: 20px;\">Caratteristiche<\/h3>\n<ul>\n \t<li>16 canali di segnali passo\/direzione da utilizzare con driver per motori passo-passo.<\/li>\n \t<li>Frequenza massima degli impulsi di 200.000 passi\/secondo (200 kHz).<\/li>\n \t<li>16 jack RJ45 con uscite differenziali e non differenziali per passo e direzione.<\/li>\n \t<li>Un&#039;uscita passo\/direzione DB37 compatibile con Kuper\/Flair (non differenziale).<\/li>\n \t<li>16 ingressi finecorsa su DB25. (8 serie di limiti bassi e alti per i motori 1-8).<\/li>\n \t<li>Un trigger della fotocamera con misurazione separata e uscite dell&#039;otturatore.<\/li>\n \t<li>Un&#039;uscita DMX512 per controllare fino a 512 luci.<\/li>\n \t<li>I\/O Trigger per interfacciare DMC-16\/Dragonframe con un altro dispositivo esterno.<\/li>\n \t<li>Include un rel\u00e8, un&#039;uscita di livello logico, un ingresso di commutazione e un ingresso di arresto di emergenza.<\/li>\n \t<li>Tensione di ingresso: da 115 V CA a 230 V CA.<\/li>\n<\/ul>\n<h3>Specifiche fisiche<\/h3>\n<ul>\n \t<li>Contenitore montabile su rack 1U<\/li>\n \t<li>Dimensioni: 17\u2033 di larghezza x 1.719\u2033 di altezza x 8\u2033 di profondit\u00e0<\/li>\n \t<li>Peso: 6,5 libbre<\/li>\n<\/ul>\n<h3>La confezione include<\/h3>\n<ul>\n \t<li>Cavo di alimentazione a scelta: US\/UK\/EU\/Nessuno.<\/li>\n \t<li>Cavo USB (lunghezza 6\u2032).<\/li>\n \t<li>Orecchie per montaggio su rack per il montaggio in un rack.<\/li>\n \t<li>Piedini in gomma per uso desktop.<\/li>\n<\/ul>\n<h3>Domande frequenti:<\/h3>\n<p><strong>Q: <\/strong>Qual \u00e8 la differenza tra il DMC-16 e l&#039;utilizzo di un Arduino per il controllo del movimento? Perch\u00e9 dovrei pagare molto di pi\u00f9 per il DMC-16?<\/p>\n\n<p><strong>UN: <\/strong>Arduino (con Dragonframe e il nostro sketch DFMoco) \u00e8 un ottimo strumento per il controllo del movimento in stop motion e time-lapse, ma \u00e8 molto semplice. Ha una velocit\u00e0 massima del motore di 20.000 passi\/secondo, con accelerazioni\/decelerazioni abbastanza grossolane. Il DMC-16 \u00e8 dieci volte pi\u00f9 veloce, il che rende pi\u00f9 fluide l&#039;accelerazione e la decelerazione. L&#039;Arduino fornisce funzionalit\u00e0 di base di tiro-mossa-tiro, mentre il DMC-16 pu\u00f2 eseguire mosse a piena velocit\u00e0. Il DMC-16 fornisce anche funzionalit\u00e0 e trigger di illuminazione DMX completi.<p>\n\n<p><strong>Q: <\/strong>Posso usare il DMC-16 con l&#039;hardware Ditogear? Ho bisogno del Ditogear Dragonbridge?<p>\n\n<p><strong>UN: <\/strong>Il DMC-16 fornisce funzionalit\u00e0 in tempo reale quando si utilizza l&#039;hardware Ditogear con Dragonframe. (Assicurati di acquistare il <a href=\"https:\/\/ditogear.com\/store\/motion-controllers\/114-ditogear-dragonframe-dmc-16-adapter-5901750921605.html\">Adattatore DitoGear\u2122 DMC-16<\/a>.) In alternativa, puoi utilizzare Ditogear Dragonbridge, che ti offre funzionalit\u00e0 spara-movi-spara simili alla nostra soluzione Arduino DFMoco. Non ti servono entrambi.<p>\n\n<p><strong>Q: <\/strong>Il DMC-16 include driver per motori passo-passo alimentati?<p>\n\n<p><strong>UN: <\/strong>No. Fornisce segnali di passo e di direzione. \u00c8 necessario utilizzare driver separati, come quelli di <a href=\"https:\/\/www.geckodrive.com\/g201x-digital-step-drive.html\" target=\"dframe\" rel=\"noopener noreferrer\">Gecodrive<\/a>.<p>\n\n<p><strong>Q: <\/strong>Il DMC-16 \u00e8 genlockabile?<p>\n\n<p><strong>UN: <\/strong>No non lo \u00e8.<p>\n\n<p><strong>Q: <\/strong>Il DMC-16 \u00e8 incredibilmente fantastico come sembra?<p>\n\n<p><strong>UN: <\/strong>S\u00ec.<p>\n<\/div>\n\n\n\n<div class=\"wp-block-column is-layout-flow wp-block-column-is-layout-flow\" style=\"flex-basis:33.33%\">\n<h3 style=\"margin-top: 20px;\">Risorse<\/h3>\n<p>\u00c8 possibile trovare ulteriori specifiche tecniche, precauzioni di sicurezza e schemi elettrici nella guida per l&#039;utente:<\/p>\n\n<p><a href=\"\/download\/DMC16-1.6.pdf\">Guida per l&#039;utente DMC-16<\/a><\/p>\n\n<p>Garanzia sull&#039;hardware:<\/p>\n\n<p><a href=\"\/download\/DZEDLimitedWarranty-2yr.pdf\">Garanzia limitata DZED \u2013 2 anni<\/a><\/p>\n\n<p>Domande frequenti aggiuntive:<\/p>\n\n<p><a href=\"\/it\/faq\/#_ewd-ufaq-faq-category-motion-control\">Domande frequenti sul controllo del movimento<\/a><\/p>\n\n<\/div>\n<\/div>\n\n\n\n<p><\/p>\n<\/div>","protected":false},"excerpt":{"rendered":"<p><strong>Interrotto:<\/strong> Si prega di consultare la nostra versione aggiornata di questo prodotto, il <a href='\/it\/prodotto\/dmc-32\/'>DMC-32<\/a>.<\/p>\n<p>Il DMC-16 (Dragonframe Master Controller) \u00e8 un coordinatore del controllo del movimento a 16 assi da utilizzare con il software Dragonframe.<\/p>\n<p>Fornisce sedici canali di segnali di passo e direzione completamente sincronizzati a velocit\u00e0 fino a 200kHz, un trigger della telecamera, controllo dell&#039;illuminazione DMX512, ingressi di finecorsa e una serie di trigger per l&#039;interfacciamento con un dispositivo esterno.<\/p>\n<p>Recentemente aggiornato con un processore Zynq 7Z020 per prestazioni e affidabilit\u00e0 migliorate.<\/p>","protected":false},"featured_media":18215,"template":"","meta":[],"product_brand":[],"product_cat":[372],"product_tag":[],"class_list":{"0":"post-18158","1":"product","2":"type-product","3":"status-publish","4":"has-post-thumbnail","6":"product_cat-dragonframe-hardware","7":"no-featured-image-padding","8":"","9":"woocommerce-text-align-center","10":"woocommerce-image-align-center","11":"do-quantity-buttons","13":"first","14":"outofstock","15":"taxable","16":"shipping-taxable","17":"purchasable","18":"product-type-variable","19":"has-default-attributes"},"bundled_by":[],"bundle_stock_status":"outofstock","bundle_stock_quantity":0,"bundle_virtual":false,"bundle_layout":"","bundle_add_to_cart_form_location":"","bundle_editable_in_cart":false,"bundle_sold_individually_context":"","bundle_item_grouping":"","bundle_min_size":"","bundle_max_size":"","bundle_price":[],"bundled_items":[],"bundle_sell_ids":[],"exclude_global_add_ons":[],"addons":[],"_links":{"self":[{"href":"https:\/\/www.dragonframe.com\/it\/wp-json\/wp\/v2\/product\/18158","targetHints":{"allow":["GET"]}}],"collection":[{"href":"https:\/\/www.dragonframe.com\/it\/wp-json\/wp\/v2\/product"}],"about":[{"href":"https:\/\/www.dragonframe.com\/it\/wp-json\/wp\/v2\/types\/product"}],"wp:featuredmedia":[{"embeddable":true,"href":"https:\/\/www.dragonframe.com\/it\/wp-json\/wp\/v2\/media\/18215"}],"wp:attachment":[{"href":"https:\/\/www.dragonframe.com\/it\/wp-json\/wp\/v2\/media?parent=18158"}],"wp:term":[{"taxonomy":"product_brand","embeddable":true,"href":"https:\/\/www.dragonframe.com\/it\/wp-json\/wp\/v2\/product_brand?post=18158"},{"taxonomy":"product_cat","embeddable":true,"href":"https:\/\/www.dragonframe.com\/it\/wp-json\/wp\/v2\/product_cat?post=18158"},{"taxonomy":"product_tag","embeddable":true,"href":"https:\/\/www.dragonframe.com\/it\/wp-json\/wp\/v2\/product_tag?post=18158"}],"curies":[{"name":"wp","href":"https:\/\/api.w.org\/{rel}","templated":true}]}}