{"id":18154,"date":"2017-02-06T09:19:04","date_gmt":"2017-02-06T17:19:04","guid":{"rendered":"http:\/\/dev.dragonframe.com\/?post_type=product&#038;p=18154"},"modified":"2026-04-05T11:14:08","modified_gmt":"2026-04-05T18:14:08","slug":"eos-live-view-correction-cap","status":"publish","type":"product","link":"https:\/\/www.dragonframe.com\/it\/product\/eos-live-view-correction-cap\/","title":{"rendered":"EOS Live View Correction Cap"},"content":{"rendered":"<div data-post-id=\"19654\" class=\"insert-page insert-page-19654\">\n<div class=\"productSectionTitleBox\">\n<h1>Visualizzazione live EOS <span class=\"white\">Tappo di correzione<\/span><\/h1>\n<\/div>\n\n\n\n<div class=\"wp-block-columns is-layout-flex wp-container-core-columns-is-layout-9d6595d7 wp-block-columns-is-layout-flex\">\n<div class=\"wp-block-column is-layout-flow wp-block-column-is-layout-flow\" style=\"flex-basis:66.66%\">\n<h3 style=\"padding-top: 20px;\">Informazioni sul cappuccio di correzione Live View di EOS<\/h3>\n<p>Il tappo di correzione Live View di EOS \u00e8 progettato per reimpostare il livello di anteprima dell&#039;esposizione Live View nei corpi delle fotocamere Canon EOS.<\/p>\n<h3>Il problema<\/h3>\n<p>Molte delle fotocamere EOS hanno un&#039;impostazione chiamata &quot;Simulazione dell&#039;esposizione&quot;. Questa impostazione \u00e8 progettata per garantire che la luminosit\u00e0 dell&#039;immagine Live View corrisponda alle foto effettivamente scattate. Sfortunatamente Canon lascia cadere la palla con obiettivi non digitali. La fotocamera in realt\u00e0 conosce l&#039;attuale esposizione corretta, quindi la possibilit\u00e0 che la misurazione della luce sia corretta, ma non riesce a comunicare correttamente con il &quot;calcolatore di anteprima dell&#039;esposizione Live View&quot; interno. Invece, il calcolo interno \u00e8 bloccato, basato sull&#039;ultimo obiettivo digitale collegato alla fotocamera.<\/p>\n<h3>La soluzione<\/h3>\n<p>Il tappo di correzione live view \u00e8 un tappo corpo EOS con un chip che riproduce molte impostazioni su un obiettivo digitale Canon. Posiziona il tappo sul corpo della tua fotocamera EOS e segui le nostre indicazioni per &quot;azzerare&quot; efficacemente l&#039;impostazione f-stop congelata dall&#039;ultimo obiettivo digitale utilizzato.<\/p>\n\n<p>Quando rimuovi il tappo, l&#039;anteprima dell&#039;esposizione verr\u00e0 impostata correttamente. La fotocamera rimarr\u00e0 azzerata e il calcolatore interno dell&#039;anteprima dell&#039;esposizione funzioner\u00e0 correttamente, fino a quando l&#039;obiettivo digitale successivo non sar\u00e0 collegato alla fotocamera.<\/p>\n\n<p>I principali studi stanno attualmente utilizzando il limite per le loro produzioni di lungometraggi.<\/p>\n<\/div>\n\n\n\n<div class=\"wp-block-column is-layout-flow wp-block-column-is-layout-flow\" style=\"flex-basis:33.33%\">\n<div style=\"padding-top: 20px;\">\n<h3>Risorse<\/h3>\n<p>EOS Live View Cap Istruzioni:<\/p>\n\n<p><a href=\"\/it\/scarica\/EOS_LIVE_VIEW_CAP.pdf\/\">EOS_LIVE_VIEW_CAP.pdf<\/a><\/p>\n\n<p>Garanzia sull&#039;hardware:<\/p>\n\n<p><a href=\"\/download\/DZEDLimitedWarranty-2yr.pdf\">Garanzia limitata DZED \u2013 2 anni<\/a><\/p>\n\n<\/div>\n<\/div>\n<\/div>\n<\/div>","protected":false},"excerpt":{"rendered":"<div style=\"padding-top: 30px\">\n<p>Il <strong>EOS Live View Correction Cap<\/strong> per le reflex digitali Canon EOS corregge un problema di compatibilit\u00e0 tra la fotocamera e gli obiettivi non digitali, consentendo di far corrispondere il live view con l&#039;effettiva esposizione della fotocamera.<\/p>\n<p>Questo \u00e8 realizzato per corpi con innesto Canon EF\/EF-S.<br \/>\nNon \u00e8 necessario per i corpi con attacco RF Canon (senza mirrorless).<\/p>\n<p>\u00c8 realizzato in alluminio anodizzato e lavorato.<\/p>\n<\/div>","protected":false},"featured_media":18393,"template":"","meta":[],"product_brand":[],"product_cat":[372],"product_tag":[],"class_list":{"0":"post-18154","1":"product","2":"type-product","3":"status-publish","4":"has-post-thumbnail","6":"product_cat-dragonframe-hardware","7":"no-featured-image-padding","8":"","9":"woocommerce-text-align-center","10":"woocommerce-image-align-center","11":"do-quantity-buttons","13":"first","14":"instock","15":"taxable","16":"shipping-taxable","17":"purchasable","18":"product-type-simple"},"bundled_by":[],"bundle_stock_status":"instock","bundle_stock_quantity":2,"bundle_virtual":false,"bundle_layout":"","bundle_add_to_cart_form_location":"","bundle_editable_in_cart":false,"bundle_sold_individually_context":"","bundle_item_grouping":"","bundle_min_size":"","bundle_max_size":"","bundle_price":[],"bundled_items":[],"bundle_sell_ids":[],"exclude_global_add_ons":[],"addons":[],"_links":{"self":[{"href":"https:\/\/www.dragonframe.com\/it\/wp-json\/wp\/v2\/product\/18154","targetHints":{"allow":["GET"]}}],"collection":[{"href":"https:\/\/www.dragonframe.com\/it\/wp-json\/wp\/v2\/product"}],"about":[{"href":"https:\/\/www.dragonframe.com\/it\/wp-json\/wp\/v2\/types\/product"}],"wp:featuredmedia":[{"embeddable":true,"href":"https:\/\/www.dragonframe.com\/it\/wp-json\/wp\/v2\/media\/18393"}],"wp:attachment":[{"href":"https:\/\/www.dragonframe.com\/it\/wp-json\/wp\/v2\/media?parent=18154"}],"wp:term":[{"taxonomy":"product_brand","embeddable":true,"href":"https:\/\/www.dragonframe.com\/it\/wp-json\/wp\/v2\/product_brand?post=18154"},{"taxonomy":"product_cat","embeddable":true,"href":"https:\/\/www.dragonframe.com\/it\/wp-json\/wp\/v2\/product_cat?post=18154"},{"taxonomy":"product_tag","embeddable":true,"href":"https:\/\/www.dragonframe.com\/it\/wp-json\/wp\/v2\/product_tag?post=18154"}],"curies":[{"name":"wp","href":"https:\/\/api.w.org\/{rel}","templated":true}]}}