{"id":20663,"date":"2017-04-04T08:32:57","date_gmt":"2017-04-04T15:32:57","guid":{"rendered":"http:\/\/www.dragonframe.com\/?page_id=20663"},"modified":"2026-02-09T10:39:37","modified_gmt":"2026-02-09T18:39:37","slug":"dev","status":"publish","type":"page","link":"https:\/\/www.dragonframe.com\/it\/dev\/","title":{"rendered":"Download del ramo di sviluppo"},"content":{"rendered":"<div class=\"pageTitle\">\n<h1>Ramo di sviluppo <span class=\"white\">Download<\/span><\/h1>\n<\/div>\n\n\n\n<div class=\"sectionTitleBox\" style=\"border: none;\">\n<h1 class=\"sectionTitleBox\" style=\"text-align: left;\"><span style=\"color: #d99202;\">Dragonframe 2026.04<\/span>\u00a0Sviluppo<\/h1>\n<\/div>\n\n\n\n<div class=\"wp-block-columns is-layout-flex wp-container-core-columns-is-layout-9d6595d7 wp-block-columns-is-layout-flex\">\n<div class=\"wp-block-column is-layout-flow wp-block-column-is-layout-flow\" style=\"flex-basis:25%\">\n<div class=\"downloadButton\" data-no-translation=\"\"><a href='https:\/\/www.dragonframe.com\/download\/Dragonframe_2026.04.17584.pkg'>Dragonframe 2026.04.17584<br>macOS 11+<\/a><\/div>\n<\/div>\n\n\n\n<div class=\"wp-block-column is-layout-flow wp-block-column-is-layout-flow\" style=\"flex-basis:25%\">\n<div class=\"downloadButton\" data-no-translation=\"\"><a href='https:\/\/www.dragonframe.com\/download\/Dragonframe_2026.04.17584-Setup.exe'>Dragonframe 2026.04.17584<br>Windows 10+ (64-Bit only)<\/a><\/div>\n<\/div>\n\n\n\n<div class=\"wp-block-column is-layout-flow wp-block-column-is-layout-flow\" style=\"flex-basis:25%\">\n<div class=\"downloadButton\" data-no-translation=\"\"><a href='https:\/\/www.dragonframe.com\/download\/dragonframedev2026b_2026.04.17434_amd64.deb'>Dragonframe 2026.04.17434<br>Ubuntu 22.04+ 64-Bit<\/a><\/div>\n<\/div>\n\n\n\n<div class=\"wp-block-column is-layout-flow wp-block-column-is-layout-flow\" style=\"flex-basis:25%\">\n<div class=\"downloadButton\" data-no-translation=\"\"><a href='https:\/\/www.dragonframe.com\/download\/dragonframedev2026b-2026.04.17434-1.x86_64.rpm'>Dragonframe 2026.04.17434<br>Fedora 36+ 64-Bit<\/a><\/div>\n<\/div>\n<\/div>\n\n\n\n<div class=\"wp-block-columns is-layout-flex wp-container-core-columns-is-layout-9d6595d7 wp-block-columns-is-layout-flex\">\n<div class=\"wp-block-column is-layout-flow wp-block-column-is-layout-flow\">\n<div class=\"notes\">\n<h2>Note di rilascio<\/h2>\n<div style=\"display: none;\"><div class='subText'><h3>Dragonframe 2026.04.17584<\/h3>2026.04.17584\r<br\/>* Il codice DMC-Lite migliora la gestione della disconnessione USB quando alimentato esternamente\r<br\/>* Aggiunto il supporto per i modelli Sony con la lettera &quot;A&quot; aggiunta al nome.\r<br\/>\r<br\/>2026.04.17437\r<br\/>* Aggiunti altri registri per aiutare a risolvere il problema del selettore del file di esportazione del filmato\r<br\/>\r<br\/>2026.04.17434\r<br\/>* macOS: risolto il problema di interruzione del sistema audio su macOS 26\r<br\/>* Windows: velocit\u00e0 migliorata della decodifica video D3D11\r<br\/>\r<br\/>2026.04.17405\r<br\/>* Quando si utilizza la grafica integrata, determinare una quantit\u00e0 ragionevole di RAM da utilizzare per le texture del livello di riferimento\r<br\/>* Windows: Risolti i problemi di frame fuori sequenza e riempimento delle immagini con decodifica accelerata hardware del livello di riferimento D3D\r<br\/>* Risolto il possibile crash durante il cambio del tipo di dispositivo di connessione del controllo del movimento\r<br\/>\r<br\/>2026.04.17383\r<br\/>* Connettivit\u00e0 della fotocamera LibUSB di macOS: prova a ripristinare la comunicazione bloccata\r<br\/>\r<br\/>2026.04.17375\r<br\/>* Aggiornata la visualizzazione dei frame nascosti nella timeline per renderli pi\u00f9 evidenti\r<br\/>* Assicurarsi che la tavolozza degli strumenti mobile rimanga sempre entro i limiti della vista dell&#039;animazione\r<br\/>* Assicurarsi che lo stepping continui a funzionare anche quando il dispositivo audio non riesce ad avviare la riproduzione\r<br\/>* Risolto il problema grafico sui computer Windows 11 ARM\r<br\/>\r<br\/>2026.04.17322\r<br\/>* Corretta la connessione automatica della telecamera con pi\u00f9 telecamere\r<br\/>* Mostra messaggi di errore all&#039;utente quando le importazioni XML falliscono\r<br\/>* Aggiunta la definizione del dispositivo Prolights ECL Cyclorama\r<br\/>* Aggiunte definizioni di apparecchi BriteQ Profile HD e Profile WW\r<br\/>\r<br\/>2026.04.17290\r<br\/>* Windows - Risolto il potenziale crash durante lo spostamento degli spazi di lavoro tra le finestre\r<br\/>* Mostra un messaggio sullo schermo quando l&#039;utente fa clic tenendo premuto Alt\/Opt sui frame per nasconderli\/mostrarli\r<br\/>\r<br\/>2026.04.17272\r<br\/>* Offset fisso DMX per menu universo, manutenzione e blip\r<br\/>* Impedisce di trascinare una presa attraverso i frame nascosti\r<br\/>* Non consentire che i frame nascosti vengano trascinati in modalit\u00e0 sovrascrittura\r<br\/>* La webcam aumenta la velocit\u00e0 quando si impostano i parametri\r<br\/>* Rimuovi la finestra di registrazione di Moco\r<br\/>\r<br\/>2026.04.17184\r<br\/>* Ripristinate le definizioni corrette delle lampade ARRI\r<br\/>* Aggiunta la modalit\u00e0 effetti a Nanlite Forza 60B II\r<br\/>* Linux aggiorna automaticamente le regole udev per i dispositivi con porta COM virtuale\r<br\/>\r<br\/>2026.04.17164\r<br\/>* Consentire al tasto PLAY (0) di funzionare dal tastierino numerico nell&#039;area di lavoro audio\r<br\/>* Risolto il potenziale crash quando macOS cambia il nome della fotocamera digitale (&quot;Fotocamera digitale Canon&quot; -&gt; &quot;Canon EOS 6D&quot;)\r<br\/>* In Arch Linux, Dragonframe mostra i risultati dell&#039;aggiornamento prima di uscire\r<br\/>\r<br\/>2026.04.17150\r<br\/>* Risolto il problema del crash di macOS 26 quando il sistema va in sospensione\r<br\/>* Tentativo di ricollegare i file di riferimento del filmato quando il file scompare temporaneamente\r<br\/>* Migliorato il modo in cui la timeline mostra le miniature quando la scala si riduce a secondi\r<br\/>* Memorizza le miniature dei filmati di riferimento sul disco, per un recupero pi\u00f9 rapido\r<br\/>* Corretto il tasto funzione di attivazione\/disattivazione automatica in Arc, che attivava la modalit\u00e0 di attivazione\/disattivazione per cambiare\r<br\/>\r<br\/>2026.04.17125\r<br\/>* DMX: gestire correttamente il gruppo solo\/on\/off con i figli degli apparecchi\r<br\/>* Non salvare automaticamente durante il jogging\/navigazione del controllo del movimento\r<br\/>* Rielaborare il controllo del blocco della telecamera per evitare falsi allarmi\r<br\/>\r<br\/>2026.04.17111\r<br\/>* DMX: aggiunte le definizioni dei dispositivi Nanlux Storm 400X e 700X\r<br\/>* DMX: corretta la regressione delle prestazioni con fotogrammi chiave densi. Aggiunti nuovi miglioramenti delle prestazioni al rendering.\r<br\/>* DMX: Corretto &quot;Inserisci fotogramma chiave prima&quot; in modalit\u00e0 tabella\r<br\/>\r<br\/>2026.04.17090\r<br\/>* Modificato il pulsante &#039;BASH&#039; in Cinematografia e risolto il problema per cui non veniva visualizzato ma era cliccabile\r<br\/>\r<br\/>2026.04.17064\r<br\/>* Aggiunti messaggi OSC per impostare i limiti degli assi, lo zero e la posizione iniziale\r<br\/>\r<br\/>2026.04.17050\r<br\/>* Risolto il potenziale crash con Arri Image SDK sui processori Intel Xenon\r<br\/>* Corretto il caricamento dei file HEIF e aggiunto il supporto per Windows e Linux\r<br\/>* Aggiunto autofocus per le fotocamere Fujifilm\r<br\/>\r<br\/>2026.04.17032\r<br\/>* Fujifilm gestisce l&#039;ingrandimento della visualizzazione live in modalit\u00e0 ritaglio 35 mm\r<br\/>* Fujifilm avvisa l&#039;utente quando si trova nella modalit\u00e0 filmato\/foto errate\r<br\/>\r<br\/>2026.04.17027\r<br\/>* Aggiunto Sony A7 V (non testato)\r<br\/>* DMX assicura che il campo di modifica per nome, canale o valore venga visualizzato nella posizione corretta e scorra con l&#039;utente\r<br\/>\r<br\/>2026.04.17022\r<br\/>* Corretta la regressione con lo strumento A\/B quando entrambe le immagini vengono ruotate\r<br\/>* Corretto il problema del rendering non corretto dello strumento A\/B nell&#039;area di lavoro DMX\r<br\/>\r<br\/>2026.04.17018\r<br\/>* Lo strumento A\/B pu\u00f2 gestire immagini con orientamenti diversi\r<br\/>* Assicurarsi che i cursori della tavolozza mobile non continuino a ricevere trascinamenti del mouse dopo essere stati nascosti\r<br\/>* Aggiunto il dispositivo Nanlux Evoke 600C\r<br\/>* DMX: aggiunto &#039;Unisci canali ereditati&#039; al menu del programma\r<br\/><\/div><\/div>\n<\/div>\n<\/div>\n\n\n\n<div class=\"wp-block-column is-layout-flow wp-block-column-is-layout-flow\">\n<div class=\"notes\">\n<h2>Novit\u00e0 del 2026.04<\/h2>\n<div style=\"display: none;\">\n<ul>\n <li>Migliorato il modo in cui la timeline mostra le miniature quando la scala si riduce a secondi<\/li>\n<li>Memorizza le miniature dei filmati di riferimento sul disco, per un recupero pi\u00f9 rapido<\/li>\n  <li>DMX: aggiunto &#039;Unisci canali ereditati&#039; al menu del programma.<\/li>\n \t<li>Stiamo lavorando per aggiungere opzioni di messa a fuoco automatica alla maggior parte delle fotocamere, per una messa a fuoco iniziale.<\/li>\n<\/ul>\n<\/div>\n<\/div>\n<\/div>\n<\/div>\n\n\n\n<div class=\"sectionTitleBox\" style=\"border: none;\">\n<h1 class=\"sectionTitleBox\" style=\"text-align: left;\"><span style=\"color: #d99202;\">Dragonframe 2026.01<\/span>\u00a0Sviluppo<\/h1>\n<\/div>\n\n\n\n<div class=\"wp-block-columns is-layout-flex wp-container-core-columns-is-layout-9d6595d7 wp-block-columns-is-layout-flex\">\n<div class=\"wp-block-column is-layout-flow wp-block-column-is-layout-flow\" style=\"flex-basis:25%\">\n<div class=\"downloadButton\" data-no-translation=\"\"><a href='https:\/\/www.dragonframe.com\/download\/Dragonframe_2026.01.17405.pkg'>Dragonframe 2026.01.17405<br>macOS 11+<\/a><\/div>\n<\/div>\n\n\n\n<div class=\"wp-block-column is-layout-flow wp-block-column-is-layout-flow\" style=\"flex-basis:25%\">\n<div class=\"downloadButton\" data-no-translation=\"\"><a href='https:\/\/www.dragonframe.com\/download\/Dragonframe_2026.01.17405-Setup.exe'>Dragonframe 2026.01.17405<br>Windows 10+ (64-Bit only)<\/a><\/div>\n<\/div>\n\n\n\n<div class=\"wp-block-column is-layout-flow wp-block-column-is-layout-flow\" style=\"flex-basis:25%\">\n<div class=\"downloadButton\" data-no-translation=\"\"><a href='https:\/\/www.dragonframe.com\/download\/dragonframedev2026a_2026.01.17405_amd64.deb'>Dragonframe 2026.01.17405<br>Ubuntu 22.04+ 64-Bit<\/a><\/div>\n<\/div>\n\n\n\n<div class=\"wp-block-column is-layout-flow wp-block-column-is-layout-flow\" style=\"flex-basis:25%\">\n<div class=\"downloadButton\" data-no-translation=\"\"><a href='https:\/\/www.dragonframe.com\/download\/dragonframedev2026a-2026.01.17405-1.x86_64.rpm'>Dragonframe 2026.01.17405<br>Fedora 36+ 64-Bit<\/a><\/div>\n<\/div>\n<\/div>\n\n\n\n<div class=\"wp-block-columns is-layout-flex wp-container-core-columns-is-layout-9d6595d7 wp-block-columns-is-layout-flex\">\n<div class=\"wp-block-column is-layout-flow wp-block-column-is-layout-flow\">\n<div class=\"notes\">\n<h2>Note di rilascio<\/h2>\n<div style=\"display: none;\"><div class='subText'><h3>Dragonframe 2026.01.17405<\/h3>2026.01.17405\r<br\/>* Corretta la connessione automatica della telecamera con pi\u00f9 telecamere\r<br\/>* Windows: Risolti i problemi di frame fuori sequenza e riempimento delle immagini con decodifica accelerata hardware del livello di riferimento D3D\r<br\/>* Risolto il possibile crash durante il cambio del tipo di dispositivo di connessione del controllo del movimento\r<br\/>\r<br\/>2026.01.17290\r<br\/>* Windows - Risolto il potenziale crash durante lo spostamento degli spazi di lavoro tra le finestre\r<br\/>\r<br\/>2026.01.17275\r<br\/>* DMX - corretto l&#039;offset per i menu universo, manutenzione e blip\r<br\/>* Timeline - corretto il trascinamento dei fotogrammi nascosti\r<br\/>* Linux - Il programma di installazione aggiunge le regole FTDI udev in modo che i dispositivi DMC possano connettersi\r<br\/>* Risolto il potenziale crash quando la telecamera appare pi\u00f9 volte ma con nomi diversi (bug macOS)\r<br\/>\r<br\/>2026.01.17150\r<br\/>* Risolto il crash di macOS 26 quando il sistema va in sospensione mentre il programma \u00e8 a schermo intero\r<br\/>* Corretto il tasto funzione di attivazione\/disattivazione automatica in Arc, che attivava la modalit\u00e0 di attivazione\/disattivazione per cambiare\r<br\/>\r<br\/>2026.01.17125\r<br\/>* DMX: gestire correttamente il gruppo solo\/on\/off con i figli degli apparecchi\r<br\/>* DMX: corretta la regressione delle prestazioni con fotogrammi chiave densi. Aggiunti nuovi miglioramenti delle prestazioni al rendering.\r<br\/>* Risolto il problema con il pulsante &#039;BASH&#039; in Cinematografia, che non veniva visualizzato ma era cliccabile\r<br\/>\r<br\/>2026.01.17068\r<br\/>* DMX assicura che il campo di modifica per nome, canale o valore venga visualizzato nella posizione corretta e scorra con l&#039;utente\r<br\/>* Risolto il potenziale crash con Arri Image SDK sui processori Intel Xenon\r<br\/>* Corretto il caricamento dei file HEIF e aggiunto il supporto per Windows e Linux\r<br\/>\r<br\/>2026.01.17018\r<br\/>* DMX: quando si duplica un programma, ora viene posizionato sotto lo stesso genitore dell&#039;originale\r<br\/>\r<br\/>2026.01.16994\r<br\/>* DMX: Aggiunto Creamsource Vortex8\r<br\/>* Corretta la decodifica dei file video CUDA con filmati di dimensioni strane\r<br\/>* Disattiva il bracketing sulle telecamere Nikon\r<br\/>\r<br\/>2026.01.16970\r<br\/>* Corretta la regressione nella riproduzione NDI che non riproduceva correttamente i frame\r<br\/>* Corretta decodifica dell&#039;assistenza video VAAPI\r<br\/>\r<br\/>2026.01.16940\r<br\/>* Traduzioni aggiornate\r<br\/>* Modificato &#039;Bash Light&#039; in &#039;Work Light&#039; per renderlo pi\u00f9 standardizzato\r<br\/>* Corretto il comando Esci su macOS quando l&#039;interfaccia utente \u00e8 in italiano\r<br\/>\r<br\/>2026.01.16903\r<br\/>* Su Windows, utilizzare CUDA\/NVDEC quando disponibile per la decodifica video\r<br\/>* Su Windows, utilizzare la decodifica accelerata hardware D3D11 anzich\u00e9 DXVA2\r<br\/>* Corretto il caricamento dell&#039;anteprima della scena iniziale nella schermata di benvenuto\r<br\/>* Traduzioni aggiornate\r<br\/>\r<br\/>2026.01.16860\r<br\/>* Corretta la decodifica dei frame di riproduzione NVIDIA NVDEC per rimuovere il ritardo\r<br\/>* Aggiunta decodifica del livello di riferimento NVIDIA NVDEC su Linux\r<br\/>\r<br\/>2026.01.16847\r<br\/>* Audio: aggiunta la gestione dei gesti di scorrimento nell&#039;area del nome del gruppo di impostazione dei volti\r<br\/>* DMX - risolto il problema con la modifica del nome del canale durante lo scorrimento verso il basso\r<br\/>* Risolto un altro problema con NVidia RTX nell&#039;area di lavoro Cinematografia\r<br\/>* Aggiornata la guida utente con la maggior parte delle nuove funzionalit\u00e0\r<br\/>* Aggiunta la decodifica video assistita con accelerazione hardware NVIDIA su Windows e Linux\r<br\/>* Aggiunta la decodifica video assistita tramite accelerazione hardware VAAPI su Linux\r<br\/>* Aggiunta la decodifica dei filmati di riferimento accelerata tramite hardware VAAPI su Linux\r<br\/>\r<br\/>2026.01.16814\r<br\/>* Aggiunto tasto di scelta rapida per il nuovo &quot;sposta la testina di riproduzione alla posizione programmata pi\u00f9 vicina&quot;\"\r<br\/>* Risolto il problema per cui la nuova funzionalit\u00e0 non valutava correttamente l&#039;ultimo fotogramma della sequenza.\r<br\/>\r<br\/>2026.01.16810\r<br\/>* Arco: aggiunto il pulsante &quot;Sposta la testina di riproduzione nella posizione online pi\u00f9 vicina&quot;, cos\u00ec non dovrai pi\u00f9 trascinare la testina di riproduzione avanti e indietro per trovare la posizione &quot;sul fotogramma&quot;.\r<br\/>* Arco: aggiunte altre funzioni al menu del gruppo assi: &quot;Imposta zero&quot;, &quot;Imposta home&quot;, &quot;Disabilita limiti&quot;\"\r<br\/>* Aggiunta l&#039;opzione &quot;Anti Flicker&quot; (frequenza Powerline) alle webcam su tutte e tre le piattaforme.\r<br\/>* DMX: Ulteriori miglioramenti delle prestazioni del rendering\r<br\/>\r<br\/>2026.01.16784\r<br\/>* Risolto il potenziale problema di deadlock su Linux con gli appunti di sistema\r<br\/>* I proxy e le miniature delle sequenze di immagini di riferimento vengono ora memorizzati nella cartella della scena anzich\u00e9 in una cartella temporanea, in modo da non dover essere ricreati ogni volta che si apre la scena\r<br\/>* Le telecamere panoramiche possono utilizzare le posizioni di &quot;ingrandimento&quot; della visualizzazione in tempo reale come marcatori di panoramica\/inclinazione, per facilitare la visualizzazione di diverse aree dell&#039;immagine\r<br\/>* Arco: il test di spostamento predefinito della &#039;scena&#039; pu\u00f2 essere cancellato &#039;eliminandolo&#039;\r<br\/>\r<br\/>2026.01.16758\r<br\/>* Miglioramenti delle prestazioni dell&#039;area di lavoro Arc: riproduzione migliorata del test di spostamento\r<br\/>* Miglioramenti delle prestazioni dell&#039;area di lavoro DMX\r<br\/>* Supporto per le telecamere panoramiche Insta360 X3\/X4\/X5\r<br\/>\r<br\/>2026.01.16700\r<br\/>* Risolto il problema grafico nell&#039;area di lavoro Cinematografia con lo strumento di messa a fuoco e le schede NVidia RTX serie A\r<br\/>\r<br\/>2026.01.16662\r<br\/>* DMX: aggiunta definizione dispositivo LiteGear LiteDimmer Spectrum DC200\r<br\/>\r<br\/>2026.01.16658\r<br\/>* Corretto supporto Nikon Z5 II\r<br\/>* Quando si fa doppio clic sull&#039;immagine nell&#039;area di lavoro Cinematografia, verr\u00e0 utilizzato il visualizzatore di sistema predefinito per immagini jpeg e raw se l&#039;utente non ha effettuato una selezione personalizzata\r<br\/>* Spostati &#039;step by tags&#039; e &#039;step by hold&#039; nel menu Riproduzione\r<br\/>* Aggiunto &#039;riproduci per tag&#039;, che controlla se la riproduzione viene modificata o meno quando viene utilizzato &#039;procedi per tag&#039;\r<br\/>* Risolti i problemi di dialogo relativi alla sequenza di immagini importate quando si utilizza il cursore orizzontale per regolare l&#039;area di visualizzazione\r<br\/>\r<br\/>2026.01.16638\r<br\/>* Aggiunti Canon EOS R50 V\r<br\/>* Aggiunti Canon EOS R6 Mark III\r<br\/>* Aggiunti Panasonic DC-S1 II, DC-S1 IIE e DC-S1R II\r<br\/>\r<br\/>2026.01.16615\r<br\/>* Aggiunto il supporto Ricoh Theta X e Z1 tramite il protocollo Google Open Spherical Camera\r<br\/>* Il colore del gruppo di canali DMX pu\u00f2 essere sovrascritto\r<br\/>* Le intestazioni di gruppo DMX possono controllare tutti i singoli e le luci accese\/spente per i membri\r<br\/>\r<br\/>2026.01.16578\r<br\/>* Aggiunto supporto Nikon ZR e Z5 II\r<br\/>* Consenti all&#039;acquisizione fittizia di funzionare come unica sorgente di acquisizione\r<br\/>\r<br\/>2026.01.16575\r<br\/>* Assicurarsi che il valore di messa a fuoco digitale si aggiorni quando si premono le frecce di messa a fuoco\r<br\/>* Piccoli miglioramenti delle prestazioni\r<br\/>* Risolto il possibile crash durante lo scollegamento della fotocamera durante il passaggio alla modalit\u00e0 libUSB\r<br\/>* Risolto il potenziale crash durante l&#039;acquisizione (regressione)\r<br\/>\r<br\/>2026.01.16556\r<br\/>* OSC: invia frame di riproduzione da DMX e Arc (oltre ad Ani)\r<br\/>* OSC: includi le posizioni degli assi di riproduzione quando invii il frame di riproduzione, se \u00e8 selezionato &quot;Invia posizioni motore&quot;\r<br\/>\r<br\/>2026.01.16538\r<br\/>* Rielaborazione importante delle immagini dei volti per consentire immagini pi\u00f9 grandi con proporzioni non quadrate\r<br\/>--* Ogni anteprima del set di volti pu\u00f2 essere nascosta (usa l&#039;icona dell&#039;occhio per il personaggio)\r<br\/>--* I set di facce non quadrate possono essere visualizzati in anteprima come quadrati per risparmiare spazio con pi\u00f9 caratteri (passa il mouse sull&#039;anteprima e fai clic sull&#039;icona quadrata)\r<br\/>\r<br\/>2026.01.16474\r<br\/>* Aggiunta l&#039;opzione DMX &#039;Cancella programma&#039; per cancellare tutti i fotogrammi chiave su tutti i canali.\r<br\/>* Aggiunto il canale DMX &#039;Cancella fotogrammi chiave&#039; per cancellare i fotogrammi chiave sui canali selezionati.\r<br\/>* Assicurarsi che il livello di regolazione DMX non possa essere bloccato o avere il badge abilitato\r<br\/>* Assicurarsi che le note magiche del Blocco note aggiornino sempre il foglio x dopo le modifiche\r<br\/>\r<br\/>2026.01.16466\r<br\/>* L&#039;interfaccia utente audio pu\u00f2 gestire molti sottogruppi di set di volti consentendoti di scorrerli\r<br\/>\r<br\/>2026.01.16464\r<br\/>* Ximea corregge il potenziale crash quando si perde la connessione al dispositivo\r<br\/>\r<br\/>2026.01.16453\r<br\/>* Prestazioni migliorate con i dispositivi Ximea<\/div><\/div>\n<\/div>\n<\/div>\n\n\n\n<div class=\"wp-block-column is-layout-flow wp-block-column-is-layout-flow\">\n<div class=\"notes\">\n<h2>Novit\u00e0 del 2026.01<\/h2>\n<div style=\"display: none;\">\n<ul>\n \t<li>Fonte di acquisizione Ximea rielaborata per prestazioni migliorate<\/li>\n<li>Importante rielaborazione delle immagini dei volti per consentire immagini pi\u00f9 grandi con proporzioni non quadrate\n<ul><li>Ogni anteprima del set di volti pu\u00f2 essere nascosta (usa l&#039;icona dell&#039;occhio per il personaggio)<\/li>\n<li>I set di facce non quadrate possono essere visualizzati in anteprima come quadrati per risparmiare spazio con pi\u00f9 caratteri (passa il mouse sull&#039;anteprima e fai clic sull&#039;icona quadrata)<\/li>\n<\/ul><\/li>\n<li>Aggiunto &quot;Riproduci per tag&quot; al menu Riproduzione per controllare se la riproduzione corrisponde alla scelta &quot;passo per tag&quot;.<\/li>\n<li>Spostate le opzioni &quot;Passo per tag&quot; e &quot;Passo per blocco&quot; nel menu Riproduzione.<\/li>\n<li>Miglioramenti significativi delle prestazioni di riproduzione in DMX e Arc<\/li>\n<li>Supporto per fotocamere panoramiche, Insta360 X3\/X4\/X5 e Ricoh Theta X\/Z1, con supporto per la vista sferica.<\/li>\n<li>Accelerazione hardware del livello di riferimento su Linux tramite VAAPI (per AMD\/Intel) o NVDEC (per NVIDIA) utilizzando il trasferimento texture a copia zero. \u00c8 paragonabile alle implementazioni macOS e Windows.<\/li>\n<li>Decodifica video assistita NVDEC\/NVIDIA su Windows e Linux, per sistemi che non dispongono di Intel<\/li>\n<\/ul>\n<\/div>\n<\/div>\n<\/div>\n<\/div>\n\n\n\n<div class=\"sectionTitleBox\" style=\"border: none;\">\n<h1 class=\"sectionTitleBox\"><span style=\"color: #d99202;\">DMC-32\/DMC-16\/DMC+<\/span> Risorse<\/h1>\n<\/div>\n\n\n\n<div class=\"wp-block-columns is-layout-flex wp-container-core-columns-is-layout-9d6595d7 wp-block-columns-is-layout-flex\">\n<div class=\"wp-block-column is-layout-flow wp-block-column-is-layout-flow\" style=\"flex-basis:25%\">\n<p class=\"downloadHeader\">Firmware DMC-32<\/p>\n<div class=\"downloadButton\" data-no-translation=\"\"><a href=\"https:\/\/www.dragonframe.com\/download\/DMC32-4.8.5b.flash.zip\">DMC32-4.8.5b.flash.zip<\/a><\/div>\n<\/div>\n\n\n\n<div class=\"wp-block-column is-layout-flow wp-block-column-is-layout-flow\" style=\"flex-basis:25%\">\n<p class=\"downloadHeader\">Firmware zDMC per DF4+<\/p>\n<div class=\"downloadButton\" data-no-translation=\"\"><a href=\"https:\/\/www.dragonframe.com\/download\/zDMC-4.8.5.flash.zip\">zDMC-4.8.5.flash.zip<\/a><\/div>\n<p style=\"font-size: 11px; line-height: 15px;\">Per DMC-16 o DMC+ con scheda di aggiornamento &#039;z&#039;. Lo stato di Scene|Connections mostra &quot;zDMC-16&quot; o &quot;zDMC+&quot;.<\/p>\n<\/div>\n<\/div>","protected":false},"excerpt":{"rendered":"<p>Download del ramo di sviluppo Dragonframe 2026.04 Note sulla versione di sviluppo Novit\u00e0 nella versione 2026.04 Migliorato il modo in cui la timeline mostra le miniature quando la scala si riduce ai secondi Memorizzazione delle miniature dei filmati di riferimento su disco, per un recupero pi\u00f9 rapido DMX: aggiunta di &quot;Unisci canali ereditati&quot; al menu del programma. Stiamo lavorando per aggiungere opzioni di messa a fuoco automatica alla maggior parte delle telecamere, per la messa a fuoco iniziale. Dragonframe 2026.01 Versione di sviluppo... <a title=\"Download del ramo di sviluppo\" class=\"read-more\" href=\"https:\/\/www.dragonframe.com\/it\/dev\/\" aria-label=\"Per saperne di pi\u00f9 su Development Branch Downloads\">Per saperne di pi\u00f9<\/a><\/p>","protected":false},"author":1,"featured_media":0,"parent":0,"menu_order":0,"comment_status":"closed","ping_status":"closed","template":"","meta":{"footnotes":""},"class_list":{"0":"post-20663","1":"page","2":"type-page","3":"status-publish","5":"no-featured-image-padding"},"_links":{"self":[{"href":"https:\/\/www.dragonframe.com\/it\/wp-json\/wp\/v2\/pages\/20663","targetHints":{"allow":["GET"]}}],"collection":[{"href":"https:\/\/www.dragonframe.com\/it\/wp-json\/wp\/v2\/pages"}],"about":[{"href":"https:\/\/www.dragonframe.com\/it\/wp-json\/wp\/v2\/types\/page"}],"author":[{"embeddable":true,"href":"https:\/\/www.dragonframe.com\/it\/wp-json\/wp\/v2\/users\/1"}],"replies":[{"embeddable":true,"href":"https:\/\/www.dragonframe.com\/it\/wp-json\/wp\/v2\/comments?post=20663"}],"version-history":[{"count":14,"href":"https:\/\/www.dragonframe.com\/it\/wp-json\/wp\/v2\/pages\/20663\/revisions"}],"predecessor-version":[{"id":72271,"href":"https:\/\/www.dragonframe.com\/it\/wp-json\/wp\/v2\/pages\/20663\/revisions\/72271"}],"wp:attachment":[{"href":"https:\/\/www.dragonframe.com\/it\/wp-json\/wp\/v2\/media?parent=20663"}],"curies":[{"name":"wp","href":"https:\/\/api.w.org\/{rel}","templated":true}]}}