{"id":19304,"date":"2017-03-21T20:23:50","date_gmt":"2017-03-22T03:23:50","guid":{"rendered":"http:\/\/dev.dragonframe.com\/?page_id=19304"},"modified":"2025-06-26T12:05:27","modified_gmt":"2025-06-26T19:05:27","slug":"dftether","status":"publish","type":"page","link":"https:\/\/www.dragonframe.com\/it\/dftether\/","title":{"rendered":"Dragonframe Tether"},"content":{"rendered":"<div class=\"pageTitle\" data-no-translation=\"\">\n<h1>Dragonframe <span class=\"white\">Tether<\/span><\/h1>\n<\/div>\n\n\n\n<div class=\"wp-block-columns is-layout-flex wp-container-core-columns-is-layout-9d6595d7 wp-block-columns-is-layout-flex\">\n<div class=\"wp-block-column is-layout-flow wp-block-column-is-layout-flow\" style=\"flex-basis:15%\"><\/div>\n\n\n\n<div class=\"wp-block-column is-layout-flow wp-block-column-is-layout-flow\">\n<strong data-no-translation=\"\">Dragonframe Tether (DF Tether)<\/strong> \u00e8 un&#039;app gratuita che ti consente di utilizzare il tuo dispositivo iOS o Android come sorgente di acquisizione in <a href=\"\/it\/dragonframe-software\/\">Dragonframe<\/a> software di animazione in stop motion.\n\n<p>Per la connettivit\u00e0 WiFi iOS o Android \u00e8 richiesto Dragonframe 5 o versione successiva.<\/p>\n\n<p>Dragonframe 4 \u00e8 necessario per la connettivit\u00e0 USB iOS.<\/p>\n\n\n<figure class=\"wp-block-table df-style-stripes\">\n<table>\n<tbody>\n<tr>\n<td><\/td>\n<td>Dragonframe 3<\/td>\n<td>Dragonframe 4<\/td>\n<td>Dragonframe 5 o successivo<\/td>\n<\/tr>\n<tr>\n<td>iOS tramite USB<\/td>\n<td>\u2014<\/td>\n<td><strong>S\u00cc<\/strong><\/td>\n<td><strong>S\u00cc<\/strong><\/td>\n<\/tr>\n<tr>\n<td>iOS tramite Wi-Fi<\/td>\n<td>\u2014<\/td>\n<td>\u2014<\/td>\n<td><strong>S\u00cc<\/strong><\/td>\n<\/tr>\n<tr>\n<td>Android tramite Wi-Fi<\/td>\n<td>\u2014<\/td>\n<td>\u2014<\/td>\n<td><strong>S\u00cc<\/strong><\/td>\n<\/tr>\n<\/tbody>\n<\/table>\n<figcaption class=\"wp-element-caption\">Supporto per versione<\/figcaption><\/figure>\n\n<p>iOS 10.0+: installa <a href=\"https:\/\/apps.apple.com\/app\/dragonframe-tether\/id1207485362\" data-no-translation=\"\">Dragonframe Tether<\/a> tramite la <strong>App Store<\/strong> sul tuo dispositivo.<\/p>\n\n<p>Android 7.0+ (ARM): installa <a href=\"https:\/\/play.google.com\/store\/apps\/details?id=com.dzed.DFTether\" data-no-translation=\"\">Dragonframe Tether<\/a> tramite la <strong>Google Play<\/strong> app Store.<\/p>\n<div style=\"display: table; text-align: center; margin: 30px auto 30px auto;\"><a href=\"http:\/\/appstore.com\/dragonframetether\"><img loading=\"lazy\" decoding=\"async\" src=\"\/wp-content\/uploads\/2017\/03\/dftether_icon.png\" alt=\"Apri la pagina Dragonframe Tether nell&#039;App Store iOS\" width=\"128\" height=\"128\" border=\"0\" \/>\n<span style=\"color: white; font-weight: 500;\" data-no-translation=\"\">Dragonframe Tether<\/span><\/a><\/div>\n<h2>Istruzioni:<\/h2>\n<ol>\n \t<li>Avvia il software Dragonframe sul computer.<\/li>\n \t<li>Su macOS 15 (Sequoia) e versioni successive, vai a <b>Impostazioni di sistema: Privacy e sicurezza: Rete locale<\/b> e assicurarsi che Dragonframe sia abilitato.<\/li>\n \t<li class=\"translation-block\"><a href=\"https:\/\/www.dragonframe.com\/wp-content\/uploads\/2019\/06\/CreateScene.png\" rel=\"iLightBox\" data-caption=\"\" target=\"_self\">Crea una nuova scena<\/a> o apri una scena esistente.<\/li>\n \t<li>Avvia il <b data-no-translation=\"\">DF Tether<\/b> app sul tuo dispositivo Android o iOS.<\/li>\n \t<li>Premi l&#039;app <b>Aiuto<\/b> pulsante e seguire le istruzioni.<\/li>\n<\/ol>\n<p>Dopo aver seguito le istruzioni, Dragonframe dovrebbe rilevare il dispositivo e connettersi ad esso.<\/p>\n\n<p><strong>NOTA:<\/strong> Gli utenti Windows con dispositivi iOS devono installare <a href=\"http:\/\/www.apple.com\/itunes\/download\/\">iTunes<\/a>. Assicurati di avere la versione pi\u00f9 recente, direttamente da Apple (non dal Microsoft Store). Riavvia il computer dopo aver installato iTunes.<\/p>\n<h2>Una volta connesso:<\/h2>\n<ul>\n \t<li>Dragonframe mostrer\u00e0 un&#039;anteprima video utilizzando la fotocamera del dispositivo. (Supponendo che tu abbia una scena aperta, secondo l&#039;istruzione #3 sopra.)\n<strong>NOTA:<\/strong> Lo schermo del dispositivo non mostrer\u00e0 il video; \u00e8 solo in Dragonframe.<\/li>\n \t<li>Puoi controllare la velocit\u00e0 dell&#039;otturatore, l&#039;ISO e il bilanciamento del bianco <b>Impostazioni della fotocamera<\/b> nel <b>Area di lavoro della cinematografia<\/b>. (Il bilanciamento del bianco \u00e8 attualmente solo su dispositivi iOS.)<\/li>\n \t<li>Controlla la messa a fuoco in Dragonframe premendo l&#039;icona a forma di mirino nelle aree di lavoro Animazione o Cinematografia.<\/li>\n \t<li>Cattura immagini JPG o DNG direttamente sul computer. (DNG \u00e8 disponibile solo su alcuni modelli iOS.)<\/li>\n<\/ul>\n<p><strong>NOTA:<\/strong> Richiede Dragonframe 4+ su un sistema desktop macOS, Windows o Linux. <a href=\"\/it\/dragonframe-software\/\">Dragonframe<\/a> \u00e8 un acquisto separato e non \u00e8 incluso in questa app.<\/p>\n\n\n<h2>Risoluzione dei problemi:<\/h2>\n<p>Per le connessioni WiFi, Dragonframe comunica con Dragonframe Tether sulla porta 8989, tramite TCP. Assicurati che la tua rete non stia bloccando quella porta.<\/p>\n\n<p>Se sei su Windows e il dispositivo iOS viene visualizzato in iTunes ma non in Dragonframe, prova a scattare una foto sul dispositivo, scollegarlo e ricollegarlo. Altri suggerimenti possono essere trovati in <a href=\"https:\/\/www.youtube.com\/watch?v=Zq0LAiYAfSA\" aria-label=\"Come RISOLVERE l&#039;iPhone che non viene visualizzato nel\/sul mio computer\">questo video<\/a>.<\/p>\n\n<p>Se sei su Windows e il dispositivo iOS non appare in iTunes, ma appare in Esplora file, devi cambiare il driver. Guarda a <a href=\"https:\/\/www.youtube.com\/watch?v=CuJgHIipTvM\" aria-label=\"Come far apparire l&#039;iPhone sul\/nel mio computer PC Windows\">questo video<\/a>, ma scegli &quot;Driver USB dispositivo mobile Apple&quot; invece di &quot;Dispositivo USB MTP&quot;.<\/p>\n\n<p>Se il tuo computer rileva il dispositivo iOS e Dragonframe tenta di connettersi ad esso, ma non riesce a comunicare con <strong data-no-translation=\"\">Dragonframe Tether<\/strong>, puoi aiutarci inviando i file di registro. Innanzitutto, in Dragonframe, vai a <strong>Preferenze | Catturare<\/strong> e impostare <strong>Registrazione telecamera<\/strong> a <strong>Alto<\/strong>. Quindi prova a connetterti nuovamente al dispositivo iOS. Se fallisce, vai a <strong>Aiuto<\/strong> e scegli <strong>Segnala un problema\u2026<\/strong> per inviarci i file di registro della macchina. Quindi, sul tuo dispositivo iOS, apri la sezione Guida in <strong data-no-translation=\"\">Dragonframe Tether<\/strong> e fai uno screenshot, quindi invialo via email a <strong>support@dragonframe.com<\/strong>.<\/p>\n<\/div>\n\n\n\n<div class=\"wp-block-column is-layout-flow wp-block-column-is-layout-flow\" style=\"flex-basis:15%\"><\/div>\n<\/div>\n\n\n\n<p><\/p>","protected":false},"excerpt":{"rendered":"<p>Dragonframe Tether Dragonframe Tether (DF Tether) \u00e8 un&#039;app gratuita che ti consente di utilizzare il tuo dispositivo iOS o Android come sorgente di acquisizione nel software di animazione stop motion Dragonframe. Per la connettivit\u00e0 Wi-Fi di iOS o Android \u00e8 richiesto Dragonframe 5 o versioni successive. Per la connettivit\u00e0 USB di iOS \u00e8 richiesto Dragonframe 4. Dragonframe 3 Dragonframe 4 Dragonframe \u2026 <a title=\"Dragonframe Tether\" class=\"read-more\" href=\"https:\/\/www.dragonframe.com\/it\/dftether\/\" aria-label=\"Per saperne di pi\u00f9 su Dragonframe Tether\">Per saperne di pi\u00f9<\/a><\/p>","protected":false},"author":1,"featured_media":0,"parent":0,"menu_order":0,"comment_status":"closed","ping_status":"closed","template":"","meta":{"footnotes":""},"class_list":{"0":"post-19304","1":"page","2":"type-page","3":"status-publish","5":"no-featured-image-padding"},"_links":{"self":[{"href":"https:\/\/www.dragonframe.com\/it\/wp-json\/wp\/v2\/pages\/19304","targetHints":{"allow":["GET"]}}],"collection":[{"href":"https:\/\/www.dragonframe.com\/it\/wp-json\/wp\/v2\/pages"}],"about":[{"href":"https:\/\/www.dragonframe.com\/it\/wp-json\/wp\/v2\/types\/page"}],"author":[{"embeddable":true,"href":"https:\/\/www.dragonframe.com\/it\/wp-json\/wp\/v2\/users\/1"}],"replies":[{"embeddable":true,"href":"https:\/\/www.dragonframe.com\/it\/wp-json\/wp\/v2\/comments?post=19304"}],"version-history":[{"count":0,"href":"https:\/\/www.dragonframe.com\/it\/wp-json\/wp\/v2\/pages\/19304\/revisions"}],"wp:attachment":[{"href":"https:\/\/www.dragonframe.com\/it\/wp-json\/wp\/v2\/media?parent=19304"}],"curies":[{"name":"wp","href":"https:\/\/api.w.org\/{rel}","templated":true}]}}