{"id":18079,"date":"2017-02-03T10:02:02","date_gmt":"2017-02-03T10:02:02","guid":{"rendered":"http:\/\/dev.dragonframe.com\/?page_id=18079"},"modified":"2025-06-28T13:15:20","modified_gmt":"2025-06-28T20:15:20","slug":"find-your-license","status":"publish","type":"page","link":"https:\/\/www.dragonframe.com\/it\/find-your-license\/","title":{"rendered":"Trova la tua licenza"},"content":{"rendered":"<div class=\"pageTitle\">\n<h1>Trova la tua licenza<\/h1>\n<\/div>\n\n\n\n<p>Se hai un account con il nostro sito, puoi usarlo per trovare le informazioni sulla tua licenza.\n<br><a href=\"\/it\/my-account\/dzed-licenses\/\">Gestisci licenze<\/a><\/p>\n\n<p>Se non hai un account, utilizza il modulo sottostante. Possiamo inviarti tutti i numeri di serie che hai acquistato se conosci il tuo indirizzo e-mail registrato. Il messaggio elencher\u00e0 tutti i dispositivi attivati e ti dar\u00e0 la possibilit\u00e0 di disattivarli manualmente.<\/p>\n\n<p>Se non ricordi l&#039;indirizzo e-mail con cui hai acquistato o non \u00e8 pi\u00f9 disponibile, dovrai inviare un&#039;e-mail <a href=\"mailto:support@dragonframe.com?subject=Ho bisogno di aiuto per trovare la mia licenza\">support@dragonframe.com<\/a>.<\/p>\n\n\n\n<div style=\"padding: 30px; border: 1px solid black; background-color: #202020;\">\n<div id=\"licenseLookupResponse\" style=\"height: auto; padding-bottom: 10px; font-size: 14px; color: #fff; letter-spacing: 0.04em;\"><\/div>\n<form id=\"licenseLookupForm\" action=\"\" method=\"POST\" data-trp-original-action=\"\"><input id=\"emailaddr\" class=\"inputField\" style=\"width: 250px;\" title=\"Indirizzo e-mail\" name=\"email_address\" type=\"text\" placeholder=\"Indirizzo e-mail\" \/>\n<input class=\"inputField wide\" style=\"width: 50%; margin-top: 12px;\" title=\"Indirizzo e-mail\" name=\"email\" type=\"text\" placeholder=\"Indirizzo e-mail\" \/>\n\n<input name=\"action\" type=\"hidden\" value=\"licenseLookup\" \/>\n<div class=\"inputLabel\" style=\"display:inline\"><input name=\"submit\" type=\"submit\" value=\"Trova la mia licenza\" style=\"margin-top:12px;\"\/><\/div>\n<input type=\"hidden\" name=\"trp-form-language\" value=\"it\"\/><\/form><\/div>\n\n\n\n<p>&nbsp;<\/p>","protected":false},"excerpt":{"rendered":"<p>Trova la tua licenza: se hai un account sul nostro sito, puoi utilizzarlo per trovare le informazioni sulla tua licenza. Gestisci licenze: se non hai un account, utilizza il modulo sottostante. Possiamo inviarti tutti i numeri di serie che hai acquistato se conosci il tuo indirizzo e-mail registrato. Il messaggio elencher\u00e0 tutti... <a title=\"Trova la tua licenza\" class=\"read-more\" href=\"https:\/\/www.dragonframe.com\/it\/find-your-license\/\" aria-label=\"Per saperne di pi\u00f9 su Trova la tua licenza\">Per saperne di pi\u00f9<\/a><\/p>","protected":false},"author":2,"featured_media":0,"parent":0,"menu_order":0,"comment_status":"closed","ping_status":"closed","template":"","meta":{"footnotes":""},"class_list":{"0":"post-18079","1":"page","2":"type-page","3":"status-publish","5":"no-featured-image-padding"},"_links":{"self":[{"href":"https:\/\/www.dragonframe.com\/it\/wp-json\/wp\/v2\/pages\/18079","targetHints":{"allow":["GET"]}}],"collection":[{"href":"https:\/\/www.dragonframe.com\/it\/wp-json\/wp\/v2\/pages"}],"about":[{"href":"https:\/\/www.dragonframe.com\/it\/wp-json\/wp\/v2\/types\/page"}],"author":[{"embeddable":true,"href":"https:\/\/www.dragonframe.com\/it\/wp-json\/wp\/v2\/users\/2"}],"replies":[{"embeddable":true,"href":"https:\/\/www.dragonframe.com\/it\/wp-json\/wp\/v2\/comments?post=18079"}],"version-history":[{"count":0,"href":"https:\/\/www.dragonframe.com\/it\/wp-json\/wp\/v2\/pages\/18079\/revisions"}],"wp:attachment":[{"href":"https:\/\/www.dragonframe.com\/it\/wp-json\/wp\/v2\/media?parent=18079"}],"curies":[{"name":"wp","href":"https:\/\/api.w.org\/{rel}","templated":true}]}}