{"id":73145,"date":"2026-04-23T11:06:12","date_gmt":"2026-04-23T18:06:12","guid":{"rendered":"https:\/\/www.dragonframe.com\/?post_type=product&#038;p=73145"},"modified":"2026-04-23T11:10:31","modified_gmt":"2026-04-23T18:10:31","slug":"moco-toolbox","status":"publish","type":"product","link":"https:\/\/www.dragonframe.com\/fr\/product\/moco-toolbox\/","title":{"rendered":"Bo\u00eete \u00e0 outils Moco"},"content":{"rendered":"","protected":false},"excerpt":{"rendered":"<p>Moco Toolbox a pour objectif de rendre le contr\u00f4le gestuel plus accessible aux artistes ind\u00e9pendants et de combler le foss\u00e9 entre les syst\u00e8mes enti\u00e8rement faits maison et les outils disponibles dans le commerce. Pour ce faire, ils ont d\u00e9velopp\u00e9 une gamme modulaire de dispositifs de contr\u00f4le gestuel bas\u00e9s sur les modules DFMoco et DMC-Lite de Dragonframe, ainsi qu&#039;une cha\u00eene YouTube p\u00e9dagogique qui pr\u00e9sente les principes fondamentaux de mani\u00e8re pratique et accessible.<\/p>\n<p>Ces outils sont con\u00e7us pour offrir la flexibilit\u00e9 des syst\u00e8mes \u00e0 monter soi-m\u00eame tout en garantissant des performances fiables, sans n\u00e9cessiter de connaissances approfondies en \u00e9lectronique ou en m\u00e9canique. Ils permettent le contr\u00f4le des mouvements de la cam\u00e9ra et de l&#039;objet, \u00e9largissant ainsi les possibilit\u00e9s cr\u00e9atives sur le plateau de tournage.<\/p>","protected":false},"featured_media":73144,"template":"","meta":[],"product_brand":[],"product_cat":[372],"product_tag":[],"class_list":{"0":"post-73145","1":"product","2":"type-product","3":"status-publish","4":"has-post-thumbnail","6":"product_cat-dragonframe-hardware","7":"no-featured-image-padding","8":"","9":"woocommerce-text-align-center","10":"woocommerce-image-align-center","11":"do-quantity-buttons","13":"first","14":"instock","15":"taxable","16":"shipping-taxable","17":"product-type-external"},"bundled_by":[],"bundle_stock_status":"instock","bundle_stock_quantity":null,"bundle_virtual":false,"bundle_layout":"","bundle_add_to_cart_form_location":"","bundle_editable_in_cart":false,"bundle_sold_individually_context":"","bundle_item_grouping":"","bundle_min_size":"","bundle_max_size":"","bundle_price":[],"bundled_items":[],"bundle_sell_ids":[],"exclude_global_add_ons":[],"addons":[],"_links":{"self":[{"href":"https:\/\/www.dragonframe.com\/fr\/wp-json\/wp\/v2\/product\/73145","targetHints":{"allow":["GET"]}}],"collection":[{"href":"https:\/\/www.dragonframe.com\/fr\/wp-json\/wp\/v2\/product"}],"about":[{"href":"https:\/\/www.dragonframe.com\/fr\/wp-json\/wp\/v2\/types\/product"}],"wp:featuredmedia":[{"embeddable":true,"href":"https:\/\/www.dragonframe.com\/fr\/wp-json\/wp\/v2\/media\/73144"}],"wp:attachment":[{"href":"https:\/\/www.dragonframe.com\/fr\/wp-json\/wp\/v2\/media?parent=73145"}],"wp:term":[{"taxonomy":"product_brand","embeddable":true,"href":"https:\/\/www.dragonframe.com\/fr\/wp-json\/wp\/v2\/product_brand?post=73145"},{"taxonomy":"product_cat","embeddable":true,"href":"https:\/\/www.dragonframe.com\/fr\/wp-json\/wp\/v2\/product_cat?post=73145"},{"taxonomy":"product_tag","embeddable":true,"href":"https:\/\/www.dragonframe.com\/fr\/wp-json\/wp\/v2\/product_tag?post=73145"}],"curies":[{"name":"wp","href":"https:\/\/api.w.org\/{rel}","templated":true}]}}