{"id":64274,"date":"2024-06-28T12:47:17","date_gmt":"2024-06-28T19:47:17","guid":{"rendered":"https:\/\/www.dragonframe.com\/?post_type=product&#038;p=64274"},"modified":"2024-06-28T12:51:02","modified_gmt":"2024-06-28T19:51:02","slug":"general-lift-junior","status":"publish","type":"product","link":"https:\/\/www.dragonframe.com\/fr\/product\/general-lift-junior\/","title":{"rendered":"Ascenseur g\u00e9n\u00e9ral \u2013 Junior"},"content":{"rendered":"","protected":false},"excerpt":{"rendered":"<p>General Lift est au service du secteur du cin\u00e9ma et du film commercial depuis plus de 30 ans.<\/p>\n<p>Junior a \u00e9t\u00e9 con\u00e7u comme un syst\u00e8me de contr\u00f4le de mouvement Stop Motion Animation polyvalent, facilement d\u00e9plac\u00e9 et configurable par rapport au Senior Rig.<\/p>\n<p>Con\u00e7u comme un format \u00ab tout-en-un \u00bb, Junior peut \u00eatre roul\u00e9 sur le plateau puis d\u00e9pos\u00e9 pour se pr\u00e9parer au tournage.<\/p>\n<p>Il comporte sept axes de mouvement\u00a0: piste, rotation de la fl\u00e8che, \u00e9l\u00e9vation de la fl\u00e8che, panoramique, inclinaison et roulis ainsi que mise au point.<\/p>\n<p>Caract\u00e9ristiques:<\/p>\n<ol>\n<li>Junior est construit avec le syst\u00e8me reposant sur une structure soud\u00e9e en acier robuste avec des roulettes robustes pour rouler en position sur votre ensemble.<\/li>\n<li>Les pieds de nivellement sont situ\u00e9s aux quatre coins pour positionner avec pr\u00e9cision Junior dans une configuration tr\u00e8s stable et de niveau.<\/li>\n<li>En raison de sa taille et de sa mobilit\u00e9, Junior peut \u00eatre facilement transport\u00e9 ou retir\u00e9 pour permettre une nouvelle installation par une seule personne.<\/li>\n<\/ol>","protected":false},"featured_media":64276,"template":"","meta":[],"product_brand":[],"product_cat":[372],"product_tag":[],"class_list":{"0":"post-64274","1":"product","2":"type-product","3":"status-publish","4":"has-post-thumbnail","6":"product_cat-dragonframe-hardware","7":"no-featured-image-padding","8":"","9":"woocommerce-text-align-center","10":"woocommerce-image-align-center","11":"do-quantity-buttons","13":"first","14":"instock","15":"taxable","16":"shipping-taxable","17":"product-type-external"},"bundled_by":[],"bundle_stock_status":"instock","bundle_stock_quantity":null,"bundle_virtual":false,"bundle_layout":"","bundle_add_to_cart_form_location":"","bundle_editable_in_cart":false,"bundle_sold_individually_context":"","bundle_item_grouping":"","bundle_min_size":"","bundle_max_size":"","bundle_price":[],"bundled_items":[],"bundle_sell_ids":[],"exclude_global_add_ons":[],"addons":[],"_links":{"self":[{"href":"https:\/\/www.dragonframe.com\/fr\/wp-json\/wp\/v2\/product\/64274","targetHints":{"allow":["GET"]}}],"collection":[{"href":"https:\/\/www.dragonframe.com\/fr\/wp-json\/wp\/v2\/product"}],"about":[{"href":"https:\/\/www.dragonframe.com\/fr\/wp-json\/wp\/v2\/types\/product"}],"wp:featuredmedia":[{"embeddable":true,"href":"https:\/\/www.dragonframe.com\/fr\/wp-json\/wp\/v2\/media\/64276"}],"wp:attachment":[{"href":"https:\/\/www.dragonframe.com\/fr\/wp-json\/wp\/v2\/media?parent=64274"}],"wp:term":[{"taxonomy":"product_brand","embeddable":true,"href":"https:\/\/www.dragonframe.com\/fr\/wp-json\/wp\/v2\/product_brand?post=64274"},{"taxonomy":"product_cat","embeddable":true,"href":"https:\/\/www.dragonframe.com\/fr\/wp-json\/wp\/v2\/product_cat?post=64274"},{"taxonomy":"product_tag","embeddable":true,"href":"https:\/\/www.dragonframe.com\/fr\/wp-json\/wp\/v2\/product_tag?post=64274"}],"curies":[{"name":"wp","href":"https:\/\/api.w.org\/{rel}","templated":true}]}}