{"id":62099,"date":"2024-01-04T07:12:18","date_gmt":"2024-01-04T15:12:18","guid":{"rendered":"https:\/\/www.dragonframe.com\/?post_type=product&#038;p=62099"},"modified":"2026-01-07T09:57:15","modified_gmt":"2026-01-07T17:57:15","slug":"dragonframe-student","status":"publish","type":"product","link":"https:\/\/www.dragonframe.com\/fr\/product\/dragonframe-student\/","title":{"rendered":"Dragonframe 2026 T\u00e9l\u00e9chargement (\u00c9tudiant)"},"content":{"rendered":"<div data-post-id=\"62090\" class=\"insert-page insert-page-62090 \"><div class=\"productSectionTitleBox\" style=\"margin-top: 30px; margin-bottom: 30px;\">\n<h1>Dragonframe 2026 <span class=\"white\">Software<\/span><\/h1>\n<\/div>\n\n\n\n<div class=\"wp-block-columns is-layout-flex wp-container-core-columns-is-layout-9d6595d7 wp-block-columns-is-layout-flex\">\n<div class=\"wp-block-column is-layout-flow wp-block-column-is-layout-flow\" style=\"flex-basis:66.66%\">\n<div style=\"margin-top: 30px;\">\n<p>Dragonframe stop motion animation software for macOS, Windows and Linux.<\/p>\n\n<p>This is a perpetual license with three years of updates and support (maintenance agreement).\nYou will receive updates and support for three years. After that, the license will still be active. It does not expire.<\/p>\n\n<p>The software is <strong>delivered as a digital download<\/strong> as soon as your payment clears, so you can get to work right away. (Student orders must be approved before you receive your license. Any rejected orders will be canceled and fully refunded.)<\/p>\n\n<p><strong>WHAT TO EXPECT AFTER PURCHASING THIS ITEM FROM OUR SITE:<\/strong>\n<ol>\n \t<li>You will receive an email with your serial number.<\/li>\n \t<li>Download the software from our site. <a href=\"\/downloads\/\">[Downloads]<\/a><\/li>\n \t<li>Use this serial number to activate the software.<\/li>\n<\/ol>\n<\/p>\n<p>WHAT THE LICENSE ENTITLES YOU TO: You may activate the software on one computer for every license you purchase. You may also activate a single license on a second computer if Dragonframe will not be used on both at the same time.<\/p>\n<\/div>\n\n<div style=\"padding-top: 10px;\">\n<h4>NEW IN DRAGONFRAME 2026.01<\/h4>\n<ul>\n \t<li>Reworked Ximea capture source for improved performance<\/li>\n<li>Major rework of face set images to allow larger images with non-square aspect ratios\n<ul><li>Each face set preview can be hidden (use eye icon for character)<\/li>\n<li>Non-square face sets can be previewed as squares to save space with multiple characters (hover over preview and click square icon)<\/li>\n<\/ul><\/li>\n<li>Added \u2018Play by Tags\u2019 to Playback menu to control whether playback matches \u2018step by tags\u2019 choice.<\/li>\n<li>Moved \u2018Step by Tags\u2019 and \u2018Step by Holds\u2019 to the Playback menu.<\/li>\n<li>Major playback performance improvements in DMX and Arc<\/li>\n<li>Support for Panoramic cameras, Insta360 X3\/X4\/X5 and Ricoh Theta X\/Z1, with spherical view support.<\/li>\n<li>Reference layer hardware acceleration on Linux via VAAPI (for AMD\/Intel) or NVDEC (for NVIDIA) using zero-copy texture transfer. Brings it on par with macOS and Windows implementations.<\/li>\n<li>NVDEC\/NVIDIA video assist decoding on Windows and Linux, for systems that don\u2019t have Intel<\/li>\n<\/ul>\n\n<div style=\"padding-top: 10px;\">\n<h4>NEW IN DRAGONFRAME 2025.09<\/h4>\n<ul>\n<li>Added SOLO CAMERA option to hide any layers, mattes, or chroma-keying<\/li>\n<li>Added movie export &#8216;step by tags&#8217; option, to match &#8216;step by tags&#8217; playback<\/li>\n <li>Arc: &#8216;Reorient rig to current position&#8217; to create world offset\/rotation for virtualized rig<\/li>\n<li>Added ARRICORE image format support<\/li>\n \t<li>Linux webcam performance improvements<\/li>\n \t<li>Linux reference layer hardware-accelerated decoding via VAAPI<\/li>\n \t<li>Improved Blackmagic Design output device selection<\/li>\n        <li>Added support for Sony cameras to download movie after recording (for models since 2020)<\/li>\n<li>Updated increment editor to make it easier to work with extra function points<\/li>\n<\/ul>\n<h4>NEW IN DRAGONFRAME 2025.05<\/h4>\n<ul>\n \t<li>macOS: Added option to use libUSB instead of ImageCapture for communication with digital cameras over PTP<\/li>\n \t<li>Added &#8216;Duplicate Drawing&#8217; option for drawing layers.<\/li>\n \t<li>Added support for Fujifilm X-M5.<\/li>\n \t<li>Arc: Added new backlash rollback algorithms that work for indexed axes and are more reliable.<\/li>\n \t<li>Arc: Added SCARA virtualization<\/li>\n \t<li>OSC encoder improvements<\/li>\n \t<li>Arc &amp; DMX: Change playback speed by percentage<\/li>\n \t<li>Arc: Added &#8216;super solo&#8217;. Alt\/option + click solo icon enables it<\/li>\n \t<li>DMX: Double-click in keyframe area places key at existing value<\/li>\n \t<li>DMX: Added histogram to DMX<\/li>\n<\/ul>\n<h4>NEW IN DRAGONFRAME 2025.01<\/h4>\n<ul>\n \t<li>Improved quality of &#8216;hold-on-still&#8217; image and do not apply video assist levels to it<\/li>\n \t<li>Fixed playback hitch when reference layers start later in playback<\/li>\n \t<li>Added ARRI Alexa 35 support<\/li>\n \t<li>Windows audio: no longer adjusts master volume of program when changing volume in a workspace<\/li>\n \t<li>Arc: Added option to use a move test as a reference layer<\/li>\n \t<li>Arc: Added &#8216;gobo&#8217; function for axis. This makes it available in the Cinematography workspace.<\/li>\n \t<li>Arc: DMC limit switches can be configured as &#8216;normally open&#8217;<\/li>\n \t<li>Arc: dmc-lite enables pull-up resistors for logic-in and e-stop inputs, to simplify wiring<\/li>\n \t<li>DMX: option to mark channels as &#8216;single value&#8217;, so they are not keyframed<\/li>\n<\/ul>\n<\/div>\n<\/div>\n\n\n\n<div class=\"wp-block-column is-layout-flow wp-block-column-is-layout-flow\" style=\"flex-basis:33.33%\">\n<div class=\"systemRequirements\" style=\"margin-top: 30px;\">\n<h3>System Requirements<\/h3>\n<h4>Mac<\/h4>\n<ul>\n \t<li>macOS 11+ Universal (Apple Silicon or Intel)<\/li>\n \t<li>4GB+ RAM<\/li>\n \t<li><a href=\"\/camera-support\/\">A supported camera<\/a><\/li>\n<\/ul>\n<h4>Windows<\/h4>\n<ul>\n \t<li>Windows 10\/11 (64-Bit Only)<\/li>\n \t<li>OpenGL 2.1 Capable Graphics Card<\/li>\n \t<li>Intel\/AMD CPU with 2+ Cores<\/li>\n \t<li>4GB+ RAM<\/li>\n \t<li><a href=\"\/camera-support\/\">A supported camera<\/a><\/li>\n<\/ul>\n<h4>Linux<\/h4>\n<ul>\n \t<li>x86_64\/amd64 Ubuntu 20+ or Fedora 34+ (Ubuntu recommended)<\/li>\n \t<li>OpenGL 2.1 Capable Graphics Card<\/li>\n \t<li>Intel\/AMD CPU with 2+ Cores<\/li>\n \t<li>4GB+ RAM<\/li>\n \t<li><a href=\"\/camera-support\/\">A supported camera<\/a><\/li>\n<\/ul>\n<div style=\"padding-top: 20px; padding-bottom: 20px;\"><img loading=\"lazy\" decoding=\"async\" style=\"opacity: 0.5; margin-top: -2px;\" src=\"\/wp-content\/uploads\/2017\/03\/LogoAppleGray.svg\" alt=\"macOS Logo\" width=\"40\" height=\"40\" \/><img loading=\"lazy\" decoding=\"async\" style=\"opacity: 0.5; padding-left: 10px;\" src=\"\/wp-content\/uploads\/2017\/03\/LogoWindowsGray.svg\" alt=\"Windows logo\" width=\"48\" height=\"38\" \/><img loading=\"lazy\" decoding=\"async\" style=\"opacity: 0.5; padding-left: 10px;\" src=\"\/wp-content\/uploads\/2017\/03\/logo-ubuntu3-gray.svg\" alt=\"Ubuntu logo\" width=\"48\" height=\"38\" \/><\/div>\n<h3 style=\"padding-top: 20px;\">Software License Agreement<\/h3>\n<p>The end-user license agreement is part of the installation process. You can also review it here: <a href=\"\/download\/Dragonframe_EULA.pdf\" data-no-translation=\"\">EULA<\/a>.<\/p>\n<\/div>\n<\/div>\n<\/div>\n<\/div>\n","protected":false},"excerpt":{"rendered":"<p class=\"dfLicenseType\">Licence perp\u00e9tuelle pour Dragonframe pour macOS\/Windows\/Linux.<\/p>\n<p>Comprend trois ans de mises \u00e0 jour et de support (contrat de maintenance).<\/p>\n<p class=\"translation-block\">Nous offrons la version compl\u00e8te de Dragonframe aux \u00e9tudiants \u00e0 prix r\u00e9duit. La licence du logiciel est r\u00e9serv\u00e9e \u00e0 un usage <b>non commercial<\/b> .<\/p>\n<p>Si vous avez besoin d&#039;utiliser la licence pour un travail commercial \u00e0 l&#039;avenir, contactez simplement le support et vous pourrez payer la diff\u00e9rence. Vous n&#039;avez pas besoin de racheter le logiciel.<\/p>\n<p>REMARQUE\u00a0: Les commandes des \u00e9tudiants peuvent prendre jusqu&#039;\u00e0 24\u00a0heures pour \u00eatre approuv\u00e9es. Veuillez ne pas commander la version compl\u00e8te pour ensuite demander une r\u00e9duction.<\/p>","protected":false},"featured_media":46798,"template":"","meta":[],"product_brand":[],"product_cat":[386],"product_tag":[],"class_list":{"0":"post-62099","1":"product","2":"type-product","3":"status-publish","4":"has-post-thumbnail","6":"product_cat-student","7":"no-featured-image-padding","8":"","9":"woocommerce-text-align-center","10":"woocommerce-image-align-center","11":"do-quantity-buttons","13":"first","14":"instock","15":"virtual","16":"sold-individually","17":"purchasable","18":"product-type-simple"},"bundled_by":["62103"],"bundle_stock_status":"instock","bundle_stock_quantity":null,"bundle_virtual":false,"bundle_layout":"","bundle_add_to_cart_form_location":"","bundle_editable_in_cart":false,"bundle_sold_individually_context":"","bundle_item_grouping":"","bundle_min_size":"","bundle_max_size":"","bundle_price":[],"bundled_items":[],"bundle_sell_ids":[],"exclude_global_add_ons":true,"addons":[{"name":"Carte d&#039;\u00e9tudiant","type":"file_upload","position":0,"required":true,"title_format":"label","default":"","description_enable":false,"description":"","placeholder_enable":false,"placeholder":"","display":"select","restrictions_type":"any_text","adjust_price":false,"price":"","price_type":"flat_fee","restrictions":false,"min":"0","max":"0","options":[],"id":1705913378},{"name":"Nom de l&#039;\u00e9cole","type":"custom_text","position":1,"required":true,"title_format":"label","default":"","description_enable":false,"description":"","placeholder_enable":false,"placeholder":"","display":"select","restrictions_type":"any_text","adjust_price":false,"price":"","price_type":"flat_fee","restrictions":false,"min":"0","max":"0","options":[],"id":1705913379},{"name":"Relation avec l&#039;\u00e9tudiant \/ Explication suppl\u00e9mentaire","type":"custom_textarea","position":2,"required":false,"title_format":"label","default":"","description_enable":false,"description":"","placeholder_enable":false,"placeholder":"","display":"select","restrictions_type":"any_text","adjust_price":false,"price":"","price_type":"flat_fee","restrictions":false,"min":"0","max":"0","options":[],"id":1705913380}],"_links":{"self":[{"href":"https:\/\/www.dragonframe.com\/fr\/wp-json\/wp\/v2\/product\/62099","targetHints":{"allow":["GET"]}}],"collection":[{"href":"https:\/\/www.dragonframe.com\/fr\/wp-json\/wp\/v2\/product"}],"about":[{"href":"https:\/\/www.dragonframe.com\/fr\/wp-json\/wp\/v2\/types\/product"}],"wp:featuredmedia":[{"embeddable":true,"href":"https:\/\/www.dragonframe.com\/fr\/wp-json\/wp\/v2\/media\/46798"}],"wp:attachment":[{"href":"https:\/\/www.dragonframe.com\/fr\/wp-json\/wp\/v2\/media?parent=62099"}],"wp:term":[{"taxonomy":"product_brand","embeddable":true,"href":"https:\/\/www.dragonframe.com\/fr\/wp-json\/wp\/v2\/product_brand?post=62099"},{"taxonomy":"product_cat","embeddable":true,"href":"https:\/\/www.dragonframe.com\/fr\/wp-json\/wp\/v2\/product_cat?post=62099"},{"taxonomy":"product_tag","embeddable":true,"href":"https:\/\/www.dragonframe.com\/fr\/wp-json\/wp\/v2\/product_tag?post=62099"}],"curies":[{"name":"wp","href":"https:\/\/api.w.org\/{rel}","templated":true}]}}