{"id":49964,"date":"2021-12-02T13:59:15","date_gmt":"2021-12-02T21:59:15","guid":{"rendered":"https:\/\/www.dragonframe.com\/?post_type=product&#038;p=49964"},"modified":"2026-05-06T08:08:43","modified_gmt":"2026-05-06T15:08:43","slug":"dmc-32","status":"publish","type":"product","link":"https:\/\/www.dragonframe.com\/fr\/product\/dmc-32\/","title":{"rendered":"DMC-32"},"content":{"rendered":"<div class=\"fusion-clearfix\"><\/div>\n<div data-post-id=\"49969\" class=\"insert-page insert-page-49969\">\n<div class=\"productSectionTitleBox\" style=\"margin-top: 20px;\">\n<h1>Dragonframe <span class=\"white\">Contr\u00f4leur principal<\/span><\/h1>\n<\/div>\n\n\n\n<div class=\"wp-block-columns is-layout-flex wp-container-core-columns-is-layout-9d6595d7 wp-block-columns-is-layout-flex\">\n<div class=\"wp-block-column is-layout-flow wp-block-column-is-layout-flow\" style=\"flex-basis:66.66%\">\n<h3 style=\"margin-top: 20px;\">Caract\u00e9ristiques<\/h3>\n<ul>\n \t<li>32 canaux de signaux de pas\/direction \u00e0 utiliser avec les pilotes de moteur pas \u00e0 pas.<\/li>\n \t<li>Fr\u00e9quence d&#039;impulsions de pas maximale de 200 000 pas\/seconde (200 kHz).<\/li>\n \t<li>16 prises RJ45 avec sorties diff\u00e9rentielles et non diff\u00e9rentielles pour le pas et la direction.<\/li>\n \t<li>Une sortie pas\/direction DB37 compatible Kuper (non diff\u00e9rentielle).<\/li>\n \t<li>16 entr\u00e9es fin de course sur DB25. (8 ensembles de limites basses et hautes pour les moteurs 1-8).<\/li>\n \t<li>Un d\u00e9clencheur de cam\u00e9ra avec des sorties de mesure et d&#039;obturation s\u00e9par\u00e9es.<\/li>\n \t<li>Une sortie DMX512 pour contr\u00f4ler jusqu&#039;\u00e0 512 luminaires.<\/li>\n \t<li>Entr\u00e9e Timecode (LTC \/ Linear Timecode) sur connecteur BNC, pour des passages en direct r\u00e9p\u00e9tables.<\/li>\n \t<li>D\u00e9clencheurs d&#039;E\/S pour interfacer le DMC-32\/Dragonframe avec un autre appareil externe.<\/li>\n \t<li>Comprend un relais, deux sorties de niveau logique, une entr\u00e9e de commutation et une entr\u00e9e d&#039;arr\u00eat d&#039;urgence.<\/li>\n \t<li>Tension d&#039;entr\u00e9e : 115 VCA \u00e0 230 VCA.<\/li>\n<\/ul>\n<h3>Sp\u00e9cifications physiques<\/h3>\n<ul>\n \t<li>Bo\u00eetier montable en rack 1U<\/li>\n \t<li>Dimensions : 19\u2033 de large x 1.719\u2033 de haut x 10\u2033 de profondeur<\/li>\n \t<li>Poids\u00a0: 6,5\u00a0lb<\/li>\n<\/ul>\n<h3>Le forfait comprend<\/h3>\n<ul>\n \t<li>Cordon d&#039;alimentation de votre choix : US\/UK\/EU\/Aucun.<\/li>\n \t<li>C\u00e2ble USB (longueur 6\u2032).<\/li>\n \t<li>Pieds en caoutchouc pour une utilisation sur le bureau.<\/li>\n<\/ul>\n<h3>FAQ\u00a0:<\/h3>\n<p><strong>Q\u00a0: <\/strong>Quelle est la diff\u00e9rence entre le DMC-32 et l&#039;utilisation d&#039;un Arduino pour le contr\u00f4le de mouvement\u00a0? Pourquoi devrais-je payer tellement plus pour le DMC-32\u00a0?<\/p>\n\n<p><strong>UNE: <\/strong>L&#039;Arduino (avec Dragonframe et notre sketch DFMoco) est un excellent outil pour le contr\u00f4le de mouvement en stop motion et time-lapse, mais il est tr\u00e8s basique. Il a une vitesse de moteur maximale de 20 000 pas\/seconde, avec une acc\u00e9l\u00e9ration\/d\u00e9c\u00e9l\u00e9ration assez grossi\u00e8re. Le DMC-32 est dix fois plus rapide, avec une acc\u00e9l\u00e9ration et une d\u00e9c\u00e9l\u00e9ration plus douces. L&#039;Arduino fournit des capacit\u00e9s de base de tir-d\u00e9placement-tir, tandis que le DMC-32 peut ex\u00e9cuter des mouvements \u00e0 pleine vitesse. Le DMC-32 offre \u00e9galement des capacit\u00e9s d&#039;\u00e9clairage DMX compl\u00e8tes et des d\u00e9clencheurs.<\/p>\n\n<p><strong>Q\u00a0: <\/strong>Le DMC-32 inclut-il des pilotes de moteur pas \u00e0 pas aliment\u00e9s\u00a0?<\/p>\n\n<p><strong>UNE: <\/strong>Non. Il fournit des signaux de pas et de direction. Vous devez utiliser des pilotes distincts, tels que ceux de <a href=\"https:\/\/www.geckodrive.com\/g201x-digital-step-drive.html\" target=\"dframe\" rel=\"noopener noreferrer\">Geckodrive<\/a>.<\/p>\n\n<p><strong>Q\u00a0: <\/strong>En quoi le DMC-32 est-il diff\u00e9rent du DMC-16\u00a0?<\/p>\n\n<p><strong>UNE: <\/strong>Le DMC-32 peut \u00e9mettre simultan\u00e9ment 32 signaux de moteur pas \u00e0 pas\/sens diff\u00e9rents. Le DB37 du DMC-32 \u00e9met les canaux 17-32 au lieu de r\u00e9p\u00e9ter 1-16. Le DMC-32 poss\u00e8de une entr\u00e9e BNC LTC, pour la synchronisation de l&#039;action en direct.<\/p>\n\n<p><strong>Q\u00a0: <\/strong>Le DMC-32 est-il verrouillable\u00a0?<\/p>\n\n<p><strong>UNE: <\/strong>Il prend le code temporel LTC. Si vous utilisez un g\u00e9n\u00e9rateur de signal qui produit \u00e0 la fois le genlock et le LTC (comme l&#039;Atomos Ultrasync One), vous pouvez envoyer le LTC au DMC-32 et le genlock \u00e0 une cam\u00e9ra, et ils seront synchronis\u00e9s.<\/p>\n\n<p><strong>Q\u00a0: <\/strong>Le DMC-32 est-il aussi incroyablement g\u00e9nial qu&#039;il en a l&#039;air ?<\/p>\n\n<p><strong>UNE: <\/strong>Oui c&#039;est le cas.<\/p>\n<\/div>\n\n\n\n<div class=\"wp-block-column is-layout-flow wp-block-column-is-layout-flow\" style=\"flex-basis:33.33%\">\n<h3 style=\"margin-top: 20px;\">Ressources<\/h3>\n<p>Vous pouvez trouver plus de sp\u00e9cifications techniques, de pr\u00e9cautions de s\u00e9curit\u00e9 et de sch\u00e9mas de c\u00e2blage dans le guide de l&#039;utilisateur\u00a0:<\/p>\n\n<p><a href=\"\/download\/DMC32-1.3.pdf\">Guide de l&#039;utilisateur du DMC-32<\/a><\/p>\n\n<p>Garantie mat\u00e9rielle\u00a0:<\/p>\n\n<p><a href=\"\/download\/DZEDLimitedWarranty-2yr.pdf\">Garantie limit\u00e9e DZED \u2013 2 ans<\/a><\/p>\n\n<p>FAQ suppl\u00e9mentaires\u00a0:<\/p>\n\n<p><a href=\"\/fr\/faq\/#_ewd-ufaq-faq-category-motion-control\">FAQ sur le contr\u00f4le de mouvement<\/a><\/p>\n\n<\/div>\n<\/div>\n<\/div>","protected":false},"excerpt":{"rendered":"<p>Le DMC-32 (contr\u00f4leur ma\u00eetre Dragonframe) est un coordinateur de contr\u00f4le de mouvement 32 axes \u00e0 utiliser avec le logiciel Dragonframe.<\/p>\n<p>Il fournit 32 canaux de signaux de pas et de direction enti\u00e8rement synchronis\u00e9s \u00e0 des vitesses allant jusqu&#039;\u00e0 200 kHz, un d\u00e9clencheur de cam\u00e9ra, un contr\u00f4le d&#039;\u00e9clairage DMX512, des entr\u00e9es de fin de course et un ensemble de d\u00e9clencheurs pour l&#039;interfa\u00e7age avec un appareil externe.<\/p>\n<p>Le DMC-32 est la prochaine g\u00e9n\u00e9ration de notre produit DMC-16. Voici les principales diff\u00e9rences :<\/p>\n<ul>\n<li>Sorties 32 canaux au lieu de 16. (Le DB37 transporte les canaux 17-32 au lieu de r\u00e9p\u00e9ter 1-16.)<\/li>\n<li>Aliment\u00e9 par le processeur Zynq 7Z020 am\u00e9lior\u00e9 (au lieu de DE0-Nano).<\/li>\n<li>Entr\u00e9e LTC pour des passes d&#039;action en direct parfaitement synchronis\u00e9es et reproductibles.<\/li>\n<li>Ventilateur int\u00e9gr\u00e9 pour le contr\u00f4le de la temp\u00e9rature.<\/li>\n<li>Utilise une entr\u00e9e TRS 3,5 mm (mini prise casque st\u00e9r\u00e9o) pour l&#039;obturateur\/m\u00e8tre de l&#039;appareil photo au lieu de XLR.<\/li>\n<\/ul>","protected":false},"featured_media":61499,"template":"","meta":[],"product_brand":[],"product_cat":[372],"product_tag":[],"class_list":{"0":"post-49964","1":"product","2":"type-product","3":"status-publish","4":"has-post-thumbnail","6":"product_cat-dragonframe-hardware","7":"no-featured-image-padding","8":"","9":"woocommerce-text-align-center","10":"woocommerce-image-align-center","11":"do-quantity-buttons","13":"first","14":"instock","15":"taxable","16":"shipping-taxable","17":"purchasable","18":"product-type-simple"},"bundled_by":[],"bundle_stock_status":"instock","bundle_stock_quantity":9,"bundle_virtual":false,"bundle_layout":"","bundle_add_to_cart_form_location":"","bundle_editable_in_cart":false,"bundle_sold_individually_context":"","bundle_item_grouping":"","bundle_min_size":"","bundle_max_size":"","bundle_price":[],"bundled_items":[],"bundle_sell_ids":[],"exclude_global_add_ons":true,"addons":[{"name":"Cordon d&#039;alimentation","type":"multiple_choice","position":0,"required":true,"title_format":"label","default":"0","description_enable":false,"description":"","placeholder_enable":false,"placeholder":"","display":"select","restrictions_type":"any_text","adjust_price":false,"price":"","price_type":"flat_fee","restrictions":false,"min":"0","max":"0","options":[{"label":"US (Type B)","price":"","price_type":"flat_fee","image":0,"visibility":true},{"label":"UK (Type G)","price":"","price_type":"flat_fee","image":0,"visibility":true},{"label":"EU (Type C)","price":"","price_type":"flat_fee","image":0,"visibility":true},{"label":"None","price":"","price_type":"flat_fee","image":0,"visibility":true}],"id":1701432188}],"_links":{"self":[{"href":"https:\/\/www.dragonframe.com\/fr\/wp-json\/wp\/v2\/product\/49964","targetHints":{"allow":["GET"]}}],"collection":[{"href":"https:\/\/www.dragonframe.com\/fr\/wp-json\/wp\/v2\/product"}],"about":[{"href":"https:\/\/www.dragonframe.com\/fr\/wp-json\/wp\/v2\/types\/product"}],"wp:featuredmedia":[{"embeddable":true,"href":"https:\/\/www.dragonframe.com\/fr\/wp-json\/wp\/v2\/media\/61499"}],"wp:attachment":[{"href":"https:\/\/www.dragonframe.com\/fr\/wp-json\/wp\/v2\/media?parent=49964"}],"wp:term":[{"taxonomy":"product_brand","embeddable":true,"href":"https:\/\/www.dragonframe.com\/fr\/wp-json\/wp\/v2\/product_brand?post=49964"},{"taxonomy":"product_cat","embeddable":true,"href":"https:\/\/www.dragonframe.com\/fr\/wp-json\/wp\/v2\/product_cat?post=49964"},{"taxonomy":"product_tag","embeddable":true,"href":"https:\/\/www.dragonframe.com\/fr\/wp-json\/wp\/v2\/product_tag?post=49964"}],"curies":[{"name":"wp","href":"https:\/\/api.w.org\/{rel}","templated":true}]}}