{"id":45986,"date":"2021-05-15T17:00:50","date_gmt":"2021-05-16T00:00:50","guid":{"rendered":"https:\/\/www.dragonframe.com\/?post_type=product&#038;p=45986"},"modified":"2025-10-28T08:43:10","modified_gmt":"2025-10-28T15:43:10","slug":"zdmc-16-upgrade-card","status":"publish","type":"product","link":"https:\/\/www.dragonframe.com\/fr\/product\/zdmc-16-upgrade-card\/","title":{"rendered":"Carte de mise \u00e0 niveau zDMC-16"},"content":{"rendered":"","protected":false},"excerpt":{"rendered":"<p>Ce produit met \u00e0 niveau votre DMC-16 existant avec notre carte fille am\u00e9lior\u00e9e, ou &quot;cerveau&quot;.<\/p>\n<p>Le nouveau cerveau est un Z-Turn 7Z020. Il est plus rapide et plus fiable et nous permettra d&#039;am\u00e9liorer la fonctionnalit\u00e9 DMC.<br \/>\nPar exemple, le zDMC-16 prend en charge la nouvelle fonctionnalit\u00e9 \u00ab point de vis\u00e9e \u00bb du Dragonframe 5, ainsi que le couplage moteur (entra\u00eenant deux moteurs ensemble).<\/p>\n<p>Dans notre guide de l&#039;utilisateur et ailleurs, nous ferons r\u00e9f\u00e9rence \u00e0 votre DMC-16 mis \u00e0 niveau en tant que \u00ab\u00a0zDMC-16\u00a0\u00bb.<\/p>\n<p>Le micrologiciel des appareils mis \u00e0 niveau commencera par &quot;zDMC&quot;.<\/p>\n<p>Voici les instructions pour remplacer la carte fille DE0-Nano de votre DMC-16 par une nouvelle carte Z-Turn\u00a0:<br \/>\n<a href=\"\/download\/DMC16-ZTurn.pdf\">DMC16-ZTurn.pdf<\/a><\/p>","protected":false},"featured_media":50246,"template":"","meta":[],"product_brand":[],"product_cat":[372],"product_tag":[],"class_list":{"0":"post-45986","1":"product","2":"type-product","3":"status-publish","4":"has-post-thumbnail","6":"product_cat-dragonframe-hardware","7":"no-featured-image-padding","8":"","9":"woocommerce-text-align-center","10":"woocommerce-image-align-center","11":"do-quantity-buttons","13":"first","14":"instock","15":"taxable","16":"shipping-taxable","17":"purchasable","18":"product-type-simple"},"bundled_by":[],"bundle_stock_status":"instock","bundle_stock_quantity":2,"bundle_virtual":false,"bundle_layout":"","bundle_add_to_cart_form_location":"","bundle_editable_in_cart":false,"bundle_sold_individually_context":"","bundle_item_grouping":"","bundle_min_size":"","bundle_max_size":"","bundle_price":[],"bundled_items":[],"bundle_sell_ids":[],"exclude_global_add_ons":[],"addons":[],"_links":{"self":[{"href":"https:\/\/www.dragonframe.com\/fr\/wp-json\/wp\/v2\/product\/45986","targetHints":{"allow":["GET"]}}],"collection":[{"href":"https:\/\/www.dragonframe.com\/fr\/wp-json\/wp\/v2\/product"}],"about":[{"href":"https:\/\/www.dragonframe.com\/fr\/wp-json\/wp\/v2\/types\/product"}],"wp:featuredmedia":[{"embeddable":true,"href":"https:\/\/www.dragonframe.com\/fr\/wp-json\/wp\/v2\/media\/50246"}],"wp:attachment":[{"href":"https:\/\/www.dragonframe.com\/fr\/wp-json\/wp\/v2\/media?parent=45986"}],"wp:term":[{"taxonomy":"product_brand","embeddable":true,"href":"https:\/\/www.dragonframe.com\/fr\/wp-json\/wp\/v2\/product_brand?post=45986"},{"taxonomy":"product_cat","embeddable":true,"href":"https:\/\/www.dragonframe.com\/fr\/wp-json\/wp\/v2\/product_cat?post=45986"},{"taxonomy":"product_tag","embeddable":true,"href":"https:\/\/www.dragonframe.com\/fr\/wp-json\/wp\/v2\/product_tag?post=45986"}],"curies":[{"name":"wp","href":"https:\/\/api.w.org\/{rel}","templated":true}]}}