{"id":37637,"date":"2020-02-27T08:46:51","date_gmt":"2020-02-27T16:46:51","guid":{"rendered":"https:\/\/www.dragonframe.com\/?post_type=product&#038;p=37637"},"modified":"2024-11-22T09:46:32","modified_gmt":"2024-11-22T17:46:32","slug":"noxon-compact-slider-2","status":"publish","type":"product","link":"https:\/\/www.dragonframe.com\/fr\/product\/noxon-compact-slider-2\/","title":{"rendered":"Curseur de module Noxon"},"content":{"rendered":"","protected":false},"excerpt":{"rendered":"<div>Le Noxon\u00a0<a href=\"https:\/\/noxon.tech\/mod-slider\/\">Curseur de cam\u00e9ra motoris\u00e9<\/a>\u00a0est une solution compacte et abordable.<\/div>\n<div>Multiples options d&#039;ancrage, grande stabilit\u00e9 et syst\u00e8me de rails interchangeables de 80 cm \u00e0 150 cm.<\/div>\n<div>Un \u00e9quipement \u00e9prouv\u00e9 pour travailler dans vos productions Stop-Motion.<\/div>\n<p><i>Fonctionne avec DFMoco (stop-motion uniquement). Option de contr\u00f4le DMC-Lite disponible s\u00e9par\u00e9ment (pour un contr\u00f4le en temps r\u00e9el).<\/i><\/p>","protected":false},"featured_media":46668,"template":"","meta":[],"product_brand":[],"product_cat":[372],"product_tag":[],"class_list":{"0":"post-37637","1":"product","2":"type-product","3":"status-publish","4":"has-post-thumbnail","6":"product_cat-dragonframe-hardware","7":"no-featured-image-padding","8":"","9":"woocommerce-text-align-center","10":"woocommerce-image-align-center","11":"do-quantity-buttons","13":"first","14":"instock","15":"taxable","16":"shipping-taxable","17":"product-type-external"},"bundled_by":[],"bundle_stock_status":"instock","bundle_stock_quantity":null,"bundle_virtual":false,"bundle_layout":"","bundle_add_to_cart_form_location":"","bundle_editable_in_cart":false,"bundle_sold_individually_context":"","bundle_item_grouping":"","bundle_min_size":"","bundle_max_size":"","bundle_price":[],"bundled_items":[],"bundle_sell_ids":[],"exclude_global_add_ons":[],"addons":[],"_links":{"self":[{"href":"https:\/\/www.dragonframe.com\/fr\/wp-json\/wp\/v2\/product\/37637","targetHints":{"allow":["GET"]}}],"collection":[{"href":"https:\/\/www.dragonframe.com\/fr\/wp-json\/wp\/v2\/product"}],"about":[{"href":"https:\/\/www.dragonframe.com\/fr\/wp-json\/wp\/v2\/types\/product"}],"wp:featuredmedia":[{"embeddable":true,"href":"https:\/\/www.dragonframe.com\/fr\/wp-json\/wp\/v2\/media\/46668"}],"wp:attachment":[{"href":"https:\/\/www.dragonframe.com\/fr\/wp-json\/wp\/v2\/media?parent=37637"}],"wp:term":[{"taxonomy":"product_brand","embeddable":true,"href":"https:\/\/www.dragonframe.com\/fr\/wp-json\/wp\/v2\/product_brand?post=37637"},{"taxonomy":"product_cat","embeddable":true,"href":"https:\/\/www.dragonframe.com\/fr\/wp-json\/wp\/v2\/product_cat?post=37637"},{"taxonomy":"product_tag","embeddable":true,"href":"https:\/\/www.dragonframe.com\/fr\/wp-json\/wp\/v2\/product_tag?post=37637"}],"curies":[{"name":"wp","href":"https:\/\/api.w.org\/{rel}","templated":true}]}}