{"id":19666,"date":"2017-03-26T15:26:26","date_gmt":"2017-03-26T22:26:26","guid":{"rendered":"http:\/\/dev.dragonframe.com\/?post_type=product&#038;p=19666"},"modified":"2026-01-02T08:55:39","modified_gmt":"2026-01-02T16:55:39","slug":"ddmx-s2-upgrade-chip","status":"publish","type":"product","link":"https:\/\/www.dragonframe.com\/fr\/product\/ddmx-s2-upgrade-chip\/","title":{"rendered":"Puce de mise \u00e0 niveau DDMX-S2"},"content":{"rendered":"","protected":false},"excerpt":{"rendered":"<p>Convertit votre DDMX-S2 pour qu&#039;il soit fonctionnellement \u00e9quivalent au DDMX-512.<\/p>\n<p>Si vous poss\u00e9dez le DDMX-S2 et le Dragonframe 4, et que vous souhaitez acc\u00e9der \u00e0 512 canaux d&#039;\u00e9clairage (au lieu de 99), vous pouvez faire \u00e9voluer l&#039;appareil avec cette puce.<\/p>\n<p>REMARQUE\u00a0: N\u00e9cessite que vous ouvriez le DDMX-S2 et remplaciez soigneusement une puce enfichable. (C&#039;est pas difficile!)<\/p>\n<h3 style=\"padding-top: 30px\">Ressources<\/h3>\n<p><a href=\"\/download\/DDMXS2UpgradeChipInstructions.pdf\">Guide d&#039;installation de la puce de mise \u00e0 niveau<\/a><\/p>","protected":false},"featured_media":20714,"template":"","meta":[],"product_brand":[],"product_cat":[372],"product_tag":[],"class_list":{"0":"post-19666","1":"product","2":"type-product","3":"status-publish","4":"has-post-thumbnail","6":"product_cat-dragonframe-hardware","7":"no-featured-image-padding","8":"","9":"woocommerce-text-align-center","10":"woocommerce-image-align-center","11":"do-quantity-buttons","13":"first","14":"instock","15":"taxable","16":"shipping-taxable","17":"purchasable","18":"product-type-simple"},"bundled_by":[],"bundle_stock_status":"instock","bundle_stock_quantity":25,"bundle_virtual":false,"bundle_layout":"","bundle_add_to_cart_form_location":"","bundle_editable_in_cart":false,"bundle_sold_individually_context":"","bundle_item_grouping":"","bundle_min_size":"","bundle_max_size":"","bundle_price":[],"bundled_items":[],"bundle_sell_ids":[],"exclude_global_add_ons":[],"addons":[],"_links":{"self":[{"href":"https:\/\/www.dragonframe.com\/fr\/wp-json\/wp\/v2\/product\/19666","targetHints":{"allow":["GET"]}}],"collection":[{"href":"https:\/\/www.dragonframe.com\/fr\/wp-json\/wp\/v2\/product"}],"about":[{"href":"https:\/\/www.dragonframe.com\/fr\/wp-json\/wp\/v2\/types\/product"}],"wp:featuredmedia":[{"embeddable":true,"href":"https:\/\/www.dragonframe.com\/fr\/wp-json\/wp\/v2\/media\/20714"}],"wp:attachment":[{"href":"https:\/\/www.dragonframe.com\/fr\/wp-json\/wp\/v2\/media?parent=19666"}],"wp:term":[{"taxonomy":"product_brand","embeddable":true,"href":"https:\/\/www.dragonframe.com\/fr\/wp-json\/wp\/v2\/product_brand?post=19666"},{"taxonomy":"product_cat","embeddable":true,"href":"https:\/\/www.dragonframe.com\/fr\/wp-json\/wp\/v2\/product_cat?post=19666"},{"taxonomy":"product_tag","embeddable":true,"href":"https:\/\/www.dragonframe.com\/fr\/wp-json\/wp\/v2\/product_tag?post=19666"}],"curies":[{"name":"wp","href":"https:\/\/api.w.org\/{rel}","templated":true}]}}