{"id":19626,"date":"2017-03-25T14:12:35","date_gmt":"2017-03-25T21:12:35","guid":{"rendered":"http:\/\/dev.dragonframe.com\/product\/ddmx-s2\/"},"modified":"2024-03-22T11:47:07","modified_gmt":"2024-03-22T18:47:07","slug":"ddmx-s2","status":"publish","type":"product","link":"https:\/\/www.dragonframe.com\/fr\/product\/ddmx-s2\/","title":{"rendered":"DDMX-S2"},"content":{"rendered":"<div data-post-id=\"19662\" class=\"insert-page insert-page-19662\">\n<div class=\"productSectionTitleBox\" style=\"margin-top:20px;\">\n<h1>DDMX-S2 <span class=\"white\">Contr\u00f4le d&#039;\u00e9clairage<\/span><\/h1>\n<\/div>\n\n\n\n<div class=\"wp-block-columns is-layout-flex wp-container-core-columns-is-layout-9d6595d7 wp-block-columns-is-layout-flex\">\n<div class=\"wp-block-column is-layout-flow wp-block-column-is-layout-flow\" style=\"flex-basis:66.66%\">\n<h3 style=\"margin-top: 20px;\">Aper\u00e7u<\/h3>\n<strong>Le <span data-scaytid=\"4\">DDMX-S2<\/span> est un p\u00e9riph\u00e9rique mat\u00e9riel que vous pouvez coupler avec <span data-scayt_word=\"Dragonframe\" data-scaytid=\"5\">Dragonframe<\/span> \u00e0:<\/strong>\n<ul>\n \t<li>Automatisez l&#039;allumage et l&#039;extinction d&#039;une lampe de travail (bash light).<\/li>\n \t<li>Automatisez les passages d&#039;\u00e9clairage avant\/arri\u00e8re-\u00e9clairage.<\/li>\n \t<li>Automatiser <span data-scayt_word=\"keyframe-based\" data-scaytid=\"7\">bas\u00e9 sur des images cl\u00e9s<\/span> programmes d&#039;\u00e9clairage pour votre sc\u00e8ne.<\/li>\n \t<li>D\u00e9clenchez une cam\u00e9ra RED, une cam\u00e9ra argentique ou une cam\u00e9ra fixe non prise en charge.<\/li>\n \t<li>D\u00e9clenchez un syst\u00e8me de contr\u00f4le de mouvement pour l&#039;int\u00e9gration shoot-move-shoot.<\/li>\n \t<li>D\u00e9clencheur <span data-scayt_word=\"Dragonframe\" data-scaytid=\"6\">Dragonframe<\/span> d&#039;un syst\u00e8me externe.<\/li>\n<\/ul>\n<h3>Contr\u00f4ler l&#039;\u00e9clairage<\/h3>\n<p><span data-scayt_word=\"DMX512\" data-scaytid=\"8\">DMX512<\/span> (ou alors <span data-scayt_word=\"DMX\" data-scaytid=\"9\">DMX<\/span>) est un protocole standard pour contr\u00f4ler l&#039;\u00e9clairage. Lorsqu&#039;il est associ\u00e9 \u00e0 un ou plusieurs <span data-scayt_word=\"DMX\" data-scaytid=\"10\">DMX<\/span> gradateurs\/interrupteurs, vous pouvez contr\u00f4ler jusqu&#039;\u00e0 99 canaux de lumi\u00e8re diff\u00e9rents.<\/p>\n<h3>Appareils de controle<\/h3>\n<p>Interagissez avec des appareils externes \u00e0 l&#039;aide du commutateur de relais int\u00e9gr\u00e9, de l&#039;entr\u00e9e num\u00e9rique et de la sortie num\u00e9rique.<\/p>\n<h3>De quoi d&#039;autre ai-je besoin ?<\/h3>\n<p>Le <span data-scaytid=\"11\">DDMX-S2<\/span> interfaces <span data-scayt_word=\"Dragonframe\" data-scaytid=\"12\">Dragonframe<\/span> \u00e0 un ou plusieurs <span data-scayt_word=\"DMX\" data-scaytid=\"13\">DMX<\/span> gradateurs\/interrupteurs. Vous devrez acheter un <span data-scayt_word=\"DMX\" data-scaytid=\"14\">DMX<\/span> gradateur\/interrupteur afin d&#039;alimenter vos luminaires. Vous pouvez trouver plusieurs <a href=\"http:\/\/www.amazon.com\/gp\/search?ie=UTF8&amp;keywords=dmx%20dimmer&amp;tag=drastomot-20&amp;index=mi&amp;linkCode=ur2&amp;camp=1789&amp;creative=9325\"><span data-scayt_word=\"DMX\" data-scaytid=\"15\">DMX<\/span> packs de gradateurs<\/a> \u00e0 <span data-scayt_word=\"Amazon.com\" data-scaytid=\"16\">Amazon.fr<\/span> . Assurez-vous que celui que vous choisissez peut g\u00e9rer les besoins en \u00e9nergie de vos lumi\u00e8res.<\/p>\n<p>Vous aurez \u00e9galement besoin d&#039;un c\u00e2ble. Vous devez utiliser un c\u00e2ble con\u00e7u pour DMX, pas un c\u00e2ble de microphone. Si vous utilisez un 5 broches <span data-scayt_word=\"DMX\" data-scaytid=\"18\">DMX<\/span> gradateur, vous aurez besoin d&#039;un adaptateur 5 broches vers 3 broches.<\/p>\n<h2>Sp\u00e9cifications techniques<\/h2>\n<h3>Les sorties<\/h3>\n<p>Pour \u00e9viter tout dommage possible \u00e0 l&#039;ordinateur h\u00f4te \u00e0 cause de p\u00e9riph\u00e9riques mal mis \u00e0 la terre, tous <span data-scaytid=\"22\">DDMX-S2<\/span> les sorties et les entr\u00e9es sont optiquement isol\u00e9es du bus USB h\u00f4te. Les canaux d&#039;E\/S &quot;flottent&quot; \u00e9lectriquement par rapport \u00e0 l&#039;USB, minimisant ainsi les risques de boucles de masse.<\/p>\n<h3>Sortie DMX<\/h3>\n<p><span data-scaytid=\"88\">DDMX-S2<\/span> prend en charge une <span data-scayt_word=\"USITT\" data-scaytid=\"33\">USITT<\/span> standard <span data-scayt_word=\"DMX512\" data-scaytid=\"30\">DMX512<\/span> protocole de sortie. Le <span data-scaytid=\"28\">DDMX-S2<\/span> pilotera facilement une terminaison de bus standard de 120 ohms. Le <span data-scayt_word=\"DMX\" data-scaytid=\"24\">DMX<\/span> fournit des paquets de 199 slots, avec un <span data-scayt_word=\"50mS\" data-scaytid=\"35\">50mS<\/span> p\u00e9riode inter-paquets. Le <span data-scayt_word=\"DMX\" data-scaytid=\"25\">DMX<\/span> Le port est g\u00e9n\u00e9ralement \u00e9quip\u00e9 d&#039;un connecteur \u00e0 3\u00a0broches <span data-scayt_word=\"XLR\" data-scaytid=\"31\">XLR<\/span> connecteur pour une connexion facile au style &quot;divertissement&quot; <span data-scayt_word=\"DMX\" data-scaytid=\"26\">DMX<\/span> packs. Se connecter <span data-scaytid=\"29\">DDMX-S2<\/span> \u00e0 un <span data-scayt_word=\"USITT\" data-scaytid=\"34\">USITT<\/span> norme 5 broches <span data-scayt_word=\"XLR\" data-scaytid=\"32\">XLR<\/span> connecteur pour une utilisation avec un \u00e9quipement de style &quot;professionnel&quot;, utilisez un adaptateur standard 3 broches \u00e0 5 broches.<\/p>\n<h3>Sortie relais<\/h3>\n<p>Le relais est destin\u00e9 \u00e0 commuter des signaux de commande de faible puissance comme des pressions sur des boutons, mais il peut \u00e9galement commuter de petites quantit\u00e9s de puissance. Ne d\u00e9passe pas <span data-scayt_word=\"0.5A\" data-scaytid=\"36\">0.5A<\/span> @ <span data-scayt_word=\"24VDC\" data-scaytid=\"38\">24VDC<\/span>, ou alors <span data-scayt_word=\"0.25A\" data-scaytid=\"37\">0.25A<\/span> @ <span data-scayt_word=\"125VAC\" data-scaytid=\"39\">125 VCA<\/span>.<\/p>\n<h3>Sortie logique<\/h3>\n<p>La sortie logique est un standard <span data-scayt_word=\"5V\" data-scaytid=\"40\">5V<\/span>, <span data-scayt_word=\"TTL\" data-scaytid=\"41\">Dur\u00e9e de vie<\/span> niveau, signal logique (par rapport \u00e0 la borne de masse). Le signal est fourni dans les versions actives hautes et actives basses. La charge maximale est <span data-scayt_word=\"30mA\" data-scaytid=\"42\">30mA<\/span> dans chaque \u00e9tat. Ces signaux peuvent \u00e9galement \u00eatre utilis\u00e9s comme paire diff\u00e9rentielle avec une charge de terminaison sup\u00e9rieure \u00e0 220 ohms.<\/p>\n<h3>Activer<\/h3>\n<p>L&#039;interrupteur est con\u00e7u pour d\u00e9tecter la fermeture d&#039;un interrupteur \u00e0 la terre. Cette entr\u00e9e prendra \u00e9galement un <span data-scayt_word=\"5V\" data-scaytid=\"43\">5V<\/span> <span data-scayt_word=\"TTL\" data-scaytid=\"45\">Dur\u00e9e de vie<\/span> signal de niveau. Notez que conform\u00e9ment \u00e0 la fermeture d&#039;un interrupteur, la logique sur cette broche est active au niveau bas. Cette broche est tir\u00e9e \u00e0 l&#039;int\u00e9rieur pour <span data-scayt_word=\"5V\" data-scaytid=\"44\">5V<\/span> avec un <span data-scayt_word=\"1Kohm\" data-scaytid=\"46\">1Kohm<\/span> r\u00e9sistant. Lorsque vous pilotez cette broche en externe, ne d\u00e9passez pas 5 volts.<\/p>\n<h3>Dimensions Physiques<\/h3>\n<p>4.7\u2033 X 3.7\u2033 X 1.3\u2033 (<span data-scayt_word=\"12cm\" data-scaytid=\"50\">12cm<\/span> X <span data-scayt_word=\"9cm\" data-scaytid=\"51\">9cm<\/span> X <span data-scayt_word=\"3.5cm\" data-scaytid=\"47\">3,5 cm<\/span>). Poids : environ <span data-scayt_word=\"12oz\" data-scaytid=\"52\">12 onces<\/span>. (<span data-scayt_word=\"340g\" data-scaytid=\"53\">340g<\/span>) avec 5\u2032 (<span data-scayt_word=\"1.5m\" data-scaytid=\"48\">1,5 m<\/span>) C\u00e2ble USB de type A. <span data-scaytid=\"49\">DDMX-S2<\/span> est construit de mani\u00e8re robuste, dans un bo\u00eetier en fonte d&#039;aluminium de 0,090\u2033 d&#039;\u00e9paisseur et peint avec un rev\u00eatement en poudre dur pour survivre des ann\u00e9es dans un environnement de sc\u00e8ne difficile.<\/p>\n<h3>Du pouvoir<\/h3>\n<p><span data-scaytid=\"54\">DDMX-S2<\/span> est un p\u00e9riph\u00e9rique USB &quot;haut courant&quot;, consommant jusqu&#039;\u00e0 <span data-scayt_word=\"220mA\" data-scaytid=\"56\">220mA<\/span> avec toutes les sorties actives et enti\u00e8rement charg\u00e9es. En tant que tel, il doit \u00eatre branch\u00e9 directement sur un port d&#039;ordinateur ou sur un concentrateur USB aliment\u00e9. Votre source d&#039;alimentation doit fournir au moins 4,5 Volts. <span data-scaytid=\"55\">DDMX-S2<\/span> ne doit pas \u00eatre branch\u00e9 sur un <span data-scayt_word=\"unpowered\" data-scaytid=\"57\">non aliment\u00e9<\/span> Concentrateur USB. Les p\u00e9riph\u00e9riques USB envoient leurs besoins en alimentation au syst\u00e8me lors de l&#039;initialisation, et <span data-scayt_word=\"unpowered\" data-scaytid=\"58\">non aliment\u00e9<\/span> les concentrateurs sont cens\u00e9s rejeter les p\u00e9riph\u00e9riques qui ne s&#039;identifient pas comme &quot;faible courant&quot;, c&#039;est-\u00e0-dire tous les p\u00e9riph\u00e9riques qui n\u00e9cessitent plus de <span data-scayt_word=\"100mA\" data-scaytid=\"59\">100mA<\/span>.<\/p>\n<\/div>\n\n\n\n<div class=\"wp-block-column is-layout-flow wp-block-column-is-layout-flow\" style=\"flex-basis:33.33%\">\n<h3 style=\"margin-top: 20px;\">Ressources<\/h3>\n<p>Mode d&#039;emploi\n<br><a href=\"\/download\/DDMXS2v1.1.pdf\">Guide de l&#039;utilisateur du DDMX-S2<\/a>\n<\/p>\n<p>\nGarantie mat\u00e9rielle\u00a0:\n<br><a href=\"\/download\/DZEDLimitedWarranty-2yr.pdf\">Garantie limit\u00e9e DZED \u2013 2 ans<\/a>\n<\/p>\n<p>\nFAQ suppl\u00e9mentaires\u00a0:\n<br><a href=\"\/fr\/faq\/#_ewd-ufaq-faq-category-dmx\">FAQ DMX<\/a>\n<\/p>\n<\/div>\n<\/div>\n<\/div>","protected":false},"excerpt":{"rendered":"<div class=\"stockNote\">Nous ne vendons plus ce produit. Choisir la <a href='\/fr\/produit\/ddmx-512\/'>DDMX-512<\/a> au lieu.<\/div>\n<p>Automatisez l&#039;\u00e9clairage et interagissez avec des appareils externes \u00e0 l&#039;aide de notre <b>DMX512<\/b> et contr\u00f4leur d&#039;E\/S num\u00e9rique. Programmez l&#039;\u00e9clairage de sc\u00e8ne\/d&#039;exposition pour des effets avanc\u00e9s et automatisez facilement l&#039;\u00e9clairage bash.<\/p>\n<p>Le fonctionnement par d\u00e9faut du DDMX-S2 prend en charge 99 canaux, avec une sortie sp\u00e9cialis\u00e9e sur les canaux 101-199 et 201-299.<\/p>\n<p>Si vous poss\u00e9dez d\u00e9j\u00e0 le DDMX-S2 et souhaitez le mettre \u00e0 jour pour utiliser 512 canaux avec Dragonframe 4, veuillez acheter le <a href=\"\/fr\/produit\/ddmx-s2-upgrade-chip\/\">Puce de mise \u00e0 niveau DDMX-S2<\/a>.<\/p>\n<p>Ce produit convient au stop motion et au time-lapse. Pour les capacit\u00e9s DMX en temps r\u00e9el, vous avez besoin de notre <a href='\/fr\/produit\/dmc-16\/'>DMC-16<\/a> contr\u00f4leur en temps r\u00e9el.<\/p>","protected":false},"featured_media":19627,"template":"","meta":[],"product_brand":[],"product_cat":[372],"product_tag":[],"class_list":{"0":"post-19626","1":"product","2":"type-product","3":"status-publish","4":"has-post-thumbnail","6":"product_cat-dragonframe-hardware","7":"no-featured-image-padding","8":"","9":"woocommerce-text-align-center","10":"woocommerce-image-align-center","11":"do-quantity-buttons","13":"first","14":"outofstock","15":"taxable","16":"shipping-taxable","17":"purchasable","18":"product-type-simple"},"bundled_by":[],"bundle_stock_status":"outofstock","bundle_stock_quantity":0,"bundle_virtual":false,"bundle_layout":"","bundle_add_to_cart_form_location":"","bundle_editable_in_cart":false,"bundle_sold_individually_context":"","bundle_item_grouping":"","bundle_min_size":"","bundle_max_size":"","bundle_price":[],"bundled_items":[],"bundle_sell_ids":[],"exclude_global_add_ons":[],"addons":[],"_links":{"self":[{"href":"https:\/\/www.dragonframe.com\/fr\/wp-json\/wp\/v2\/product\/19626","targetHints":{"allow":["GET"]}}],"collection":[{"href":"https:\/\/www.dragonframe.com\/fr\/wp-json\/wp\/v2\/product"}],"about":[{"href":"https:\/\/www.dragonframe.com\/fr\/wp-json\/wp\/v2\/types\/product"}],"wp:featuredmedia":[{"embeddable":true,"href":"https:\/\/www.dragonframe.com\/fr\/wp-json\/wp\/v2\/media\/19627"}],"wp:attachment":[{"href":"https:\/\/www.dragonframe.com\/fr\/wp-json\/wp\/v2\/media?parent=19626"}],"wp:term":[{"taxonomy":"product_brand","embeddable":true,"href":"https:\/\/www.dragonframe.com\/fr\/wp-json\/wp\/v2\/product_brand?post=19626"},{"taxonomy":"product_cat","embeddable":true,"href":"https:\/\/www.dragonframe.com\/fr\/wp-json\/wp\/v2\/product_cat?post=19626"},{"taxonomy":"product_tag","embeddable":true,"href":"https:\/\/www.dragonframe.com\/fr\/wp-json\/wp\/v2\/product_tag?post=19626"}],"curies":[{"name":"wp","href":"https:\/\/api.w.org\/{rel}","templated":true}]}}