{"id":18158,"date":"2017-02-06T11:31:22","date_gmt":"2017-02-06T19:31:22","guid":{"rendered":"http:\/\/dev.dragonframe.com\/?post_type=product&#038;p=18158"},"modified":"2024-03-22T11:47:07","modified_gmt":"2024-03-22T18:47:07","slug":"dmc-16","status":"publish","type":"product","link":"https:\/\/www.dragonframe.com\/fr\/product\/dmc-16\/","title":{"rendered":"DMC-16 (discontinu\u00e9)"},"content":{"rendered":"<div class=\"fusion-clearfix\"><\/div>\n<div data-post-id=\"20195\" class=\"insert-page insert-page-20195\">\n<div class=\"productSectionTitleBox\" style=\"margin-top: 20px;\">\n<h1>Dragonframe <span class=\"white\">Contr\u00f4leur principal<\/span><\/h1>\n<\/div>\n\n\n\n<div class=\"wp-block-columns is-layout-flex wp-container-core-columns-is-layout-9d6595d7 wp-block-columns-is-layout-flex\">\n<div class=\"wp-block-column is-layout-flow wp-block-column-is-layout-flow\" style=\"flex-basis:66.66%\">\n<h3 style=\"margin-top: 20px;\">Caract\u00e9ristiques<\/h3>\n<ul>\n \t<li>16 canaux de signaux de pas\/direction \u00e0 utiliser avec les pilotes de moteur pas \u00e0 pas.<\/li>\n \t<li>Fr\u00e9quence d&#039;impulsions de pas maximale de 200 000 pas\/seconde (200 kHz).<\/li>\n \t<li>16 prises RJ45 avec sorties diff\u00e9rentielles et non diff\u00e9rentielles pour le pas et la direction.<\/li>\n \t<li>Une sortie pas\/direction DB37 compatible Kuper\/Flair (non diff\u00e9rentielle).<\/li>\n \t<li>16 entr\u00e9es fin de course sur DB25. (8 ensembles de limites basses et hautes pour les moteurs 1-8).<\/li>\n \t<li>Un d\u00e9clencheur de cam\u00e9ra avec des sorties de mesure et d&#039;obturation s\u00e9par\u00e9es.<\/li>\n \t<li>Une sortie DMX512 pour contr\u00f4ler jusqu&#039;\u00e0 512 luminaires.<\/li>\n \t<li>D\u00e9clencheurs d&#039;E\/S pour interfacer le DMC-16\/Dragonframe avec un autre appareil externe.<\/li>\n \t<li>Comprend un relais, une sortie de niveau logique, une entr\u00e9e de commutateur et une entr\u00e9e d&#039;arr\u00eat d&#039;urgence.<\/li>\n \t<li>Tension d&#039;entr\u00e9e : 115 VCA \u00e0 230 VCA.<\/li>\n<\/ul>\n<h3>Sp\u00e9cifications physiques<\/h3>\n<ul>\n \t<li>Bo\u00eetier montable en rack 1U<\/li>\n \t<li>Dimensions : 17\u2033 de large x 1,719\u2033 de haut x 8\u2033 de profondeur<\/li>\n \t<li>Poids\u00a0: 6,5\u00a0lb<\/li>\n<\/ul>\n<h3>Le forfait comprend<\/h3>\n<ul>\n \t<li>Cordon d&#039;alimentation de votre choix : US\/UK\/EU\/Aucun.<\/li>\n \t<li>C\u00e2ble USB (longueur 6\u2032).<\/li>\n \t<li>Oreilles de montage en rack pour le montage dans un rack.<\/li>\n \t<li>Pieds en caoutchouc pour une utilisation sur le bureau.<\/li>\n<\/ul>\n<h3>FAQ\u00a0:<\/h3>\n<p><strong>Q\u00a0: <\/strong>Quelle est la diff\u00e9rence entre le DMC-16 et l&#039;utilisation d&#039;un Arduino pour le contr\u00f4le de mouvement\u00a0? Pourquoi devrais-je payer tellement plus pour le DMC-16\u00a0?<\/p>\n\n<p><strong>UNE: <\/strong>L&#039;Arduino (avec Dragonframe et notre sketch DFMoco) est un excellent outil pour le contr\u00f4le de mouvement en stop motion et time-lapse, mais il est tr\u00e8s basique. Il a une vitesse maximale du moteur de 20 000 pas\/seconde, avec une acc\u00e9l\u00e9ration\/d\u00e9c\u00e9l\u00e9ration assez grossi\u00e8re. Le DMC-16 est dix fois plus rapide, ce qui adoucit l&#039;acc\u00e9l\u00e9ration et la d\u00e9c\u00e9l\u00e9ration. L&#039;Arduino fournit des capacit\u00e9s de base de tir-d\u00e9placement-tir, tandis que le DMC-16 peut ex\u00e9cuter des mouvements \u00e0 pleine vitesse. Le DMC-16 offre \u00e9galement des capacit\u00e9s d&#039;\u00e9clairage DMX compl\u00e8tes et des d\u00e9clencheurs.<p>\n\n<p><strong>Q\u00a0: <\/strong>Puis-je utiliser le DMC-16 avec du mat\u00e9riel Ditogear ? Ai-je besoin du Ditogear Dragonbridge ?<p>\n\n<p><strong>UNE: <\/strong>Le DMC-16 offre des capacit\u00e9s en temps r\u00e9el lors de l&#039;utilisation du mat\u00e9riel Ditogear avec Dragonframe. (Assurez-vous d&#039;acheter le <a href=\"https:\/\/ditogear.com\/store\/motion-controllers\/114-ditogear-dragonframe-dmc-16-adapter-5901750921605.html\">Adaptateur DitoGear\u2122 DMC-16<\/a>.) Alternativement, vous pouvez utiliser le Ditogear Dragonbridge, qui vous offre une fonctionnalit\u00e9 de tir-d\u00e9placement-tir similaire \u00e0 notre solution Arduino DFMoco. Vous n&#039;avez pas besoin des deux.<p>\n\n<p><strong>Q\u00a0: <\/strong>Le DMC-16 inclut-il des pilotes de moteur pas \u00e0 pas aliment\u00e9s\u00a0?<p>\n\n<p><strong>UNE: <\/strong>Non. Il fournit des signaux de pas et de direction. Vous devez utiliser des pilotes distincts, tels que ceux de <a href=\"https:\/\/www.geckodrive.com\/g201x-digital-step-drive.html\" target=\"dframe\" rel=\"noopener noreferrer\">Geckodrive<\/a>.<p>\n\n<p><strong>Q\u00a0: <\/strong>Le DMC-16 est-il verrouillable\u00a0?<p>\n\n<p><strong>UNE: <\/strong>Non ce n&#039;est pas.<p>\n\n<p><strong>Q\u00a0: <\/strong>Le DMC-16 est-il aussi incroyablement g\u00e9nial qu&#039;il y para\u00eet ?<p>\n\n<p><strong>UNE: <\/strong>Oui c&#039;est le cas.<p>\n<\/div>\n\n\n\n<div class=\"wp-block-column is-layout-flow wp-block-column-is-layout-flow\" style=\"flex-basis:33.33%\">\n<h3 style=\"margin-top: 20px;\">Ressources<\/h3>\n<p>Vous pouvez trouver plus de sp\u00e9cifications techniques, de pr\u00e9cautions de s\u00e9curit\u00e9 et de sch\u00e9mas de c\u00e2blage dans le guide de l&#039;utilisateur\u00a0:<\/p>\n\n<p><a href=\"\/download\/DMC16-1.6.pdf\">Guide de l&#039;utilisateur du DMC-16<\/a><\/p>\n\n<p>Garantie mat\u00e9rielle\u00a0:<\/p>\n\n<p><a href=\"\/download\/DZEDLimitedWarranty-2yr.pdf\">Garantie limit\u00e9e DZED \u2013 2 ans<\/a><\/p>\n\n<p>FAQ suppl\u00e9mentaires\u00a0:<\/p>\n\n<p><a href=\"\/fr\/faq\/#_ewd-ufaq-faq-category-motion-control\">FAQ sur le contr\u00f4le de mouvement<\/a><\/p>\n\n<\/div>\n<\/div>\n\n\n\n<p><\/p>\n<\/div>","protected":false},"excerpt":{"rendered":"<p><strong>Arr\u00eat\u00e9\u00a0:<\/strong> Veuillez consulter notre version am\u00e9lior\u00e9e de ce produit, le <a href='\/fr\/produit\/dmc-32\/'>DMC-32<\/a>.<\/p>\n<p>Le DMC-16 (contr\u00f4leur ma\u00eetre Dragonframe) est un coordinateur de contr\u00f4le de mouvement 16 axes \u00e0 utiliser avec le logiciel Dragonframe.<\/p>\n<p>Il fournit seize canaux de signaux de pas et de direction enti\u00e8rement synchronis\u00e9s \u00e0 des vitesses allant jusqu&#039;\u00e0 200 kHz, un d\u00e9clencheur de cam\u00e9ra, un contr\u00f4le d&#039;\u00e9clairage DMX512, des entr\u00e9es de fin de course et un ensemble de d\u00e9clencheurs pour l&#039;interfa\u00e7age avec un appareil externe.<\/p>\n<p>Nouvellement mis \u00e0 niveau avec un processeur Zynq 7Z020 pour des performances et une fiabilit\u00e9 am\u00e9lior\u00e9es.<\/p>","protected":false},"featured_media":18215,"template":"","meta":[],"product_brand":[],"product_cat":[372],"product_tag":[],"class_list":{"0":"post-18158","1":"product","2":"type-product","3":"status-publish","4":"has-post-thumbnail","6":"product_cat-dragonframe-hardware","7":"no-featured-image-padding","8":"","9":"woocommerce-text-align-center","10":"woocommerce-image-align-center","11":"do-quantity-buttons","13":"first","14":"outofstock","15":"taxable","16":"shipping-taxable","17":"purchasable","18":"product-type-variable","19":"has-default-attributes"},"bundled_by":[],"bundle_stock_status":"outofstock","bundle_stock_quantity":0,"bundle_virtual":false,"bundle_layout":"","bundle_add_to_cart_form_location":"","bundle_editable_in_cart":false,"bundle_sold_individually_context":"","bundle_item_grouping":"","bundle_min_size":"","bundle_max_size":"","bundle_price":[],"bundled_items":[],"bundle_sell_ids":[],"exclude_global_add_ons":[],"addons":[],"_links":{"self":[{"href":"https:\/\/www.dragonframe.com\/fr\/wp-json\/wp\/v2\/product\/18158","targetHints":{"allow":["GET"]}}],"collection":[{"href":"https:\/\/www.dragonframe.com\/fr\/wp-json\/wp\/v2\/product"}],"about":[{"href":"https:\/\/www.dragonframe.com\/fr\/wp-json\/wp\/v2\/types\/product"}],"wp:featuredmedia":[{"embeddable":true,"href":"https:\/\/www.dragonframe.com\/fr\/wp-json\/wp\/v2\/media\/18215"}],"wp:attachment":[{"href":"https:\/\/www.dragonframe.com\/fr\/wp-json\/wp\/v2\/media?parent=18158"}],"wp:term":[{"taxonomy":"product_brand","embeddable":true,"href":"https:\/\/www.dragonframe.com\/fr\/wp-json\/wp\/v2\/product_brand?post=18158"},{"taxonomy":"product_cat","embeddable":true,"href":"https:\/\/www.dragonframe.com\/fr\/wp-json\/wp\/v2\/product_cat?post=18158"},{"taxonomy":"product_tag","embeddable":true,"href":"https:\/\/www.dragonframe.com\/fr\/wp-json\/wp\/v2\/product_tag?post=18158"}],"curies":[{"name":"wp","href":"https:\/\/api.w.org\/{rel}","templated":true}]}}