{"id":17976,"date":"2016-12-01T23:58:36","date_gmt":"2016-12-02T07:58:36","guid":{"rendered":"http:\/\/dev.dragonframe.com\/?post_type=product&#038;p=17976"},"modified":"2024-03-22T11:47:08","modified_gmt":"2024-03-22T18:47:08","slug":"dmc-plus","status":"publish","type":"product","link":"https:\/\/www.dragonframe.com\/fr\/product\/dmc-plus\/","title":{"rendered":"DMC+ (discontinu\u00e9)"},"content":{"rendered":"<div data-post-id=\"19548\" class=\"insert-page insert-page-19548\">\n<div class=\"wp-block-group alignfull\"><div class=\"wp-block-group__inner-container is-layout-flow wp-block-group-is-layout-flow\">\n<div class=\"productSectionTitleBox\">\n<h1>Dragonframe <span class=\"white\">Contr\u00f4leur principal +<\/span><\/h1>\n<\/div>\n<\/div><\/div>\n\n\n\n<div class=\"wp-block-columns is-layout-flex wp-container-core-columns-is-layout-9d6595d7 wp-block-columns-is-layout-flex\">\n<div class=\"wp-block-column is-layout-flow wp-block-column-is-layout-flow\" style=\"flex-basis:66.66%\">\n<h3 style=\"padding-top: 20px;\">Caract\u00e9ristiques<\/h3>\n<ul>\n \t<li>8x <a href=\"http:\/\/www.geckodrive.com\/\">Geckodrive 250x<\/a> pilotes de moteur pas \u00e0 pas, fonctionnant \u00e0 30V et 1A\/2A\/3A.<\/li>\n \t<li>8 x canaux de signaux de pas\/direction pour une utilisation avec des pilotes de moteur pas \u00e0 pas.<\/li>\n \t<li>Fr\u00e9quence d&#039;impulsions de pas maximale de 200 000 pas\/seconde (200 kHz).<\/li>\n \t<li>8 prises RJ45 avec sorties diff\u00e9rentielles et non diff\u00e9rentielles pour pas et direction.<\/li>\n \t<li>16 entr\u00e9es de fin de course sur DB25. (8 ensembles de limites basses et hautes pour les moteurs 1-8).<\/li>\n \t<li>D\u00e9clencheur de cam\u00e9ra avec sorties de mesure et d&#039;obturation s\u00e9par\u00e9es.<\/li>\n \t<li>Sortie DMX512 pour contr\u00f4ler jusqu&#039;\u00e0 512 lumi\u00e8res.<\/li>\n \t<li>D\u00e9clencheurs d&#039;E\/S pour interfacer le DMC+\/Dragonframe avec un autre appareil externe.<\/li>\n \t<li>Comprend un relais, une sortie de niveau logique, une entr\u00e9e de commutateur et une entr\u00e9e d&#039;arr\u00eat d&#039;urgence.<\/li>\n \t<li>Tension d&#039;entr\u00e9e : 115 VCA \u00e0 230 VCA.<\/li>\n<\/ul>\n<h3>Sp\u00e9cifications physiques<\/h3>\n<ul>\n \t<li>Bo\u00eetier montable en rack 1.5U<\/li>\n \t<li>Dimensions : 19\u2033 de large x 2,5\u2033 de haut x 13,5\u2033 de profondeur<\/li>\n \t<li>Poids : 10 livres<\/li>\n<\/ul>\n<h3>Le forfait comprend<\/h3>\n<ul>\n \t<li>Cordon d&#039;alimentation de votre choix : US\/UK\/EU\/Aucun.<\/li>\n \t<li>C\u00e2ble USB (longueur 6\u2032).<\/li>\n<\/ul>\n<h3>FAQ<\/h3>\n<p>\n<strong>Q\u00a0: <\/strong>Quelle est la diff\u00e9rence entre le DMC+ et le DMC-16 ?\n<br><strong>UNE: <\/strong>Le DMC+ a aliment\u00e9 des pilotes de moteur pas \u00e0 pas pour les canaux 1 \u00e0 8, vous n&#039;avez donc pas besoin de vos propres pilotes de moteur pas \u00e0 pas pour faire fonctionner la plupart des plates-formes. Le DMC-16 fournit uniquement des signaux de pas\/direction.\n<\/p>\n\n<p>\n<strong>Q\u00a0: <\/strong>Quelle est la diff\u00e9rence entre le DMC+ et l&#039;utilisation d&#039;un Arduino pour le contr\u00f4le de mouvement\u00a0? Pourquoi devrais-je payer tellement plus pour le DMC+\u00a0?\n<br><strong>UNE: <\/strong>L&#039;Arduino (avec Dragonframe et notre sketch DFMoco) est un excellent outil pour le contr\u00f4le de mouvement en stop motion et time-lapse, mais il est tr\u00e8s basique. Il a une vitesse maximale du moteur de 20 000 pas\/seconde, avec une acc\u00e9l\u00e9ration\/d\u00e9c\u00e9l\u00e9ration assez grossi\u00e8re. Le DMC+ est dix fois plus rapide, ce qui adoucit l&#039;acc\u00e9l\u00e9ration et la d\u00e9c\u00e9l\u00e9ration. L&#039;Arduino fournit des capacit\u00e9s de base de tir-d\u00e9placement-tir, tandis que le DMC+ peut ex\u00e9cuter des mouvements \u00e0 pleine vitesse. Le DMC+ fournit \u00e9galement des capacit\u00e9s d&#039;\u00e9clairage DMX compl\u00e8tes et des d\u00e9clencheurs.\n<\/p>\n\n<p>\n<strong>Q\u00a0: <\/strong>Le DMC+ inclut-il des pilotes de moteurs pas \u00e0 pas aliment\u00e9s\u00a0?\n<br><strong>UNE: <\/strong>Oui, pour les canaux 1-8. Pour les canaux 9 \u00e0 16, il fournit des signaux diff\u00e9rentiels de pas et de direction sur des connecteurs RJ45.\n<\/p>\n\n<p>\n<strong>Q\u00a0: <\/strong>Puis-je utiliser des c\u00e2bles DMX 5 broches ?\n<br><strong>UNE: <\/strong>Non, du moins pas sans les modifier au pr\u00e9alable. Ils ont la broche 1 attach\u00e9e \u00e0 la terre. Ils br\u00fbleront votre moteur \u00e0 moins que vous ne les modifiiez.\n<\/p>\n\n<p>\n<strong>Q\u00a0: <\/strong>Le DMC+ est-il verrouillable\u00a0?\n<br><strong>UNE: <\/strong>Non ce n&#039;est pas.\n<\/p>\n\n<p>\n<strong>Q\u00a0: <\/strong>Le DMC+ est-il aussi incroyablement g\u00e9nial qu&#039;il n&#039;y para\u00eet ?\n<br><strong>UNE: <\/strong>Oui c&#039;est le cas.\n<\/p>\n<\/div>\n\n\n\n<div class=\"wp-block-column is-layout-flow wp-block-column-is-layout-flow\" style=\"flex-basis:33.33%\">\n<h3 style=\"padding-top: 20px;\">Ressources<\/h3>\n<p>Vous pouvez trouver plus de sp\u00e9cifications techniques, de pr\u00e9cautions de s\u00e9curit\u00e9 et de sch\u00e9mas de c\u00e2blage dans le guide de l&#039;utilisateur\u00a0:\n<br><a href=\"\/download\/DMCPlus-1.5.pdf\">Guide de l&#039;utilisateur DMC+<\/a>\n<\/p>\n\n<p>Garantie mat\u00e9rielle\u00a0:\n<br><a href=\"\/download\/DZEDLimitedWarranty-2yr.pdf\">Garantie limit\u00e9e DZED \u2013 2 ans<\/a>\n<\/p>\n\n<p>FAQ suppl\u00e9mentaires\u00a0:\n<br><a href=\"\/fr\/faq\/#_ewd-ufaq-faq-category-motion-control\">FAQ sur le contr\u00f4le de mouvement<\/a>\n<\/p>\n<\/div>\n<\/div>\n<\/div>","protected":false},"excerpt":{"rendered":"<p><b>REMARQUE:<\/b> <i>Le DMC+ a \u00e9t\u00e9 arr\u00eat\u00e9. Veuillez consid\u00e9rer le <a href=\"https:\/\/www.dragonframe.com\/fr\/produit\/dmc-32\/\">DMC-32<\/a> comme alternative.<\/i><\/p>\n<p>Le DMC+ (Dragonframe Master Controller +) est un coordinateur de contr\u00f4le de mouvement 16 axes \u00e0 utiliser avec le logiciel Dragonframe.<\/p>\n<p>Il fournit huit pilotes de moteur pas \u00e0 pas aliment\u00e9s (canaux 1 \u00e0 8) et huit ensembles de signaux diff\u00e9rentiels de pas et de direction pour (canaux 9 \u00e0 16).<\/p>\n<p>Il fournit \u00e9galement un d\u00e9clencheur de cam\u00e9ra, un contr\u00f4le d&#039;\u00e9clairage DMX512, des entr\u00e9es de fin de course et un ensemble de d\u00e9clencheurs pour l&#039;interface avec un appareil externe.<\/p>","protected":false},"featured_media":19633,"template":"","meta":[],"product_brand":[],"product_cat":[372],"product_tag":[],"class_list":{"0":"post-17976","1":"product","2":"type-product","3":"status-publish","4":"has-post-thumbnail","6":"product_cat-dragonframe-hardware","7":"no-featured-image-padding","8":"","9":"woocommerce-text-align-center","10":"woocommerce-image-align-center","11":"do-quantity-buttons","13":"first","14":"outofstock","15":"taxable","16":"shipping-taxable","17":"purchasable","18":"product-type-variable","19":"has-default-attributes"},"bundled_by":[],"bundle_stock_status":"outofstock","bundle_stock_quantity":0,"bundle_virtual":false,"bundle_layout":"","bundle_add_to_cart_form_location":"","bundle_editable_in_cart":false,"bundle_sold_individually_context":"","bundle_item_grouping":"","bundle_min_size":"","bundle_max_size":"","bundle_price":[],"bundled_items":[],"bundle_sell_ids":[],"exclude_global_add_ons":[],"addons":[],"_links":{"self":[{"href":"https:\/\/www.dragonframe.com\/fr\/wp-json\/wp\/v2\/product\/17976","targetHints":{"allow":["GET"]}}],"collection":[{"href":"https:\/\/www.dragonframe.com\/fr\/wp-json\/wp\/v2\/product"}],"about":[{"href":"https:\/\/www.dragonframe.com\/fr\/wp-json\/wp\/v2\/types\/product"}],"wp:featuredmedia":[{"embeddable":true,"href":"https:\/\/www.dragonframe.com\/fr\/wp-json\/wp\/v2\/media\/19633"}],"wp:attachment":[{"href":"https:\/\/www.dragonframe.com\/fr\/wp-json\/wp\/v2\/media?parent=17976"}],"wp:term":[{"taxonomy":"product_brand","embeddable":true,"href":"https:\/\/www.dragonframe.com\/fr\/wp-json\/wp\/v2\/product_brand?post=17976"},{"taxonomy":"product_cat","embeddable":true,"href":"https:\/\/www.dragonframe.com\/fr\/wp-json\/wp\/v2\/product_cat?post=17976"},{"taxonomy":"product_tag","embeddable":true,"href":"https:\/\/www.dragonframe.com\/fr\/wp-json\/wp\/v2\/product_tag?post=17976"}],"curies":[{"name":"wp","href":"https:\/\/api.w.org\/{rel}","templated":true}]}}