{"id":42460,"date":"2020-11-29T15:25:41","date_gmt":"2020-11-29T23:25:41","guid":{"rendered":"https:\/\/www.dragonframe.com\/?page_id=42460"},"modified":"2025-06-30T09:57:54","modified_gmt":"2025-06-30T16:57:54","slug":"camera-setup-webcam","status":"publish","type":"page","link":"https:\/\/www.dragonframe.com\/fr\/camera-setup-webcam\/","title":{"rendered":"Configuration de la webcam"},"content":{"rendered":"<div class=\"pageTitle\">\r\n<h1 class=\"translation-block\"><span class=\"white\">Configuration<\/span> de la webcam USB<\/h1>\r\n<\/div>\n\n\n\n<div class=\"wp-block-columns is-layout-flex wp-container-core-columns-is-layout-9d6595d7 wp-block-columns-is-layout-flex\">\n<div class=\"wp-block-column is-layout-flow wp-block-column-is-layout-flow\" style=\"flex-basis:25%\"><\/div>\n\n\n\n<div class=\"wp-block-column is-layout-flow wp-block-column-is-layout-flow\" style=\"flex-basis:50%\">\n<div class=\"tether\" style=\"max-width: 640px;\">\n<p>Les webcams sont une option peu co\u00fbteuse pour commencer avec l&#039;animation en stop-motion. Ils peuvent \u00e9galement \u00eatre utiles comme assistant vid\u00e9o pour les appareils photo qui n&#039;ont pas de vue en direct.<\/p>\n\n<p>Dragonframe devrait prendre en charge toute webcam compatible UVC (classe vid\u00e9o USB). UVC est une norme que la plupart des fabricants de webcams suivent, et ils l&#039;\u00e9num\u00e8rent g\u00e9n\u00e9ralement dans les sp\u00e9cifications du produit.<\/p>\n\n<p>Assurez-vous de tester votre cam\u00e9ra avec Dragonframe avant d&#039;acheter une licence compl\u00e8te.<\/p>\n<h2>Des instructions:<\/h2>\n<ol>\n \t<li>Connectez votre webcam \u00e0 votre ordinateur via un c\u00e2ble USB.<\/li>\n \t<li>Lancez le logiciel Dragonframe sur l&#039;ordinateur.<\/li>\n \t<li class=\"translation-block\"><a href=\"https:\/\/www.dragonframe.com\/wp-content\/uploads\/2019\/06\/CreateScene.png\" rel=\"iLightBox\" data-caption=\"\" target=\"_self\">Cr\u00e9ez une nouvelle sc\u00e8ne<\/a> ou ouvrez une sc\u00e8ne existante.<\/li>\n \t<li>Lancez DF Tether sur votre appareil.<\/li>\n<\/ol>\n<p>Dragonframe le d\u00e9tectera automatiquement et s&#039;y connectera.<\/p>\n<h2>Apr\u00e8s la connexion\u00a0:<\/h2>\n<ul>\n \t<li>Dragonframe affichera un aper\u00e7u vid\u00e9o \u00e0 l&#039;aide de la webcam. (En supposant que vous avez une sc\u00e8ne ouverte, selon l&#039;instruction #3 ci-dessus.)<\/li>\n \t<li>Selon le mod\u00e8le, vous pouvez avoir des contr\u00f4les d&#039;exposition, tels que le gain, la luminosit\u00e9, etc.<\/li>\n \t<li>Capturez des images JPG ou TIFF directement sur l&#039;ordinateur.<\/li>\n \t<li>Certains mod\u00e8les offrent une mise au point num\u00e9rique en Dragonframe. Vous pouvez y acc\u00e9der en appuyant sur l&#039;ic\u00f4ne du r\u00e9ticule dans les espaces de travail Animation ou Cin\u00e9matographie.<\/li>\n<\/ul>\n\n<h2>Didacticiel:<\/h2>\n<div style=\"display:none;width:100%;height:100%\"><iframe loading=\"lazy\" src=\"https:\/\/player.vimeo.com\/video\/661072365?autoplay=1&preview=0&muted=0\" id=\"fs-661072365\"  frameborder=\"0\" width=\"1920px\" height=\"1080px\" allowfullscreen allow=\"autoplay; fullscreen\"><\/iframe><\/div><div class='tutVideo'><a href='#fs-661072365' data-fslightbox='fs-661072365'><img  loading='lazy' src='\/wp-content\/uploads\/facade\/tut-661072365.jpg' alt='Lire la vid\u00e9o Mise au point de la webcam Dragonframe + Param\u00e8tres' width='200' height='150' \/><span><\/span><\/a><\/div><p style='padding:8px 0;'>Mise au point de la webcam Dragonframe + param\u00e8tres<br\/>04:13 minutes<\/p>\n\n<\/div>\n<\/div>\n\n\n\n<div class=\"wp-block-column is-layout-flow wp-block-column-is-layout-flow\" style=\"flex-basis:25%\"><\/div>\n<\/div>\n\n\n\n<p><\/p>","protected":false},"excerpt":{"rendered":"<p>Configuration d&#039;une webcam USB. Les webcams constituent une option \u00e9conomique pour d\u00e9buter en animation image par image. Elles peuvent \u00e9galement servir d&#039;assistant vid\u00e9o pour les appareils photo sans affichage en direct. La Dragonframe devrait prendre en charge toute webcam compatible UVC (USB Video Class). UVC est une norme suivie par la plupart des fabricants de webcams, qui\u2026 <a title=\"Configuration de la webcam\" class=\"read-more\" href=\"https:\/\/www.dragonframe.com\/fr\/camera-setup-webcam\/\" aria-label=\"En savoir plus sur Configuration de la webcam\">En savoir plus<\/a><\/p>","protected":false},"author":1,"featured_media":0,"parent":0,"menu_order":0,"comment_status":"closed","ping_status":"closed","template":"","meta":{"footnotes":""},"class_list":{"0":"post-42460","1":"page","2":"type-page","3":"status-publish","5":"no-featured-image-padding"},"_links":{"self":[{"href":"https:\/\/www.dragonframe.com\/fr\/wp-json\/wp\/v2\/pages\/42460","targetHints":{"allow":["GET"]}}],"collection":[{"href":"https:\/\/www.dragonframe.com\/fr\/wp-json\/wp\/v2\/pages"}],"about":[{"href":"https:\/\/www.dragonframe.com\/fr\/wp-json\/wp\/v2\/types\/page"}],"author":[{"embeddable":true,"href":"https:\/\/www.dragonframe.com\/fr\/wp-json\/wp\/v2\/users\/1"}],"replies":[{"embeddable":true,"href":"https:\/\/www.dragonframe.com\/fr\/wp-json\/wp\/v2\/comments?post=42460"}],"version-history":[{"count":0,"href":"https:\/\/www.dragonframe.com\/fr\/wp-json\/wp\/v2\/pages\/42460\/revisions"}],"wp:attachment":[{"href":"https:\/\/www.dragonframe.com\/fr\/wp-json\/wp\/v2\/media?parent=42460"}],"curies":[{"name":"wp","href":"https:\/\/api.w.org\/{rel}","templated":true}]}}