{"id":40452,"date":"2020-08-15T10:01:47","date_gmt":"2020-08-15T17:01:47","guid":{"rendered":"https:\/\/www.dragonframe.com\/?page_id=40452"},"modified":"2025-06-24T17:59:48","modified_gmt":"2025-06-25T00:59:48","slug":"zdmc","status":"publish","type":"page","link":"https:\/\/www.dragonframe.com\/fr\/zdmc\/","title":{"rendered":"zdmc"},"content":{"rendered":"<div class=\"pageTitle\">\r\n<h1>Carte fille DMC-16\/DMC+<\/h1>\r\n<\/div>\n\n\n\n<div class=\"sectionTitleBox\" style=\"border: none;\">\r\n<h1 class=\"sectionTitleBox\" style=\"text-align: left;\"><span style=\"color: #d99202;\">DMC-16\/DMC+<\/span> Mise \u00e0 niveau<\/h1>\r\n<\/div>\n\n\n\n<p>Nous avons cr\u00e9\u00e9 une mise \u00e0 niveau pour le \u00ab\u00a0cerveau\u00a0\u00bb principal de nos appareils DMC-16 et DMC+.<\/p>\r\n<p>L&#039;ancien cerveau est un DE0-Nano.<\/p>\r\n<p>Le nouveau cerveau est un Z-Turn 7Z020. Il est plus rapide et plus fiable et nous permettra d&#039;am\u00e9liorer la fonctionnalit\u00e9 DMC.<\/p>\r\n<p>Nous appellerons les versions mises \u00e0 niveau de ces produits zDMC-16 et zDMC+. <br \/>Le micrologiciel des appareils mis \u00e0 niveau commencera par &quot;zDMC&quot;.<\/p>\n\n\n\n<div class=\"sectionTitleBox\" style=\"border: none; margin-top: 60px;\">\r\n<h1 class=\"sectionTitleBox\" style=\"text-align: left;\"><span style=\"color: #d99202;\">DMC-16<\/span> Des instructions<\/h1>\r\n<\/div>\r\n<p>Voici les instructions pour remplacer la carte fille DE0-Nano de votre DMC-16 par une nouvelle carte Z-Turn\u00a0: <br \/><br \/><a href=\"\/download\/DMC16-ZTurn.pdf\">DMC16-ZTurn.pdf<\/a><\/p>\n\n\n\n<div class=\"sectionTitleBox\" style=\"border: none; margin-top: 60px;\">\r\n<h1 class=\"sectionTitleBox\" style=\"text-align: left;\"><span style=\"color: #d99202;\">DMC+<\/span> Des instructions<\/h1>\r\n<\/div>\r\n<p>Voici les instructions pour remplacer la carte fille DE0-Nano de votre DMC+ par une nouvelle carte Z-Turn\u00a0: <br \/><br \/><a href=\"\/download\/DMCPlus-ZTurn.pdf\">DMCPlus-ZTurn.pdf<\/a><\/p>\n\n\n\n<p><\/p>","protected":false},"excerpt":{"rendered":"<p>Carte fille DMC-16\/DMC+\u00a0: Mise \u00e0 niveau DMC-16\/DMC+ Nous avons mis au point une mise \u00e0 niveau du processeur principal de nos appareils DMC-16 et DMC+. L&#039;ancien processeur est un DE0-Nano. Le nouveau est un Z-Turn 7Z020. Plus rapide et plus fiable, il nous permettra d&#039;am\u00e9liorer les fonctionnalit\u00e9s DMC. Nous proposerons prochainement des versions mises \u00e0 niveau de ces produits\u2026 <a title=\"zdmc\" class=\"read-more\" href=\"https:\/\/www.dragonframe.com\/fr\/zdmc\/\" aria-label=\"En savoir plus sur zdmc\">En savoir plus<\/a><\/p>","protected":false},"author":1,"featured_media":0,"parent":0,"menu_order":0,"comment_status":"closed","ping_status":"closed","template":"","meta":{"footnotes":""},"class_list":{"0":"post-40452","1":"page","2":"type-page","3":"status-publish","5":"no-featured-image-padding"},"_links":{"self":[{"href":"https:\/\/www.dragonframe.com\/fr\/wp-json\/wp\/v2\/pages\/40452","targetHints":{"allow":["GET"]}}],"collection":[{"href":"https:\/\/www.dragonframe.com\/fr\/wp-json\/wp\/v2\/pages"}],"about":[{"href":"https:\/\/www.dragonframe.com\/fr\/wp-json\/wp\/v2\/types\/page"}],"author":[{"embeddable":true,"href":"https:\/\/www.dragonframe.com\/fr\/wp-json\/wp\/v2\/users\/1"}],"replies":[{"embeddable":true,"href":"https:\/\/www.dragonframe.com\/fr\/wp-json\/wp\/v2\/comments?post=40452"}],"version-history":[{"count":0,"href":"https:\/\/www.dragonframe.com\/fr\/wp-json\/wp\/v2\/pages\/40452\/revisions"}],"wp:attachment":[{"href":"https:\/\/www.dragonframe.com\/fr\/wp-json\/wp\/v2\/media?parent=40452"}],"curies":[{"name":"wp","href":"https:\/\/api.w.org\/{rel}","templated":true}]}}