{"id":19932,"date":"2017-03-29T09:59:07","date_gmt":"2017-03-29T16:59:07","guid":{"rendered":"http:\/\/dev.dragonframe.com\/?page_id=19932"},"modified":"2025-06-24T15:13:24","modified_gmt":"2025-06-24T22:13:24","slug":"assets","status":"publish","type":"page","link":"https:\/\/www.dragonframe.com\/fr\/assets\/","title":{"rendered":"Les atouts"},"content":{"rendered":"<div class=\"pageTitle\">\r\n<h1>Les atouts<\/h1>\r\n<\/div>\r\n\r\n\r\n\r\n<div class=\"wp-block-columns is-layout-flex wp-container-core-columns-is-layout-9d6595d7 wp-block-columns-is-layout-flex\">\r\n<div class=\"wp-block-column is-layout-flow wp-block-column-is-layout-flow\" style=\"flex-basis:33.33%\">\r\n<h3>\u00c0 propos du logiciel Dragonframe<\/h3>\r\n<p>Dragonframe offre aux cin\u00e9astes en stop motion, des solutions logicielles et mat\u00e9rielles puissantes et efficaces pour faciliter une productivit\u00e9 maximale et une cr\u00e9ativit\u00e9 d\u00e9brid\u00e9e. Il offre un ensemble complet d&#039;outils d&#039;animation et de cin\u00e9matographie, ainsi que des int\u00e9grations mat\u00e9rielles pour la capture st\u00e9r\u00e9oscopique 3D avanc\u00e9e, l&#039;automatisation de l&#039;\u00e9clairage et le contr\u00f4le des mouvements.<\/p>\r\n<h3>\u00c0 propos de DZED Systems LLC<\/h3>\r\n<p>Situ\u00e9e \u00e0 Ojai, en Californie, DZED Systems LLC est une soci\u00e9t\u00e9 priv\u00e9e fond\u00e9e en 2007 par le r\u00e9alisateur prim\u00e9 Jamie Caliri et l&#039;ing\u00e9nieur logiciel professionnel Dyami Caliri. Engag\u00e9 \u00e0 fournir des logiciels v\u00e9ritablement de qualit\u00e9 professionnelle, DZED Systems a \u00e9t\u00e9 fond\u00e9 dans le but de d\u00e9velopper des solutions uniques pour les plates-formes Mac, Windows et Linux, en mettant l&#039;accent sur un support technique de premier ordre.<\/p>\r\n<\/div>\r\n\r\n\r\n\r\n<div class=\"wp-block-column is-layout-flow wp-block-column-is-layout-flow\" style=\"flex-basis:66.66%\">\r\n<h3>Logo Dragonframe<\/h3>\r\n<table border=\"0\">\r\n<tbody>\r\n<tr>\r\n<td colspan=\"3\"><img decoding=\"async\" style=\"background-color: #eee;\" src=\"\/images\/DF4_Logo.png\" border=\"0\" \/><\/td>\r\n<\/tr>\r\n<tr>\r\n<td><a href=\"\/images\/DF4_Logo.png\">PNG<\/a><\/td>\r\n<td><a href=\"\/images\/DF4_Logo.svg\">SVG<\/a><\/td>\r\n<td><a href=\"\/images\/DF4_Logo.eps\">PSE<\/a><\/td>\r\n<\/tr>\r\n<\/tbody>\r\n<\/table>\r\n\r\n<h3 style=\"margin-top: 30px;\">Photos du produit<\/h3>\r\n\r\n<figure class=\"assets-gallery\">\r\n<ul class=\"assets-gallery\">\r\n \t<li class=\"assets-gallery-item\">\r\n<figure><a href=\"https:\/\/www.dragonframe.com\/wp-content\/uploads\/2021\/07\/DF5_MAINS.jpg\"><img loading=\"lazy\" decoding=\"async\" width=\"1000\" height=\"1000\" class=\"wp-image-47074\" src=\"https:\/\/www.dragonframe.com\/wp-content\/uploads\/2021\/07\/DF5_MAINS.jpg\" alt=\"\" data-id=\"47074\" data-full-url=\"https:\/\/www.dragonframe.com\/wp-content\/uploads\/2021\/07\/DF5_MAINS.jpg\" data-link=\"https:\/\/www.dragonframe.com\/df5_mains-2\/\" srcset=\"https:\/\/www.dragonframe.com\/wp-content\/uploads\/2021\/07\/DF5_MAINS.jpg 1000w, https:\/\/www.dragonframe.com\/wp-content\/uploads\/2021\/07\/DF5_MAINS-500x500.jpg 500w, https:\/\/www.dragonframe.com\/wp-content\/uploads\/2021\/07\/DF5_MAINS-100x100.jpg 100w, https:\/\/www.dragonframe.com\/wp-content\/uploads\/2021\/07\/DF5_MAINS-700x700.jpg 700w, https:\/\/www.dragonframe.com\/wp-content\/uploads\/2021\/07\/DF5_MAINS-300x300.jpg 300w, https:\/\/www.dragonframe.com\/wp-content\/uploads\/2021\/07\/DF5_MAINS-150x150.jpg 150w, https:\/\/www.dragonframe.com\/wp-content\/uploads\/2021\/07\/DF5_MAINS-768x768.jpg 768w, https:\/\/www.dragonframe.com\/wp-content\/uploads\/2021\/07\/DF5_MAINS-66x66.jpg 66w, https:\/\/www.dragonframe.com\/wp-content\/uploads\/2021\/07\/DF5_MAINS-200x200.jpg 200w, https:\/\/www.dragonframe.com\/wp-content\/uploads\/2021\/07\/DF5_MAINS-400x400.jpg 400w, https:\/\/www.dragonframe.com\/wp-content\/uploads\/2021\/07\/DF5_MAINS-600x600.jpg 600w, https:\/\/www.dragonframe.com\/wp-content\/uploads\/2021\/07\/DF5_MAINS-800x800.jpg 800w\" sizes=\"auto, (max-width: 1000px) 100vw, 1000px\" \/><\/a><figcaption class=\"blocks-gallery-item__caption\">DF5<\/figcaption><\/figure>\r\n<\/li>\r\n \t<li class=\"assets-gallery-item\">\r\n<figure><a href=\"https:\/\/www.dragonframe.com\/wp-content\/uploads\/2021\/07\/DF5_DFB02.jpg\"><img loading=\"lazy\" decoding=\"async\" width=\"1000\" height=\"1000\" class=\"wp-image-47072\" src=\"https:\/\/www.dragonframe.com\/wp-content\/uploads\/2021\/07\/DF5_DFB02.jpg\" alt=\"\" data-id=\"47072\" data-full-url=\"https:\/\/www.dragonframe.com\/wp-content\/uploads\/2021\/07\/DF5_DFB02.jpg\" data-link=\"https:\/\/www.dragonframe.com\/df5_dfb02-2\/\" srcset=\"https:\/\/www.dragonframe.com\/wp-content\/uploads\/2021\/07\/DF5_DFB02.jpg 1000w, https:\/\/www.dragonframe.com\/wp-content\/uploads\/2021\/07\/DF5_DFB02-500x500.jpg 500w, https:\/\/www.dragonframe.com\/wp-content\/uploads\/2021\/07\/DF5_DFB02-100x100.jpg 100w, https:\/\/www.dragonframe.com\/wp-content\/uploads\/2021\/07\/DF5_DFB02-700x700.jpg 700w, https:\/\/www.dragonframe.com\/wp-content\/uploads\/2021\/07\/DF5_DFB02-300x300.jpg 300w, https:\/\/www.dragonframe.com\/wp-content\/uploads\/2021\/07\/DF5_DFB02-150x150.jpg 150w, https:\/\/www.dragonframe.com\/wp-content\/uploads\/2021\/07\/DF5_DFB02-768x768.jpg 768w, https:\/\/www.dragonframe.com\/wp-content\/uploads\/2021\/07\/DF5_DFB02-66x66.jpg 66w, https:\/\/www.dragonframe.com\/wp-content\/uploads\/2021\/07\/DF5_DFB02-200x200.jpg 200w, https:\/\/www.dragonframe.com\/wp-content\/uploads\/2021\/07\/DF5_DFB02-400x400.jpg 400w, https:\/\/www.dragonframe.com\/wp-content\/uploads\/2021\/07\/DF5_DFB02-600x600.jpg 600w, https:\/\/www.dragonframe.com\/wp-content\/uploads\/2021\/07\/DF5_DFB02-800x800.jpg 800w\" sizes=\"auto, (max-width: 1000px) 100vw, 1000px\" \/><\/a><figcaption class=\"blocks-gallery-item__caption\">DF5 + Bluetooth\/USB<\/figcaption><\/figure>\r\n<\/li>\r\n \t<li class=\"assets-gallery-item\">\r\n<figure><a href=\"https:\/\/www.dragonframe.com\/wp-content\/uploads\/2021\/07\/DF5_DFB02_AM.jpg\"><img loading=\"lazy\" decoding=\"async\" width=\"1000\" height=\"1000\" class=\"wp-image-47073\" src=\"https:\/\/www.dragonframe.com\/wp-content\/uploads\/2021\/07\/DF5_DFB02_AM.jpg\" alt=\"\" data-id=\"47073\" data-full-url=\"https:\/\/www.dragonframe.com\/wp-content\/uploads\/2021\/07\/DF5_DFB02_AM.jpg\" data-link=\"https:\/\/www.dragonframe.com\/df5_dfb02_am-2\/\" srcset=\"https:\/\/www.dragonframe.com\/wp-content\/uploads\/2021\/07\/DF5_DFB02_AM.jpg 1000w, https:\/\/www.dragonframe.com\/wp-content\/uploads\/2021\/07\/DF5_DFB02_AM-500x500.jpg 500w, https:\/\/www.dragonframe.com\/wp-content\/uploads\/2021\/07\/DF5_DFB02_AM-100x100.jpg 100w, https:\/\/www.dragonframe.com\/wp-content\/uploads\/2021\/07\/DF5_DFB02_AM-700x700.jpg 700w, https:\/\/www.dragonframe.com\/wp-content\/uploads\/2021\/07\/DF5_DFB02_AM-300x300.jpg 300w, https:\/\/www.dragonframe.com\/wp-content\/uploads\/2021\/07\/DF5_DFB02_AM-150x150.jpg 150w, https:\/\/www.dragonframe.com\/wp-content\/uploads\/2021\/07\/DF5_DFB02_AM-768x768.jpg 768w, https:\/\/www.dragonframe.com\/wp-content\/uploads\/2021\/07\/DF5_DFB02_AM-66x66.jpg 66w, https:\/\/www.dragonframe.com\/wp-content\/uploads\/2021\/07\/DF5_DFB02_AM-200x200.jpg 200w, https:\/\/www.dragonframe.com\/wp-content\/uploads\/2021\/07\/DF5_DFB02_AM-400x400.jpg 400w, https:\/\/www.dragonframe.com\/wp-content\/uploads\/2021\/07\/DF5_DFB02_AM-600x600.jpg 600w, https:\/\/www.dragonframe.com\/wp-content\/uploads\/2021\/07\/DF5_DFB02_AM-800x800.jpg 800w\" sizes=\"auto, (max-width: 1000px) 100vw, 1000px\" \/><\/a><figcaption class=\"blocks-gallery-item__caption\">DF5 + Bluetooth\/USB<\/figcaption><\/figure>\r\n<\/li>\r\n \t<li class=\"assets-gallery-item\">\r\n<figure><a href=\"https:\/\/www.dragonframe.com\/wp-content\/uploads\/2021\/07\/DF5_MAINS_DL.jpg\"><img loading=\"lazy\" decoding=\"async\" width=\"1000\" height=\"1000\" class=\"wp-image-47075\" src=\"https:\/\/www.dragonframe.com\/wp-content\/uploads\/2021\/07\/DF5_MAINS_DL.jpg\" alt=\"\" data-id=\"47075\" data-full-url=\"https:\/\/www.dragonframe.com\/wp-content\/uploads\/2021\/07\/DF5_MAINS_DL.jpg\" data-link=\"https:\/\/www.dragonframe.com\/df5_mains_dl-2\/\" srcset=\"https:\/\/www.dragonframe.com\/wp-content\/uploads\/2021\/07\/DF5_MAINS_DL.jpg 1000w, https:\/\/www.dragonframe.com\/wp-content\/uploads\/2021\/07\/DF5_MAINS_DL-500x500.jpg 500w, https:\/\/www.dragonframe.com\/wp-content\/uploads\/2021\/07\/DF5_MAINS_DL-100x100.jpg 100w, https:\/\/www.dragonframe.com\/wp-content\/uploads\/2021\/07\/DF5_MAINS_DL-700x700.jpg 700w, https:\/\/www.dragonframe.com\/wp-content\/uploads\/2021\/07\/DF5_MAINS_DL-300x300.jpg 300w, https:\/\/www.dragonframe.com\/wp-content\/uploads\/2021\/07\/DF5_MAINS_DL-150x150.jpg 150w, https:\/\/www.dragonframe.com\/wp-content\/uploads\/2021\/07\/DF5_MAINS_DL-768x768.jpg 768w, https:\/\/www.dragonframe.com\/wp-content\/uploads\/2021\/07\/DF5_MAINS_DL-66x66.jpg 66w, https:\/\/www.dragonframe.com\/wp-content\/uploads\/2021\/07\/DF5_MAINS_DL-200x200.jpg 200w, https:\/\/www.dragonframe.com\/wp-content\/uploads\/2021\/07\/DF5_MAINS_DL-400x400.jpg 400w, https:\/\/www.dragonframe.com\/wp-content\/uploads\/2021\/07\/DF5_MAINS_DL-600x600.jpg 600w, https:\/\/www.dragonframe.com\/wp-content\/uploads\/2021\/07\/DF5_MAINS_DL-800x800.jpg 800w\" sizes=\"auto, (max-width: 1000px) 100vw, 1000px\" \/><\/a><figcaption class=\"blocks-gallery-item__caption\">DF5<\/figcaption><\/figure>\r\n<\/li>\r\n \t<li class=\"assets-gallery-item\">\r\n<figure><a href=\"https:\/\/www.dragonframe.com\/wp-content\/uploads\/2020\/05\/BLU_USB_-1-1000.jpg\"><img loading=\"lazy\" decoding=\"async\" width=\"1000\" height=\"1000\" class=\"wp-image-38943\" src=\"https:\/\/www.dragonframe.com\/wp-content\/uploads\/2020\/05\/BLU_USB_-1-1000.jpg\" alt=\"\" data-id=\"38943\" data-full-url=\"https:\/\/www.dragonframe.com\/wp-content\/uploads\/2020\/05\/BLU_USB_-1-1000.jpg\" data-link=\"https:\/\/www.dragonframe.com\/?attachment_id=38943\" srcset=\"https:\/\/www.dragonframe.com\/wp-content\/uploads\/2020\/05\/BLU_USB_-1-1000.jpg 1000w, https:\/\/www.dragonframe.com\/wp-content\/uploads\/2020\/05\/BLU_USB_-1-1000-500x500.jpg 500w, https:\/\/www.dragonframe.com\/wp-content\/uploads\/2020\/05\/BLU_USB_-1-1000-100x100.jpg 100w, https:\/\/www.dragonframe.com\/wp-content\/uploads\/2020\/05\/BLU_USB_-1-1000-300x300.jpg 300w, https:\/\/www.dragonframe.com\/wp-content\/uploads\/2020\/05\/BLU_USB_-1-1000-150x150.jpg 150w, https:\/\/www.dragonframe.com\/wp-content\/uploads\/2020\/05\/BLU_USB_-1-1000-768x768.jpg 768w, https:\/\/www.dragonframe.com\/wp-content\/uploads\/2020\/05\/BLU_USB_-1-1000-66x66.jpg 66w, https:\/\/www.dragonframe.com\/wp-content\/uploads\/2020\/05\/BLU_USB_-1-1000-200x200.jpg 200w, https:\/\/www.dragonframe.com\/wp-content\/uploads\/2020\/05\/BLU_USB_-1-1000-400x400.jpg 400w, https:\/\/www.dragonframe.com\/wp-content\/uploads\/2020\/05\/BLU_USB_-1-1000-600x600.jpg 600w, https:\/\/www.dragonframe.com\/wp-content\/uploads\/2020\/05\/BLU_USB_-1-1000-800x800.jpg 800w\" sizes=\"auto, (max-width: 1000px) 100vw, 1000px\" \/><\/a><figcaption class=\"blocks-gallery-item__caption\">Clavier Bluetooth\/USB<\/figcaption><\/figure>\r\n<\/li>\r\n \t<li class=\"assets-gallery-item\">\r\n<figure><a href=\"https:\/\/www.dragonframe.com\/wp-content\/uploads\/2020\/05\/BLU_USB_-5-1000.jpg\"><img loading=\"lazy\" decoding=\"async\" width=\"1000\" height=\"1000\" class=\"wp-image-38947\" src=\"https:\/\/www.dragonframe.com\/wp-content\/uploads\/2020\/05\/BLU_USB_-5-1000.jpg\" alt=\"\" data-id=\"38947\" data-full-url=\"https:\/\/www.dragonframe.com\/wp-content\/uploads\/2020\/05\/BLU_USB_-5-1000.jpg\" data-link=\"https:\/\/www.dragonframe.com\/?attachment_id=38947\" srcset=\"https:\/\/www.dragonframe.com\/wp-content\/uploads\/2020\/05\/BLU_USB_-5-1000.jpg 1000w, https:\/\/www.dragonframe.com\/wp-content\/uploads\/2020\/05\/BLU_USB_-5-1000-500x500.jpg 500w, https:\/\/www.dragonframe.com\/wp-content\/uploads\/2020\/05\/BLU_USB_-5-1000-100x100.jpg 100w, https:\/\/www.dragonframe.com\/wp-content\/uploads\/2020\/05\/BLU_USB_-5-1000-300x300.jpg 300w, https:\/\/www.dragonframe.com\/wp-content\/uploads\/2020\/05\/BLU_USB_-5-1000-150x150.jpg 150w, https:\/\/www.dragonframe.com\/wp-content\/uploads\/2020\/05\/BLU_USB_-5-1000-768x768.jpg 768w, https:\/\/www.dragonframe.com\/wp-content\/uploads\/2020\/05\/BLU_USB_-5-1000-66x66.jpg 66w, https:\/\/www.dragonframe.com\/wp-content\/uploads\/2020\/05\/BLU_USB_-5-1000-200x200.jpg 200w, https:\/\/www.dragonframe.com\/wp-content\/uploads\/2020\/05\/BLU_USB_-5-1000-400x400.jpg 400w, https:\/\/www.dragonframe.com\/wp-content\/uploads\/2020\/05\/BLU_USB_-5-1000-600x600.jpg 600w, https:\/\/www.dragonframe.com\/wp-content\/uploads\/2020\/05\/BLU_USB_-5-1000-800x800.jpg 800w\" sizes=\"auto, (max-width: 1000px) 100vw, 1000px\" \/><\/a><figcaption class=\"blocks-gallery-item__caption\">Clavier Bluetooth\/USB<\/figcaption><\/figure>\r\n<\/li>\r\n \t<li class=\"assets-gallery-item\">\r\n<figure><a href=\"https:\/\/www.dragonframe.com\/wp-content\/uploads\/2020\/05\/BLU_USB_-4-1000.jpg\"><img loading=\"lazy\" decoding=\"async\" width=\"1000\" height=\"1000\" class=\"wp-image-38946\" src=\"https:\/\/www.dragonframe.com\/wp-content\/uploads\/2020\/05\/BLU_USB_-4-1000.jpg\" alt=\"\" data-id=\"38946\" data-full-url=\"https:\/\/www.dragonframe.com\/wp-content\/uploads\/2020\/05\/BLU_USB_-4-1000.jpg\" data-link=\"https:\/\/www.dragonframe.com\/?attachment_id=38946\" srcset=\"https:\/\/www.dragonframe.com\/wp-content\/uploads\/2020\/05\/BLU_USB_-4-1000.jpg 1000w, https:\/\/www.dragonframe.com\/wp-content\/uploads\/2020\/05\/BLU_USB_-4-1000-500x500.jpg 500w, https:\/\/www.dragonframe.com\/wp-content\/uploads\/2020\/05\/BLU_USB_-4-1000-100x100.jpg 100w, https:\/\/www.dragonframe.com\/wp-content\/uploads\/2020\/05\/BLU_USB_-4-1000-300x300.jpg 300w, https:\/\/www.dragonframe.com\/wp-content\/uploads\/2020\/05\/BLU_USB_-4-1000-150x150.jpg 150w, https:\/\/www.dragonframe.com\/wp-content\/uploads\/2020\/05\/BLU_USB_-4-1000-768x768.jpg 768w, https:\/\/www.dragonframe.com\/wp-content\/uploads\/2020\/05\/BLU_USB_-4-1000-66x66.jpg 66w, https:\/\/www.dragonframe.com\/wp-content\/uploads\/2020\/05\/BLU_USB_-4-1000-200x200.jpg 200w, https:\/\/www.dragonframe.com\/wp-content\/uploads\/2020\/05\/BLU_USB_-4-1000-400x400.jpg 400w, https:\/\/www.dragonframe.com\/wp-content\/uploads\/2020\/05\/BLU_USB_-4-1000-600x600.jpg 600w, https:\/\/www.dragonframe.com\/wp-content\/uploads\/2020\/05\/BLU_USB_-4-1000-800x800.jpg 800w\" sizes=\"auto, (max-width: 1000px) 100vw, 1000px\" \/><\/a><figcaption class=\"blocks-gallery-item__caption\">Clavier Bluetooth\/USB<\/figcaption><\/figure>\r\n<\/li>\r\n \t<li class=\"assets-gallery-item\">\r\n<figure><a href=\"https:\/\/www.dragonframe.com\/wp-content\/uploads\/2017\/03\/DDMX-S3_002.jpg\"><img loading=\"lazy\" decoding=\"async\" width=\"1000\" height=\"1000\" class=\"wp-image-18604\" src=\"https:\/\/www.dragonframe.com\/wp-content\/uploads\/2017\/03\/DDMX-S3_002.jpg\" alt=\"Photo du produit DDMX 512\" data-id=\"18604\" data-full-url=\"https:\/\/www.dragonframe.com\/wp-content\/uploads\/2017\/03\/DDMX-S3_002.jpg\" data-link=\"https:\/\/www.dragonframe.com\/?attachment_id=18604\" srcset=\"https:\/\/www.dragonframe.com\/wp-content\/uploads\/2017\/03\/DDMX-S3_002.jpg 1000w, https:\/\/www.dragonframe.com\/wp-content\/uploads\/2017\/03\/DDMX-S3_002-500x500.jpg 500w, https:\/\/www.dragonframe.com\/wp-content\/uploads\/2017\/03\/DDMX-S3_002-100x100.jpg 100w, https:\/\/www.dragonframe.com\/wp-content\/uploads\/2017\/03\/DDMX-S3_002-150x150.jpg 150w, https:\/\/www.dragonframe.com\/wp-content\/uploads\/2017\/03\/DDMX-S3_002-300x300.jpg 300w, https:\/\/www.dragonframe.com\/wp-content\/uploads\/2017\/03\/DDMX-S3_002-768x768.jpg 768w, https:\/\/www.dragonframe.com\/wp-content\/uploads\/2017\/03\/DDMX-S3_002-66x66.jpg 66w, https:\/\/www.dragonframe.com\/wp-content\/uploads\/2017\/03\/DDMX-S3_002-200x200.jpg 200w, https:\/\/www.dragonframe.com\/wp-content\/uploads\/2017\/03\/DDMX-S3_002-400x400.jpg 400w, https:\/\/www.dragonframe.com\/wp-content\/uploads\/2017\/03\/DDMX-S3_002-600x600.jpg 600w, https:\/\/www.dragonframe.com\/wp-content\/uploads\/2017\/03\/DDMX-S3_002-800x800.jpg 800w\" sizes=\"auto, (max-width: 1000px) 100vw, 1000px\" \/><\/a><figcaption class=\"blocks-gallery-item__caption\">DDMX-512<\/figcaption><\/figure>\r\n<\/li>\r\n<\/ul>\r\n<\/figure>\r\n<\/div>\r\n<\/div>","protected":false},"excerpt":{"rendered":"<p>Assets About Dragonframe Software Dragonframe offers stop motion filmmakers, powerful, efficient software and hardware solutions to facilitate maximum productivity and unbridled creativity. It offers a comprehensive set of animation and cinematography tools, and offers hardware integrations for advanced 3D stereoscopic capture, lighting automation, and motion control. About DZED Systems LLC Located in Ojai, California, DZED &#8230; <a title=\"Les atouts\" class=\"read-more\" href=\"https:\/\/www.dragonframe.com\/fr\/assets\/\" aria-label=\"En savoir plus sur Assets\">En savoir plus<\/a><\/p>","protected":false},"author":1,"featured_media":0,"parent":0,"menu_order":0,"comment_status":"closed","ping_status":"closed","template":"","meta":{"footnotes":""},"class_list":{"0":"post-19932","1":"page","2":"type-page","3":"status-publish","5":"no-featured-image-padding"},"_links":{"self":[{"href":"https:\/\/www.dragonframe.com\/fr\/wp-json\/wp\/v2\/pages\/19932","targetHints":{"allow":["GET"]}}],"collection":[{"href":"https:\/\/www.dragonframe.com\/fr\/wp-json\/wp\/v2\/pages"}],"about":[{"href":"https:\/\/www.dragonframe.com\/fr\/wp-json\/wp\/v2\/types\/page"}],"author":[{"embeddable":true,"href":"https:\/\/www.dragonframe.com\/fr\/wp-json\/wp\/v2\/users\/1"}],"replies":[{"embeddable":true,"href":"https:\/\/www.dragonframe.com\/fr\/wp-json\/wp\/v2\/comments?post=19932"}],"version-history":[{"count":0,"href":"https:\/\/www.dragonframe.com\/fr\/wp-json\/wp\/v2\/pages\/19932\/revisions"}],"wp:attachment":[{"href":"https:\/\/www.dragonframe.com\/fr\/wp-json\/wp\/v2\/media?parent=19932"}],"curies":[{"name":"wp","href":"https:\/\/api.w.org\/{rel}","templated":true}]}}