{"id":19346,"date":"2017-03-22T11:21:19","date_gmt":"2017-03-22T18:21:19","guid":{"rendered":"http:\/\/dev.dragonframe.com\/?page_id=19346"},"modified":"2025-12-08T16:23:22","modified_gmt":"2025-12-09T00:23:22","slug":"camera-setup","status":"publish","type":"page","link":"https:\/\/www.dragonframe.com\/fr\/camera-setup\/","title":{"rendered":"Instructions de configuration de la cam\u00e9ra"},"content":{"rendered":"<div class=\"pageTitle\">\n<h1> <span><\/span><\/h1>\n<\/div>\n\n\n\n<div class=\"wp-block-columns alignfull has-background is-layout-flex wp-container-core-columns-is-layout-9d6595d7 wp-block-columns-is-layout-flex\" style=\"background-color:#363636\">\n<div class=\"wp-block-column is-layout-flow wp-block-column-is-layout-flow\">\n<div style=\"background-color: #fff;\"><div class='cameraTitle' data-no-translation><span>Ximea xiQ<\/span><\/div>\n<div style='padding: 10px 0 10px 0; text-align: center;' data-no-translation><img loading='eager' src='\/camera-images\/.jpg' width='260' height='260' alt='Ximea xiQ'\/><\/div>\n<div class='cameraDescr'><span data-no-translation>Ximea xiQ<\/span> instructions de configuration pour l&#039;animation en stop motion ou la photographie acc\u00e9l\u00e9r\u00e9e avec Dragonframe<\/div><\/div>\n<\/div>\n\n\n\n<div class=\"wp-block-column is-layout-flow wp-block-column-is-layout-flow\">\n<div style=\"padding: 20px 10px;\"><h4 class='cameraHeader'>Versions prises en charge<\/h4><p>N\u00e9cessite Dragonframe 4.3.4 ou une version plus r\u00e9cente. (5.x, 2024.x, 2025.x sont plus r\u00e9cents).<\/p><h4 class='cameraHeader'>Vue en direct<\/h4><p>Le <b><span data-no-translation>Ximea xiQ<\/span><\/b> fournit une vue en direct via sa connexion USB. La taille de la vue en direct d\u00e9pend du mod\u00e8le de la s\u00e9rie.<\/p><h4 class='cameraHeader'>Les param\u00e8tres de la cam\u00e9ra<\/h4><p>Dragonframe contr\u00f4le le <span data-no-translation>Ximea xiQ<\/span> ISO, vitesse d&#039;obturation et balance des blancs.<\/p><\/div>\n<\/div>\n\n\n\n<div class=\"wp-block-column is-layout-flow wp-block-column-is-layout-flow\">\n<div style=\"padding: 20px 10px;\"><h4 class='cameraHeader'>Information sur le produit<\/h4><p class='translation-block'>Vous pouvez trouver le <a href='https:\/\/www.ximea.com\/en\/usb3-vision-camera\/xiq'>manuel et les sp\u00e9cifications<\/a> de Ximea xiQ sur le site Web de Ximea.<\/p><\/div>\n<\/div>\n<\/div>\n\n\n\n<div class=\"sectionTitleBox\" style=\"border: none;\">\n<h1 class=\"sectionTitleBox\" style=\"background-color: transparent;\"><span style=\"color: #d89222;\">Installer<\/span> Des instructions<\/h1>\n<\/div>\n<div class=\"instructions\">\n<ol style=\"padding-left: 16px; margin-top: 4px; margin-bottom: 8px;\"><li class='translation-block translation-block'><a href=\"https:\/\/www.dragonframe.com\/wp-content\/uploads\/2019\/06\/CreateScene.png\" rel=\"iLightBox\" target=\"_self\" data-caption=\"\">Cr\u00e9ez une nouvelle sc\u00e8ne<\/a> ou ouvrez une sc\u00e8ne existante. (Dragonframe ne se connectera pas \u00e0 votre appareil photo \u00e0 moins qu&#039;une sc\u00e8ne ne soit ouverte.)<\/li><li><span class='translation-block'>Alimentez votre appareil photo sur secteur si possible ou utilisez une batterie compl\u00e8tement charg\u00e9e.<\/span><\/li>\n            <li><span class='translation-block'>Fermez toutes les autres applications susceptibles de se connecter \u00e0 votre cam\u00e9ra.<\/span>\n            \t<ul>\n                \t<li class='translation-block'>- Pour macOS, ouvrez <b>Capture d&#039;image<\/b> , s\u00e9lectionnez votre appareil photo, puis dans la zone contextuelle en bas \u00e0 gauche, s\u00e9lectionnez <b>Connexion, l&#039;appareil photo s&#039;ouvre : Aucune application<\/b> . <a data-fslightbox class='noAppGroup' href='\/wp-content\/uploads\/2025\/08\/ImageCapture2025.png'>(Voir image)<\/a><\/li>\n                <\/ul>\n            <\/li>\n\t<li class='translation-block translation-block'>Assurez-vous que <a rel=\"iLightbox\" class=\"dropboxGroup\" href=\"\/camera-images\/DisableDropbox.png\" target=\"_self\" data-caption=\"\">Dropbox n&#039;est pas un client<\/a> de la cam\u00e9ra.<\/li>\n        <li class='translation-block'>Vous devrez peut-\u00eatre quitter <b>Google Drive<\/b> , car cela peut interf\u00e9rer avec l&#039;appareil photo m\u00eame si vous d\u00e9sactivez la synchronisation.<\/li>\n\t<li class='translation-block'>Si vous disposez d&#039;un logiciel antivirus, mettez Dragonframe sur liste blanche afin qu&#039;il puisse acc\u00e9der \u00e0 votre cam\u00e9ra.<\/li><li class='translation-block'>Installez le progiciel Ximea pour <a href='https:\/\/www.ximea.com\/support\/wiki\/apis\/XIMEA_macOS_Software_Package'>macOS<\/a> , <a href='https:\/\/www.ximea.com\/support\/wiki\/apis\/XIMEA_Windows_Software_Package'>Windows<\/a> ou <a href='https:\/\/www.ximea.com\/support\/wiki\/apis\/XIMEA_Linux_Software_Package'>Linux<\/a> .<\/li><li class='translation-block'>Dans les <b>Pr\u00e9f\u00e9rences du Dragonframe | Capture<\/b> , s\u00e9lectionnez <b>Activer le module Ximea<\/b> et red\u00e9marrez Dragonframe.<\/li><li class='translation-block'>Connectez votre appareil photo \u00e0 l&#039;ordinateur \u00e0 l&#039;aide d&#039;un <b>c\u00e2ble USB<\/b> appropri\u00e9. (Assurez-vous de suivre les instructions pr\u00e9c\u00e9dentes avant de proc\u00e9der.)<\/li><li class='translation-block'>Si vous utilisez macOS 15 ou une version ult\u00e9rieure, et un Dragonframe 2024 ou une version ult\u00e9rieure, et que la cam\u00e9ra n&#039;appara\u00eet pas, suivez les instructions de notre <a href='\/fr\/ufaqs\/on-macos-sequoia-dragonframe-does-not-detect-camera-at-all\/'>FAQ<\/a> pour r\u00e9soudre le probl\u00e8me.<\/li>\n<li class='translation-block'>Acc\u00e9dez \u00e0 l\u2019espace de travail Cin\u00e9matographie pour r\u00e9gler les param\u00e8tres d\u2019exposition de la cam\u00e9ra, v\u00e9rifier la mise au point et prendre des photos de test.<\/li><\/ol>\n<\/div>\n<div style=\"margin: 10px 20px; text-align: center;\"><i><a href=\"\/fr\/faq\/#_ewd-ufaq-faq-category-camera\">Trouvez des conseils de d\u00e9pannage pour les cam\u00e9ras dans notre FAQ.<\/a><\/i><\/div>\n\n\n\n<p><\/p>","protected":false},"excerpt":{"rendered":"<p>Instructions d&#039;installation Trouvez des conseils de d\u00e9pannage pour votre appareil photo dans notre FAQ.<\/p>","protected":false},"author":1,"featured_media":0,"parent":0,"menu_order":0,"comment_status":"closed","ping_status":"closed","template":"","meta":{"footnotes":""},"class_list":{"0":"post-19346","1":"page","2":"type-page","3":"status-publish","5":"no-featured-image-padding"},"_links":{"self":[{"href":"https:\/\/www.dragonframe.com\/fr\/wp-json\/wp\/v2\/pages\/19346","targetHints":{"allow":["GET"]}}],"collection":[{"href":"https:\/\/www.dragonframe.com\/fr\/wp-json\/wp\/v2\/pages"}],"about":[{"href":"https:\/\/www.dragonframe.com\/fr\/wp-json\/wp\/v2\/types\/page"}],"author":[{"embeddable":true,"href":"https:\/\/www.dragonframe.com\/fr\/wp-json\/wp\/v2\/users\/1"}],"replies":[{"embeddable":true,"href":"https:\/\/www.dragonframe.com\/fr\/wp-json\/wp\/v2\/comments?post=19346"}],"version-history":[{"count":1,"href":"https:\/\/www.dragonframe.com\/fr\/wp-json\/wp\/v2\/pages\/19346\/revisions"}],"predecessor-version":[{"id":71449,"href":"https:\/\/www.dragonframe.com\/fr\/wp-json\/wp\/v2\/pages\/19346\/revisions\/71449"}],"wp:attachment":[{"href":"https:\/\/www.dragonframe.com\/fr\/wp-json\/wp\/v2\/media?parent=19346"}],"curies":[{"name":"wp","href":"https:\/\/api.w.org\/{rel}","templated":true}]}}