{"id":19304,"date":"2017-03-21T20:23:50","date_gmt":"2017-03-22T03:23:50","guid":{"rendered":"http:\/\/dev.dragonframe.com\/?page_id=19304"},"modified":"2025-06-26T12:05:27","modified_gmt":"2025-06-26T19:05:27","slug":"dftether","status":"publish","type":"page","link":"https:\/\/www.dragonframe.com\/fr\/dftether\/","title":{"rendered":"Attache Dragonframe"},"content":{"rendered":"<div class=\"pageTitle\" data-no-translation=\"\">\n<h1>Dragonframe <span class=\"white\">Tether<\/span><\/h1>\n<\/div>\n\n\n\n<div class=\"wp-block-columns is-layout-flex wp-container-core-columns-is-layout-9d6595d7 wp-block-columns-is-layout-flex\">\n<div class=\"wp-block-column is-layout-flow wp-block-column-is-layout-flow\" style=\"flex-basis:15%\"><\/div>\n\n\n\n<div class=\"wp-block-column is-layout-flow wp-block-column-is-layout-flow\">\n<strong data-no-translation=\"\">Dragonframe Tether (DF Tether)<\/strong> est une application gratuite qui vous permet d&#039;utiliser votre appareil iOS ou Android comme source de capture dans <a href=\"\/fr\/dragonframe-software\/\">Dragonframe<\/a> logiciel d&#039;animation en stop motion.\n\n<p>Dragonframe 5 ou version ult\u00e9rieure est requis pour la connectivit\u00e9 WiFi iOS ou Android.<\/p>\n\n<p>Dragonframe 4 est requis pour la connectivit\u00e9 USB iOS.<\/p>\n\n\n<figure class=\"wp-block-table df-style-stripes\">\n<table>\n<tbody>\n<tr>\n<td><\/td>\n<td>Dragonframe 3<\/td>\n<td>Dragonframe 4<\/td>\n<td>Dragonframe 5 ou plus r\u00e9cent<\/td>\n<\/tr>\n<tr>\n<td>iOS sur USB<\/td>\n<td>\u2014<\/td>\n<td><strong>OUI<\/strong><\/td>\n<td><strong>OUI<\/strong><\/td>\n<\/tr>\n<tr>\n<td>iOS sur Wi-Fi<\/td>\n<td>\u2014<\/td>\n<td>\u2014<\/td>\n<td><strong>OUI<\/strong><\/td>\n<\/tr>\n<tr>\n<td>Android sur Wi-Fi<\/td>\n<td>\u2014<\/td>\n<td>\u2014<\/td>\n<td><strong>OUI<\/strong><\/td>\n<\/tr>\n<\/tbody>\n<\/table>\n<figcaption class=\"wp-element-caption\">Prise en charge par version<\/figcaption><\/figure>\n\n<p>iOS 10.0+ : Installer <a href=\"https:\/\/apps.apple.com\/app\/dragonframe-tether\/id1207485362\" data-no-translation=\"\">Dragonframe Tether<\/a> \u00e0 travers le <strong>Magasin d&#039;applications<\/strong> sur votre appareil.<\/p>\n\n<p>Android 7.0+ (ARM) : Installer <a href=\"https:\/\/play.google.com\/store\/apps\/details?id=com.dzed.DFTether\" data-no-translation=\"\">Dragonframe Tether<\/a> \u00e0 travers le <strong>jeu de Google<\/strong> magasin d&#039;applications.<\/p>\n<div style=\"display: table; text-align: center; margin: 30px auto 30px auto;\"><a href=\"http:\/\/appstore.com\/dragonframetether\"><img loading=\"lazy\" decoding=\"async\" src=\"\/wp-content\/uploads\/2017\/03\/dftether_icon.png\" alt=\"Ouvrir la page Dragonframe Tether dans l&#039;App Store iOS\" width=\"128\" height=\"128\" border=\"0\" \/>\n<span style=\"color: white; font-weight: 500;\" data-no-translation=\"\">Dragonframe Tether<\/span><\/a><\/div>\n<h2>Des instructions:<\/h2>\n<ol>\n \t<li>Lancez le logiciel Dragonframe sur l&#039;ordinateur.<\/li>\n \t<li>Sous macOS 15 (Sequoia) et versions ult\u00e9rieures, acc\u00e9dez \u00e0 <b>Param\u00e8tres syst\u00e8me : Confidentialit\u00e9 et s\u00e9curit\u00e9 : R\u00e9seau local<\/b> et assurez-vous que Dragonframe est activ\u00e9.<\/li>\n \t<li class=\"translation-block\"><a href=\"https:\/\/www.dragonframe.com\/wp-content\/uploads\/2019\/06\/CreateScene.png\" rel=\"iLightBox\" data-caption=\"\" target=\"_self\">Cr\u00e9ez une nouvelle sc\u00e8ne<\/a> ou ouvrez une sc\u00e8ne existante.<\/li>\n \t<li>Lancez le <b data-no-translation=\"\">DF Tether<\/b> app sur votre appareil Android ou iOS.<\/li>\n \t<li>Appuyez sur l&#039;application <b>Aider<\/b> appuyez et suivez les instructions.<\/li>\n<\/ol>\n<p>Lorsque vous avez suivi les instructions, Dragonframe devrait d\u00e9tecter l&#039;appareil et s&#039;y connecter.<\/p>\n\n<p><strong>REMARQUE:<\/strong> Les utilisateurs de Windows avec des appareils iOS doivent installer <a href=\"http:\/\/www.apple.com\/itunes\/download\/\">iTunes<\/a>. Assurez-vous que vous disposez de la derni\u00e8re version, directement depuis Apple (et non depuis le Microsoft Store). Red\u00e9marrez votre ordinateur apr\u00e8s avoir install\u00e9 iTunes.<\/p>\n<h2>Une fois connect\u00e9 :<\/h2>\n<ul>\n \t<li>Dragonframe affichera un aper\u00e7u vid\u00e9o \u00e0 l&#039;aide de la cam\u00e9ra de l&#039;appareil. (En supposant que vous avez une sc\u00e8ne ouverte, selon l&#039;instruction #3 ci-dessus.)\n<strong>REMARQUE:<\/strong> L&#039;\u00e9cran de l&#039;appareil n&#039;affichera pas la vid\u00e9o\u00a0; ce n&#039;est que dans Dragonframe.<\/li>\n \t<li>Vous pouvez contr\u00f4ler la vitesse d&#039;obturation, l&#039;ISO et la balance des blancs dans <b>Les param\u00e8tres de la cam\u00e9ra<\/b> dans le <b>Espace de travail de la cin\u00e9matographie<\/b>. (La balance des blancs n&#039;est actuellement disponible que sur les appareils iOS.)<\/li>\n \t<li>Contr\u00f4lez la mise au point dans Dragonframe en appuyant sur l&#039;ic\u00f4ne du r\u00e9ticule dans les espaces de travail Animation ou Cin\u00e9matographie.<\/li>\n \t<li>Capturez des images JPG ou DNG directement sur l&#039;ordinateur. (DNG n&#039;est disponible que sur certains mod\u00e8les iOS.)<\/li>\n<\/ul>\n<p><strong>REMARQUE:<\/strong> N\u00e9cessite Dragonframe 4+ sur un syst\u00e8me de bureau macOS, Windows ou Linux. <a href=\"\/fr\/dragonframe-software\/\">Dragonframe<\/a> est un achat s\u00e9par\u00e9 et non inclus avec cette application.<\/p>\n\n\n<h2>D\u00e9pannage:<\/h2>\n<p>Pour les connexions Wi-Fi, Dragonframe communique avec Dragonframe Tether via le port 8989, via TCP. Assurez-vous que votre r\u00e9seau ne bloque pas ce port.<\/p>\n\n<p>Si vous \u00eates sous Windows et que l&#039;appareil iOS appara\u00eet dans iTunes mais n&#039;appara\u00eet pas dans Dragonframe, essayez de prendre une photo sur l&#039;appareil, de le d\u00e9connecter et de le reconnecter. Vous trouverez d&#039;autres suggestions dans <a href=\"https:\/\/www.youtube.com\/watch?v=Zq0LAiYAfSA\" aria-label=\"Comment r\u00e9parer l&#039;iPhone ne s&#039;affiche pas dans\/sur mon ordinateur\">cette vid\u00e9o<\/a>.<\/p>\n\n<p>Si vous \u00eates sous Windows et que le p\u00e9riph\u00e9rique iOS n&#039;appara\u00eet pas dans iTunes, mais appara\u00eet dans l&#039;explorateur de fichiers, vous devez modifier le pilote. Regarder <a href=\"https:\/\/www.youtube.com\/watch?v=CuJgHIipTvM\" aria-label=\"Comment faire appara\u00eetre l&#039;iPhone sur \/ dans mon ordinateur Windows PC\">cette vid\u00e9o<\/a>, mais choisissez &#039;Apple Mobile Device USB Driver&#039; au lieu de &#039;MTP USB Device&#039;.<\/p>\n\n<p>Si votre ordinateur d\u00e9tecte l&#039;appareil iOS et que Dragonframe essaie de s&#039;y connecter, mais qu&#039;il ne parvient pas \u00e0 communiquer avec <strong data-no-translation=\"\">Dragonframe Tether<\/strong>, vous pouvez nous aider en envoyant des fichiers journaux. Tout d&#039;abord, dans Dragonframe, allez \u00e0 <strong>Pr\u00e9f\u00e9rences | Capture<\/strong> Et mettre <strong>Journalisation de la cam\u00e9ra<\/strong> \u00e0 <strong>Haut<\/strong>. Essayez ensuite de vous reconnecter \u00e0 l&#039;appareil iOS. En cas d&#039;\u00e9chec, rendez-vous sur <strong>Aider<\/strong> et choisissez <strong>Signaler un probl\u00e8me\u2026<\/strong> pour nous envoyer les fichiers journaux de la machine. Ensuite, sur votre appareil iOS, ouvrez la section Aide dans <strong data-no-translation=\"\">Dragonframe Tether<\/strong> et faites une capture d&#039;\u00e9cran, puis envoyez-la par e-mail \u00e0 <strong>support@dragonframe.com<\/strong>.<\/p>\n<\/div>\n\n\n\n<div class=\"wp-block-column is-layout-flow wp-block-column-is-layout-flow\" style=\"flex-basis:15%\"><\/div>\n<\/div>\n\n\n\n<p><\/p>","protected":false},"excerpt":{"rendered":"<p>Dragonframe Tether Dragonframe Tether (DF Tether) est une application gratuite qui vous permet d&#039;utiliser votre appareil iOS ou Android comme source de capture dans le logiciel d&#039;animation image par image Dragonframe. Dragonframe 5 ou une version plus r\u00e9cente est requise pour la connectivit\u00e9 WiFi iOS ou Android. Dragonframe 4 est requis pour la connectivit\u00e9 USB iOS. Dragonframe 3 Dragonframe 4 Dragonframe \u2026 <a title=\"Attache Dragonframe\" class=\"read-more\" href=\"https:\/\/www.dragonframe.com\/fr\/dftether\/\" aria-label=\"En savoir plus sur Dragonframe Tether\">En savoir plus<\/a><\/p>","protected":false},"author":1,"featured_media":0,"parent":0,"menu_order":0,"comment_status":"closed","ping_status":"closed","template":"","meta":{"footnotes":""},"class_list":{"0":"post-19304","1":"page","2":"type-page","3":"status-publish","5":"no-featured-image-padding"},"_links":{"self":[{"href":"https:\/\/www.dragonframe.com\/fr\/wp-json\/wp\/v2\/pages\/19304","targetHints":{"allow":["GET"]}}],"collection":[{"href":"https:\/\/www.dragonframe.com\/fr\/wp-json\/wp\/v2\/pages"}],"about":[{"href":"https:\/\/www.dragonframe.com\/fr\/wp-json\/wp\/v2\/types\/page"}],"author":[{"embeddable":true,"href":"https:\/\/www.dragonframe.com\/fr\/wp-json\/wp\/v2\/users\/1"}],"replies":[{"embeddable":true,"href":"https:\/\/www.dragonframe.com\/fr\/wp-json\/wp\/v2\/comments?post=19304"}],"version-history":[{"count":0,"href":"https:\/\/www.dragonframe.com\/fr\/wp-json\/wp\/v2\/pages\/19304\/revisions"}],"wp:attachment":[{"href":"https:\/\/www.dragonframe.com\/fr\/wp-json\/wp\/v2\/media?parent=19304"}],"curies":[{"name":"wp","href":"https:\/\/api.w.org\/{rel}","templated":true}]}}