{"id":18079,"date":"2017-02-03T10:02:02","date_gmt":"2017-02-03T10:02:02","guid":{"rendered":"http:\/\/dev.dragonframe.com\/?page_id=18079"},"modified":"2025-06-28T13:15:20","modified_gmt":"2025-06-28T20:15:20","slug":"find-your-license","status":"publish","type":"page","link":"https:\/\/www.dragonframe.com\/fr\/find-your-license\/","title":{"rendered":"Trouvez votre licence"},"content":{"rendered":"<div class=\"pageTitle\">\n<h1>Trouvez votre licence<\/h1>\n<\/div>\n\n\n\n<p>Si vous avez un compte sur notre site, vous pouvez l&#039;utiliser pour trouver vos informations de licence.\n<br><a href=\"\/fr\/my-account\/dzed-licenses\/\">G\u00e9rer les licences<\/a><\/p>\n\n<p>Si vous n&#039;avez pas de compte, utilisez le formulaire ci-dessous. Nous pouvons vous envoyer tous les num\u00e9ros de s\u00e9rie que vous avez achet\u00e9s si vous connaissez votre adresse e-mail enregistr\u00e9e. Le message listera toutes les machines activ\u00e9es et vous proposera de les d\u00e9sactiver manuellement.<\/p>\n\n<p>Si vous ne vous souvenez pas de l&#039;adresse e-mail avec laquelle vous avez achet\u00e9 ou si elle n&#039;est plus disponible, vous devrez envoyer un e-mail <a href=\"mailto:support@dragonframe.com?subject=J&#039;ai besoin d&#039;aide pour trouver ma licence\">support@dragonframe.com<\/a>.<\/p>\n\n\n\n<div style=\"padding: 30px; border: 1px solid black; background-color: #202020;\">\n<div id=\"licenseLookupResponse\" style=\"height: auto; padding-bottom: 10px; font-size: 14px; color: #fff; letter-spacing: 0.04em;\"><\/div>\n<form id=\"licenseLookupForm\" action=\"\" method=\"POST\" data-trp-original-action=\"\"><input id=\"emailaddr\" class=\"inputField\" style=\"width: 250px;\" title=\"Adresse e-mail\" name=\"email_address\" type=\"text\" placeholder=\"Adresse e-mail\" \/>\n<input class=\"inputField wide\" style=\"width: 50%; margin-top: 12px;\" title=\"Adresse e-mail\" name=\"email\" type=\"text\" placeholder=\"Adresse e-mail\" \/>\n\n<input name=\"action\" type=\"hidden\" value=\"licenseLookup\" \/>\n<div class=\"inputLabel\" style=\"display:inline\"><input name=\"submit\" type=\"submit\" value=\"Trouver ma licence\" style=\"margin-top:12px;\"\/><\/div>\n<input type=\"hidden\" name=\"trp-form-language\" value=\"fr\"\/><\/form><\/div>\n\n\n\n<p>&nbsp;<\/p>","protected":false},"excerpt":{"rendered":"<p>Trouver votre licence\u00a0: si vous avez un compte sur notre site, vous pouvez l&#039;utiliser pour trouver vos informations de licence. G\u00e9rer les licences\u00a0: si vous n&#039;avez pas de compte, utilisez le formulaire ci-dessous. Nous pouvons vous envoyer tous les num\u00e9ros de s\u00e9rie que vous avez achet\u00e9s si vous connaissez votre adresse e-mail enregistr\u00e9e. Le message listera tous les\u2026 <a title=\"Trouvez votre licence\" class=\"read-more\" href=\"https:\/\/www.dragonframe.com\/fr\/find-your-license\/\" aria-label=\"En savoir plus sur Trouver votre licence\">En savoir plus<\/a><\/p>","protected":false},"author":2,"featured_media":0,"parent":0,"menu_order":0,"comment_status":"closed","ping_status":"closed","template":"","meta":{"footnotes":""},"class_list":{"0":"post-18079","1":"page","2":"type-page","3":"status-publish","5":"no-featured-image-padding"},"_links":{"self":[{"href":"https:\/\/www.dragonframe.com\/fr\/wp-json\/wp\/v2\/pages\/18079","targetHints":{"allow":["GET"]}}],"collection":[{"href":"https:\/\/www.dragonframe.com\/fr\/wp-json\/wp\/v2\/pages"}],"about":[{"href":"https:\/\/www.dragonframe.com\/fr\/wp-json\/wp\/v2\/types\/page"}],"author":[{"embeddable":true,"href":"https:\/\/www.dragonframe.com\/fr\/wp-json\/wp\/v2\/users\/2"}],"replies":[{"embeddable":true,"href":"https:\/\/www.dragonframe.com\/fr\/wp-json\/wp\/v2\/comments?post=18079"}],"version-history":[{"count":0,"href":"https:\/\/www.dragonframe.com\/fr\/wp-json\/wp\/v2\/pages\/18079\/revisions"}],"wp:attachment":[{"href":"https:\/\/www.dragonframe.com\/fr\/wp-json\/wp\/v2\/media?parent=18079"}],"curies":[{"name":"wp","href":"https:\/\/api.w.org\/{rel}","templated":true}]}}