{"id":18073,"date":"2017-02-03T10:00:51","date_gmt":"2017-02-03T10:00:51","guid":{"rendered":"http:\/\/dev.dragonframe.com\/?page_id=18073"},"modified":"2025-10-26T17:04:46","modified_gmt":"2025-10-27T00:04:46","slug":"support","status":"publish","type":"page","link":"https:\/\/www.dragonframe.com\/fr\/support\/","title":{"rendered":"Centre de soutien"},"content":{"rendered":"<div class=\"pageTitle\">\n<h1>Centre de soutien<\/h1>\n<\/div>\n\n\n\n<div style=\"padding: 10px 20px; text-align: center;  background-color: #000; margin-bottom: 20px; margin-top: -20px;\">\nObtenez de l&#039;aide avec Dragonframe <i>logiciel d&#039;animation en stop motion<\/i>.\n<br>Nous ne faisons pas <a href='https:\/\/dragontouch.com\/collections\/digital-frame'>cadres photo num\u00e9riques<\/a> ou alors <a href='https:\/\/www.nuance.com\/dragon.html'>logiciel de dict\u00e9e<\/a>.\n<\/div>\n\n\n\n<div class=\"sectionTitleBox\" style=\"border: none;\">\n<h1 class=\"sectionTitleBox\"><span style=\"color: #d89222;\">Trouver<\/span> R\u00e9ponses<\/h1>\n<\/div>\n\n\n\n<div class=\"wp-block-columns supportBlock is-layout-flex wp-container-core-columns-is-layout-9d6595d7 wp-block-columns-is-layout-flex\">\n<div class=\"wp-block-column is-layout-flow wp-block-column-is-layout-flow\" style=\"flex-basis:25%\">\n<h3>FAQ<\/h3>\n<p style=\"margin: 0 20px 24px 0px;\">Trouvez des r\u00e9ponses aux questions courantes et une abondance de connaissances dans notre FAQ<\/p>\n<a href=\"\/fr\/faq\/\">ALLER \u00c0 LA FAQ<\/a>\n<\/div>\n\n\n\n<div class=\"wp-block-column is-layout-flow wp-block-column-is-layout-flow\" style=\"flex-basis:25%\">\n<h3>Mode d&#039;emploi<\/h3>\n<p style=\"margin: 0 20px 24px 0px;\">Retrouvez la notice d&#039;utilisation du logiciel Dragonframe dans la <span style=\"color: #d89222;\">Aider<\/span> menu, ou t\u00e9l\u00e9chargez-le ici<\/p>\n<a href=\"\/download\/Using Dragonframe 2025.pdf\">T\u00c9L\u00c9CHARGER LE GUIDE DE L&#039;UTILISATEUR<\/a>\n<\/div>\n\n\n\n<div class=\"wp-block-column is-layout-flow wp-block-column-is-layout-flow\" style=\"flex-basis:25%\">\n<h3>Prise en charge de la cam\u00e9ra<\/h3>\n<p style=\"margin: 0 20px 24px 0px;\">Trouvez les cam\u00e9ras prises en charge et les instructions de configuration sur notre page d&#039;assistance pour les cam\u00e9ras<\/p>\n<a href=\"\/fr\/camera-support\/\">ACC\u00c9DER AU SUPPORT APPAREIL PHOTO<\/a>\n<\/div>\n\n\n\n<div class=\"wp-block-column is-layout-flow wp-block-column-is-layout-flow\" style=\"flex-basis:25%\">\n<h3>Activation du produit<\/h3>\n<p style=\"margin: 0 20px 24px 0px;\">Si votre ordinateur est <strong>hors ligne<\/strong>, activez-le ici. (S&#039;il est en ligne, vous l&#039;activez via le logiciel.)<\/p>\n<a href=\"\/fr\/software-activation\/\">ACTIVATION DU LOGICIEL<\/a>\n<\/div>\n<\/div>\n\n\n\n<div class=\"sectionTitleBox\" style=\"border: none;\">\n<h1 class=\"sectionTitleBox\"><span style=\"color: #d89222;\">Demander<\/span> Aider<\/h1>\n<\/div>\n\n\n\n<div class=\"wp-block-columns supportBlock is-layout-flex wp-container-core-columns-is-layout-9d6595d7 wp-block-columns-is-layout-flex\">\n<div class=\"wp-block-column is-layout-flow wp-block-column-is-layout-flow\" style=\"flex-basis:25%\">\n<h3>Signaler un probl\u00e8me<\/h3>\n<p style=\"margin: 0 20px 24px 0px;\">Pour des probl\u00e8mes techniques lors de l&#039;ex\u00e9cution de Dragonframe, utilisez <span style=\"white-space: nowrap; color: #d89222;\">Signaler un probl\u00e8me<\/span> dans le programme <span style=\"color: #d89222;\">Aider<\/span> menu<\/p>\n<p>Si vous ne voyez pas de r\u00e9ponse \u00e0 votre requ\u00eate, veuillez v\u00e9rifier vos dossiers spam et Promotions.<\/p>\n<\/div>\n\n\n\n<div class=\"wp-block-column is-layout-flow wp-block-column-is-layout-flow\" style=\"flex-basis:25%\">\n<h3>Envoyez-nous un email<\/h3>\n<p style=\"margin: 0 20px 24px 0px;\">Nous r\u00e9pondons g\u00e9n\u00e9ralement aux e-mails dans les 24 \u00e0 48 heures<\/p>\n<a href=\"mailto:support@dragonframe.com\">support@dragonframe.com<\/a>\n<p style=\"margin-top: 20px;\">Si vous ne voyez pas de r\u00e9ponse \u00e0 votre requ\u00eate, veuillez v\u00e9rifier vos dossiers spam et Promotions.<\/p>\n<\/div>\n\n\n\n<div class=\"wp-block-column is-layout-flow wp-block-column-is-layout-flow\" style=\"flex-basis:25%\">\n<h3>Appelez-nous<\/h3>\n<p style=\"margin: 0 20px 24px 0px;\">Appelez-nous pendant les heures ouvrables pour une assistance directe<\/p>\n<a href=\"\/fr\/contact-us\/\">NOUS CONTACTER<\/a>\n<\/div>\n\n\n\n<div class=\"wp-block-column is-layout-flow wp-block-column-is-layout-flow\" style=\"flex-basis:25%\">\n<h3>R\u00e9cup\u00e9ration de licence<\/h3>\n<p style=\"margin: 0 20px 24px 0px;\">Trouvez votre licence en utilisant l&#039;adresse e-mail enregistr\u00e9e<\/p>\n<a href=\"\/fr\/find-your-license\/\">TROUVEZ VOTRE LICENCE<\/a>\n<\/div>\n<\/div>\n\n\n\n<p><\/p>","protected":false},"excerpt":{"rendered":"<p>Centre d&#039;assistance Obtenez de l&#039;aide sur le logiciel d&#039;animation image par image Dragonframe. Nous ne fabriquons pas de cadres photo num\u00e9riques ni de logiciels de dict\u00e9e. Trouvez des r\u00e9ponses \u00e0 vos questions fr\u00e9quentes et une mine d&#039;informations dans notre FAQ. Acc\u00e9der \u00e0 la FAQ. Guide d&#039;utilisation. Retrouvez le guide d&#039;utilisation du logiciel Dragonframe dans le menu Aide du programme ou t\u00e9l\u00e9chargez-le\u2026 <a title=\"Centre de soutien\" class=\"read-more\" href=\"https:\/\/www.dragonframe.com\/fr\/support\/\" aria-label=\"En savoir plus sur Support Center\">En savoir plus<\/a><\/p>","protected":false},"author":2,"featured_media":0,"parent":0,"menu_order":0,"comment_status":"closed","ping_status":"closed","template":"","meta":{"footnotes":""},"class_list":{"0":"post-18073","1":"page","2":"type-page","3":"status-publish","5":"no-featured-image-padding"},"_links":{"self":[{"href":"https:\/\/www.dragonframe.com\/fr\/wp-json\/wp\/v2\/pages\/18073","targetHints":{"allow":["GET"]}}],"collection":[{"href":"https:\/\/www.dragonframe.com\/fr\/wp-json\/wp\/v2\/pages"}],"about":[{"href":"https:\/\/www.dragonframe.com\/fr\/wp-json\/wp\/v2\/types\/page"}],"author":[{"embeddable":true,"href":"https:\/\/www.dragonframe.com\/fr\/wp-json\/wp\/v2\/users\/2"}],"replies":[{"embeddable":true,"href":"https:\/\/www.dragonframe.com\/fr\/wp-json\/wp\/v2\/comments?post=18073"}],"version-history":[{"count":5,"href":"https:\/\/www.dragonframe.com\/fr\/wp-json\/wp\/v2\/pages\/18073\/revisions"}],"predecessor-version":[{"id":70874,"href":"https:\/\/www.dragonframe.com\/fr\/wp-json\/wp\/v2\/pages\/18073\/revisions\/70874"}],"wp:attachment":[{"href":"https:\/\/www.dragonframe.com\/fr\/wp-json\/wp\/v2\/media?parent=18073"}],"curies":[{"name":"wp","href":"https:\/\/api.w.org\/{rel}","templated":true}]}}