{"id":16572,"date":"2015-09-14T00:30:45","date_gmt":"2015-09-14T07:30:45","guid":{"rendered":"https:\/\/avada.theme-fusion.com\/classic-shop\/?page_id=16572"},"modified":"2026-02-23T10:34:32","modified_gmt":"2026-02-23T18:34:32","slug":"stop-motion-animation-software-2","status":"publish","type":"page","link":"https:\/\/www.dragonframe.com\/fr\/","title":{"rendered":"Logiciel Stop Motion \u2013 macOS\/Windows\/Linux"},"content":{"rendered":"<div class=\"gb-element-3fcd61f5 alignfull\">\n<div class=\"gb-element-6dae39a1 alignfull blogContainer dzed-facade\" id=\"mobileContainer\" data-vendor=\"vimeo\" style=\"--inline-bg-image: url(https:\/\/www.dragonframe.com\/wp-content\/uploads\/2025\/06\/seven_legs.jpg);width:100%; aspect-ratio:1.778;\" data-src=\"https:\/\/player.vimeo.com\/video\/964765991?dnt=1&amp;autoplay=1&amp;controls=0&amp;loop=1\">\n<div class='mobileHeaderText'><h2>L&#039;INTERFACE ESSENTIELLE D&#039;ANIMATION STOP MOTION<\/h2>\n<h3>\nDRAGONFRAME EST LA NORME DE L&#039;INDUSTRIE POUR LES LOGICIELS D&#039;ANIMATION STOP MOTION. \n<br><br>\nD\u00e9couvrez pourquoi c&#039;est le choix des grands studios de cin\u00e9ma et des cin\u00e9astes ind\u00e9pendants.\n<\/h3>\n<\/div>\n<\/div>\n<\/div>\n\n\n\n<div class=\"wp-block-columns alignfull is-layout-flex wp-container-core-columns-is-layout-9d6595d7 wp-block-columns-is-layout-flex\" id=\"camera_block\">\n<div class=\"wp-block-column topTrio is-layout-flow wp-block-column-is-layout-flow\">\n<div style=\"display:none;width:100%;height:100%\"><iframe loading=\"lazy\" src=\"https:\/\/player.vimeo.com\/video\/574655939?autoplay=1&#038;preview=0&#038;muted=0\" id=\"dfbasicsvideo\"  frameborder=\"0\" width=\"1920px\" height=\"1080px\" allowfullscreen allow=\"autoplay; fullscreen\"><\/iframe><\/div>\n<div style='padding-top:36px; padding-bottom:8px;'><a data-fslightbox href=\"#dfbasicsvideo\" data-caption=\"\" aria-label=\"Regardez la vid\u00e9o des nouvelles fonctionnalit\u00e9s de Dragonframe\"><img loading=\"lazy\" decoding=\"async\" style=\"aspect-ratio: 2.071;\" class=\"size-full aligncenter\" src=\"\/wp-content\/uploads\/2022\/08\/new_in_df5.jpg\" alt=\"Regardez la vid\u00e9o des nouvelles fonctionnalit\u00e9s de Dragonframe\" width=\"350\" height=\"169\" \/><\/a>\n<br>\n<h3 style=\"text-align: center;\">INTRODUCTION<\/h3><\/div>\n<\/div>\n\n\n\n<div class=\"wp-block-column topTrio has-background is-layout-flow wp-block-column-is-layout-flow\" style=\"background-color:#1d1d1d\">\n<div style='padding-top:24px; padding-bottom:8px;'><a href=\"https:\/\/www.dragonframe.com\/fr\/camera-support\/\" aria-label=\"En savoir plus sur les cam\u00e9ras prises en charge par Dragonframe\"><img loading=\"lazy\" decoding=\"async\" class=\"aligncenter wp-image-18764 size-full\" style=\"aspect-ratio:1.3027;\" src=\"\/\/www.dragonframe.com\/wp-content\/uploads\/2020\/02\/EOS_R_FRONT_small2.png\" alt=\"Trouver des cam\u00e9ras prises en charge et des instructions de configuration\" width=\"241\" height=\"185\" \/><\/a>\n<br><h3 style=\"text-align: center;\">OPTIONS DE CAM\u00c9RA<\/h3><\/div>\n<\/div>\n\n\n\n<div class=\"wp-block-column topTrio is-layout-flow wp-block-column-is-layout-flow\">\n<div style='padding-top:30px; padding-bottom:8px;'><p style=\"text-align: center; margin-bottom: 15px;\"><a href=\"\/fr\/dragonframe-software\/\" aria-label=\"En savoir plus sur les fonctionnalit\u00e9s du logiciel Dragonframe\"><img loading=\"lazy\" decoding=\"async\" class=\"alignnone\" style=\"aspect-ratio: 1.626;\" src=\"https:\/\/www.dragonframe.com\/wp-content\/uploads\/2023\/07\/df5_ui3.jpg\" sizes=\"auto, (max-width: 1024px) 100vw, (max-width: 640px) 100vw, 640px\" srcset=\"https:\/\/www.dragonframe.com\/wp-content\/uploads\/2023\/07\/df5_ui3-200x123.jpg 200w, https:\/\/www.dragonframe.com\/wp-content\/uploads\/2023\/07\/df5_ui3-400x246.jpg 400w, https:\/\/www.dragonframe.com\/wp-content\/uploads\/2023\/07\/df5_ui3-600x369.jpg 600w, https:\/\/www.dragonframe.com\/wp-content\/uploads\/2023\/07\/df5_ui3.jpg 640w\" alt=\"\" width=\"320\" height=\"197\" \/><\/a><\/p>\n<h3 style=\"text-align: center;\">CARACT\u00c9RISTIQUES DE DRAGONFRAME<\/h3><\/div>\n<\/div>\n<\/div>\n\n\n\n<div class=\"gb-element-9229ae61 alignfull\">\n<div class=\"gb-element-3c608e61\">\n<div class=\"gb-element-3e368cfa\"><\/div>\n\n\n\n<div class=\"bluetoothHeader\">CONTR\u00d4LEUR DRAGONFRAME<\/div>\n<div class=\"bluetoothText\">\nCONNECTIVIT\u00c9 BLUETOOTH + USB DANS UN BO\u00ceTIER R\u00c9SISTANT AUX CHOCS\n<\/div>\n<\/div>\n<\/div>\n\n\n\n<div class=\"gb-element-6820c560 alignfull blogContainer\" href=\"\/showcase\/\">\n<figure class=\"wp-block-image alignfull size-large\"><img loading=\"lazy\" decoding=\"async\" width=\"1024\" height=\"240\" src=\"https:\/\/www.dragonframe.com\/wp-content\/uploads\/2026\/02\/girl-pearls-home-1024x240.jpg\" alt=\"\" class=\"wp-image-72444\" srcset=\"https:\/\/www.dragonframe.com\/wp-content\/uploads\/2026\/02\/girl-pearls-home-1024x240.jpg 1024w, https:\/\/www.dragonframe.com\/wp-content\/uploads\/2026\/02\/girl-pearls-home-300x70.jpg 300w, https:\/\/www.dragonframe.com\/wp-content\/uploads\/2026\/02\/girl-pearls-home-768x180.jpg 768w, https:\/\/www.dragonframe.com\/wp-content\/uploads\/2026\/02\/girl-pearls-home-18x4.jpg 18w, https:\/\/www.dragonframe.com\/wp-content\/uploads\/2026\/02\/girl-pearls-home-500x117.jpg 500w, https:\/\/www.dragonframe.com\/wp-content\/uploads\/2026\/02\/girl-pearls-home-700x164.jpg 700w, https:\/\/www.dragonframe.com\/wp-content\/uploads\/2026\/02\/girl-pearls-home.jpg 1280w\" sizes=\"auto, (max-width: 1024px) 100vw, 1024px\" \/><\/figure>\n\n\n\n<a href='\/fr\/showcase\/'><div class=\"blogText whiteText\"><h2 style=\"text-align: right;\">VITRINE<\/h2>\n<h3 class=\"entry-title ntx\" style=\"text-align: right;\" data-fontsize=\"36\" data-lineheight=\"36\" data-no-translation=\"\">\nThe Girl Who Cried Pearls &#8211; Chris Lavis &#038; Maciek Szczerbowski\n<\/h3><\/div><\/a>\n<\/div>\n\n\n\n<div class=\"wp-block-group alignfull featureFilms has-background\" style=\"background-color:#363636\"><div class=\"wp-block-group__inner-container is-layout-constrained wp-block-group-is-layout-constrained\">\n<h1 class=\"featureFilms\"><span style=\"color: #d89113;\">FILMS TOURN\u00c9S AVEC DRAGONFRAME<\/span><\/h1>\n\n\n\n<div class=\"wp-block-cb-carousel-v2 cb-carousel-block\" data-cb-slides-per-view=\"3\" data-cb-slides-per-group=\"1\" data-cb-space-between=\"23\" data-cb-speed=\"300\" data-cb-navigation=\"true\" data-cb-pagination=\"true\" data-cb-breakpoints=\"{&quot;768&quot;:{&quot;slidesPerView&quot;:5,&quot;slidesPerGroup&quot;:1}}\"><div class=\"swiper\"><div class=\"cb-wrapper swiper-wrapper\">\n<div class=\"wp-block-cb-slide-v2 cb-slide swiper-slide\">\n<figure class=\"wp-block-image size-full\"><img loading=\"lazy\" decoding=\"async\" width=\"238\" height=\"352\" src=\"https:\/\/www.dragonframe.com\/wp-content\/uploads\/2015\/09\/POSTER-PREP_0004_kubo-poster-8.jpg\" alt=\"\" class=\"wp-image-18734\" srcset=\"https:\/\/www.dragonframe.com\/wp-content\/uploads\/2015\/09\/POSTER-PREP_0004_kubo-poster-8.jpg 238w, https:\/\/www.dragonframe.com\/wp-content\/uploads\/2015\/09\/POSTER-PREP_0004_kubo-poster-8-203x300.jpg 203w, https:\/\/www.dragonframe.com\/wp-content\/uploads\/2015\/09\/POSTER-PREP_0004_kubo-poster-8-200x296.jpg 200w\" sizes=\"auto, (max-width: 238px) 100vw, 238px\" \/><\/figure>\n<\/div>\n\n\n\n<div class=\"wp-block-cb-slide-v2 cb-slide swiper-slide\">\n<figure class=\"wp-block-image size-full\"><img loading=\"lazy\" decoding=\"async\" width=\"237\" height=\"352\" src=\"https:\/\/www.dragonframe.com\/wp-content\/uploads\/2024\/11\/wallace-gromit-vengeance-most-fowl-poster.jpg\" alt=\"Wallace Gromit Vengeance La plupart des oiseaux\" class=\"wp-image-65901\" srcset=\"https:\/\/www.dragonframe.com\/wp-content\/uploads\/2024\/11\/wallace-gromit-vengeance-most-fowl-poster.jpg 237w, https:\/\/www.dragonframe.com\/wp-content\/uploads\/2024\/11\/wallace-gromit-vengeance-most-fowl-poster-202x300.jpg 202w, https:\/\/www.dragonframe.com\/wp-content\/uploads\/2024\/11\/wallace-gromit-vengeance-most-fowl-poster-8x12.jpg 8w, https:\/\/www.dragonframe.com\/wp-content\/uploads\/2024\/11\/wallace-gromit-vengeance-most-fowl-poster-200x297.jpg 200w\" sizes=\"auto, (max-width: 237px) 100vw, 237px\" \/><\/figure>\n<\/div>\n\n\n\n<div class=\"wp-block-cb-slide-v2 cb-slide swiper-slide\">\n<figure class=\"wp-block-image size-full\"><img loading=\"lazy\" decoding=\"async\" width=\"225\" height=\"352\" src=\"https:\/\/www.dragonframe.com\/wp-content\/uploads\/2024\/11\/memoir_of_a_snail_poster.jpg\" alt=\"M\u00e9moires d&#039;un escargot\" class=\"wp-image-65900\" srcset=\"https:\/\/www.dragonframe.com\/wp-content\/uploads\/2024\/11\/memoir_of_a_snail_poster.jpg 225w, https:\/\/www.dragonframe.com\/wp-content\/uploads\/2024\/11\/memoir_of_a_snail_poster-192x300.jpg 192w, https:\/\/www.dragonframe.com\/wp-content\/uploads\/2024\/11\/memoir_of_a_snail_poster-8x12.jpg 8w, https:\/\/www.dragonframe.com\/wp-content\/uploads\/2024\/11\/memoir_of_a_snail_poster-200x313.jpg 200w\" sizes=\"auto, (max-width: 225px) 100vw, 225px\" \/><\/figure>\n<\/div>\n\n\n\n<div class=\"wp-block-cb-slide-v2 cb-slide swiper-slide\">\n<figure class=\"wp-block-image size-full\"><img loading=\"lazy\" decoding=\"async\" width=\"237\" height=\"352\" src=\"https:\/\/www.dragonframe.com\/wp-content\/uploads\/2022\/10\/Poster_Pinocchio.jpg\" alt=\"\" class=\"wp-image-55292\" srcset=\"https:\/\/www.dragonframe.com\/wp-content\/uploads\/2022\/10\/Poster_Pinocchio.jpg 237w, https:\/\/www.dragonframe.com\/wp-content\/uploads\/2022\/10\/Poster_Pinocchio-202x300.jpg 202w, https:\/\/www.dragonframe.com\/wp-content\/uploads\/2022\/10\/Poster_Pinocchio-200x297.jpg 200w\" sizes=\"auto, (max-width: 237px) 100vw, 237px\" \/><\/figure>\n<\/div>\n\n\n\n<div class=\"wp-block-cb-slide-v2 cb-slide swiper-slide\">\n<figure class=\"wp-block-image size-full\"><img loading=\"lazy\" decoding=\"async\" width=\"225\" height=\"352\" src=\"https:\/\/www.dragonframe.com\/wp-content\/uploads\/2019\/03\/isleofdogsb.jpg\" alt=\"Affiche du film L&#039;\u00cele aux chiens\" class=\"wp-image-31971\" srcset=\"https:\/\/www.dragonframe.com\/wp-content\/uploads\/2019\/03\/isleofdogsb.jpg 225w, https:\/\/www.dragonframe.com\/wp-content\/uploads\/2019\/03\/isleofdogsb-192x300.jpg 192w, https:\/\/www.dragonframe.com\/wp-content\/uploads\/2019\/03\/isleofdogsb-200x313.jpg 200w\" sizes=\"auto, (max-width: 225px) 100vw, 225px\" \/><\/figure>\n<\/div>\n\n\n\n<div class=\"wp-block-cb-slide-v2 cb-slide swiper-slide\">\n<figure class=\"wp-block-image size-full\"><img loading=\"lazy\" decoding=\"async\" width=\"237\" height=\"353\" src=\"https:\/\/www.dragonframe.com\/wp-content\/uploads\/2022\/11\/wendell-wild.jpg\" alt=\"\" class=\"wp-image-55433\" srcset=\"https:\/\/www.dragonframe.com\/wp-content\/uploads\/2022\/11\/wendell-wild.jpg 237w, https:\/\/www.dragonframe.com\/wp-content\/uploads\/2022\/11\/wendell-wild-201x300.jpg 201w, https:\/\/www.dragonframe.com\/wp-content\/uploads\/2022\/11\/wendell-wild-200x298.jpg 200w\" sizes=\"auto, (max-width: 237px) 100vw, 237px\" \/><\/figure>\n<\/div>\n\n\n\n<div class=\"wp-block-cb-slide-v2 cb-slide swiper-slide\">\n<figure class=\"wp-block-image size-full\"><img loading=\"lazy\" decoding=\"async\" width=\"237\" height=\"352\" src=\"https:\/\/www.dragonframe.com\/wp-content\/uploads\/2019\/03\/laika_link_smallb.jpg\" alt=\"Affiche du film Missing Link\" class=\"wp-image-31972\" srcset=\"https:\/\/www.dragonframe.com\/wp-content\/uploads\/2019\/03\/laika_link_smallb.jpg 237w, https:\/\/www.dragonframe.com\/wp-content\/uploads\/2019\/03\/laika_link_smallb-202x300.jpg 202w, https:\/\/www.dragonframe.com\/wp-content\/uploads\/2019\/03\/laika_link_smallb-200x297.jpg 200w\" sizes=\"auto, (max-width: 237px) 100vw, 237px\" \/><\/figure>\n<\/div>\n\n\n\n<div class=\"wp-block-cb-slide-v2 cb-slide swiper-slide\">\n<figure class=\"wp-block-image size-full\"><img loading=\"lazy\" decoding=\"async\" width=\"237\" height=\"352\" src=\"https:\/\/www.dragonframe.com\/wp-content\/uploads\/2024\/01\/chick_run_dawn_nugget.jpg\" alt=\"\" class=\"wp-image-62167\" srcset=\"https:\/\/www.dragonframe.com\/wp-content\/uploads\/2024\/01\/chick_run_dawn_nugget.jpg 237w, https:\/\/www.dragonframe.com\/wp-content\/uploads\/2024\/01\/chick_run_dawn_nugget-202x300.jpg 202w, https:\/\/www.dragonframe.com\/wp-content\/uploads\/2024\/01\/chick_run_dawn_nugget-8x12.jpg 8w, https:\/\/www.dragonframe.com\/wp-content\/uploads\/2024\/01\/chick_run_dawn_nugget-200x297.jpg 200w\" sizes=\"auto, (max-width: 237px) 100vw, 237px\" \/><\/figure>\n<\/div>\n\n\n\n<div class=\"wp-block-cb-slide-v2 cb-slide swiper-slide\">\n<figure class=\"wp-block-image size-full\"><img loading=\"lazy\" decoding=\"async\" width=\"238\" height=\"352\" src=\"https:\/\/www.dragonframe.com\/wp-content\/uploads\/2015\/09\/POSTER-PREP_0008_Best_Movie_Posters_2015-6.jpg\" alt=\"\" class=\"wp-image-18738\" srcset=\"https:\/\/www.dragonframe.com\/wp-content\/uploads\/2015\/09\/POSTER-PREP_0008_Best_Movie_Posters_2015-6.jpg 238w, https:\/\/www.dragonframe.com\/wp-content\/uploads\/2015\/09\/POSTER-PREP_0008_Best_Movie_Posters_2015-6-203x300.jpg 203w, https:\/\/www.dragonframe.com\/wp-content\/uploads\/2015\/09\/POSTER-PREP_0008_Best_Movie_Posters_2015-6-200x296.jpg 200w\" sizes=\"auto, (max-width: 238px) 100vw, 238px\" \/><\/figure>\n<\/div>\n\n\n\n<div class=\"wp-block-cb-slide-v2 cb-slide swiper-slide\">\n<figure class=\"wp-block-image size-full\"><img loading=\"lazy\" decoding=\"async\" width=\"228\" height=\"352\" src=\"https:\/\/www.dragonframe.com\/wp-content\/uploads\/2019\/03\/early_man_ver3b.jpg\" alt=\"Affiche du film Early Man\" class=\"wp-image-31969\" srcset=\"https:\/\/www.dragonframe.com\/wp-content\/uploads\/2019\/03\/early_man_ver3b.jpg 228w, https:\/\/www.dragonframe.com\/wp-content\/uploads\/2019\/03\/early_man_ver3b-194x300.jpg 194w, https:\/\/www.dragonframe.com\/wp-content\/uploads\/2019\/03\/early_man_ver3b-200x309.jpg 200w\" sizes=\"auto, (max-width: 228px) 100vw, 228px\" \/><\/figure>\n<\/div>\n\n\n\n<div class=\"wp-block-cb-slide-v2 cb-slide swiper-slide\">\n<figure class=\"wp-block-image size-full\"><img loading=\"lazy\" decoding=\"async\" width=\"238\" height=\"352\" src=\"https:\/\/www.dragonframe.com\/wp-content\/uploads\/2019\/10\/shaun_farmageddon.jpg\" alt=\"\" class=\"wp-image-35847\" srcset=\"https:\/\/www.dragonframe.com\/wp-content\/uploads\/2019\/10\/shaun_farmageddon.jpg 238w, https:\/\/www.dragonframe.com\/wp-content\/uploads\/2019\/10\/shaun_farmageddon-203x300.jpg 203w, https:\/\/www.dragonframe.com\/wp-content\/uploads\/2019\/10\/shaun_farmageddon-200x296.jpg 200w\" sizes=\"auto, (max-width: 238px) 100vw, 238px\" \/><\/figure>\n<\/div>\n\n\n\n<div class=\"wp-block-cb-slide-v2 cb-slide swiper-slide\">\n<figure class=\"wp-block-image size-full\"><img loading=\"lazy\" decoding=\"async\" width=\"246\" height=\"352\" src=\"https:\/\/www.dragonframe.com\/wp-content\/uploads\/2019\/03\/loving_vincentb.jpg\" alt=\"Affiche du film Loving Vincent\" class=\"wp-image-31973\" srcset=\"https:\/\/www.dragonframe.com\/wp-content\/uploads\/2019\/03\/loving_vincentb.jpg 246w, https:\/\/www.dragonframe.com\/wp-content\/uploads\/2019\/03\/loving_vincentb-210x300.jpg 210w, https:\/\/www.dragonframe.com\/wp-content\/uploads\/2019\/03\/loving_vincentb-200x286.jpg 200w\" sizes=\"auto, (max-width: 246px) 100vw, 246px\" \/><\/figure>\n<\/div>\n\n\n\n<div class=\"wp-block-cb-slide-v2 cb-slide swiper-slide\">\n<figure class=\"wp-block-image size-full\"><img loading=\"lazy\" decoding=\"async\" width=\"238\" height=\"352\" src=\"https:\/\/www.dragonframe.com\/wp-content\/uploads\/2015\/09\/POSTER-PREP_0006_frankenweenie-poster-big.jpg\" alt=\"\" class=\"wp-image-18736\" srcset=\"https:\/\/www.dragonframe.com\/wp-content\/uploads\/2015\/09\/POSTER-PREP_0006_frankenweenie-poster-big.jpg 238w, https:\/\/www.dragonframe.com\/wp-content\/uploads\/2015\/09\/POSTER-PREP_0006_frankenweenie-poster-big-203x300.jpg 203w, https:\/\/www.dragonframe.com\/wp-content\/uploads\/2015\/09\/POSTER-PREP_0006_frankenweenie-poster-big-200x296.jpg 200w\" sizes=\"auto, (max-width: 238px) 100vw, 238px\" \/><\/figure>\n<\/div>\n\n\n\n<div class=\"wp-block-cb-slide-v2 cb-slide swiper-slide\">\n<figure class=\"wp-block-image size-full\"><img loading=\"lazy\" decoding=\"async\" width=\"238\" height=\"352\" src=\"https:\/\/www.dragonframe.com\/wp-content\/uploads\/2015\/09\/POSTER-PREP_0007_paranorman-poster02.jpg\" alt=\"\" class=\"wp-image-18737\" srcset=\"https:\/\/www.dragonframe.com\/wp-content\/uploads\/2015\/09\/POSTER-PREP_0007_paranorman-poster02.jpg 238w, https:\/\/www.dragonframe.com\/wp-content\/uploads\/2015\/09\/POSTER-PREP_0007_paranorman-poster02-203x300.jpg 203w, https:\/\/www.dragonframe.com\/wp-content\/uploads\/2015\/09\/POSTER-PREP_0007_paranorman-poster02-200x296.jpg 200w\" sizes=\"auto, (max-width: 238px) 100vw, 238px\" \/><\/figure>\n<\/div>\n\n\n\n<div class=\"wp-block-cb-slide-v2 cb-slide swiper-slide\">\n<figure class=\"wp-block-image size-full\"><img loading=\"lazy\" decoding=\"async\" width=\"238\" height=\"352\" src=\"https:\/\/www.dragonframe.com\/wp-content\/uploads\/2015\/09\/POSTER-PREP_0001_my-life-as-a-zucchini-poster.jpg\" alt=\"\" class=\"wp-image-18739\" srcset=\"https:\/\/www.dragonframe.com\/wp-content\/uploads\/2015\/09\/POSTER-PREP_0001_my-life-as-a-zucchini-poster.jpg 238w, https:\/\/www.dragonframe.com\/wp-content\/uploads\/2015\/09\/POSTER-PREP_0001_my-life-as-a-zucchini-poster-203x300.jpg 203w, https:\/\/www.dragonframe.com\/wp-content\/uploads\/2015\/09\/POSTER-PREP_0001_my-life-as-a-zucchini-poster-200x296.jpg 200w\" sizes=\"auto, (max-width: 238px) 100vw, 238px\" \/><\/figure>\n<\/div>\n\n\n\n<div class=\"wp-block-cb-slide-v2 cb-slide swiper-slide\">\n<figure class=\"wp-block-image size-full\"><img loading=\"lazy\" decoding=\"async\" width=\"238\" height=\"352\" src=\"https:\/\/www.dragonframe.com\/wp-content\/uploads\/2015\/09\/POSTER-PREP_0002_boxtrolls.jpg\" alt=\"\" class=\"wp-image-18740\" srcset=\"https:\/\/www.dragonframe.com\/wp-content\/uploads\/2015\/09\/POSTER-PREP_0002_boxtrolls.jpg 238w, https:\/\/www.dragonframe.com\/wp-content\/uploads\/2015\/09\/POSTER-PREP_0002_boxtrolls-203x300.jpg 203w, https:\/\/www.dragonframe.com\/wp-content\/uploads\/2015\/09\/POSTER-PREP_0002_boxtrolls-200x296.jpg 200w\" sizes=\"auto, (max-width: 238px) 100vw, 238px\" \/><\/figure>\n<\/div>\n\n\n\n<div class=\"wp-block-cb-slide-v2 cb-slide swiper-slide\">\n<figure class=\"wp-block-image size-full\"><img loading=\"lazy\" decoding=\"async\" width=\"238\" height=\"352\" src=\"https:\/\/www.dragonframe.com\/wp-content\/uploads\/2015\/09\/POSTER-PREP_0000_anomalisa_ver2-1.jpg\" alt=\"\" class=\"wp-image-18856\" srcset=\"https:\/\/www.dragonframe.com\/wp-content\/uploads\/2015\/09\/POSTER-PREP_0000_anomalisa_ver2-1.jpg 238w, https:\/\/www.dragonframe.com\/wp-content\/uploads\/2015\/09\/POSTER-PREP_0000_anomalisa_ver2-1-203x300.jpg 203w, https:\/\/www.dragonframe.com\/wp-content\/uploads\/2015\/09\/POSTER-PREP_0000_anomalisa_ver2-1-200x296.jpg 200w\" sizes=\"auto, (max-width: 238px) 100vw, 238px\" \/><\/figure>\n<\/div>\n\n\n\n<div class=\"wp-block-cb-slide-v2 cb-slide swiper-slide\">\n<figure class=\"wp-block-image size-full\"><img loading=\"lazy\" decoding=\"async\" width=\"238\" height=\"352\" src=\"https:\/\/www.dragonframe.com\/wp-content\/uploads\/2015\/09\/POSTER-PREP_0003_the-flying-machine-movie-poster-2010-1020678411.jpg\" alt=\"\" class=\"wp-image-18741\" srcset=\"https:\/\/www.dragonframe.com\/wp-content\/uploads\/2015\/09\/POSTER-PREP_0003_the-flying-machine-movie-poster-2010-1020678411.jpg 238w, https:\/\/www.dragonframe.com\/wp-content\/uploads\/2015\/09\/POSTER-PREP_0003_the-flying-machine-movie-poster-2010-1020678411-203x300.jpg 203w, https:\/\/www.dragonframe.com\/wp-content\/uploads\/2015\/09\/POSTER-PREP_0003_the-flying-machine-movie-poster-2010-1020678411-200x296.jpg 200w\" sizes=\"auto, (max-width: 238px) 100vw, 238px\" \/><\/figure>\n<\/div>\n\n\n\n<div class=\"wp-block-cb-slide-v2 cb-slide swiper-slide\">\n<figure class=\"wp-block-image size-full\"><img loading=\"lazy\" decoding=\"async\" width=\"238\" height=\"352\" src=\"https:\/\/www.dragonframe.com\/wp-content\/uploads\/2015\/09\/POSTER-PREP_0005_shaunthesheepmoviearticle.jpg\" alt=\"\" class=\"wp-image-18735\" srcset=\"https:\/\/www.dragonframe.com\/wp-content\/uploads\/2015\/09\/POSTER-PREP_0005_shaunthesheepmoviearticle.jpg 238w, https:\/\/www.dragonframe.com\/wp-content\/uploads\/2015\/09\/POSTER-PREP_0005_shaunthesheepmoviearticle-203x300.jpg 203w, https:\/\/www.dragonframe.com\/wp-content\/uploads\/2015\/09\/POSTER-PREP_0005_shaunthesheepmoviearticle-200x296.jpg 200w\" sizes=\"auto, (max-width: 238px) 100vw, 238px\" \/><\/figure>\n<\/div>\n\n\n\n<div class=\"wp-block-cb-slide-v2 cb-slide swiper-slide\">\n<figure class=\"wp-block-image size-full\"><img loading=\"lazy\" decoding=\"async\" width=\"238\" height=\"352\" src=\"https:\/\/www.dragonframe.com\/wp-content\/uploads\/2022\/11\/oapostolo.jpg\" alt=\"\" class=\"wp-image-55600\" srcset=\"https:\/\/www.dragonframe.com\/wp-content\/uploads\/2022\/11\/oapostolo.jpg 238w, https:\/\/www.dragonframe.com\/wp-content\/uploads\/2022\/11\/oapostolo-203x300.jpg 203w, https:\/\/www.dragonframe.com\/wp-content\/uploads\/2022\/11\/oapostolo-200x296.jpg 200w\" sizes=\"auto, (max-width: 238px) 100vw, 238px\" \/><\/figure>\n<\/div>\n<\/div><\/div><div class=\"cb-pagination swiper-pagination\"><\/div><div class=\"cb-button-prev swiper-button-prev\"><\/div><div class=\"cb-button-next swiper-button-next\"><\/div><\/div>\n<\/div><\/div>","protected":false},"excerpt":{"rendered":"<p>L&#039;interface indispensable pour l&#039;animation image par image\u00a0: la DRAGONFRAME est la r\u00e9f\u00e9rence du secteur en mati\u00e8re de logiciels d&#039;animation image par image. D\u00e9couvrez pourquoi elle est pl\u00e9biscit\u00e9e par les grands studios de cin\u00e9ma et les cin\u00e9astes ind\u00e9pendants. Introduction\u00a0; Options de cam\u00e9ra\u00a0; Fonctionnalit\u00e9s de la DRAGONFRAME\u00a0; Manette DRAGONFRAME\u00a0; Connectivit\u00e9 Bluetooth et USB\u00a0; Bo\u00eetier antichoc\u00a0; Pr\u00e9sentation\u00a0: La Fille qui pleurait des perles \u2013 Chris Lavis et Maciek\u2026 <a title=\"Logiciel de stop motion \u2013 macOS\/Windows\/Linux\" class=\"read-more\" href=\"https:\/\/www.dragonframe.com\/fr\/\" aria-label=\"En savoir plus sur Stop Motion Software \u2013 macOS\/Windows\/Linux\">En savoir plus<\/a><\/p>","protected":false},"author":2,"featured_media":0,"parent":0,"menu_order":0,"comment_status":"closed","ping_status":"closed","template":"","meta":{"footnotes":""},"class_list":{"0":"post-16572","1":"page","2":"type-page","3":"status-publish","5":"no-featured-image-padding"},"_links":{"self":[{"href":"https:\/\/www.dragonframe.com\/fr\/wp-json\/wp\/v2\/pages\/16572","targetHints":{"allow":["GET"]}}],"collection":[{"href":"https:\/\/www.dragonframe.com\/fr\/wp-json\/wp\/v2\/pages"}],"about":[{"href":"https:\/\/www.dragonframe.com\/fr\/wp-json\/wp\/v2\/types\/page"}],"author":[{"embeddable":true,"href":"https:\/\/www.dragonframe.com\/fr\/wp-json\/wp\/v2\/users\/2"}],"replies":[{"embeddable":true,"href":"https:\/\/www.dragonframe.com\/fr\/wp-json\/wp\/v2\/comments?post=16572"}],"version-history":[{"count":11,"href":"https:\/\/www.dragonframe.com\/fr\/wp-json\/wp\/v2\/pages\/16572\/revisions"}],"predecessor-version":[{"id":72446,"href":"https:\/\/www.dragonframe.com\/fr\/wp-json\/wp\/v2\/pages\/16572\/revisions\/72446"}],"wp:attachment":[{"href":"https:\/\/www.dragonframe.com\/fr\/wp-json\/wp\/v2\/media?parent=16572"}],"curies":[{"name":"wp","href":"https:\/\/api.w.org\/{rel}","templated":true}]}}