{"id":64274,"date":"2024-06-28T12:47:17","date_gmt":"2024-06-28T19:47:17","guid":{"rendered":"https:\/\/www.dragonframe.com\/?post_type=product&#038;p=64274"},"modified":"2024-06-28T12:51:02","modified_gmt":"2024-06-28T19:51:02","slug":"general-lift-junior","status":"publish","type":"product","link":"https:\/\/www.dragonframe.com\/es\/product\/general-lift-junior\/","title":{"rendered":"Ascensor General \u2013 Junior"},"content":{"rendered":"","protected":false},"excerpt":{"rendered":"<p>General Lift ha trabajado en el negocio del cine y las pel\u00edculas comerciales durante m\u00e1s de 30 a\u00f1os.<\/p>\n<p>Junior fue dise\u00f1ado como un sistema de control de movimiento Stop Motion Animation vers\u00e1til, f\u00e1cil de mover y configurable de formato m\u00e1s peque\u00f1o en comparaci\u00f3n con Senior Rig.<\/p>\n<p>Dise\u00f1ado como un factor de forma &quot;todo en uno&quot;, Junior se puede llevar al set y luego dejarse caer para estar listo para disparar.<\/p>\n<p>Tiene siete ejes de movimiento: seguimiento, giro de la pluma, elevaci\u00f3n de la pluma, giro, inclinaci\u00f3n y balanceo m\u00e1s enfoque.<\/p>\n<p>Caracter\u00edsticas:<\/p>\n<ol>\n<li>Junior est\u00e1 construido con el sistema montado sobre una robusta pieza soldada de acero con ruedas de alta resistencia para colocarse en posici\u00f3n en su conjunto.<\/li>\n<li>Los pies niveladores est\u00e1n ubicados en las cuatro esquinas para posicionar con precisi\u00f3n a Junior en una configuraci\u00f3n muy estable y nivelada.<\/li>\n<li>En virtud de su tama\u00f1o y movilidad, Junior se puede introducir o sacar f\u00e1cilmente con ruedas para permitir que una sola persona pueda montarlo de nuevo.<\/li>\n<\/ol>","protected":false},"featured_media":64276,"template":"","meta":[],"product_brand":[],"product_cat":[372],"product_tag":[],"class_list":{"0":"post-64274","1":"product","2":"type-product","3":"status-publish","4":"has-post-thumbnail","6":"product_cat-dragonframe-hardware","7":"no-featured-image-padding","8":"","9":"woocommerce-text-align-center","10":"woocommerce-image-align-center","11":"do-quantity-buttons","13":"first","14":"instock","15":"taxable","16":"shipping-taxable","17":"product-type-external"},"bundled_by":[],"bundle_stock_status":"instock","bundle_stock_quantity":null,"bundle_virtual":false,"bundle_layout":"","bundle_add_to_cart_form_location":"","bundle_editable_in_cart":false,"bundle_sold_individually_context":"","bundle_item_grouping":"","bundle_min_size":"","bundle_max_size":"","bundle_price":[],"bundled_items":[],"bundle_sell_ids":[],"exclude_global_add_ons":[],"addons":[],"_links":{"self":[{"href":"https:\/\/www.dragonframe.com\/es\/wp-json\/wp\/v2\/product\/64274","targetHints":{"allow":["GET"]}}],"collection":[{"href":"https:\/\/www.dragonframe.com\/es\/wp-json\/wp\/v2\/product"}],"about":[{"href":"https:\/\/www.dragonframe.com\/es\/wp-json\/wp\/v2\/types\/product"}],"wp:featuredmedia":[{"embeddable":true,"href":"https:\/\/www.dragonframe.com\/es\/wp-json\/wp\/v2\/media\/64276"}],"wp:attachment":[{"href":"https:\/\/www.dragonframe.com\/es\/wp-json\/wp\/v2\/media?parent=64274"}],"wp:term":[{"taxonomy":"product_brand","embeddable":true,"href":"https:\/\/www.dragonframe.com\/es\/wp-json\/wp\/v2\/product_brand?post=64274"},{"taxonomy":"product_cat","embeddable":true,"href":"https:\/\/www.dragonframe.com\/es\/wp-json\/wp\/v2\/product_cat?post=64274"},{"taxonomy":"product_tag","embeddable":true,"href":"https:\/\/www.dragonframe.com\/es\/wp-json\/wp\/v2\/product_tag?post=64274"}],"curies":[{"name":"palabra clave","href":"https:\/\/api.w.org\/{rel}","templated":true}]}}