{"id":49964,"date":"2021-12-02T13:59:15","date_gmt":"2021-12-02T21:59:15","guid":{"rendered":"https:\/\/www.dragonframe.com\/?post_type=product&#038;p=49964"},"modified":"2026-04-20T15:06:04","modified_gmt":"2026-04-20T22:06:04","slug":"dmc-32","status":"publish","type":"product","link":"https:\/\/www.dragonframe.com\/es\/product\/dmc-32\/","title":{"rendered":"DMC-32"},"content":{"rendered":"<div class=\"fusion-clearfix\"><\/div>\n<div data-post-id=\"49969\" class=\"insert-page insert-page-49969\">\n<div class=\"productSectionTitleBox\" style=\"margin-top: 20px;\">\n<h1>Dragonframe <span class=\"white\">Controlador maestro<\/span><\/h1>\n<\/div>\n\n\n\n<div class=\"wp-block-columns is-layout-flex wp-container-core-columns-is-layout-9d6595d7 wp-block-columns-is-layout-flex\">\n<div class=\"wp-block-column is-layout-flow wp-block-column-is-layout-flow\" style=\"flex-basis:66.66%\">\n<h3 style=\"margin-top: 20px;\">Caracter\u00edsticas<\/h3>\n<ul>\n \t<li>32 canales de se\u00f1ales de paso\/direcci\u00f3n para uso con controladores de motor paso a paso.<\/li>\n \t<li>Velocidad m\u00e1xima de pulso de paso de 200.000 pasos\/segundo (200 kHz).<\/li>\n \t<li>16 jacks RJ45 con salidas diferenciales y no diferenciales para paso y direcci\u00f3n.<\/li>\n \t<li>Una salida de paso\/direcci\u00f3n DB37 compatible con Kuper (no diferencial).<\/li>\n \t<li>16 entradas de interruptor de l\u00edmite en DB25. (8 juegos de l\u00edmites alto y bajo para los motores 1-8).<\/li>\n \t<li>Un disparador de c\u00e1mara con salidas separadas de medici\u00f3n y obturador.<\/li>\n \t<li>Una salida DMX512 para controlar hasta 512 luces.<\/li>\n \t<li>Entrada de c\u00f3digo de tiempo (LTC\/Linear Timecode) sobre conector BNC, para pases en vivo repetibles.<\/li>\n \t<li>Disparadores de E\/S para interconectar DMC-32\/Dragonframe con otro dispositivo externo.<\/li>\n \t<li>Incluye un rel\u00e9, dos salidas de nivel l\u00f3gico, una entrada de interruptor y una entrada de parada de emergencia.<\/li>\n \t<li>Voltaje de entrada: 115 VAC a 230 VAC.<\/li>\n<\/ul>\n<h3>Especificaciones f\u00edsicas<\/h3>\n<ul>\n \t<li>Gabinete montable en rack 1U<\/li>\n \t<li>Dimensiones: 19\u2033 de ancho x 1.719\u2033 de alto x 10\u2033 de profundidad<\/li>\n \t<li>Peso: 6.5 libras<\/li>\n<\/ul>\n<h3>El paquete incluye<\/h3>\n<ul>\n \t<li>Cable de alimentaci\u00f3n de su elecci\u00f3n: EE. UU.\/RU\/UE\/Ninguno.<\/li>\n \t<li>Cable USB (6\u2032 de longitud).<\/li>\n \t<li>Pies de goma para uso de escritorio.<\/li>\n<\/ul>\n<h3>Preguntas frecuentes:<\/h3>\n<p><strong>P: <\/strong>\u00bfCu\u00e1l es la diferencia entre el DMC-32 y el uso de un Arduino para control de movimiento? \u00bfPor qu\u00e9 pagar\u00eda mucho m\u00e1s por la DMC-32?<\/p>\n\n<p><strong>A: <\/strong>El Arduino (con Dragonframe y nuestro boceto DFMoco) es una gran herramienta para el control de movimiento en stop motion y time-lapse, pero es muy b\u00e1sico. Tiene una velocidad m\u00e1xima del motor de 20.000 pasos\/segundo, con aceleraci\u00f3n\/desaceleraci\u00f3n bastante gruesa. La DMC-32 es diez veces m\u00e1s r\u00e1pida, con una aceleraci\u00f3n y desaceleraci\u00f3n m\u00e1s suaves. El Arduino proporciona capacidades b\u00e1sicas de disparo, movimiento y disparo, mientras que el DMC-32 puede ejecutar movimientos a toda velocidad. El DMC-32 tambi\u00e9n proporciona activadores y capacidades de iluminaci\u00f3n DMX completas.<\/p>\n\n<p><strong>P: <\/strong>\u00bfEl DMC-32 incluye controladores de motor paso a paso con alimentaci\u00f3n?<\/p>\n\n<p><strong>A: <\/strong>No. Proporciona se\u00f1ales de paso y direcci\u00f3n. Necesita usar controladores separados, como los de <a href=\"https:\/\/www.geckodrive.com\/g201x-digital-step-drive.html\" target=\"dframe\" rel=\"noopener noreferrer\">Geckodrive<\/a>.<\/p>\n\n<p><strong>P: <\/strong>\u00bfEn qu\u00e9 se diferencia la DMC-32 de la DMC-16?<\/p>\n\n<p><strong>A: <\/strong>El DMC-32 puede emitir 32 se\u00f1ales de motor de paso\/direcci\u00f3n diferentes a la vez. El DB37 en la DMC-32 emite los canales 17-32 en lugar de repetir 1-16. La DMC-32 tiene una entrada BNC LTC, para sincronizaci\u00f3n de acci\u00f3n en vivo.<\/p>\n\n<p><strong>P: <\/strong>\u00bfEs el DMC-32 genlockable?<\/p>\n\n<p><strong>A: <\/strong>Toma el c\u00f3digo de tiempo LTC. Si usa un generador de se\u00f1al que emite tanto genlock como LTC (como el Atomos Ultrasync One), puede enviar LTC a la DMC-32 y genlock a una c\u00e1mara, y se sincronizar\u00e1n.<\/p>\n\n<p><strong>P: <\/strong>\u00bfEs la DMC-32 tan asombrosamente asombrosa como parece ser?<\/p>\n\n<p><strong>A: <\/strong>S\u00ed, lo es.<\/p>\n<\/div>\n\n\n\n<div class=\"wp-block-column is-layout-flow wp-block-column-is-layout-flow\" style=\"flex-basis:33.33%\">\n<h3 style=\"margin-top: 20px;\">Recursos<\/h3>\n<p>Puede encontrar m\u00e1s especificaciones t\u00e9cnicas, precauciones de seguridad y diagramas de cableado en la gu\u00eda del usuario:<\/p>\n\n<p><a href=\"\/download\/DMC32-1.3.pdf\">Gu\u00eda del usuario de DMC-32<\/a><\/p>\n\n<p>Garant\u00eda de hardware:<\/p>\n\n<p><a href=\"\/es\/descargar\/DZEDLimitedWarranty-2yr.pdf\/\">Garant\u00eda limitada DZED: 2 a\u00f1os<\/a><\/p>\n\n<p>Preguntas frecuentes adicionales:<\/p>\n\n<p><a href=\"\/es\/faq\/#_ewd-ufaq-faq-category-motion-control\">Preguntas frecuentes sobre el control de movimiento<\/a><\/p>\n\n<\/div>\n<\/div>\n<\/div>","protected":false},"excerpt":{"rendered":"<p>El DMC-32 (controlador maestro Dragonframe) es un coordinador de control de movimiento de 32 ejes para usar con el software Dragonframe.<\/p>\n<p>Proporciona 32 canales de se\u00f1ales de direcci\u00f3n y paso totalmente sincronizados a velocidades de hasta 200 kHz, un disparador de c\u00e1mara, control de iluminaci\u00f3n DMX512, entradas de interruptor de l\u00edmite y un conjunto de disparadores para interactuar con un dispositivo externo.<\/p>\n<p>El DMC-32 es la pr\u00f3xima generaci\u00f3n de nuestro producto DMC-16. Aqu\u00ed est\u00e1n las principales diferencias:<\/p>\n<ul>\n<li>Emite 32 canales en lugar de 16. (El DB37 transporta los canales 17-32 en lugar de repetir 1-16).<\/li>\n<li>Alimentado por el procesador Zynq 7Z020 mejorado (en lugar de DE0-Nano).<\/li>\n<li>Entrada LTC para pases de acci\u00f3n en vivo perfectamente sincronizados y repetibles.<\/li>\n<li>Ventilador integrado para control de temperatura.<\/li>\n<li>Utiliza una entrada TRS de 3,5 mm (miniconector de auriculares est\u00e9reo) para el obturador\/medidor de la c\u00e1mara en lugar de XLR.<\/li>\n<\/ul>","protected":false},"featured_media":61499,"template":"","meta":[],"product_brand":[],"product_cat":[372],"product_tag":[],"class_list":{"0":"post-49964","1":"product","2":"type-product","3":"status-publish","4":"has-post-thumbnail","6":"product_cat-dragonframe-hardware","7":"no-featured-image-padding","8":"","9":"woocommerce-text-align-center","10":"woocommerce-image-align-center","11":"do-quantity-buttons","13":"first","14":"instock","15":"taxable","16":"shipping-taxable","17":"purchasable","18":"product-type-simple"},"bundled_by":[],"bundle_stock_status":"instock","bundle_stock_quantity":10,"bundle_virtual":false,"bundle_layout":"","bundle_add_to_cart_form_location":"","bundle_editable_in_cart":false,"bundle_sold_individually_context":"","bundle_item_grouping":"","bundle_min_size":"","bundle_max_size":"","bundle_price":[],"bundled_items":[],"bundle_sell_ids":[],"exclude_global_add_ons":true,"addons":[{"name":"Cable de alimentaci\u00f3n","type":"multiple_choice","position":0,"required":true,"title_format":"label","default":"0","description_enable":false,"description":"","placeholder_enable":false,"placeholder":"","display":"select","restrictions_type":"any_text","adjust_price":false,"price":"","price_type":"flat_fee","restrictions":false,"min":"0","max":"0","options":[{"label":"US (Type B)","price":"","price_type":"flat_fee","image":0,"visibility":true},{"label":"UK (Type G)","price":"","price_type":"flat_fee","image":0,"visibility":true},{"label":"EU (Type C)","price":"","price_type":"flat_fee","image":0,"visibility":true},{"label":"None","price":"","price_type":"flat_fee","image":0,"visibility":true}],"id":1701432188}],"_links":{"self":[{"href":"https:\/\/www.dragonframe.com\/es\/wp-json\/wp\/v2\/product\/49964","targetHints":{"allow":["GET"]}}],"collection":[{"href":"https:\/\/www.dragonframe.com\/es\/wp-json\/wp\/v2\/product"}],"about":[{"href":"https:\/\/www.dragonframe.com\/es\/wp-json\/wp\/v2\/types\/product"}],"wp:featuredmedia":[{"embeddable":true,"href":"https:\/\/www.dragonframe.com\/es\/wp-json\/wp\/v2\/media\/61499"}],"wp:attachment":[{"href":"https:\/\/www.dragonframe.com\/es\/wp-json\/wp\/v2\/media?parent=49964"}],"wp:term":[{"taxonomy":"product_brand","embeddable":true,"href":"https:\/\/www.dragonframe.com\/es\/wp-json\/wp\/v2\/product_brand?post=49964"},{"taxonomy":"product_cat","embeddable":true,"href":"https:\/\/www.dragonframe.com\/es\/wp-json\/wp\/v2\/product_cat?post=49964"},{"taxonomy":"product_tag","embeddable":true,"href":"https:\/\/www.dragonframe.com\/es\/wp-json\/wp\/v2\/product_tag?post=49964"}],"curies":[{"name":"palabra clave","href":"https:\/\/api.w.org\/{rel}","templated":true}]}}