{"id":45988,"date":"2021-05-15T17:05:50","date_gmt":"2021-05-16T00:05:50","guid":{"rendered":"https:\/\/www.dragonframe.com\/?post_type=product&#038;p=45988"},"modified":"2025-10-28T08:42:52","modified_gmt":"2025-10-28T15:42:52","slug":"zdmc-plus-upgrade-card","status":"publish","type":"product","link":"https:\/\/www.dragonframe.com\/es\/product\/zdmc-plus-upgrade-card\/","title":{"rendered":"Tarjeta de actualizaci\u00f3n zDMC+"},"content":{"rendered":"","protected":false},"excerpt":{"rendered":"<p>Este producto actualiza su DMC+ existente con nuestra placa secundaria mejorada o &quot;cerebro&quot;.<\/p>\n<p>El nuevo cerebro es un Z-Turn 7Z020. Es m\u00e1s r\u00e1pido y fiable y nos permitir\u00e1 mejorar la funcionalidad de DMC.<br \/>\nPor ejemplo, el zDMC+ es compatible con la nueva funcionalidad de &quot;punto de mira&quot; en Dragonframe 5 y tambi\u00e9n con el acoplamiento de motores (accionando dos motores juntos).<\/p>\n<p>En nuestra gu\u00eda del usuario y en otros lugares, nos referiremos a su DMC+ actualizado como \u201czDMC+\u201d.<\/p>\n<p>El firmware para dispositivos actualizados comenzar\u00e1 con &quot;zDMC&quot;.<\/p>\n<p>Estas son las instrucciones para reemplazar la placa secundaria DE0-Nano en su DMC+ con una nueva placa Z-Turn:<br \/>\n<a href=\"\/download\/DMCPlus-ZTurn.pdf\">DMCPlus-ZTurn.pdf<\/a><\/p>","protected":false},"featured_media":50246,"template":"","meta":[],"product_brand":[],"product_cat":[372],"product_tag":[],"class_list":{"0":"post-45988","1":"product","2":"type-product","3":"status-publish","4":"has-post-thumbnail","6":"product_cat-dragonframe-hardware","7":"no-featured-image-padding","8":"","9":"woocommerce-text-align-center","10":"woocommerce-image-align-center","11":"do-quantity-buttons","13":"first","14":"instock","15":"taxable","16":"shipping-taxable","17":"purchasable","18":"product-type-simple"},"bundled_by":[],"bundle_stock_status":"instock","bundle_stock_quantity":3,"bundle_virtual":false,"bundle_layout":"","bundle_add_to_cart_form_location":"","bundle_editable_in_cart":false,"bundle_sold_individually_context":"","bundle_item_grouping":"","bundle_min_size":"","bundle_max_size":"","bundle_price":[],"bundled_items":[],"bundle_sell_ids":[],"exclude_global_add_ons":[],"addons":[],"_links":{"self":[{"href":"https:\/\/www.dragonframe.com\/es\/wp-json\/wp\/v2\/product\/45988","targetHints":{"allow":["GET"]}}],"collection":[{"href":"https:\/\/www.dragonframe.com\/es\/wp-json\/wp\/v2\/product"}],"about":[{"href":"https:\/\/www.dragonframe.com\/es\/wp-json\/wp\/v2\/types\/product"}],"wp:featuredmedia":[{"embeddable":true,"href":"https:\/\/www.dragonframe.com\/es\/wp-json\/wp\/v2\/media\/50246"}],"wp:attachment":[{"href":"https:\/\/www.dragonframe.com\/es\/wp-json\/wp\/v2\/media?parent=45988"}],"wp:term":[{"taxonomy":"product_brand","embeddable":true,"href":"https:\/\/www.dragonframe.com\/es\/wp-json\/wp\/v2\/product_brand?post=45988"},{"taxonomy":"product_cat","embeddable":true,"href":"https:\/\/www.dragonframe.com\/es\/wp-json\/wp\/v2\/product_cat?post=45988"},{"taxonomy":"product_tag","embeddable":true,"href":"https:\/\/www.dragonframe.com\/es\/wp-json\/wp\/v2\/product_tag?post=45988"}],"curies":[{"name":"palabra clave","href":"https:\/\/api.w.org\/{rel}","templated":true}]}}