{"id":19666,"date":"2017-03-26T15:26:26","date_gmt":"2017-03-26T22:26:26","guid":{"rendered":"http:\/\/dev.dragonframe.com\/?post_type=product&#038;p=19666"},"modified":"2026-01-02T08:55:39","modified_gmt":"2026-01-02T16:55:39","slug":"ddmx-s2-upgrade-chip","status":"publish","type":"product","link":"https:\/\/www.dragonframe.com\/es\/product\/ddmx-s2-upgrade-chip\/","title":{"rendered":"Chip de actualizaci\u00f3n DDMX-S2"},"content":{"rendered":"","protected":false},"excerpt":{"rendered":"<p>Convierte su DDMX-S2 para que sea funcionalmente equivalente al DDMX-512.<\/p>\n<p>Si posee el DDMX-S2 y el Dragonframe 4 y desea acceder a 512 canales de iluminaci\u00f3n (en lugar de 99), puede actualizar el dispositivo con este chip.<\/p>\n<p>NOTA: Requiere que abra el DDMX-S2 y reemplace con cuidado un chip conectado. (\u00a1No es dificil!)<\/p>\n<h3 style=\"padding-top: 30px\">Recursos<\/h3>\n<p><a href=\"\/download\/DDMXS2UpgradeChipInstructions.pdf\">Gu\u00eda de instalaci\u00f3n del chip de actualizaci\u00f3n<\/a><\/p>","protected":false},"featured_media":20714,"template":"","meta":[],"product_brand":[],"product_cat":[372],"product_tag":[],"class_list":{"0":"post-19666","1":"product","2":"type-product","3":"status-publish","4":"has-post-thumbnail","6":"product_cat-dragonframe-hardware","7":"no-featured-image-padding","8":"","9":"woocommerce-text-align-center","10":"woocommerce-image-align-center","11":"do-quantity-buttons","13":"first","14":"instock","15":"taxable","16":"shipping-taxable","17":"purchasable","18":"product-type-simple"},"bundled_by":[],"bundle_stock_status":"instock","bundle_stock_quantity":25,"bundle_virtual":false,"bundle_layout":"","bundle_add_to_cart_form_location":"","bundle_editable_in_cart":false,"bundle_sold_individually_context":"","bundle_item_grouping":"","bundle_min_size":"","bundle_max_size":"","bundle_price":[],"bundled_items":[],"bundle_sell_ids":[],"exclude_global_add_ons":[],"addons":[],"_links":{"self":[{"href":"https:\/\/www.dragonframe.com\/es\/wp-json\/wp\/v2\/product\/19666","targetHints":{"allow":["GET"]}}],"collection":[{"href":"https:\/\/www.dragonframe.com\/es\/wp-json\/wp\/v2\/product"}],"about":[{"href":"https:\/\/www.dragonframe.com\/es\/wp-json\/wp\/v2\/types\/product"}],"wp:featuredmedia":[{"embeddable":true,"href":"https:\/\/www.dragonframe.com\/es\/wp-json\/wp\/v2\/media\/20714"}],"wp:attachment":[{"href":"https:\/\/www.dragonframe.com\/es\/wp-json\/wp\/v2\/media?parent=19666"}],"wp:term":[{"taxonomy":"product_brand","embeddable":true,"href":"https:\/\/www.dragonframe.com\/es\/wp-json\/wp\/v2\/product_brand?post=19666"},{"taxonomy":"product_cat","embeddable":true,"href":"https:\/\/www.dragonframe.com\/es\/wp-json\/wp\/v2\/product_cat?post=19666"},{"taxonomy":"product_tag","embeddable":true,"href":"https:\/\/www.dragonframe.com\/es\/wp-json\/wp\/v2\/product_tag?post=19666"}],"curies":[{"name":"palabra clave","href":"https:\/\/api.w.org\/{rel}","templated":true}]}}