{"id":19626,"date":"2017-03-25T14:12:35","date_gmt":"2017-03-25T21:12:35","guid":{"rendered":"http:\/\/dev.dragonframe.com\/product\/ddmx-s2\/"},"modified":"2024-03-22T11:47:07","modified_gmt":"2024-03-22T18:47:07","slug":"ddmx-s2","status":"publish","type":"product","link":"https:\/\/www.dragonframe.com\/es\/product\/ddmx-s2\/","title":{"rendered":"DDMX-S2"},"content":{"rendered":"<div data-post-id=\"19662\" class=\"insert-page insert-page-19662\">\n<div class=\"productSectionTitleBox\" style=\"margin-top:20px;\">\n<h1>DDMX-S2 <span class=\"white\">Control de iluminaci\u00f3n<\/span><\/h1>\n<\/div>\n\n\n\n<div class=\"wp-block-columns is-layout-flex wp-container-core-columns-is-layout-9d6595d7 wp-block-columns-is-layout-flex\">\n<div class=\"wp-block-column is-layout-flow wp-block-column-is-layout-flow\" style=\"flex-basis:66.66%\">\n<h3 style=\"margin-top: 20px;\">Descripci\u00f3n general<\/h3>\n<strong>\u00c9l <span data-scaytid=\"4\">DDMX-S2<\/span> es un dispositivo de hardware con el que se puede emparejar <span data-scayt_word=\"Dragonframe\" data-scaytid=\"5\">Dragonframe<\/span> a:<\/strong>\n<ul>\n \t<li>Automatice el encendido y apagado de una luz de trabajo (bash light).<\/li>\n \t<li>Automatice los pases de iluminaci\u00f3n de luz frontal\/luz trasera.<\/li>\n \t<li>Automatizar <span data-scayt_word=\"keyframe-based\" data-scaytid=\"7\">basado en fotogramas clave<\/span> programas de iluminaci\u00f3n para su escena.<\/li>\n \t<li>Active una c\u00e1mara RED, una c\u00e1mara de pel\u00edcula o una c\u00e1mara fija no compatible.<\/li>\n \t<li>Active un sistema de control de movimiento para la integraci\u00f3n disparar-mover-disparar.<\/li>\n \t<li>Desencadenar <span data-scayt_word=\"Dragonframe\" data-scaytid=\"6\">Dragonframe<\/span> de un sistema externo.<\/li>\n<\/ul>\n<h3>Iluminaci\u00f3n de control<\/h3>\n<p><span data-scayt_word=\"DMX512\" data-scaytid=\"8\">DMX512<\/span> (o <span data-scayt_word=\"DMX\" data-scaytid=\"9\">DMX<\/span>) es un protocolo est\u00e1ndar para controlar la iluminaci\u00f3n. Cuando se combina con uno o m\u00e1s <span data-scayt_word=\"DMX\" data-scaytid=\"10\">DMX<\/span> paquetes de atenuadores\/interruptores, puede controlar hasta 99 canales de luz diferentes.<\/p>\n<h3>Dispositivos de control<\/h3>\n<p>Interact\u00fae con dispositivos externos utilizando el interruptor de rel\u00e9 integrado, la entrada digital y la salida digital.<\/p>\n<h3>\u00bfQu\u00e9 m\u00e1s necesito?<\/h3>\n<p>\u00c9l <span data-scaytid=\"11\">DDMX-S2<\/span> interfaces <span data-scayt_word=\"Dragonframe\" data-scaytid=\"12\">Dragonframe<\/span> a uno o m\u00e1s <span data-scayt_word=\"DMX\" data-scaytid=\"13\">DMX<\/span> paquetes de atenuadores\/interruptores. Tendr\u00e1s que comprar un <span data-scayt_word=\"DMX\" data-scaytid=\"14\">DMX<\/span> Paquete de atenuadores\/interruptores para alimentar sus luces. Puedes encontrar varios <a href=\"http:\/\/www.amazon.com\/gp\/search?ie=UTF8&amp;keywords=dmx%20dimmer&amp;tag=drastomot-20&amp;index=mi&amp;linkCode=ur2&amp;camp=1789&amp;creative=9325\"><span data-scayt_word=\"DMX\" data-scaytid=\"15\">DMX<\/span> paquetes de dimmer<\/a> a <span data-scayt_word=\"Amazon.com\" data-scaytid=\"16\">amazon.com<\/span> . Aseg\u00farese de que el que elija pueda manejar los requisitos de energ\u00eda de sus luces.<\/p>\n<p>Tambi\u00e9n necesitar\u00e1s un cable. Debe utilizar un cable dise\u00f1ado para DMX, no un cable de micr\u00f3fono. Si usa un conector de 5 pines <span data-scayt_word=\"DMX\" data-scaytid=\"18\">DMX<\/span> regulador de intensidad, necesitar\u00e1 un adaptador de 5 pines a 3 pines.<\/p>\n<h2>Especificaciones t\u00e9cnicas<\/h2>\n<h3>Salidas<\/h3>\n<p>Para evitar cualquier posible da\u00f1o a la computadora host debido a perif\u00e9ricos mal conectados a tierra, todos <span data-scaytid=\"22\">DDMX-S2<\/span> las salidas y entradas est\u00e1n \u00f3pticamente aisladas del bus USB host. Los canales de E\/S &quot;flotan&quot; el\u00e9ctricamente en relaci\u00f3n con el USB, lo que minimiza la oportunidad de bucles de tierra.<\/p>\n<h3>Salida DMX<\/h3>\n<p><span data-scaytid=\"88\">DDMX-S2<\/span> apoya un <span data-scayt_word=\"USITT\" data-scaytid=\"33\">USITT<\/span> est\u00e1ndar <span data-scayt_word=\"DMX512\" data-scaytid=\"30\">DMX512<\/span> protocolo de salida. \u00c9l <span data-scaytid=\"28\">DDMX-S2<\/span> la salida controlar\u00e1 f\u00e1cilmente una terminaci\u00f3n de bus est\u00e1ndar de 120 ohmios. \u00c9l <span data-scayt_word=\"DMX\" data-scaytid=\"24\">DMX<\/span> El canal proporciona paquetes de 199 ranuras, con un <span data-scayt_word=\"50mS\" data-scaytid=\"35\">50mS<\/span> per\u00edodo entre paquetes. \u00c9l <span data-scayt_word=\"DMX\" data-scaytid=\"25\">DMX<\/span> El puerto suele estar equipado con un conector de 3 pines. <span data-scayt_word=\"XLR\" data-scaytid=\"31\">XLR<\/span> conector para una f\u00e1cil conexi\u00f3n al estilo &quot;entretenimiento&quot; <span data-scayt_word=\"DMX\" data-scaytid=\"26\">DMX<\/span> paquetes Para conectar <span data-scaytid=\"29\">DDMX-S2<\/span> a un <span data-scayt_word=\"USITT\" data-scaytid=\"34\">USITT<\/span> est\u00e1ndar de 5 pines <span data-scayt_word=\"XLR\" data-scaytid=\"32\">XLR<\/span> conector para usar con equipos de estilo &quot;profesional&quot;, use un adaptador est\u00e1ndar de 3 pines a 5 pines.<\/p>\n<h3>Rel\u00e9<\/h3>\n<p>El rel\u00e9 est\u00e1 dise\u00f1ado para cambiar se\u00f1ales de control de baja potencia, como presionar un bot\u00f3n, pero tambi\u00e9n puede cambiar peque\u00f1as cantidades de energ\u00eda. No excedas <span data-scayt_word=\"0.5A\" data-scaytid=\"36\">0.5A<\/span> @ <span data-scayt_word=\"24VDC\" data-scaytid=\"38\">24 VCC<\/span>, o <span data-scayt_word=\"0.25A\" data-scaytid=\"37\">0.25A<\/span> @ <span data-scayt_word=\"125VAC\" data-scaytid=\"39\">125 VCA<\/span>.<\/p>\n<h3>Salida L\u00f3gica<\/h3>\n<p>La salida l\u00f3gica es un est\u00e1ndar <span data-scayt_word=\"5V\" data-scaytid=\"40\">5V<\/span>, <span data-scayt_word=\"TTL\" data-scaytid=\"41\">TTL<\/span> nivel, se\u00f1al l\u00f3gica (relativa al terminal de tierra). La se\u00f1al se proporciona tanto en versiones activas altas como activas bajas. La carga m\u00e1xima es <span data-scayt_word=\"30mA\" data-scaytid=\"42\">30mA<\/span> en cada estado. Estas se\u00f1ales tambi\u00e9n se pueden utilizar como un par diferencial con una carga de terminaci\u00f3n superior a 220 ohmios.<\/p>\n<h3>Interruptor<\/h3>\n<p>El interruptor est\u00e1 dise\u00f1ado para detectar el cierre de un interruptor a tierra. Esta entrada tambi\u00e9n tomar\u00e1 un <span data-scayt_word=\"5V\" data-scaytid=\"43\">5V<\/span> <span data-scayt_word=\"TTL\" data-scaytid=\"45\">TTL<\/span> se\u00f1al de nivel. Tenga en cuenta que, de acuerdo con el cierre de un interruptor, la l\u00f3gica en este pin est\u00e1 activa en nivel bajo. Este pasador se tira internamente para <span data-scayt_word=\"5V\" data-scaytid=\"44\">5V<\/span> con un <span data-scayt_word=\"1Kohm\" data-scaytid=\"46\">1Kohm<\/span> resistente Al conducir este pin externamente, no exceda los 5 voltios.<\/p>\n<h3>Dimensiones F\u00edsicas<\/h3>\n<p>4.7\u2033 X 3.7\u2033 X 1.3\u2033 (<span data-scayt_word=\"12cm\" data-scaytid=\"50\">12cm<\/span> inc\u00f3gnita <span data-scayt_word=\"9cm\" data-scaytid=\"51\">9cm<\/span> inc\u00f3gnita <span data-scayt_word=\"3.5cm\" data-scaytid=\"47\">3,5 cm<\/span>). Peso: aproximadamente <span data-scayt_word=\"12oz\" data-scaytid=\"52\">12 onzas<\/span>. (<span data-scayt_word=\"340g\" data-scaytid=\"53\">340g<\/span>) con 5\u2032 (<span data-scayt_word=\"1.5m\" data-scaytid=\"48\">1,5 m<\/span>) Latiguillo USB tipo A. <span data-scaytid=\"49\">DDMX-S2<\/span> est\u00e1 construido de forma robusta, en una caja de aluminio fundido de 0,090\u2033 de espesor y pintado con una capa de polvo duro para sobrevivir a\u00f1os en un entorno de escenario hostil.<\/p>\n<h3>Poder<\/h3>\n<p><span data-scaytid=\"54\">DDMX-S2<\/span> es un perif\u00e9rico USB de &quot;alta corriente&quot;, que consume hasta <span data-scayt_word=\"220mA\" data-scaytid=\"56\">220mA<\/span> con todas las salidas activas y completamente cargadas. Como tal, debe conectarse directamente a un puerto de computadora o a un concentrador USB con alimentaci\u00f3n. Su fuente de alimentaci\u00f3n debe proporcionar al menos 4,5 voltios. <span data-scaytid=\"55\">DDMX-S2<\/span> no se debe enchufar en un <span data-scayt_word=\"unpowered\" data-scaytid=\"57\">sin energ\u00eda<\/span> concentrador USB. Los perif\u00e9ricos USB env\u00edan sus requisitos de alimentaci\u00f3n al sistema durante la inicializaci\u00f3n y <span data-scayt_word=\"unpowered\" data-scaytid=\"58\">sin energ\u00eda<\/span> Se supone que los concentradores deben rechazar los perif\u00e9ricos que no se identifiquen como de &quot;baja corriente&quot;, es decir, cualquier perif\u00e9rico que requiera m\u00e1s de <span data-scayt_word=\"100mA\" data-scaytid=\"59\">100mA<\/span>.<\/p>\n<\/div>\n\n\n\n<div class=\"wp-block-column is-layout-flow wp-block-column-is-layout-flow\" style=\"flex-basis:33.33%\">\n<h3 style=\"margin-top: 20px;\">Recursos<\/h3>\n<p>Gu\u00eda del usuario\n<br><a href=\"\/download\/DDMXS2v1.1.pdf\">Gu\u00eda del usuario de DDMX-S2<\/a>\n<\/p>\n<p>\nGarant\u00eda de hardware:\n<br><a href=\"\/es\/descargar\/DZEDLimitedWarranty-2yr.pdf\/\">Garant\u00eda limitada DZED: 2 a\u00f1os<\/a>\n<\/p>\n<p>\nPreguntas frecuentes adicionales:\n<br><a href=\"\/es\/faq\/#_ewd-ufaq-faq-category-dmx\">Preguntas frecuentes sobre DMX<\/a>\n<\/p>\n<\/div>\n<\/div>\n<\/div>","protected":false},"excerpt":{"rendered":"<div class=\"stockNote\">Ya no manejamos este producto. Elegir el <a href='\/es\/producto\/ddmx-512\/'>DDMX-512<\/a> en cambio.<\/div>\n<p>Automatice la iluminaci\u00f3n e interact\u00fae con dispositivos externos usando nuestro <b>DMX512<\/b> y controlador de E\/S digital. Programe la iluminaci\u00f3n de la escena\/exposici\u00f3n para obtener efectos avanzados y automatice la iluminaci\u00f3n de las fiestas con facilidad.<\/p>\n<p>El funcionamiento predeterminado del DDMX-S2 admite 99 canales, con salida especializada en los canales 101-199 y 201-299.<\/p>\n<p>Si ya posee el DDMX-S2 y desea actualizarlo para usar 512 canales con Dragonframe 4, compre el <a href=\"\/es\/producto\/ddmx-s2-upgrade-chip\/\">Chip de actualizaci\u00f3n DDMX-S2<\/a>.<\/p>\n<p>Este producto es adecuado para stop motion y time-lapse. Para capacidades DMX en tiempo real, necesita nuestro <a href='\/es\/producto\/dmc-16\/'>DMC-16<\/a> controlador en tiempo real.<\/p>","protected":false},"featured_media":19627,"template":"","meta":[],"product_brand":[],"product_cat":[372],"product_tag":[],"class_list":{"0":"post-19626","1":"product","2":"type-product","3":"status-publish","4":"has-post-thumbnail","6":"product_cat-dragonframe-hardware","7":"no-featured-image-padding","8":"","9":"woocommerce-text-align-center","10":"woocommerce-image-align-center","11":"do-quantity-buttons","13":"first","14":"outofstock","15":"taxable","16":"shipping-taxable","17":"purchasable","18":"product-type-simple"},"bundled_by":[],"bundle_stock_status":"outofstock","bundle_stock_quantity":0,"bundle_virtual":false,"bundle_layout":"","bundle_add_to_cart_form_location":"","bundle_editable_in_cart":false,"bundle_sold_individually_context":"","bundle_item_grouping":"","bundle_min_size":"","bundle_max_size":"","bundle_price":[],"bundled_items":[],"bundle_sell_ids":[],"exclude_global_add_ons":[],"addons":[],"_links":{"self":[{"href":"https:\/\/www.dragonframe.com\/es\/wp-json\/wp\/v2\/product\/19626","targetHints":{"allow":["GET"]}}],"collection":[{"href":"https:\/\/www.dragonframe.com\/es\/wp-json\/wp\/v2\/product"}],"about":[{"href":"https:\/\/www.dragonframe.com\/es\/wp-json\/wp\/v2\/types\/product"}],"wp:featuredmedia":[{"embeddable":true,"href":"https:\/\/www.dragonframe.com\/es\/wp-json\/wp\/v2\/media\/19627"}],"wp:attachment":[{"href":"https:\/\/www.dragonframe.com\/es\/wp-json\/wp\/v2\/media?parent=19626"}],"wp:term":[{"taxonomy":"product_brand","embeddable":true,"href":"https:\/\/www.dragonframe.com\/es\/wp-json\/wp\/v2\/product_brand?post=19626"},{"taxonomy":"product_cat","embeddable":true,"href":"https:\/\/www.dragonframe.com\/es\/wp-json\/wp\/v2\/product_cat?post=19626"},{"taxonomy":"product_tag","embeddable":true,"href":"https:\/\/www.dragonframe.com\/es\/wp-json\/wp\/v2\/product_tag?post=19626"}],"curies":[{"name":"palabra clave","href":"https:\/\/api.w.org\/{rel}","templated":true}]}}