{"id":18158,"date":"2017-02-06T11:31:22","date_gmt":"2017-02-06T19:31:22","guid":{"rendered":"http:\/\/dev.dragonframe.com\/?post_type=product&#038;p=18158"},"modified":"2024-03-22T11:47:07","modified_gmt":"2024-03-22T18:47:07","slug":"dmc-16","status":"publish","type":"product","link":"https:\/\/www.dragonframe.com\/es\/product\/dmc-16\/","title":{"rendered":"DMC-16 (descontinuado)"},"content":{"rendered":"<div class=\"fusion-clearfix\"><\/div>\n<div data-post-id=\"20195\" class=\"insert-page insert-page-20195\">\n<div class=\"productSectionTitleBox\" style=\"margin-top: 20px;\">\n<h1>Dragonframe <span class=\"white\">Controlador maestro<\/span><\/h1>\n<\/div>\n\n\n\n<div class=\"wp-block-columns is-layout-flex wp-container-core-columns-is-layout-9d6595d7 wp-block-columns-is-layout-flex\">\n<div class=\"wp-block-column is-layout-flow wp-block-column-is-layout-flow\" style=\"flex-basis:66.66%\">\n<h3 style=\"margin-top: 20px;\">Caracter\u00edsticas<\/h3>\n<ul>\n \t<li>16 canales de se\u00f1ales de paso\/direcci\u00f3n para uso con controladores de motor paso a paso.<\/li>\n \t<li>Velocidad m\u00e1xima de pulso de paso de 200.000 pasos\/segundo (200 kHz).<\/li>\n \t<li>16 jacks RJ45 con salidas diferenciales y no diferenciales para paso y direcci\u00f3n.<\/li>\n \t<li>Una salida de paso\/direcci\u00f3n DB37 compatible con Kuper\/Flair (no diferencial).<\/li>\n \t<li>16 entradas de interruptor de l\u00edmite en DB25. (8 juegos de l\u00edmites alto y bajo para los motores 1-8).<\/li>\n \t<li>Un disparador de c\u00e1mara con salidas separadas de medici\u00f3n y obturador.<\/li>\n \t<li>Una salida DMX512 para controlar hasta 512 luces.<\/li>\n \t<li>Activadores de E\/S para interconectar DMC-16\/Dragonframe con otro dispositivo externo.<\/li>\n \t<li>Incluye un rel\u00e9, una salida de nivel l\u00f3gico, una entrada de interruptor y una entrada de parada de emergencia.<\/li>\n \t<li>Voltaje de entrada: 115 VAC a 230 VAC.<\/li>\n<\/ul>\n<h3>Especificaciones f\u00edsicas<\/h3>\n<ul>\n \t<li>Gabinete montable en rack 1U<\/li>\n \t<li>Dimensiones: 17\u2033 de ancho x 1.719\u2033 de alto x 8\u2033 de profundidad<\/li>\n \t<li>Peso: 6.5 libras<\/li>\n<\/ul>\n<h3>El paquete incluye<\/h3>\n<ul>\n \t<li>Cable de alimentaci\u00f3n de su elecci\u00f3n: EE. UU.\/RU\/UE\/Ninguno.<\/li>\n \t<li>Cable USB (6\u2032 de longitud).<\/li>\n \t<li>Orejas de montaje en rack para montar en un rack.<\/li>\n \t<li>Pies de goma para uso de escritorio.<\/li>\n<\/ul>\n<h3>Preguntas frecuentes:<\/h3>\n<p><strong>P: <\/strong>\u00bfCu\u00e1l es la diferencia entre el DMC-16 y el uso de un Arduino para control de movimiento? \u00bfPor qu\u00e9 pagar\u00eda mucho m\u00e1s por el DMC-16?<\/p>\n\n<p><strong>A: <\/strong>El Arduino (con Dragonframe y nuestro boceto DFMoco) es una gran herramienta para el control de movimiento en stop motion y time-lapse, pero es muy b\u00e1sico. Tiene una velocidad m\u00e1xima del motor de 20.000 pasos\/segundo, con aceleraci\u00f3n\/desaceleraci\u00f3n bastante gruesa. El DMC-16 es diez veces m\u00e1s r\u00e1pido, lo que hace que la aceleraci\u00f3n y la desaceleraci\u00f3n sean m\u00e1s suaves. El Arduino proporciona capacidades b\u00e1sicas de disparo, movimiento y disparo, mientras que el DMC-16 puede ejecutar movimientos a toda velocidad. El DMC-16 tambi\u00e9n proporciona capacidades y activadores de iluminaci\u00f3n DMX completos.<p>\n\n<p><strong>P: <\/strong>\u00bfPuedo usar la DMC-16 con hardware Ditogear? \u00bfNecesito el Ditogear Dragonbridge?<p>\n\n<p><strong>A: <\/strong>El DMC-16 proporciona capacidades en tiempo real cuando se utiliza hardware Ditogear con Dragonframe. (Aseg\u00farese de comprar el <a href=\"https:\/\/ditogear.com\/store\/motion-controllers\/114-ditogear-dragonframe-dmc-16-adapter-5901750921605.html\">Adaptador DitoGear\u2122 DMC-16<\/a>.) Alternativamente, puede usar Ditogear Dragonbridge, que le brinda una funcionalidad disparar-mover-disparar similar a nuestra soluci\u00f3n Arduino DFMoco. No necesitas ambos.<p>\n\n<p><strong>P: <\/strong>\u00bfEl DMC-16 incluye controladores de motor paso a paso con alimentaci\u00f3n?<p>\n\n<p><strong>A: <\/strong>No. Proporciona se\u00f1ales de paso y direcci\u00f3n. Necesita usar controladores separados, como los de <a href=\"https:\/\/www.geckodrive.com\/g201x-digital-step-drive.html\" target=\"dframe\" rel=\"noopener noreferrer\">Geckodrive<\/a>.<p>\n\n<p><strong>P: <\/strong>\u00bfEs el DMC-16 genlockable?<p>\n\n<p><strong>A: <\/strong>No, no es.<p>\n\n<p><strong>P: <\/strong>\u00bfEs el DMC-16 tan asombrosamente asombroso como parece ser?<p>\n\n<p><strong>A: <\/strong>S\u00ed, lo es.<p>\n<\/div>\n\n\n\n<div class=\"wp-block-column is-layout-flow wp-block-column-is-layout-flow\" style=\"flex-basis:33.33%\">\n<h3 style=\"margin-top: 20px;\">Recursos<\/h3>\n<p>Puede encontrar m\u00e1s especificaciones t\u00e9cnicas, precauciones de seguridad y diagramas de cableado en la gu\u00eda del usuario:<\/p>\n\n<p><a href=\"\/download\/DMC16-1.6.pdf\">Gu\u00eda del usuario de DMC-16<\/a><\/p>\n\n<p>Garant\u00eda de hardware:<\/p>\n\n<p><a href=\"\/es\/descargar\/DZEDLimitedWarranty-2yr.pdf\/\">Garant\u00eda limitada DZED: 2 a\u00f1os<\/a><\/p>\n\n<p>Preguntas frecuentes adicionales:<\/p>\n\n<p><a href=\"\/es\/faq\/#_ewd-ufaq-faq-category-motion-control\">Preguntas frecuentes sobre el control de movimiento<\/a><\/p>\n\n<\/div>\n<\/div>\n\n\n\n<p><\/p>\n<\/div>","protected":false},"excerpt":{"rendered":"<p><strong>Interrumpido:<\/strong> Consulte nuestra versi\u00f3n mejorada de este producto, la <a href='\/es\/producto\/dmc-32\/'>DMC-32<\/a>.<\/p>\n<p>El DMC-16 (controlador maestro Dragonframe) es un coordinador de control de movimiento de 16 ejes para usar con el software Dragonframe.<\/p>\n<p>Proporciona diecis\u00e9is canales de se\u00f1ales de direcci\u00f3n y paso totalmente sincronizados a velocidades de hasta 200 kHz, un disparador de c\u00e1mara, control de iluminaci\u00f3n DMX512, entradas de interruptor de l\u00edmite y un conjunto de disparadores para interactuar con un dispositivo externo.<\/p>\n<p>Recientemente actualizado con un procesador Zynq 7Z020 para mejorar el rendimiento y la confiabilidad.<\/p>","protected":false},"featured_media":18215,"template":"","meta":[],"product_brand":[],"product_cat":[372],"product_tag":[],"class_list":{"0":"post-18158","1":"product","2":"type-product","3":"status-publish","4":"has-post-thumbnail","6":"product_cat-dragonframe-hardware","7":"no-featured-image-padding","8":"","9":"woocommerce-text-align-center","10":"woocommerce-image-align-center","11":"do-quantity-buttons","13":"first","14":"outofstock","15":"taxable","16":"shipping-taxable","17":"purchasable","18":"product-type-variable","19":"has-default-attributes"},"bundled_by":[],"bundle_stock_status":"outofstock","bundle_stock_quantity":0,"bundle_virtual":false,"bundle_layout":"","bundle_add_to_cart_form_location":"","bundle_editable_in_cart":false,"bundle_sold_individually_context":"","bundle_item_grouping":"","bundle_min_size":"","bundle_max_size":"","bundle_price":[],"bundled_items":[],"bundle_sell_ids":[],"exclude_global_add_ons":[],"addons":[],"_links":{"self":[{"href":"https:\/\/www.dragonframe.com\/es\/wp-json\/wp\/v2\/product\/18158","targetHints":{"allow":["GET"]}}],"collection":[{"href":"https:\/\/www.dragonframe.com\/es\/wp-json\/wp\/v2\/product"}],"about":[{"href":"https:\/\/www.dragonframe.com\/es\/wp-json\/wp\/v2\/types\/product"}],"wp:featuredmedia":[{"embeddable":true,"href":"https:\/\/www.dragonframe.com\/es\/wp-json\/wp\/v2\/media\/18215"}],"wp:attachment":[{"href":"https:\/\/www.dragonframe.com\/es\/wp-json\/wp\/v2\/media?parent=18158"}],"wp:term":[{"taxonomy":"product_brand","embeddable":true,"href":"https:\/\/www.dragonframe.com\/es\/wp-json\/wp\/v2\/product_brand?post=18158"},{"taxonomy":"product_cat","embeddable":true,"href":"https:\/\/www.dragonframe.com\/es\/wp-json\/wp\/v2\/product_cat?post=18158"},{"taxonomy":"product_tag","embeddable":true,"href":"https:\/\/www.dragonframe.com\/es\/wp-json\/wp\/v2\/product_tag?post=18158"}],"curies":[{"name":"palabra clave","href":"https:\/\/api.w.org\/{rel}","templated":true}]}}