{"id":18154,"date":"2017-02-06T09:19:04","date_gmt":"2017-02-06T17:19:04","guid":{"rendered":"http:\/\/dev.dragonframe.com\/?post_type=product&#038;p=18154"},"modified":"2026-04-05T11:14:08","modified_gmt":"2026-04-05T18:14:08","slug":"eos-live-view-correction-cap","status":"publish","type":"product","link":"https:\/\/www.dragonframe.com\/es\/product\/eos-live-view-correction-cap\/","title":{"rendered":"Tapa de correcci\u00f3n EOS Live View"},"content":{"rendered":"<div data-post-id=\"19654\" class=\"insert-page insert-page-19654\">\n<div class=\"productSectionTitleBox\">\n<h1>Vista en vivo de EOS <span class=\"white\">Tapa de correcci\u00f3n<\/span><\/h1>\n<\/div>\n\n\n\n<div class=\"wp-block-columns is-layout-flex wp-container-core-columns-is-layout-9d6595d7 wp-block-columns-is-layout-flex\">\n<div class=\"wp-block-column is-layout-flow wp-block-column-is-layout-flow\" style=\"flex-basis:66.66%\">\n<h3 style=\"padding-top: 20px;\">Acerca de la tapa de correcci\u00f3n EOS Live View<\/h3>\n<p>La tapa de correcci\u00f3n de EOS Live View est\u00e1 dise\u00f1ada para restablecer el nivel de vista previa de exposici\u00f3n de Live View en cuerpos de c\u00e1mara Canon EOS.<\/p>\n<h3>La cuesti\u00f3n<\/h3>\n<p>Muchas de las c\u00e1maras EOS tienen una configuraci\u00f3n llamada &quot;Simulaci\u00f3n de exposici\u00f3n&quot;. Esta configuraci\u00f3n est\u00e1 dise\u00f1ada para garantizar que el brillo de la imagen de Vista en vivo coincida con las fotos reales tomadas. Desafortunadamente, Canon deja caer la pelota con lentes no digitales. La c\u00e1mara realmente conoce la exposici\u00f3n correcta actual, por lo tanto, la capacidad de que la medici\u00f3n de la luz sea correcta, pero no se comunica correctamente con la &quot;Calculadora de vista previa de exposici\u00f3n de visualizaci\u00f3n en vivo&quot; interna. En cambio, el c\u00e1lculo interno est\u00e1 bloqueado, basado en la \u00faltima lente digital conectada a la c\u00e1mara.<\/p>\n<h3>La soluci\u00f3n<\/h3>\n<p>La tapa de correcci\u00f3n de visualizaci\u00f3n en vivo es una tapa de cuerpo EOS con un chip que imita muchas configuraciones en una lente digital Canon. Coloca la tapa en el cuerpo de la c\u00e1mara EOS y sigue nuestras instrucciones para &quot;poner a cero&quot; de manera efectiva la configuraci\u00f3n de f-stop congelada de la \u00faltima lente digital utilizada.<\/p>\n\n<p>Cuando quite la tapa, la vista previa de la exposici\u00f3n se configurar\u00e1 correctamente. La c\u00e1mara permanecer\u00e1 en cero y la Calculadora de vista previa de exposici\u00f3n interna funcionar\u00e1 correctamente, hasta que se conecte la siguiente lente digital a la c\u00e1mara.<\/p>\n\n<p>Los principales estudios actualmente est\u00e1n utilizando el l\u00edmite en sus producciones de largometrajes.<\/p>\n<\/div>\n\n\n\n<div class=\"wp-block-column is-layout-flow wp-block-column-is-layout-flow\" style=\"flex-basis:33.33%\">\n<div style=\"padding-top: 20px;\">\n<h3>Recursos<\/h3>\n<p>Instrucciones de la gorra EOS Live View:<\/p>\n\n<p><a href=\"\/download\/EOS_LIVE_VIEW_CAP.pdf\">EOS_LIVE_VIEW_CAP.pdf<\/a><\/p>\n\n<p>Garant\u00eda de hardware:<\/p>\n\n<p><a href=\"\/es\/descargar\/DZEDLimitedWarranty-2yr.pdf\/\">Garant\u00eda limitada DZED: 2 a\u00f1os<\/a><\/p>\n\n<\/div>\n<\/div>\n<\/div>\n<\/div>","protected":false},"excerpt":{"rendered":"<div style=\"padding-top: 30px\">\n<p>\u00c9l <strong>Tapa de correcci\u00f3n EOS Live View<\/strong> para Canon EOS DSLR corrige un problema de compatibilidad entre la c\u00e1mara y los lentes no digitales, lo que permite hacer coincidir la visualizaci\u00f3n en vivo con la exposici\u00f3n real de la c\u00e1mara.<\/p>\n<p>Esto est\u00e1 hecho para cuerpos de montura Canon EF\/EF-S.<br \/>\nNo es necesario para los cuerpos con montura Canon RF (sin espejo).<\/p>\n<p>Est\u00e1 hecho de aluminio anodizado y mecanizado.<\/p>\n<\/div>","protected":false},"featured_media":18393,"template":"","meta":[],"product_brand":[],"product_cat":[372],"product_tag":[],"class_list":{"0":"post-18154","1":"product","2":"type-product","3":"status-publish","4":"has-post-thumbnail","6":"product_cat-dragonframe-hardware","7":"no-featured-image-padding","8":"","9":"woocommerce-text-align-center","10":"woocommerce-image-align-center","11":"do-quantity-buttons","13":"first","14":"instock","15":"taxable","16":"shipping-taxable","17":"purchasable","18":"product-type-simple"},"bundled_by":[],"bundle_stock_status":"instock","bundle_stock_quantity":2,"bundle_virtual":false,"bundle_layout":"","bundle_add_to_cart_form_location":"","bundle_editable_in_cart":false,"bundle_sold_individually_context":"","bundle_item_grouping":"","bundle_min_size":"","bundle_max_size":"","bundle_price":[],"bundled_items":[],"bundle_sell_ids":[],"exclude_global_add_ons":[],"addons":[],"_links":{"self":[{"href":"https:\/\/www.dragonframe.com\/es\/wp-json\/wp\/v2\/product\/18154","targetHints":{"allow":["GET"]}}],"collection":[{"href":"https:\/\/www.dragonframe.com\/es\/wp-json\/wp\/v2\/product"}],"about":[{"href":"https:\/\/www.dragonframe.com\/es\/wp-json\/wp\/v2\/types\/product"}],"wp:featuredmedia":[{"embeddable":true,"href":"https:\/\/www.dragonframe.com\/es\/wp-json\/wp\/v2\/media\/18393"}],"wp:attachment":[{"href":"https:\/\/www.dragonframe.com\/es\/wp-json\/wp\/v2\/media?parent=18154"}],"wp:term":[{"taxonomy":"product_brand","embeddable":true,"href":"https:\/\/www.dragonframe.com\/es\/wp-json\/wp\/v2\/product_brand?post=18154"},{"taxonomy":"product_cat","embeddable":true,"href":"https:\/\/www.dragonframe.com\/es\/wp-json\/wp\/v2\/product_cat?post=18154"},{"taxonomy":"product_tag","embeddable":true,"href":"https:\/\/www.dragonframe.com\/es\/wp-json\/wp\/v2\/product_tag?post=18154"}],"curies":[{"name":"palabra clave","href":"https:\/\/api.w.org\/{rel}","templated":true}]}}