{"id":65061,"date":"2024-09-13T15:03:29","date_gmt":"2024-09-13T22:03:29","guid":{"rendered":"https:\/\/www.dragonframe.com\/?page_id=65061"},"modified":"2025-06-25T22:55:16","modified_gmt":"2025-06-26T05:55:16","slug":"terms-and-conditions","status":"publish","type":"page","link":"https:\/\/www.dragonframe.com\/es\/terms-and-conditions\/","title":{"rendered":"T\u00e9rminos y condiciones"},"content":{"rendered":"<p><em>DESCRIPCI\u00d3N GENERAL<\/em><\/p>\n\n\n\n<p><em>Este sitio web es operado por DZED Systems LLC. En todo el sitio, los t\u00e9rminos \u201cnosotros\u201d, \u201cnos\u201d y \u201cnuestro\u201d se refieren a DZED Systems LLC. DZED Systems ofrece este sitio web, incluida toda la informaci\u00f3n, herramientas y servicios disponibles en este sitio para usted, el usuario, con la condici\u00f3n de que acepte todos los t\u00e9rminos, condiciones, pol\u00edticas y avisos aqu\u00ed establecidos.<\/em><\/p>\n\n\n\n<p><em>Al visitar nuestro sitio y\/o comprar algo de nosotros, usted participa en nuestro \u201cServicio\u201d y acepta estar sujeto a los siguientes t\u00e9rminos y condiciones (\u201cT\u00e9rminos de Servicio\u201d, \u201cT\u00e9rminos\u201d), incluidos los t\u00e9rminos y condiciones y pol\u00edticas adicionales a los que se hace referencia en este documento y\/o que est\u00e1n disponibles mediante hiperv\u00ednculos. Estos T\u00e9rminos de Servicio se aplican a todos los usuarios del sitio, incluidos, entre otros, los usuarios que son navegadores, proveedores, clientes, comerciantes y\/o contribuyentes de contenido.<\/em><\/p>\n\n\n\n<p><em>Lea atentamente estos T\u00e9rminos de servicio antes de acceder o utilizar nuestro sitio web. Al acceder o utilizar cualquier parte del sitio, usted acepta estar sujeto a estos T\u00e9rminos de servicio. Si no acepta todos los t\u00e9rminos y condiciones de este acuerdo, no podr\u00e1 acceder al sitio web ni utilizar ninguno de los servicios. Si estos T\u00e9rminos de servicio se consideran una oferta, la aceptaci\u00f3n se limita expresamente a estos T\u00e9rminos de servicio.<\/em><\/p>\n\n\n\n<p><em>Cualquier nueva funci\u00f3n o herramienta que se agregue a la tienda actual tambi\u00e9n estar\u00e1 sujeta a los T\u00e9rminos de servicio. Puede revisar la versi\u00f3n m\u00e1s actualizada de los T\u00e9rminos de servicio en cualquier momento en esta p\u00e1gina. Nos reservamos el derecho de actualizar, cambiar o reemplazar cualquier parte de estos T\u00e9rminos de servicio mediante la publicaci\u00f3n de actualizaciones y\/o cambios en nuestro sitio web. Es su responsabilidad revisar esta p\u00e1gina peri\u00f3dicamente para ver si hay cambios. Su uso continuo o acceso al sitio web despu\u00e9s de la publicaci\u00f3n de cualquier cambio constituye la aceptaci\u00f3n de dichos cambios.<\/em><\/p>\n\n\n\n<p><em>SECCI\u00d3N 1 \u2013 T\u00c9RMINOS DE LA TIENDA ONLINE<\/em><\/p>\n\n\n\n<p><em>Al aceptar estos T\u00e9rminos de servicio, usted declara que tiene al menos la mayor\u00eda de edad en su estado o provincia de residencia, o que tiene la mayor\u00eda de edad en su estado o provincia de residencia y nos ha dado su consentimiento para permitir que cualquiera de sus dependientes menores use este sitio.<\/em><\/p>\n\n\n\n<p><em>No puede utilizar nuestros productos para ning\u00fan prop\u00f3sito ilegal o no autorizado ni puede, en el uso del Servicio, violar ninguna ley en su jurisdicci\u00f3n (incluidas, entre otras, las leyes de derechos de autor).<\/em><\/p>\n\n\n\n<p><em>No debe transmitir ning\u00fan gusano, virus ni ning\u00fan c\u00f3digo de naturaleza destructiva.<\/em><\/p>\n\n\n\n<p><em>El incumplimiento o violaci\u00f3n de cualquiera de los T\u00e9rminos dar\u00e1 lugar a la terminaci\u00f3n inmediata de sus Servicios.<\/em><\/p>\n\n\n\n<p><em>SECCI\u00d3N 2 \u2013 CONDICIONES GENERALES<\/em><\/p>\n\n\n\n<p><em>Nos reservamos el derecho de rechazar la prestaci\u00f3n del servicio a cualquier persona, por cualquier motivo y en cualquier momento.<\/em><br><em>Usted comprende que su contenido (sin incluir la informaci\u00f3n de su tarjeta de cr\u00e9dito) puede transferirse sin cifrar e implicar (a) transmisiones a trav\u00e9s de varias redes; y (b) cambios para cumplir y adaptarse a los requisitos t\u00e9cnicos de conexi\u00f3n de redes o dispositivos. La informaci\u00f3n de la tarjeta de cr\u00e9dito siempre se cifra durante la transferencia a trav\u00e9s de las redes.<\/em><\/p>\n\n\n\n<p><em>Usted acepta no reproducir, duplicar, copiar, vender, revender o explotar ninguna parte del Servicio, uso del Servicio o acceso al Servicio o cualquier contacto en el sitio web a trav\u00e9s del cual se brinda el servicio, sin nuestro expreso permiso por escrito.<\/em><\/p>\n\n\n\n<p><em>Los t\u00edtulos utilizados en este acuerdo se incluyen \u00fanicamente para conveniencia y no limitar\u00e1n ni afectar\u00e1n de otro modo estos T\u00e9rminos.<\/em><\/p>\n\n\n\n<p><em>SECCI\u00d3N 3 \u2013 EXACTITUD, INTEGRIDAD Y ACTUALIDAD DE LA INFORMACI\u00d3N<\/em><\/p>\n\n\n\n<p><em>No nos hacemos responsables si la informaci\u00f3n disponible en este sitio no es precisa, completa o actual. El material de este sitio se proporciona \u00fanicamente con fines de informaci\u00f3n general y no debe confiarse en \u00e9l ni utilizarse como \u00fanica base para tomar decisiones sin consultar fuentes de informaci\u00f3n primarias, m\u00e1s precisas, m\u00e1s completas o m\u00e1s actualizadas. Cualquier confianza depositada en el material de este sitio corre por su cuenta y riesgo.<\/em><\/p>\n\n\n\n<p><em>Este sitio puede contener cierta informaci\u00f3n hist\u00f3rica. La informaci\u00f3n hist\u00f3rica no es necesariamente actual y se proporciona \u00fanicamente para su referencia. Nos reservamos el derecho de modificar el contenido de este sitio en cualquier momento, pero no tenemos obligaci\u00f3n de actualizar ninguna informaci\u00f3n en nuestro sitio. Usted acepta que es su responsabilidad monitorear los cambios en nuestro sitio.<\/em><\/p>\n\n\n\n<p><em>SECCI\u00d3N 4 \u2013 MODIFICACIONES AL SERVICIO Y PRECIOS<\/em><\/p>\n\n\n\n<p><em>Los precios de nuestros productos est\u00e1n sujetos a cambios sin previo aviso.<\/em><br><em>Nos reservamos el derecho de modificar o discontinuar el Servicio (o cualquier parte o contenido del mismo) en cualquier momento sin previo aviso.<\/em><br><em>No seremos responsables ante usted ni ante ning\u00fan tercero por ninguna modificaci\u00f3n, cambio de precio, suspensi\u00f3n o interrupci\u00f3n del Servicio.<\/em><\/p>\n\n\n\n<p><em>SECCI\u00d3N 5 \u2013 PRODUCTOS O SERVICIOS (si corresponde)<\/em><\/p>\n\n\n\n<p><em>Ciertos productos o servicios pueden estar disponibles exclusivamente en l\u00ednea a trav\u00e9s del sitio web. Estos productos o servicios pueden tener cantidades limitadas y es posible que no se puedan realizar devoluciones o cambios para estos art\u00edculos.<\/em><\/p>\n\n\n\n<p><em>Hemos hecho todo lo posible para mostrar con la mayor precisi\u00f3n posible los colores y las im\u00e1genes de nuestros productos que aparecen en la tienda. No podemos garantizar que la visualizaci\u00f3n de los colores en el monitor de su computadora sea precisa.<\/em><\/p>\n\n\n\n<p><em>Nos reservamos el derecho, pero no estamos obligados, a limitar las ventas de nuestros productos o servicios a cualquier persona, regi\u00f3n geogr\u00e1fica o jurisdicci\u00f3n. Podemos ejercer este derecho caso por caso. Nos reservamos el derecho de limitar las cantidades de cualquier producto o servicio que ofrecemos. Todas las descripciones de productos o precios de productos est\u00e1n sujetos a cambios en cualquier momento sin previo aviso, a nuestra entera discreci\u00f3n. Nos reservamos el derecho de discontinuar cualquier producto en cualquier momento. Cualquier oferta de cualquier producto o servicio realizada en este sitio es nula donde est\u00e9 prohibida.<\/em><\/p>\n\n\n\n<p><em>No garantizamos que la calidad de los productos, servicios, informaci\u00f3n u otro material comprado u obtenido por usted cumplir\u00e1 con sus expectativas, o que cualquier error en el Servicio ser\u00e1 corregido.<\/em><\/p>\n\n\n\n<p><em>SECCI\u00d3N 6 \u2013 EXACTITUD DE LA FACTURACI\u00d3N Y DE LA INFORMACI\u00d3N DE LA CUENTA<\/em><\/p>\n\n\n\n<p><em>Nos reservamos el derecho de rechazar cualquier pedido que realice con nosotros. Podemos, a nuestro exclusivo criterio, limitar o cancelar las cantidades compradas por persona, por hogar o por pedido. Estas restricciones pueden incluir pedidos realizados por o bajo la misma cuenta de cliente, la misma tarjeta de cr\u00e9dito y\/o pedidos que utilicen la misma direcci\u00f3n de facturaci\u00f3n y\/o env\u00edo. En caso de que hagamos un cambio o cancelemos un pedido, podemos intentar notificarlo comunic\u00e1ndonos con usted a trav\u00e9s del correo electr\u00f3nico y\/o la direcci\u00f3n de facturaci\u00f3n\/n\u00famero de tel\u00e9fono proporcionados en el momento en que se realiz\u00f3 el pedido. Nos reservamos el derecho de limitar o prohibir los pedidos que, a nuestro exclusivo criterio, parezcan ser realizados por comerciantes, revendedores o distribuidores.<\/em><\/p>\n\n\n\n<p><em>Usted acepta proporcionar informaci\u00f3n actual, completa y precisa sobre la compra y la cuenta para todas las compras realizadas en nuestra tienda. Usted acepta actualizar de inmediato su cuenta y otra informaci\u00f3n, incluida su direcci\u00f3n de correo electr\u00f3nico y los n\u00fameros y fechas de vencimiento de su tarjeta de cr\u00e9dito, para que podamos completar sus transacciones y comunicarnos con usted seg\u00fan sea necesario.<\/em><\/p>\n\n\n\n<p><em>SECCI\u00d3N 7 \u2013 HERRAMIENTAS OPCIONALES<\/em><\/p>\n\n\n\n<p><em>Es posible que le proporcionemos acceso a herramientas de terceros a las que no supervisamos y sobre las que no tenemos ning\u00fan control ni entrada.<\/em><br><em>Usted reconoce y acepta que proporcionamos acceso a dichas herramientas \u201ctal como est\u00e1n\u201d y \u201cseg\u00fan disponibilidad\u201d sin garant\u00edas, representaciones ni condiciones de ning\u00fan tipo y sin ning\u00fan tipo de respaldo. No tendremos responsabilidad alguna derivada o relacionada con su uso de herramientas opcionales de terceros.<\/em><\/p>\n\n\n\n<p><em>Cualquier uso que usted haga de las herramientas opcionales ofrecidas a trav\u00e9s del sitio es bajo su propio riesgo y discreci\u00f3n y debe asegurarse de estar familiarizado y aprobar los t\u00e9rminos bajo los cuales las herramientas son proporcionadas por los proveedores externos relevantes.<\/em><\/p>\n\n\n\n<p><em>Tambi\u00e9n podremos, en el futuro, ofrecer nuevos servicios y\/o funciones a trav\u00e9s del sitio web (incluido el lanzamiento de nuevas herramientas y recursos). Dichas nuevas funciones y\/o servicios tambi\u00e9n estar\u00e1n sujetos a estos T\u00e9rminos de Servicio.<\/em><\/p>\n\n\n\n<p><em>SECCI\u00d3N 8 \u2013 ENLACES DE TERCEROS<\/em><\/p>\n\n\n\n<p><em>Ciertos contenidos, productos y servicios disponibles a trav\u00e9s de nuestro Servicio pueden incluir materiales de terceros.<\/em><\/p>\n\n\n\n<p><em>Los enlaces de terceros en este sitio pueden dirigirlo a sitios web de terceros que no est\u00e1n afiliados con nosotros. No somos responsables de examinar o evaluar el contenido o la precisi\u00f3n y no garantizamos ni tendremos ninguna responsabilidad por los materiales o sitios web de terceros, ni por ning\u00fan otro material, producto o servicio de terceros.<\/em><\/p>\n\n\n\n<p><em>No nos hacemos responsables de ning\u00fan da\u00f1o o perjuicio relacionado con la compra o el uso de bienes, servicios, recursos, contenido o cualquier otra transacci\u00f3n realizada en relaci\u00f3n con sitios web de terceros. Revise atentamente las pol\u00edticas y pr\u00e1cticas de terceros y aseg\u00farese de comprenderlas antes de realizar cualquier transacci\u00f3n. Las quejas, reclamos, inquietudes o preguntas relacionadas con productos de terceros deben dirigirse a ellos.<\/em><\/p>\n\n\n\n<p><em>SECCI\u00d3N 9 \u2013 COMENTARIOS, OPINIONES Y OTROS ENV\u00cdOS DE LOS USUARIOS<\/em><\/p>\n\n\n\n<p><em>Si, a pedido nuestro, usted env\u00eda ciertas propuestas espec\u00edficas (por ejemplo, participaciones en concursos) o sin un pedido nuestro usted env\u00eda ideas creativas, sugerencias, propuestas, planes u otros materiales, ya sea en l\u00ednea, por correo electr\u00f3nico, por correo postal o de otra manera (colectivamente, &#039;comentarios&#039;), usted acepta que podemos, en cualquier momento, sin restricci\u00f3n, editar, copiar, publicar, distribuir, traducir y usar de otra manera en cualquier medio cualquier comentario que usted nos env\u00ede. No tenemos ni tendremos ninguna obligaci\u00f3n (1) de mantener la confidencialidad de ning\u00fan comentario; (2) de pagar una compensaci\u00f3n por ning\u00fan comentario; o (3) de responder a ning\u00fan comentario.<\/em><\/p>\n\n\n\n<p><em>Podemos, pero no tenemos obligaci\u00f3n de, monitorear, editar o eliminar contenido que determinemos, a nuestro exclusivo criterio, que sea ilegal, ofensivo, amenazante, calumnioso, difamatorio, pornogr\u00e1fico, obsceno o de otro modo objetable o que viole la propiedad intelectual de cualquier parte o estos T\u00e9rminos de Servicio.<\/em><\/p>\n\n\n\n<p><em>Usted acepta que sus comentarios no violar\u00e1n ning\u00fan derecho de terceros, incluidos los derechos de autor, marca registrada, privacidad, personalidad u otro derecho personal o de propiedad. Adem\u00e1s, acepta que sus comentarios no contendr\u00e1n material difamatorio o ilegal, abusivo u obsceno, ni contendr\u00e1n ning\u00fan virus inform\u00e1tico u otro malware que pueda afectar de alguna manera el funcionamiento del Servicio o cualquier sitio web relacionado. No puede utilizar una direcci\u00f3n de correo electr\u00f3nico falsa, fingir ser otra persona que no sea usted mismo o enga\u00f1arnos a nosotros o a terceros en cuanto al origen de los comentarios. Usted es el \u00fanico responsable de los comentarios que haga y de su precisi\u00f3n. No asumimos ninguna responsabilidad por los comentarios publicados por usted o por terceros.<\/em><\/p>\n\n\n\n<p><em>SECCI\u00d3N 10 \u2013 INFORMACI\u00d3N PERSONAL<\/em><\/p>\n\n\n\n<p><em>Su env\u00edo de informaci\u00f3n personal a trav\u00e9s de la tienda se rige por nuestra Pol\u00edtica de privacidad.<\/em><\/p>\n\n\n\n<p><em>SECCI\u00d3N 11 \u2013 ERRORES, INEXACTITUDES Y OMISIONES<\/em><\/p>\n\n\n\n<p><em>Ocasionalmente, puede haber informaci\u00f3n en nuestro sitio o en el Servicio que contenga errores tipogr\u00e1ficos, inexactitudes u omisiones que puedan estar relacionadas con descripciones de productos, precios, promociones, ofertas, cargos de env\u00edo de productos, tiempos de tr\u00e1nsito y disponibilidad. Nos reservamos el derecho de corregir cualquier error, inexactitud u omisi\u00f3n, y de cambiar o actualizar informaci\u00f3n o cancelar pedidos si alguna informaci\u00f3n en el Servicio o en cualquier sitio web relacionado es inexacta en cualquier momento sin previo aviso (incluso despu\u00e9s de que haya enviado su pedido).<\/em><\/p>\n\n\n\n<p><em>No asumimos ninguna obligaci\u00f3n de actualizar, modificar o aclarar la informaci\u00f3n en el Servicio o en cualquier sitio web relacionado, incluida, entre otras, la informaci\u00f3n sobre precios, excepto seg\u00fan lo exija la ley. Ninguna fecha de actualizaci\u00f3n o actualizaci\u00f3n especificada aplicada en el Servicio o en cualquier sitio web relacionado debe interpretarse como una indicaci\u00f3n de que toda la informaci\u00f3n en el Servicio o en cualquier sitio web relacionado ha sido modificada o actualizada.<\/em><\/p>\n\n\n\n<p><em>SECCI\u00d3N 12 \u2013 USOS PROHIBIDOS<\/em><\/p>\n\n\n\n<p><em>Adem\u00e1s de otras prohibiciones establecidas en los T\u00e9rminos de Servicio, se le proh\u00edbe usar el sitio o su contenido: (a) para cualquier prop\u00f3sito ilegal; (b) para solicitar a otros que realicen o participen en cualquier acto ilegal; (c) para violar cualquier regulaci\u00f3n, regla, ley u ordenanza local internacional, federal, provincial o estatal; (d) para infringir o violar nuestros derechos de propiedad intelectual o los derechos de propiedad intelectual de terceros; (e) para acosar, abusar, insultar, da\u00f1ar, difamar, calumniar, menospreciar, intimidar o discriminar por motivos de g\u00e9nero, orientaci\u00f3n sexual, religi\u00f3n, etnia, raza, edad, origen nacional o discapacidad; (f) para enviar informaci\u00f3n falsa o enga\u00f1osa; (g) para cargar o transmitir virus o cualquier otro tipo de c\u00f3digo malicioso que se utilizar\u00e1 o puede utilizarse de cualquier forma que afecte la funcionalidad o el funcionamiento del Servicio o de cualquier sitio web relacionado, otros sitios web o Internet; (h) para recopilar o rastrear la informaci\u00f3n personal de otros; (i) para enviar spam, phishing, pharm, pretext, ara\u00f1as, rastreo o scrape; (j) para cualquier prop\u00f3sito obsceno o inmoral; o (k) para interferir o eludir las caracter\u00edsticas de seguridad del Servicio o cualquier sitio web relacionado, otros sitios web o Internet. Nos reservamos el derecho de cancelar su uso del Servicio o cualquier sitio web relacionado por violar cualquiera de los usos prohibidos.<\/em><\/p>\n\n\n\n<p><em>SECCI\u00d3N 13 \u2013 EXENCI\u00d3N DE GARANT\u00cdAS; LIMITACI\u00d3N DE RESPONSABILIDAD<\/em><\/p>\n\n\n\n<p><em>No garantizamos, representamos ni aseguramos que su uso de nuestro servicio ser\u00e1 ininterrumpido, oportuno, seguro o libre de errores.<\/em><\/p>\n\n\n\n<p><em>No garantizamos que los resultados que puedan obtenerse del uso del servicio sean precisos o confiables.<\/em><\/p>\n\n\n\n<p><em>Usted acepta que de vez en cuando podemos eliminar el servicio por per\u00edodos de tiempo indefinidos o cancelar el servicio en cualquier momento, sin previo aviso.<\/em><\/p>\n\n\n\n<p><em>Usted acepta expresamente que el uso que haga del servicio o la imposibilidad de usarlo se realiza bajo su propio riesgo. El servicio y todos los productos y servicios que se le brindan a trav\u00e9s del servicio se proporcionan (salvo que lo indiquemos expresamente) &quot;tal como est\u00e1n&quot; y &quot;seg\u00fan disponibilidad&quot; para su uso, sin ninguna representaci\u00f3n, garant\u00eda o condici\u00f3n de ning\u00fan tipo, ya sea expresa o impl\u00edcita, incluidas todas las garant\u00edas o condiciones impl\u00edcitas de comerciabilidad, calidad comercial, idoneidad para un prop\u00f3sito particular, durabilidad, t\u00edtulo y no infracci\u00f3n.<\/em><\/p>\n\n\n\n<p><em>En ning\u00fan caso DZED Systems, nuestros directores, funcionarios, empleados, afiliados, agentes, contratistas, pasantes, proveedores, prestadores de servicios o licenciantes ser\u00e1n responsables por cualquier da\u00f1o, p\u00e9rdida, reclamo, o da\u00f1os directos, indirectos, incidentales, punitivos, especiales o consecuentes de cualquier tipo, incluyendo, sin limitaci\u00f3n, p\u00e9rdida de beneficios, p\u00e9rdida de ingresos, p\u00e9rdida de ahorros, p\u00e9rdida de datos, costos de reemplazo, o cualquier da\u00f1o similar, ya sea basado en contrato, agravio (incluyendo negligencia), responsabilidad estricta o de otra manera, como consecuencia del uso de cualquiera de los servicios o productos adquiridos mediante el servicio, o por cualquier otro reclamo relacionado de alguna manera con el uso del servicio o cualquier producto, incluyendo pero no limitado, a cualquier error u omisi\u00f3n en cualquier contenido, o cualquier p\u00e9rdida o da\u00f1o de cualquier tipo incurridos como resultados de la utilizaci\u00f3n del servicio o cualquier contenido (o producto) publicado, transmitido, o que se pongan a disposici\u00f3n a trav\u00e9s del servicio, incluso si se advierte de su posibilidad. Debido a que algunos estados o jurisdicciones no permiten la exclusi\u00f3n o limitaci\u00f3n de responsabilidad por da\u00f1os consecuentes o incidentales, en dichos estados o jurisdicciones, nuestra responsabilidad se limitar\u00e1 al m\u00e1ximo permitido por la ley.<\/em><\/p>\n\n\n\n<p><em>SECCI\u00d3N 14 \u2013 INDEMNIZACI\u00d3N<\/em><\/p>\n\n\n\n<p><em>Usted acepta indemnizar, defender y eximir de responsabilidad a DZED Systems y a nuestra empresa matriz, subsidiarias, afiliadas, socios, funcionarios, directores, agentes, contratistas, licenciatarios, proveedores de servicios, subcontratistas, proveedores, pasantes y empleados, de cualquier reclamo o demanda, incluidos los honorarios razonables de abogados, realizados por cualquier tercero debido a o que surja de su incumplimiento de estos T\u00e9rminos de servicio o los documentos que incorporan por referencia, o su violaci\u00f3n de cualquier ley o los derechos de un tercero.<\/em><\/p>\n\n\n\n<p><em>SECCI\u00d3N 15 \u2013 DIVISIBILIDAD<\/em><\/p>\n\n\n\n<p><em>En el caso de que se determine que alguna disposici\u00f3n de estos T\u00e9rminos de Servicio es ilegal, nula o inaplicable, dicha disposici\u00f3n ser\u00e1, no obstante, ejecutable en la m\u00e1xima medida permitida por la ley aplicable, y la parte inaplicable se considerar\u00e1 separada de estos T\u00e9rminos de Servicio; dicha determinaci\u00f3n no afectar\u00e1 la validez y aplicabilidad de las dem\u00e1s disposiciones restantes.<\/em><\/p>\n\n\n\n<p><em>SECCI\u00d3N 16 \u2013 TERMINACI\u00d3N<\/em><\/p>\n\n\n\n<p><em>Las obligaciones y responsabilidades de las partes incurridas antes de la fecha de terminaci\u00f3n sobrevivir\u00e1n a la terminaci\u00f3n de este acuerdo para todos los efectos.<\/em><\/p>\n\n\n\n<p><em>Estos T\u00e9rminos de Servicio estar\u00e1n vigentes a menos que usted o nosotros los rescindamos. Usted puede rescindir estos T\u00e9rminos de Servicio en cualquier momento notific\u00e1ndonos que ya no desea utilizar nuestros Servicios o cuando deje de utilizar nuestro sitio.<\/em><\/p>\n\n\n\n<p><em>Si, a nuestro exclusivo criterio, usted no cumple, o sospechamos que ha incumplido, cualquier t\u00e9rmino o disposici\u00f3n de estos T\u00e9rminos de Servicio, tambi\u00e9n podemos rescindir este acuerdo en cualquier momento sin previo aviso y usted seguir\u00e1 siendo responsable de todos los montos adeudados hasta la fecha de terminaci\u00f3n inclusive; y\/o, en consecuencia, podemos negarle el acceso a nuestros Servicios (o cualquier parte de los mismos).<\/em><\/p>\n\n\n\n<p><em>SECCI\u00d3N 17 \u2013 ACUERDO COMPLETO<\/em><\/p>\n\n\n\n<p><em>El hecho de que no ejerzamos o hagamos cumplir cualquier derecho o disposici\u00f3n de estos T\u00e9rminos de Servicio no constituir\u00e1 una renuncia a dicho derecho o disposici\u00f3n.<\/em><\/p>\n\n\n\n<p><em>Estos T\u00e9rminos de Servicio y cualquier pol\u00edtica o regla operativa publicada por nosotros en este sitio o con respecto al Servicio constituyen el acuerdo y entendimiento completo entre usted y nosotros y rigen su uso del Servicio, reemplazando cualquier acuerdo, comunicaci\u00f3n y propuesta anterior o contempor\u00e1nea, ya sea oral o escrita, entre usted y nosotros (incluidas, entre otras, cualquier versi\u00f3n anterior de los T\u00e9rminos de Servicio).<\/em><\/p>\n\n\n\n<p><em>Cualquier ambig\u00fcedad en la interpretaci\u00f3n de estos T\u00e9rminos de Servicio no se interpretar\u00e1 en contra del grupo de redacci\u00f3n.<\/em><\/p>\n\n\n\n<p><em>SECCI\u00d3N 18 \u2013 LEY APLICABLE<\/em><\/p>\n\n\n\n<p><em>Estos T\u00e9rminos de Servicio y cualquier acuerdo separado mediante el cual le proporcionemos Servicios se regir\u00e1n e interpretar\u00e1n de conformidad con las leyes del Condado de Ventura, California, EE. UU.<\/em><\/p>\n\n\n\n<p><em>SECCI\u00d3N 19 \u2013 CAMBIOS EN LOS T\u00c9RMINOS DE SERVICIO<\/em><\/p>\n\n\n\n<p><em>Puede revisar la versi\u00f3n m\u00e1s actualizada de los T\u00e9rminos de Servicio en cualquier momento en esta p\u00e1gina.<\/em><\/p>\n\n\n\n<p><em>Nos reservamos el derecho, a nuestra entera discreci\u00f3n, de actualizar, cambiar o reemplazar cualquier parte de estos T\u00e9rminos de Servicio mediante la publicaci\u00f3n de actualizaciones y cambios en nuestro sitio web. Es su responsabilidad revisar nuestro sitio web peri\u00f3dicamente para ver si hay cambios. Su uso continuo o acceso a nuestro sitio web o al Servicio despu\u00e9s de la publicaci\u00f3n de cualquier cambio en estos T\u00e9rminos de Servicio constituye la aceptaci\u00f3n de dichos cambios.<\/em><\/p>\n\n\n\n<p><em>SECCI\u00d3N 20 \u2013 INFORMACI\u00d3N DE CONTACTO<\/em><\/p>\n\n\n\n<p><em>Para obtener m\u00e1s informaci\u00f3n sobre nuestros T\u00e9rminos de servicio, o si tiene preguntas, comun\u00edquese con nosotros por correo electr\u00f3nico a support@dragonframe.com o por correo postal utilizando los detalles que se proporcionan a continuaci\u00f3n:<\/em><\/p>\n\n\n\n<p><em>Sistemas DZED LLC<\/em><br><em>407 Bryant Cir, Suite B<\/em><br><em>Ojai, California 92024<\/em><\/p>\n\n\n\n<p><em>Direcci\u00f3n de correo electr\u00f3nico:<\/em><br><em>support@dragonframe.com<\/em><\/p>\n\n\n\n<p><em>Actualizado el 13 de septiembre de 2024<\/em><\/p>","protected":false},"excerpt":{"rendered":"<p>INFORMACI\u00d3N GENERAL Este sitio web es operado por DZED Systems LLC. En todo el sitio, los t\u00e9rminos \u00abnosotros\u00bb, \u00abnos\u00bb y \u00abnuestro\u00bb se refieren a DZED Systems LLC. DZED Systems ofrece este sitio web, incluyendo toda la informaci\u00f3n, herramientas y servicios disponibles en \u00e9l, a usted, el usuario, con la condici\u00f3n de que acepte todos los t\u00e9rminos, condiciones, pol\u00edticas y avisos aqu\u00ed establecidos. <a title=\"T\u00e9rminos y condiciones\" class=\"read-more\" href=\"https:\/\/www.dragonframe.com\/es\/terms-and-conditions\/\" aria-label=\"Leer m\u00e1s sobre T\u00e9rminos y Condiciones\">Leer m\u00e1s<\/a><\/p>","protected":false},"author":1,"featured_media":0,"parent":0,"menu_order":0,"comment_status":"closed","ping_status":"closed","template":"","meta":{"footnotes":""},"class_list":{"0":"post-65061","1":"page","2":"type-page","3":"status-publish","5":"no-featured-image-padding"},"_links":{"self":[{"href":"https:\/\/www.dragonframe.com\/es\/wp-json\/wp\/v2\/pages\/65061","targetHints":{"allow":["GET"]}}],"collection":[{"href":"https:\/\/www.dragonframe.com\/es\/wp-json\/wp\/v2\/pages"}],"about":[{"href":"https:\/\/www.dragonframe.com\/es\/wp-json\/wp\/v2\/types\/page"}],"author":[{"embeddable":true,"href":"https:\/\/www.dragonframe.com\/es\/wp-json\/wp\/v2\/users\/1"}],"replies":[{"embeddable":true,"href":"https:\/\/www.dragonframe.com\/es\/wp-json\/wp\/v2\/comments?post=65061"}],"version-history":[{"count":0,"href":"https:\/\/www.dragonframe.com\/es\/wp-json\/wp\/v2\/pages\/65061\/revisions"}],"wp:attachment":[{"href":"https:\/\/www.dragonframe.com\/es\/wp-json\/wp\/v2\/media?parent=65061"}],"curies":[{"name":"palabra clave","href":"https:\/\/api.w.org\/{rel}","templated":true}]}}