{"id":42460,"date":"2020-11-29T15:25:41","date_gmt":"2020-11-29T23:25:41","guid":{"rendered":"https:\/\/www.dragonframe.com\/?page_id=42460"},"modified":"2025-06-30T09:57:54","modified_gmt":"2025-06-30T16:57:54","slug":"camera-setup-webcam","status":"publish","type":"page","link":"https:\/\/www.dragonframe.com\/es\/camera-setup-webcam\/","title":{"rendered":"Configuraci\u00f3n de c\u00e1mara web"},"content":{"rendered":"<div class=\"pageTitle\">\r\n<h1 class=\"translation-block\"><span class=\"white\">Configuraci\u00f3n<\/span> de c\u00e1mara web USB<\/h1>\r\n<\/div>\n\n\n\n<div class=\"wp-block-columns is-layout-flex wp-container-core-columns-is-layout-9d6595d7 wp-block-columns-is-layout-flex\">\n<div class=\"wp-block-column is-layout-flow wp-block-column-is-layout-flow\" style=\"flex-basis:25%\"><\/div>\n\n\n\n<div class=\"wp-block-column is-layout-flow wp-block-column-is-layout-flow\" style=\"flex-basis:50%\">\n<div class=\"tether\" style=\"max-width: 640px;\">\n<p>Las c\u00e1maras web son una opci\u00f3n econ\u00f3mica para comenzar con la animaci\u00f3n stop-motion. Tambi\u00e9n pueden ser \u00fatiles como asistencia de video para c\u00e1maras fijas que no tienen visualizaci\u00f3n en vivo.<\/p>\n\n<p>Dragonframe debe ser compatible con cualquier c\u00e1mara web compatible con UVC (clase de video USB). UVC es un est\u00e1ndar que siguen la mayor\u00eda de los fabricantes de c\u00e1maras web y, por lo general, lo incluyen en las especificaciones del producto.<\/p>\n\n<p>Aseg\u00farese de probar su c\u00e1mara con Dragonframe antes de comprar una licencia completa.<\/p>\n<h2>Instrucciones:<\/h2>\n<ol>\n \t<li>Conecte su c\u00e1mara web a su computadora a trav\u00e9s de un cable USB.<\/li>\n \t<li>Inicie el software Dragonframe en la computadora.<\/li>\n \t<li class=\"translation-block\"><a href=\"https:\/\/www.dragonframe.com\/wp-content\/uploads\/2019\/06\/CreateScene.png\" rel=\"iLightBox\" data-caption=\"\" target=\"_self\">Cree una nueva escena<\/a> o abra una existente.<\/li>\n \t<li>Inicie DF Tether en su dispositivo.<\/li>\n<\/ol>\n<p>Dragonframe lo detectar\u00e1 autom\u00e1ticamente y se conectar\u00e1 a \u00e9l.<\/p>\n<h2>Despu\u00e9s de que se conecta:<\/h2>\n<ul>\n \t<li>Dragonframe mostrar\u00e1 una vista previa de video usando la c\u00e1mara web. (Suponiendo que tiene una escena abierta, seg\u00fan la instrucci\u00f3n #3 anterior).<\/li>\n \t<li>Dependiendo del modelo, puede tener controles de exposici\u00f3n, como ganancia, brillo, etc.<\/li>\n \t<li>Capture im\u00e1genes JPG o TIFF directamente en la computadora.<\/li>\n \t<li>Algunos modelos proporcionan enfoque digital en Dragonframe. Puede acceder a esto presionando el \u00edcono de la cruz en los espacios de trabajo de Animaci\u00f3n o Cinematograf\u00eda.<\/li>\n<\/ul>\n\n<h2>Tutorial:<\/h2>\n<div style=\"display:none;width:100%;height:100%\"><iframe loading=\"lazy\" src=\"https:\/\/player.vimeo.com\/video\/661072365?autoplay=1&preview=0&muted=0\" id=\"fs-661072365\"  frameborder=\"0\" width=\"1920px\" height=\"1080px\" allowfullscreen allow=\"autoplay; fullscreen\"><\/iframe><\/div><div class='tutVideo'><a href='#fs-661072365' data-fslightbox='fs-661072365'><img  loading='lazy' src='\/wp-content\/uploads\/facade\/tut-661072365.jpg' alt='Reproducir video Dragonframe C\u00e1mara web Enfoque + Configuraci\u00f3n' width='200' height='150' \/><span><\/span><\/a><\/div><p style='padding:8px 0;'>Dragonframe C\u00e1mara web Enfoque + Configuraci\u00f3n<br\/>04:13 minutos<\/p>\n\n<\/div>\n<\/div>\n\n\n\n<div class=\"wp-block-column is-layout-flow wp-block-column-is-layout-flow\" style=\"flex-basis:25%\"><\/div>\n<\/div>\n\n\n\n<p><\/p>","protected":false},"excerpt":{"rendered":"<p>Configuraci\u00f3n de c\u00e1mara web USB. Las c\u00e1maras web son una opci\u00f3n econ\u00f3mica para iniciarse en la animaci\u00f3n stop-motion. Tambi\u00e9n pueden ser \u00fatiles como ayuda de video para c\u00e1maras fijas sin vista en vivo. La Dragonframe deber\u00eda ser compatible con cualquier c\u00e1mara web compatible con UVC (clase de video USB). UVC es un est\u00e1ndar que siguen la mayor\u00eda de los fabricantes de c\u00e1maras web y suelen incluir... <a title=\"Configuraci\u00f3n de c\u00e1mara web\" class=\"read-more\" href=\"https:\/\/www.dragonframe.com\/es\/camera-setup-webcam\/\" aria-label=\"Leer m\u00e1s sobre Configuraci\u00f3n de c\u00e1mara web\">Leer m\u00e1s<\/a><\/p>","protected":false},"author":1,"featured_media":0,"parent":0,"menu_order":0,"comment_status":"closed","ping_status":"closed","template":"","meta":{"footnotes":""},"class_list":{"0":"post-42460","1":"page","2":"type-page","3":"status-publish","5":"no-featured-image-padding"},"_links":{"self":[{"href":"https:\/\/www.dragonframe.com\/es\/wp-json\/wp\/v2\/pages\/42460","targetHints":{"allow":["GET"]}}],"collection":[{"href":"https:\/\/www.dragonframe.com\/es\/wp-json\/wp\/v2\/pages"}],"about":[{"href":"https:\/\/www.dragonframe.com\/es\/wp-json\/wp\/v2\/types\/page"}],"author":[{"embeddable":true,"href":"https:\/\/www.dragonframe.com\/es\/wp-json\/wp\/v2\/users\/1"}],"replies":[{"embeddable":true,"href":"https:\/\/www.dragonframe.com\/es\/wp-json\/wp\/v2\/comments?post=42460"}],"version-history":[{"count":0,"href":"https:\/\/www.dragonframe.com\/es\/wp-json\/wp\/v2\/pages\/42460\/revisions"}],"wp:attachment":[{"href":"https:\/\/www.dragonframe.com\/es\/wp-json\/wp\/v2\/media?parent=42460"}],"curies":[{"name":"palabra clave","href":"https:\/\/api.w.org\/{rel}","templated":true}]}}