{"id":37831,"date":"2020-03-11T19:35:04","date_gmt":"2020-03-12T02:35:04","guid":{"rendered":"https:\/\/www.dragonframe.com\/?page_id=37831"},"modified":"2025-06-30T10:37:31","modified_gmt":"2025-06-30T17:37:31","slug":"shipping-policy","status":"publish","type":"page","link":"https:\/\/www.dragonframe.com\/es\/shipping-policy\/","title":{"rendered":"Politica de envios"},"content":{"rendered":"<h3 style=\"padding-top: 30px;\">Env\u00edo nacional (dentro de EE. UU.)<\/h3>\n<p>Actualmente ofrecemos USPS Priority Mail y varias opciones de UPS.<\/p>\n\n<p>Los pedidos realizados despu\u00e9s de las 10 a. m. PST se enviar\u00e1n el siguiente d\u00eda h\u00e1bil.<\/p>\n\n<p>Los nombres de los servicios de UPS no son una garant\u00eda del tiempo de entrega. Consulte UPS para obtener detalles sobre servicios espec\u00edficos.<\/p>\n<h3>Env\u00edo internacional (fuera de EE. UU.)<\/h3>\nActualmente ofrecemos las siguientes opciones de env\u00edo internacional:\n<ul>\n \t<li><b>APC Internacional<\/b>. Usted est\u00e1 pagando por adelantado todos los gastos de env\u00edo, tarifas, aranceles e impuestos. El tiempo de entrega var\u00eda, pero suele ser de 3 a 4 semanas (2 a 3 semanas para la UE\/Reino Unido).\n<div style=\"padding-left: 30px; padding-top: 10px;\">\n\n<p><strong>Si su operador local le pide que pague impuestos\/aranceles\/cargos<\/strong>, env\u00edenos la solicitud a <a href=\"mailto:support@dragonframe.com\">support@dragonframe.com<\/a>, y lo pagaremos.\n<br>Si recibe un enlace de pago, podemos pagarlo directamente.\n<br>Si debe pagar en efectivo, env\u00edenos una foto del recibo y le reembolsaremos.<\/p>\n\n<\/div><\/li>\n \t<li><b>DHL Express con aranceles prepagos<\/b>Se trata de una opci\u00f3n DDP (entrega con derechos pagados), en la que pagas el env\u00edo, las tarifas, los derechos y los impuestos por adelantado. El tiempo de entrega var\u00eda, pero suele ser de 3 a 10 d\u00edas h\u00e1biles.<\/li>\n \t<li><b>DHL Express en todo el mundo DAP<\/b>Esta es una opci\u00f3n DAP (derechos en el lugar), en la que usted es responsable de todos los gastos de env\u00edo, tarifas, derechos e impuestos. Los costos de env\u00edo se pagan por adelantado, pero deber\u00e1 pagar los impuestos sobre los derechos de env\u00edo. El tiempo de entrega var\u00eda, pero suele ser de 3 a 10 d\u00edas h\u00e1biles.<\/li>\n<\/ul>\n<h3>Brasil<\/h3>\n<p>Desafortunadamente, no enviamos a Brasil. Lo hemos intentado con varios socios, pero la aduana de Brasil impone impuestos aleatorios injustificados que no podemos cubrir.<\/p>\n<h3>India<\/h3>\n<p>No realizamos env\u00edos a la India. Hemos tenido demasiados problemas con aranceles, tasas y doble imposici\u00f3n exorbitantes.<\/p>\n<h3>Ucrania<\/h3>\n<p>Actualmente no podemos realizar env\u00edos a Ucrania.<\/p>","protected":false},"excerpt":{"rendered":"<p>Env\u00edos nacionales (dentro de EE. UU.): Actualmente ofrecemos correo prioritario de USPS y varias opciones de UPS. Los pedidos realizados despu\u00e9s de las 10 a. m. (hora est\u00e1ndar del Pac\u00edfico) se enviar\u00e1n al siguiente d\u00eda h\u00e1bil. Los nombres de los servicios de UPS no garantizan el tiempo de entrega. Consulte con UPS para obtener m\u00e1s informaci\u00f3n sobre servicios espec\u00edficos. Env\u00edos internacionales (fuera de EE. UU.): Actualmente ofrecemos los siguientes env\u00edos internacionales... <a title=\"Politica de envios\" class=\"read-more\" href=\"https:\/\/www.dragonframe.com\/es\/shipping-policy\/\" aria-label=\"Leer m\u00e1s sobre Pol\u00edtica de Env\u00edos\">Leer m\u00e1s<\/a><\/p>","protected":false},"author":1,"featured_media":0,"parent":0,"menu_order":0,"comment_status":"closed","ping_status":"closed","template":"","meta":{"footnotes":""},"class_list":{"0":"post-37831","1":"page","2":"type-page","3":"status-publish","5":"no-featured-image-padding"},"_links":{"self":[{"href":"https:\/\/www.dragonframe.com\/es\/wp-json\/wp\/v2\/pages\/37831","targetHints":{"allow":["GET"]}}],"collection":[{"href":"https:\/\/www.dragonframe.com\/es\/wp-json\/wp\/v2\/pages"}],"about":[{"href":"https:\/\/www.dragonframe.com\/es\/wp-json\/wp\/v2\/types\/page"}],"author":[{"embeddable":true,"href":"https:\/\/www.dragonframe.com\/es\/wp-json\/wp\/v2\/users\/1"}],"replies":[{"embeddable":true,"href":"https:\/\/www.dragonframe.com\/es\/wp-json\/wp\/v2\/comments?post=37831"}],"version-history":[{"count":0,"href":"https:\/\/www.dragonframe.com\/es\/wp-json\/wp\/v2\/pages\/37831\/revisions"}],"wp:attachment":[{"href":"https:\/\/www.dragonframe.com\/es\/wp-json\/wp\/v2\/media?parent=37831"}],"curies":[{"name":"palabra clave","href":"https:\/\/api.w.org\/{rel}","templated":true}]}}