{"id":19346,"date":"2017-03-22T11:21:19","date_gmt":"2017-03-22T18:21:19","guid":{"rendered":"http:\/\/dev.dragonframe.com\/?page_id=19346"},"modified":"2025-12-08T16:23:22","modified_gmt":"2025-12-09T00:23:22","slug":"camera-setup","status":"publish","type":"page","link":"https:\/\/www.dragonframe.com\/es\/camera-setup\/","title":{"rendered":"Instrucciones de configuraci\u00f3n de la c\u00e1mara"},"content":{"rendered":"<div class=\"pageTitle\">\n<h1> <span><\/span><\/h1>\n<\/div>\n\n\n\n<div class=\"wp-block-columns alignfull has-background is-layout-flex wp-container-core-columns-is-layout-9d6595d7 wp-block-columns-is-layout-flex\" style=\"background-color:#363636\">\n<div class=\"wp-block-column is-layout-flow wp-block-column-is-layout-flow\">\n<div style=\"background-color: #fff;\"><div class='cameraTitle' data-no-translation><span>Ximea xiQ<\/span><\/div>\n<div style='padding: 10px 0 10px 0; text-align: center;' data-no-translation><img loading='eager' src='\/camera-images\/.jpg' width='260' height='260' alt='Ximea xiQ'\/><\/div>\n<div class='cameraDescr'><span data-no-translation>Ximea xiQ<\/span> instrucciones de configuraci\u00f3n para animaci\u00f3n stop motion o fotograf\u00eda de lapso de tiempo con Dragonframe<\/div><\/div>\n<\/div>\n\n\n\n<div class=\"wp-block-column is-layout-flow wp-block-column-is-layout-flow\">\n<div style=\"padding: 20px 10px;\"><h4 class='cameraHeader'>Versiones compatibles<\/h4><p>Requiere Dragonframe 4.3.4 o m\u00e1s reciente. (5.x, 2024.x, 2025.x son m\u00e1s recientes).<\/p><h4 class='cameraHeader'>Vista en vivo<\/h4><p>\u00c9l <b><span data-no-translation>Ximea xiQ<\/span><\/b> proporciona una vista en vivo a trav\u00e9s de su conexi\u00f3n USB. El tama\u00f1o de visualizaci\u00f3n en vivo depende del modelo dentro de la serie.<\/p><h4 class='cameraHeader'>Ajustes de la c\u00e1mara<\/h4><p>Dragonframe controla el <span data-no-translation>Ximea xiQ<\/span> ISO, velocidad de obturaci\u00f3n y balance de blancos.<\/p><\/div>\n<\/div>\n\n\n\n<div class=\"wp-block-column is-layout-flow wp-block-column-is-layout-flow\">\n<div style=\"padding: 20px 10px;\"><h4 class='cameraHeader'>Informaci\u00f3n del producto<\/h4><p class='translation-block'>Puede encontrar el <a href='https:\/\/www.ximea.com\/en\/usb3-vision-camera\/xiq'>manual y las especificaciones de Ximea xiQ<\/a> en el sitio web de Ximea.<\/p><\/div>\n<\/div>\n<\/div>\n\n\n\n<div class=\"sectionTitleBox\" style=\"border: none;\">\n<h1 class=\"sectionTitleBox\" style=\"background-color: transparent;\"><span style=\"color: #d89222;\">Configuraci\u00f3n<\/span> Instrucciones<\/h1>\n<\/div>\n<div class=\"instructions\">\n<ol style=\"padding-left: 16px; margin-top: 4px; margin-bottom: 8px;\"><li class='translation-block translation-block'><a href=\"https:\/\/www.dragonframe.com\/wp-content\/uploads\/2019\/06\/CreateScene.png\" rel=\"iLightBox\" target=\"_self\" data-caption=\"\">Cree una nueva escena<\/a> o abra una existente. (Dragonframe no se conectar\u00e1 a su c\u00e1mara a menos que tenga una escena abierta).<\/li><li><span class='translation-block'>Alimente su c\u00e1mara con alimentaci\u00f3n de CA si es posible, o use una bater\u00eda completamente cargada.<\/span><\/li>\n            <li><span class='translation-block'>Cierre cualquier otra aplicaci\u00f3n que pueda conectarse a su c\u00e1mara.<\/span>\n            \t<ul>\n                \t<li class='translation-block'>En macOS, abra <b>Captura de Imagen<\/b> , seleccione su c\u00e1mara y, en la ventana emergente de la esquina inferior izquierda, seleccione <b>Conectar c\u00e1mara. Se abre: Sin aplicaci\u00f3n<\/b> . <a data-fslightbox class='noAppGroup' href='\/wp-content\/uploads\/2025\/08\/ImageCapture2025.png'>(Ver imagen)<\/a><\/li>\n                <\/ul>\n            <\/li>\n\t<li class='translation-block translation-block'>Aseg\u00farese de que <a rel=\"iLightbox\" class=\"dropboxGroup\" href=\"\/camera-images\/DisableDropbox.png\" target=\"_self\" data-caption=\"\">Dropbox no sea un cliente<\/a> de la c\u00e1mara.<\/li>\n        <li class='translation-block'>Es posible que tengas que salir de <b>Google Drive<\/b> , ya que puede interferir con la c\u00e1mara incluso si desactivas la sincronizaci\u00f3n.<\/li>\n\t<li class='translation-block'>Si tiene un software antivirus, incluya Dragonframe en la lista blanca para que pueda acceder a su c\u00e1mara.<\/li><li class='translation-block'>Instale el paquete de software Ximea para <a href='https:\/\/www.ximea.com\/support\/wiki\/apis\/XIMEA_macOS_Software_Package'>macOS<\/a> , <a href='https:\/\/www.ximea.com\/support\/wiki\/apis\/XIMEA_Windows_Software_Package'>Windows<\/a> o <a href='https:\/\/www.ximea.com\/support\/wiki\/apis\/XIMEA_Linux_Software_Package'>Linux<\/a> .<\/li><li class='translation-block'>En las <b>Preferencias de Dragonframe | Capture<\/b> , seleccione <b>Habilitar m\u00f3dulo Ximea<\/b> y reinicie Dragonframe.<\/li><li class='translation-block'>Conecte su c\u00e1mara a la computadora con un <b>cable USB<\/b> adecuado. (Aseg\u00farese de seguir las instrucciones anteriores antes de hacerlo).<\/li><li class='translation-block'>Si est\u00e1 utilizando macOS 15 o posterior y Dragonframe 2024 o posterior, y la c\u00e1mara no aparece, siga las instrucciones de nuestras <a href='\/es\/ufaqs\/on-macos-sequoia-dragonframe-does-not-detect-camera-at-all\/'>preguntas frecuentes<\/a> para resolver el problema.<\/li>\n<li class='translation-block'>Vaya al espacio de trabajo de Cinematograf\u00eda para ajustar la configuraci\u00f3n de exposici\u00f3n de la c\u00e1mara, verificar el enfoque y tomar fotograf\u00edas de prueba.<\/li><\/ol>\n<\/div>\n<div style=\"margin: 10px 20px; text-align: center;\"><i><a href=\"\/es\/faq\/#_ewd-ufaq-faq-category-camera\">Encuentre consejos para la soluci\u00f3n de problemas de la c\u00e1mara en nuestras preguntas frecuentes.<\/a><\/i><\/div>\n\n\n\n<p><\/p>","protected":false},"excerpt":{"rendered":"<p>Instrucciones de configuraci\u00f3n Encuentre consejos para la soluci\u00f3n de problemas de la c\u00e1mara en nuestras preguntas frecuentes.<\/p>","protected":false},"author":1,"featured_media":0,"parent":0,"menu_order":0,"comment_status":"closed","ping_status":"closed","template":"","meta":{"footnotes":""},"class_list":{"0":"post-19346","1":"page","2":"type-page","3":"status-publish","5":"no-featured-image-padding"},"_links":{"self":[{"href":"https:\/\/www.dragonframe.com\/es\/wp-json\/wp\/v2\/pages\/19346","targetHints":{"allow":["GET"]}}],"collection":[{"href":"https:\/\/www.dragonframe.com\/es\/wp-json\/wp\/v2\/pages"}],"about":[{"href":"https:\/\/www.dragonframe.com\/es\/wp-json\/wp\/v2\/types\/page"}],"author":[{"embeddable":true,"href":"https:\/\/www.dragonframe.com\/es\/wp-json\/wp\/v2\/users\/1"}],"replies":[{"embeddable":true,"href":"https:\/\/www.dragonframe.com\/es\/wp-json\/wp\/v2\/comments?post=19346"}],"version-history":[{"count":1,"href":"https:\/\/www.dragonframe.com\/es\/wp-json\/wp\/v2\/pages\/19346\/revisions"}],"predecessor-version":[{"id":71449,"href":"https:\/\/www.dragonframe.com\/es\/wp-json\/wp\/v2\/pages\/19346\/revisions\/71449"}],"wp:attachment":[{"href":"https:\/\/www.dragonframe.com\/es\/wp-json\/wp\/v2\/media?parent=19346"}],"curies":[{"name":"palabra clave","href":"https:\/\/api.w.org\/{rel}","templated":true}]}}