{"id":19304,"date":"2017-03-21T20:23:50","date_gmt":"2017-03-22T03:23:50","guid":{"rendered":"http:\/\/dev.dragonframe.com\/?page_id=19304"},"modified":"2025-06-26T12:05:27","modified_gmt":"2025-06-26T19:05:27","slug":"dftether","status":"publish","type":"page","link":"https:\/\/www.dragonframe.com\/es\/dftether\/","title":{"rendered":"Atadura Dragonframe"},"content":{"rendered":"<div class=\"pageTitle\" data-no-translation=\"\">\n<h1>Dragonframe <span class=\"white\">Tether<\/span><\/h1>\n<\/div>\n\n\n\n<div class=\"wp-block-columns is-layout-flex wp-container-core-columns-is-layout-9d6595d7 wp-block-columns-is-layout-flex\">\n<div class=\"wp-block-column is-layout-flow wp-block-column-is-layout-flow\" style=\"flex-basis:15%\"><\/div>\n\n\n\n<div class=\"wp-block-column is-layout-flow wp-block-column-is-layout-flow\">\n<strong data-no-translation=\"\">Dragonframe Tether (DF Tether)<\/strong> es una aplicaci\u00f3n gratuita que le permite utilizar su dispositivo iOS o Android como fuente de captura en <a href=\"\/es\/dragonframe-software\/\">Dragonframe<\/a> Software de animaci\u00f3n stop motion.\n\n<p>Se requiere Dragonframe 5 o m\u00e1s reciente para la conectividad WiFi de iOS o Android.<\/p>\n\n<p>Se requiere Dragonframe 4 para la conectividad USB de iOS.<\/p>\n\n\n<figure class=\"wp-block-table df-style-stripes\">\n<table>\n<tbody>\n<tr>\n<td><\/td>\n<td>Dragonframe 3<\/td>\n<td>Dragonframe 4<\/td>\n<td>Dragonframe 5 o m\u00e1s reciente<\/td>\n<\/tr>\n<tr>\n<td>iOS a trav\u00e9s de USB<\/td>\n<td>\u2014<\/td>\n<td><strong>SI<\/strong><\/td>\n<td><strong>SI<\/strong><\/td>\n<\/tr>\n<tr>\n<td>iOS a trav\u00e9s de Wi-Fi<\/td>\n<td>\u2014<\/td>\n<td>\u2014<\/td>\n<td><strong>SI<\/strong><\/td>\n<\/tr>\n<tr>\n<td>Android a trav\u00e9s de Wi-Fi<\/td>\n<td>\u2014<\/td>\n<td>\u2014<\/td>\n<td><strong>SI<\/strong><\/td>\n<\/tr>\n<\/tbody>\n<\/table>\n<figcaption class=\"wp-element-caption\">Soporte por versi\u00f3n<\/figcaption><\/figure>\n\n<p>iOS 10.0+: Instalar <a href=\"https:\/\/apps.apple.com\/app\/dragonframe-tether\/id1207485362\" data-no-translation=\"\">Dragonframe Tether<\/a> a trav\u00e9s de <strong>Tienda de aplicaciones<\/strong> en su dispositivo.<\/p>\n\n<p>Android 7.0+ (ARM): Instalar <a href=\"https:\/\/play.google.com\/store\/apps\/details?id=com.dzed.DFTether\" data-no-translation=\"\">Dragonframe Tether<\/a> a trav\u00e9s de <strong>Google Play<\/strong> tienda de aplicaciones.<\/p>\n<div style=\"display: table; text-align: center; margin: 30px auto 30px auto;\"><a href=\"http:\/\/appstore.com\/dragonframetether\"><img loading=\"lazy\" decoding=\"async\" src=\"\/wp-content\/uploads\/2017\/03\/dftether_icon.png\" alt=\"Abra la p\u00e1gina Dragonframe Tether en la tienda de aplicaciones de iOS\" width=\"128\" height=\"128\" border=\"0\" \/>\n<span style=\"color: white; font-weight: 500;\" data-no-translation=\"\">Dragonframe Tether<\/span><\/a><\/div>\n<h2>Instrucciones:<\/h2>\n<ol>\n \t<li>Inicie el software Dragonframe en la computadora.<\/li>\n \t<li>En macOS 15 (Sequoia) y versiones posteriores, vaya a <b>Configuraci\u00f3n del sistema: Privacidad y seguridad: Red local<\/b> y aseg\u00farese de que Dragonframe est\u00e9 habilitado.<\/li>\n \t<li class=\"translation-block\"><a href=\"https:\/\/www.dragonframe.com\/wp-content\/uploads\/2019\/06\/CreateScene.png\" rel=\"iLightBox\" data-caption=\"\" target=\"_self\">Cree una nueva escena<\/a> o abra una existente.<\/li>\n \t<li>Lanzar el <b data-no-translation=\"\">DF Tether<\/b> aplicaci\u00f3n en su dispositivo Android o iOS.<\/li>\n \t<li>Presiona la aplicaci\u00f3n <b>Ayudar<\/b> bot\u00f3n y siga las instrucciones.<\/li>\n<\/ol>\n<p>Cuando haya seguido las instrucciones, Dragonframe deber\u00eda detectar el dispositivo y conectarse a \u00e9l.<\/p>\n\n<p><strong>NOTA:<\/strong> Los usuarios de Windows con dispositivos iOS deben instalar <a href=\"http:\/\/www.apple.com\/itunes\/download\/\">itunes<\/a>Aseg\u00farate de tener la \u00faltima versi\u00f3n, directamente desde Apple (no desde Microsoft Store). Reinicia tu computadora despu\u00e9s de instalar iTunes.<\/p>\n<h2>Una vez conectado:<\/h2>\n<ul>\n \t<li>Dragonframe mostrar\u00e1 una vista previa de video usando la c\u00e1mara del dispositivo. (Suponiendo que tiene una escena abierta, seg\u00fan la instrucci\u00f3n #3 anterior).\n<strong>NOTA:<\/strong> La pantalla del dispositivo no mostrar\u00e1 el video; es solo en Dragonframe.<\/li>\n \t<li>Puede controlar la velocidad de obturaci\u00f3n, ISO y el balance de blancos en <b>Ajustes de la c\u00e1mara<\/b> en el <b>Espacio de trabajo de cinematograf\u00eda<\/b>. (Actualmente, el balance de blancos solo est\u00e1 disponible en dispositivos iOS).<\/li>\n \t<li>Controle el enfoque en Dragonframe presionando el \u00edcono de la cruz en los espacios de trabajo de Animaci\u00f3n o Cinematograf\u00eda.<\/li>\n \t<li>Capture im\u00e1genes JPG o DNG directamente en la computadora. (DNG solo est\u00e1 disponible en algunos modelos de iOS).<\/li>\n<\/ul>\n<p><strong>NOTA:<\/strong> Requiere Dragonframe 4+ en un sistema de escritorio macOS, Windows o Linux. <a href=\"\/es\/dragonframe-software\/\">Dragonframe<\/a> es una compra por separado y no se incluye con esta aplicaci\u00f3n.<\/p>\n\n\n<h2>Soluci\u00f3n de problemas:<\/h2>\n<p>Para conexiones WiFi, Dragonframe se comunica con Dragonframe Tether a trav\u00e9s del puerto 8989, v\u00eda TCP. Aseg\u00farate de que tu red no est\u00e9 bloqueando ese puerto.<\/p>\n\n<p>Si est\u00e1 en Windows y el dispositivo iOS aparece en iTunes pero no aparece en Dragonframe, intente tomar una foto en el dispositivo, descon\u00e9ctelo y vuelva a conectarlo. Se pueden encontrar m\u00e1s sugerencias en <a href=\"https:\/\/www.youtube.com\/watch?v=Zq0LAiYAfSA\" aria-label=\"C\u00f3mo ARREGLAR el iPhone que no aparece en\/en mi computadora\">este video<\/a>.<\/p>\n\n<p>Si est\u00e1 en Windows y el dispositivo iOS no aparece en iTunes, pero aparece en el explorador de archivos, debe cambiar el controlador. Mirar <a href=\"https:\/\/www.youtube.com\/watch?v=CuJgHIipTvM\" aria-label=\"C\u00f3mo hacer que el iPhone aparezca en\/en mi computadora PC con Windows\">este video<\/a>, pero elija el &#039;Controlador USB del dispositivo m\u00f3vil de Apple&#039; en lugar de &#039;Dispositivo USB MTP&#039;.<\/p>\n\n<p>Si su computadora detecta el dispositivo iOS y Dragonframe intenta conectarse a \u00e9l, pero no puede hablar con <strong data-no-translation=\"\">Dragonframe Tether<\/strong>, puede ayudarnos enviando archivos de registro. Primero, en Dragonframe, ve a <strong>Preferencias | Captura<\/strong> y establecer <strong>Registro de c\u00e1mara<\/strong> a <strong>Elevado<\/strong>. A continuaci\u00f3n, intente conectarse de nuevo al dispositivo iOS. Si falla, vaya a <strong>Ayudar<\/strong> y elige <strong>Reportar un problema\u2026<\/strong> para enviarnos los archivos de registro de la m\u00e1quina. Luego, en su dispositivo iOS, abra la secci\u00f3n Ayuda en <strong data-no-translation=\"\">Dragonframe Tether<\/strong> y tome una captura de pantalla, luego env\u00edela por correo electr\u00f3nico a <strong>support@dragonframe.com<\/strong>.<\/p>\n<\/div>\n\n\n\n<div class=\"wp-block-column is-layout-flow wp-block-column-is-layout-flow\" style=\"flex-basis:15%\"><\/div>\n<\/div>\n\n\n\n<p><\/p>","protected":false},"excerpt":{"rendered":"<p>Dragonframe Tether (DF Tether) es una aplicaci\u00f3n gratuita que te permite usar tu dispositivo iOS o Android como fuente de captura en el software de animaci\u00f3n stop motion Dragonframe. Se requiere Dragonframe 5 o posterior para la conectividad Wi-Fi en iOS o Android. Se requiere Dragonframe 4 para la conectividad USB en iOS. Dragonframe 3 Dragonframe 4 Dragonframe\u2026 <a title=\"Atadura Dragonframe\" class=\"read-more\" href=\"https:\/\/www.dragonframe.com\/es\/dftether\/\" aria-label=\"Leer m\u00e1s sobre Dragonframe Tether\">Leer m\u00e1s<\/a><\/p>","protected":false},"author":1,"featured_media":0,"parent":0,"menu_order":0,"comment_status":"closed","ping_status":"closed","template":"","meta":{"footnotes":""},"class_list":{"0":"post-19304","1":"page","2":"type-page","3":"status-publish","5":"no-featured-image-padding"},"_links":{"self":[{"href":"https:\/\/www.dragonframe.com\/es\/wp-json\/wp\/v2\/pages\/19304","targetHints":{"allow":["GET"]}}],"collection":[{"href":"https:\/\/www.dragonframe.com\/es\/wp-json\/wp\/v2\/pages"}],"about":[{"href":"https:\/\/www.dragonframe.com\/es\/wp-json\/wp\/v2\/types\/page"}],"author":[{"embeddable":true,"href":"https:\/\/www.dragonframe.com\/es\/wp-json\/wp\/v2\/users\/1"}],"replies":[{"embeddable":true,"href":"https:\/\/www.dragonframe.com\/es\/wp-json\/wp\/v2\/comments?post=19304"}],"version-history":[{"count":0,"href":"https:\/\/www.dragonframe.com\/es\/wp-json\/wp\/v2\/pages\/19304\/revisions"}],"wp:attachment":[{"href":"https:\/\/www.dragonframe.com\/es\/wp-json\/wp\/v2\/media?parent=19304"}],"curies":[{"name":"palabra clave","href":"https:\/\/api.w.org\/{rel}","templated":true}]}}