{"id":18079,"date":"2017-02-03T10:02:02","date_gmt":"2017-02-03T10:02:02","guid":{"rendered":"http:\/\/dev.dragonframe.com\/?page_id=18079"},"modified":"2025-06-28T13:15:20","modified_gmt":"2025-06-28T20:15:20","slug":"find-your-license","status":"publish","type":"page","link":"https:\/\/www.dragonframe.com\/es\/find-your-license\/","title":{"rendered":"Encuentre su licencia"},"content":{"rendered":"<div class=\"pageTitle\">\n<h1>Encuentre su licencia<\/h1>\n<\/div>\n\n\n\n<p>Si tiene una cuenta en nuestro sitio, puede usarla para encontrar la informaci\u00f3n de su licencia.\n<br><a href=\"\/es\/my-account\/dzed-licenses\/\">Administrar licencias<\/a><\/p>\n\n<p>Si no tiene una cuenta, utilice el formulario a continuaci\u00f3n. Podemos enviarle todos los n\u00fameros de serie que haya adquirido si conoce su direcci\u00f3n de correo electr\u00f3nico registrada. El mensaje mostrar\u00e1 una lista de todas las m\u00e1quinas activadas y le dar\u00e1 la opci\u00f3n de desactivarlas manualmente.<\/p>\n\n<p>Si no recuerda la direcci\u00f3n de correo electr\u00f3nico con la que compr\u00f3 o ya no est\u00e1 disponible, tendr\u00e1 que enviar un correo electr\u00f3nico <a href=\"mailto:support@dragonframe.com?subject=Necesito ayuda para encontrar mi licencia\">support@dragonframe.com<\/a>.<\/p>\n\n\n\n<div style=\"padding: 30px; border: 1px solid black; background-color: #202020;\">\n<div id=\"licenseLookupResponse\" style=\"height: auto; padding-bottom: 10px; font-size: 14px; color: #fff; letter-spacing: 0.04em;\"><\/div>\n<form id=\"licenseLookupForm\" action=\"\" method=\"POST\" data-trp-original-action=\"\"><input id=\"emailaddr\" class=\"inputField\" style=\"width: 250px;\" title=\"Direcci\u00f3n de correo electr\u00f3nico\" name=\"email_address\" type=\"text\" placeholder=\"Direcci\u00f3n de correo electr\u00f3nico\" \/>\n<input class=\"inputField wide\" style=\"width: 50%; margin-top: 12px;\" title=\"Direcci\u00f3n de correo electr\u00f3nico\" name=\"email\" type=\"text\" placeholder=\"Direcci\u00f3n de correo electr\u00f3nico\" \/>\n\n<input name=\"action\" type=\"hidden\" value=\"licenseLookup\" \/>\n<div class=\"inputLabel\" style=\"display:inline\"><input name=\"submit\" type=\"submit\" value=\"Buscar mi licencia\" style=\"margin-top:12px;\"\/><\/div>\n<input type=\"hidden\" name=\"trp-form-language\" value=\"es\"\/><\/form><\/div>\n\n\n\n<p>&nbsp;<\/p>","protected":false},"excerpt":{"rendered":"<p>Encuentra tu licencia. Si tienes una cuenta en nuestro sitio, puedes usarla para encontrar la informaci\u00f3n de tu licencia. Administrar licencias. Si no tienes una cuenta, usa el formulario a continuaci\u00f3n. Podemos enviarte todos los n\u00fameros de serie que hayas comprado si conoces tu direcci\u00f3n de correo electr\u00f3nico registrada. El mensaje incluir\u00e1 todos... <a title=\"Encuentre su licencia\" class=\"read-more\" href=\"https:\/\/www.dragonframe.com\/es\/find-your-license\/\" aria-label=\"Leer m\u00e1s sobre Encuentre su licencia\">Leer m\u00e1s<\/a><\/p>","protected":false},"author":2,"featured_media":0,"parent":0,"menu_order":0,"comment_status":"closed","ping_status":"closed","template":"","meta":{"footnotes":""},"class_list":{"0":"post-18079","1":"page","2":"type-page","3":"status-publish","5":"no-featured-image-padding"},"_links":{"self":[{"href":"https:\/\/www.dragonframe.com\/es\/wp-json\/wp\/v2\/pages\/18079","targetHints":{"allow":["GET"]}}],"collection":[{"href":"https:\/\/www.dragonframe.com\/es\/wp-json\/wp\/v2\/pages"}],"about":[{"href":"https:\/\/www.dragonframe.com\/es\/wp-json\/wp\/v2\/types\/page"}],"author":[{"embeddable":true,"href":"https:\/\/www.dragonframe.com\/es\/wp-json\/wp\/v2\/users\/2"}],"replies":[{"embeddable":true,"href":"https:\/\/www.dragonframe.com\/es\/wp-json\/wp\/v2\/comments?post=18079"}],"version-history":[{"count":0,"href":"https:\/\/www.dragonframe.com\/es\/wp-json\/wp\/v2\/pages\/18079\/revisions"}],"wp:attachment":[{"href":"https:\/\/www.dragonframe.com\/es\/wp-json\/wp\/v2\/media?parent=18079"}],"curies":[{"name":"palabra clave","href":"https:\/\/api.w.org\/{rel}","templated":true}]}}