{"id":18073,"date":"2017-02-03T10:00:51","date_gmt":"2017-02-03T10:00:51","guid":{"rendered":"http:\/\/dev.dragonframe.com\/?page_id=18073"},"modified":"2025-10-26T17:04:46","modified_gmt":"2025-10-27T00:04:46","slug":"support","status":"publish","type":"page","link":"https:\/\/www.dragonframe.com\/es\/support\/","title":{"rendered":"Centro de Apoyo"},"content":{"rendered":"<div class=\"pageTitle\">\n<h1>Centro de Apoyo<\/h1>\n<\/div>\n\n\n\n<div style=\"padding: 10px 20px; text-align: center;  background-color: #000; margin-bottom: 20px; margin-top: -20px;\">\nObtenga ayuda con Dragonframe <i>software de animaci\u00f3n stop motion<\/i>.\n<br>Nosotros no hacemos <a href='https:\/\/dragontouch.com\/collections\/digital-frame'>marcos de fotos digitales<\/a> o <a href='https:\/\/www.nuance.com\/dragon.html'>software de dictado<\/a>.\n<\/div>\n\n\n\n<div class=\"sectionTitleBox\" style=\"border: none;\">\n<h1 class=\"sectionTitleBox\"><span style=\"color: #d89222;\">Encontrar<\/span> respuestas<\/h1>\n<\/div>\n\n\n\n<div class=\"wp-block-columns supportBlock is-layout-flex wp-container-core-columns-is-layout-9d6595d7 wp-block-columns-is-layout-flex\">\n<div class=\"wp-block-column is-layout-flow wp-block-column-is-layout-flow\" style=\"flex-basis:25%\">\n<h3>Preguntas m\u00e1s frecuentes<\/h3>\n<p style=\"margin: 0 20px 24px 0px;\">Encuentre respuestas a preguntas comunes y abundante conocimiento en nuestras Preguntas Frecuentes<\/p>\n<a href=\"\/es\/faq\/\">IR A PREGUNTAS FRECUENTES<\/a>\n<\/div>\n\n\n\n<div class=\"wp-block-column is-layout-flow wp-block-column-is-layout-flow\" style=\"flex-basis:25%\">\n<h3>Gu\u00eda del usuario<\/h3>\n<p style=\"margin: 0 20px 24px 0px;\">Encuentre la gu\u00eda del usuario del software Dragonframe en el programa <span style=\"color: #d89222;\">Ayudar<\/span> men\u00fa, o descargarlo aqu\u00ed<\/p>\n<a href=\"\/download\/Using Dragonframe 2025.pdf\">DESCARGAR GU\u00cdA DEL USUARIO<\/a>\n<\/div>\n\n\n\n<div class=\"wp-block-column is-layout-flow wp-block-column-is-layout-flow\" style=\"flex-basis:25%\">\n<h3>Soporte de c\u00e1mara<\/h3>\n<p style=\"margin: 0 20px 24px 0px;\">Encuentre c\u00e1maras compatibles e instrucciones de configuraci\u00f3n en nuestra p\u00e1gina de soporte de c\u00e1maras<\/p>\n<a href=\"\/es\/camera-support\/\">IR A SOPORTE DE C\u00c1MARA<\/a>\n<\/div>\n\n\n\n<div class=\"wp-block-column is-layout-flow wp-block-column-is-layout-flow\" style=\"flex-basis:25%\">\n<h3>Activaci\u00f3n del producto<\/h3>\n<p style=\"margin: 0 20px 24px 0px;\">Si su computadora es <strong>desconectado<\/strong>, act\u00edvala aqu\u00ed. (Si est\u00e1 en l\u00ednea, se activa a trav\u00e9s del software).<\/p>\n<a href=\"\/es\/software-activation\/\">ACTIVACI\u00d3N DEL SOFTWARE<\/a>\n<\/div>\n<\/div>\n\n\n\n<div class=\"sectionTitleBox\" style=\"border: none;\">\n<h1 class=\"sectionTitleBox\"><span style=\"color: #d89222;\">Solicitud<\/span> Ayudar<\/h1>\n<\/div>\n\n\n\n<div class=\"wp-block-columns supportBlock is-layout-flex wp-container-core-columns-is-layout-9d6595d7 wp-block-columns-is-layout-flex\">\n<div class=\"wp-block-column is-layout-flow wp-block-column-is-layout-flow\" style=\"flex-basis:25%\">\n<h3>Reportar un problema<\/h3>\n<p style=\"margin: 0 20px 24px 0px;\">Para problemas t\u00e9cnicos mientras ejecuta Dragonframe, utilice <span style=\"white-space: nowrap; color: #d89222;\">Reportar un problema<\/span> en el programa <span style=\"color: #d89222;\">Ayudar<\/span> men\u00fa<\/p>\n<p>Si no ve una respuesta a su consulta, revise sus carpetas de correo no deseado y promociones.<\/p>\n<\/div>\n\n\n\n<div class=\"wp-block-column is-layout-flow wp-block-column-is-layout-flow\" style=\"flex-basis:25%\">\n<h3>Env\u00edenos un correo electr\u00f3nico<\/h3>\n<p style=\"margin: 0 20px 24px 0px;\">Por lo general, respondemos al correo electr\u00f3nico dentro de las 24-48 horas.<\/p>\n<a href=\"mailto:support@dragonframe.com\">support@dragonframe.com<\/a>\n<p style=\"margin-top: 20px;\">Si no ve una respuesta a su consulta, revise sus carpetas de correo no deseado y promociones.<\/p>\n<\/div>\n\n\n\n<div class=\"wp-block-column is-layout-flow wp-block-column-is-layout-flow\" style=\"flex-basis:25%\">\n<h3>Ll\u00e1menos<\/h3>\n<p style=\"margin: 0 20px 24px 0px;\">Ll\u00e1menos durante el horario comercial para obtener asistencia directa<\/p>\n<a href=\"\/es\/contact-us\/\">CONT\u00c1CTENOS<\/a>\n<\/div>\n\n\n\n<div class=\"wp-block-column is-layout-flow wp-block-column-is-layout-flow\" style=\"flex-basis:25%\">\n<h3>Recuperaci\u00f3n de licencia<\/h3>\n<p style=\"margin: 0 20px 24px 0px;\">Encuentre su licencia usando la direcci\u00f3n de correo electr\u00f3nico registrada<\/p>\n<a href=\"\/es\/find-your-license\/\">ENCUENTRA TU LICENCIA<\/a>\n<\/div>\n<\/div>\n\n\n\n<p><\/p>","protected":false},"excerpt":{"rendered":"<p>Centro de soporte. Obtenga ayuda con el software de animaci\u00f3n stop motion Dragonframe. No fabricamos marcos de fotos digitales ni software de dictado. Encuentre respuestas a preguntas frecuentes y mucha informaci\u00f3n en nuestras preguntas frecuentes. IR A PREGUNTAS FRECUENTES. Gu\u00eda del usuario. Encuentre la gu\u00eda del usuario del software Dragonframe en el men\u00fa de ayuda del programa o desc\u00e1rguela. <a title=\"Centro de Apoyo\" class=\"read-more\" href=\"https:\/\/www.dragonframe.com\/es\/support\/\" aria-label=\"Leer m\u00e1s sobre Centro de soporte\">Leer m\u00e1s<\/a><\/p>","protected":false},"author":2,"featured_media":0,"parent":0,"menu_order":0,"comment_status":"closed","ping_status":"closed","template":"","meta":{"footnotes":""},"class_list":{"0":"post-18073","1":"page","2":"type-page","3":"status-publish","5":"no-featured-image-padding"},"_links":{"self":[{"href":"https:\/\/www.dragonframe.com\/es\/wp-json\/wp\/v2\/pages\/18073","targetHints":{"allow":["GET"]}}],"collection":[{"href":"https:\/\/www.dragonframe.com\/es\/wp-json\/wp\/v2\/pages"}],"about":[{"href":"https:\/\/www.dragonframe.com\/es\/wp-json\/wp\/v2\/types\/page"}],"author":[{"embeddable":true,"href":"https:\/\/www.dragonframe.com\/es\/wp-json\/wp\/v2\/users\/2"}],"replies":[{"embeddable":true,"href":"https:\/\/www.dragonframe.com\/es\/wp-json\/wp\/v2\/comments?post=18073"}],"version-history":[{"count":5,"href":"https:\/\/www.dragonframe.com\/es\/wp-json\/wp\/v2\/pages\/18073\/revisions"}],"predecessor-version":[{"id":70874,"href":"https:\/\/www.dragonframe.com\/es\/wp-json\/wp\/v2\/pages\/18073\/revisions\/70874"}],"wp:attachment":[{"href":"https:\/\/www.dragonframe.com\/es\/wp-json\/wp\/v2\/media?parent=18073"}],"curies":[{"name":"palabra clave","href":"https:\/\/api.w.org\/{rel}","templated":true}]}}