{"id":18050,"date":"2017-02-03T08:58:35","date_gmt":"2017-02-03T08:58:35","guid":{"rendered":"http:\/\/dev.dragonframe.com\/?page_id=18050"},"modified":"2026-04-05T18:14:20","modified_gmt":"2026-04-06T01:14:20","slug":"contact-us","status":"publish","type":"page","link":"https:\/\/www.dragonframe.com\/es\/contact-us\/","title":{"rendered":"Cont\u00e1ctenos"},"content":{"rendered":"<div class=\"pageTitle\">\n<h1>Cont\u00e1ctenos<\/h1>\n<\/div>\n\n\n\n<div style=\"padding: 10px 20px; text-align: center;  background-color: #000; margin-bottom: 20px; margin-top: -20px;\">\nObtenga ayuda con Dragonframe <i>software de animaci\u00f3n stop motion<\/i>.\n<br>Nosotros no hacemos <a href='https:\/\/dragontouch.com\/collections\/digital-frame'>marcos de fotos digitales<\/a> o <a href='https:\/\/www.nuance.com\/dragon.html'>software de dictado<\/a>.\n<\/div>\n\n\n\n<div class=\"contactCenterText\" style=\"color: #d89222; font-weight: bold; xdisplay: none;\">La asistencia telef\u00f3nica ser\u00e1 limitada del 5 al 10 de abril. Responderemos a los correos electr\u00f3nicos.<\/div>\n<div class=\"contactCenterText\">\n<p>Para soporte t\u00e9cnico, ventas o consultas generales, env\u00edenos un correo electr\u00f3nico: <a href=\"mailto:support@dragonframe.com\" rel=\"noopener noreferrer\">support@dragonframe.com<\/a>\n<br>Tambi\u00e9n puede encontrar respuestas a preguntas comunes en nuestra <a href=\"\/es\/support\/\">centro de Apoyo<\/a>.<\/p>\n\n<p>Tel\u00e9fono: <a href=\"\/es\/tel\u00e9fono:+1-800-530-9124\/\">+1.800.530.9124<\/a> (Ingl\u00e9s)<\/p>\n\n<p>Horas de trabajo:\n<ul>\n \t<li>Lunes: 8:00 a. m. a 2:00 p. m. (hora est\u00e1ndar del Pac\u00edfico)<\/li>\n \t<li>Martes: 8:00 a. m. a 2:00 p. m. (hora est\u00e1ndar del Pac\u00edfico)<\/li>\n \t<li>Mi\u00e9rcoles: 8:00 a. m. a 2:00 p. m. (hora est\u00e1ndar del Pac\u00edfico)<\/li>\n \t<li>Jueves: 8:00 a. m. a 2:00 p. m. (hora est\u00e1ndar del Pac\u00edfico)<\/li>\n \t<li>Viernes: 8:00 a. m. a 12:00 p. m. PST<\/li>\n<\/ul>\n<\/p>\n<p>Hora local: <span id=\"currentTime\" data-no-translation><\/span><\/p>\n<\/div>\n\n\n\n<div class=\"wp-block-columns is-layout-flex wp-container-core-columns-is-layout-9d6595d7 wp-block-columns-is-layout-flex\">\n<div class=\"wp-block-column is-layout-flow wp-block-column-is-layout-flow\">\n<h3>Direcci\u00f3n de envio<\/h3>\n<p data-no-translation>\nDZED Systems LLC\n<br>407 Bryant Circle, Suite B\n<br>Ojai CA 93023\n<br>U.S.A.\n<\/p>\n<\/div>\n<\/div>","protected":false},"excerpt":{"rendered":"<p>Contact Us Get help with Dragonframe stop motion animation software. We do not make digital picture frames or dictation software. Phone support will be limited April 5-10. We will respond to email. For technical support, sales, or general inquiries, please email us: support@dragonframe.com You can also find answers to common questions in our support center. &#8230; <a title=\"Cont\u00e1ctenos\" class=\"read-more\" href=\"https:\/\/www.dragonframe.com\/es\/contact-us\/\" aria-label=\"Leer m\u00e1s sobre Cont\u00e1ctenos\">Leer m\u00e1s<\/a><\/p>","protected":false},"author":1,"featured_media":0,"parent":0,"menu_order":0,"comment_status":"closed","ping_status":"closed","template":"","meta":{"footnotes":""},"class_list":{"0":"post-18050","1":"page","2":"type-page","3":"status-publish","5":"no-featured-image-padding"},"_links":{"self":[{"href":"https:\/\/www.dragonframe.com\/es\/wp-json\/wp\/v2\/pages\/18050","targetHints":{"allow":["GET"]}}],"collection":[{"href":"https:\/\/www.dragonframe.com\/es\/wp-json\/wp\/v2\/pages"}],"about":[{"href":"https:\/\/www.dragonframe.com\/es\/wp-json\/wp\/v2\/types\/page"}],"author":[{"embeddable":true,"href":"https:\/\/www.dragonframe.com\/es\/wp-json\/wp\/v2\/users\/1"}],"replies":[{"embeddable":true,"href":"https:\/\/www.dragonframe.com\/es\/wp-json\/wp\/v2\/comments?post=18050"}],"version-history":[{"count":16,"href":"https:\/\/www.dragonframe.com\/es\/wp-json\/wp\/v2\/pages\/18050\/revisions"}],"predecessor-version":[{"id":72902,"href":"https:\/\/www.dragonframe.com\/es\/wp-json\/wp\/v2\/pages\/18050\/revisions\/72902"}],"wp:attachment":[{"href":"https:\/\/www.dragonframe.com\/es\/wp-json\/wp\/v2\/media?parent=18050"}],"curies":[{"name":"palabra clave","href":"https:\/\/api.w.org\/{rel}","templated":true}]}}