{"id":18048,"date":"2017-02-03T08:57:53","date_gmt":"2017-02-03T08:57:53","guid":{"rendered":"http:\/\/dev.dragonframe.com\/?page_id=18048"},"modified":"2025-07-04T11:35:29","modified_gmt":"2025-07-04T18:35:29","slug":"about-us","status":"publish","type":"page","link":"https:\/\/www.dragonframe.com\/es\/about-us\/","title":{"rendered":"Sobre nosotros"},"content":{"rendered":"<div class=\"pageTitle\">\n<h1>Sobre nosotros<\/h1>\n<\/div>\n\n\n\n<div class=\"wp-block-columns is-layout-flex wp-container-core-columns-is-layout-9d6595d7 wp-block-columns-is-layout-flex\">\n<div class=\"wp-block-column is-layout-flow wp-block-column-is-layout-flow\">\n<div style=\"display: table; margin-left: auto; margin-right: auto;\">\n<img loading=\"lazy\" decoding=\"async\" class=\"alignnone size-full wp-image-19908\" src=\"\/wp-content\/uploads\/2017\/02\/about_dragon_run.jpg\" alt=\"\" width=\"300\" height=\"172\" srcset=\"\" sizes=\"auto, (max-width: 300px) 100vw, 300px\" data-srcset=\"\" \/>\n<div class=\"aboutLabel\">Fotograma de \u201cDragon\u201d de United Airlines.<\/div>\n<img loading=\"lazy\" decoding=\"async\" class=\"size-fusion-600 wp-image-67256\" style=\"padding-top: 20px;\" src=\"https:\/\/www.dragonframe.com\/wp-content\/uploads\/2025\/02\/dragon_logo_source-600x774.jpg\" alt=\"\" width=\"300\" height=\"387\" srcset=\"https:\/\/www.dragonframe.com\/wp-content\/uploads\/2025\/02\/dragon_logo_source-600x774.jpg 600w, https:\/\/www.dragonframe.com\/wp-content\/uploads\/2025\/02\/dragon_logo_source-233x300.jpg 233w, https:\/\/www.dragonframe.com\/wp-content\/uploads\/2025\/02\/dragon_logo_source-794x1024.jpg 794w, https:\/\/www.dragonframe.com\/wp-content\/uploads\/2025\/02\/dragon_logo_source-768x990.jpg 768w, https:\/\/www.dragonframe.com\/wp-content\/uploads\/2025\/02\/dragon_logo_source-9x12.jpg 9w, https:\/\/www.dragonframe.com\/wp-content\/uploads\/2025\/02\/dragon_logo_source-200x258.jpg 200w, https:\/\/www.dragonframe.com\/wp-content\/uploads\/2025\/02\/dragon_logo_source-400x516.jpg 400w, https:\/\/www.dragonframe.com\/wp-content\/uploads\/2025\/02\/dragon_logo_source-800x1032.jpg 800w, https:\/\/www.dragonframe.com\/wp-content\/uploads\/2025\/02\/dragon_logo_source-500x645.jpg 500w, https:\/\/www.dragonframe.com\/wp-content\/uploads\/2025\/02\/dragon_logo_source-700x903.jpg 700w, https:\/\/www.dragonframe.com\/wp-content\/uploads\/2025\/02\/dragon_logo_source.jpg 960w\" sizes=\"auto, (max-width: 300px) 100vw, 300px\" \/>\n<div class=\"aboutLabel\">Boceto original del logotipo de Alex Juhasz<\/div>\n<\/div>\n<\/div>\n\n\n\n<div class=\"wp-block-column is-layout-flow wp-block-column-is-layout-flow\">\n<h3>SOBRE NUESTRA COMPA\u00d1\u00cdA<\/h3>\n<p>Aqu\u00ed en DZED Systems, tenemos un punto de vista. Somos animadores, directores de fotograf\u00eda y artistas, y dise\u00f1amos Dragonframe para que sea el software <i>hemos<\/i> estado esperando El software que nos permite hacer animaci\u00f3n basada en el rendimiento a nivel de funciones en cualquier formato.<\/p>\n\n<p>Porque dise\u00f1amos Dragonframe (anteriormente <span class=\"ntx\" data-no-translation=\"\">&#8216;Dragon Stop Motion&#8217;<\/span>) en el estr\u00e9s de las producciones reales, nuestras caracter\u00edsticas son concisas y poderosas. Nos enfocamos en capturar fotograf\u00edas o videos digitales de alta calidad y permitirle trabajar directamente con esos archivos. Dragonframe organiza tus im\u00e1genes de forma sencilla y te da acceso a ellas en alta resoluci\u00f3n.<\/p>\n<\/div>\n\n\n\n<div class=\"wp-block-column is-layout-flow wp-block-column-is-layout-flow\">\n<h3>NUESTRA HISTORIA<\/h3>\n<p>Desde 1993, los hermanos Jamie y Dyami Caliri han colaborado para crear un software de animaci\u00f3n stop-motion. Jamie es un director destacado y galardonado, y Dyami es un ingeniero de software profesional. Su primera colaboraci\u00f3n fue dise\u00f1ar un control de c\u00e1mara de pel\u00edcula de 35 mm personalizado; esto condujo luego a un capturador de fotogramas basado en software y, finalmente, a una soluci\u00f3n integral basada en im\u00e1genes fijas digitales.<\/p>\n<p>En 2005, Jamie comenz\u00f3 a dirigir el comercial &quot;Dragon&quot; de United Airlines. Quer\u00eda filmar stop-motion con im\u00e1genes fijas digitales. Los hermanos Caliri trabajaron en estrecha colaboraci\u00f3n con la virtuosa animadora Kim Blanchette para desarrollar un software que satisficiera sus extraordinarias necesidades. El resultado fue una herramienta completa de stop-motion que ayud\u00f3 a dar vida al anuncio de United Airlines, ganador del premio Annie.<\/p>\n\n<p>Despu\u00e9s de darse cuenta de que otros programas de stop motion ten\u00edan grandes limitaciones, los hermanos Caliri formaron DZED Systems LLC para desarrollar Dragon Stop Motion para el p\u00fablico. Nuestra empresa se compromete a proporcionar software de nivel verdaderamente profesional y soporte t\u00e9cnico de primer nivel.<\/p>\n<\/div>\n<\/div>","protected":false},"excerpt":{"rendered":"<p>Acerca de nosotros. Fotograma de &quot;Drag\u00f3n&quot; de United Airlines. Boceto original del logotipo por Alex Juhasz. ACERCA DE NUESTRA EMPRESA. En DZED Systems, tenemos un punto de vista. Somos animadores, directores de fotograf\u00eda y artistas, y dise\u00f1amos Dragonframe para que fuera el software que est\u00e1bamos esperando. El software que nos permite crear animaci\u00f3n a nivel de funciones y basada en el rendimiento... <a title=\"Sobre nosotros\" class=\"read-more\" href=\"https:\/\/www.dragonframe.com\/es\/about-us\/\" aria-label=\"Leer m\u00e1s sobre Nosotros\">Leer m\u00e1s<\/a><\/p>","protected":false},"author":1,"featured_media":0,"parent":0,"menu_order":0,"comment_status":"closed","ping_status":"closed","template":"","meta":{"footnotes":""},"class_list":{"0":"post-18048","1":"page","2":"type-page","3":"status-publish","5":"no-featured-image-padding"},"_links":{"self":[{"href":"https:\/\/www.dragonframe.com\/es\/wp-json\/wp\/v2\/pages\/18048","targetHints":{"allow":["GET"]}}],"collection":[{"href":"https:\/\/www.dragonframe.com\/es\/wp-json\/wp\/v2\/pages"}],"about":[{"href":"https:\/\/www.dragonframe.com\/es\/wp-json\/wp\/v2\/types\/page"}],"author":[{"embeddable":true,"href":"https:\/\/www.dragonframe.com\/es\/wp-json\/wp\/v2\/users\/1"}],"replies":[{"embeddable":true,"href":"https:\/\/www.dragonframe.com\/es\/wp-json\/wp\/v2\/comments?post=18048"}],"version-history":[{"count":0,"href":"https:\/\/www.dragonframe.com\/es\/wp-json\/wp\/v2\/pages\/18048\/revisions"}],"wp:attachment":[{"href":"https:\/\/www.dragonframe.com\/es\/wp-json\/wp\/v2\/media?parent=18048"}],"curies":[{"name":"palabra clave","href":"https:\/\/api.w.org\/{rel}","templated":true}]}}