{"id":64274,"date":"2024-06-28T12:47:17","date_gmt":"2024-06-28T19:47:17","guid":{"rendered":"https:\/\/www.dragonframe.com\/?post_type=product&#038;p=64274"},"modified":"2024-06-28T12:51:02","modified_gmt":"2024-06-28T19:51:02","slug":"general-lift-junior","status":"publish","type":"product","link":"https:\/\/www.dragonframe.com\/de\/product\/general-lift-junior\/","title":{"rendered":"Allgemeines Gewichtheben \u2013 Junior"},"content":{"rendered":"","protected":false},"excerpt":{"rendered":"<p>General Lift ist seit \u00fcber 30 Jahren in der Kino- und Werbefilmbranche t\u00e4tig.<\/p>\n<p>Junior wurde als vielseitiges, leicht zu bewegendes und konfigurierbares Stop-Motion-Animation-Bewegungssteuerungssystem mit kleinerem Formfaktor im Vergleich zum Senior Rig entwickelt.<\/p>\n<p>Junior ist als \u201eAll-in-One\u201c-Formfaktor konzipiert und kann zum Set gerollt und dann zum Drehen heruntergelassen werden.<\/p>\n<p>Es verf\u00fcgt \u00fcber sieben Bewegungsachsen: Spur, Auslegerschwenkung, Auslegerh\u00f6henverstellung, Schwenken, Neigen und Rollen sowie Fokus.<\/p>\n<p>Merkmale:<\/p>\n<ol>\n<li>Junior ist so konstruiert, dass das System auf einer stabilen Stahlschwei\u00dfkonstruktion sitzt und \u00fcber Schwerlastrollen verf\u00fcgt, sodass es an die richtige Stelle an Ihrem Set gerollt werden kann.<\/li>\n<li>An allen vier Ecken befinden sich Nivellierf\u00fc\u00dfe, um Junior in einer sehr stabilen und waagerechten Konfiguration pr\u00e4zise zu positionieren.<\/li>\n<li>Aufgrund seiner Gr\u00f6\u00dfe und Mobilit\u00e4t l\u00e4sst sich Junior problemlos hinein- oder herausrollen, sodass eine Person den Aufbau des Ger\u00e4ts problemlos durchf\u00fchren kann.<\/li>\n<\/ol>","protected":false},"featured_media":64276,"template":"","meta":[],"product_brand":[],"product_cat":[372],"product_tag":[],"class_list":{"0":"post-64274","1":"product","2":"type-product","3":"status-publish","4":"has-post-thumbnail","6":"product_cat-dragonframe-hardware","7":"no-featured-image-padding","8":"","9":"woocommerce-text-align-center","10":"woocommerce-image-align-center","11":"do-quantity-buttons","13":"first","14":"instock","15":"taxable","16":"shipping-taxable","17":"product-type-external"},"bundled_by":[],"bundle_stock_status":"instock","bundle_stock_quantity":null,"bundle_virtual":false,"bundle_layout":"","bundle_add_to_cart_form_location":"","bundle_editable_in_cart":false,"bundle_sold_individually_context":"","bundle_item_grouping":"","bundle_min_size":"","bundle_max_size":"","bundle_price":[],"bundled_items":[],"bundle_sell_ids":[],"exclude_global_add_ons":[],"addons":[],"_links":{"self":[{"href":"https:\/\/www.dragonframe.com\/de\/wp-json\/wp\/v2\/product\/64274","targetHints":{"allow":["GET"]}}],"collection":[{"href":"https:\/\/www.dragonframe.com\/de\/wp-json\/wp\/v2\/product"}],"about":[{"href":"https:\/\/www.dragonframe.com\/de\/wp-json\/wp\/v2\/types\/product"}],"wp:featuredmedia":[{"embeddable":true,"href":"https:\/\/www.dragonframe.com\/de\/wp-json\/wp\/v2\/media\/64276"}],"wp:attachment":[{"href":"https:\/\/www.dragonframe.com\/de\/wp-json\/wp\/v2\/media?parent=64274"}],"wp:term":[{"taxonomy":"product_brand","embeddable":true,"href":"https:\/\/www.dragonframe.com\/de\/wp-json\/wp\/v2\/product_brand?post=64274"},{"taxonomy":"product_cat","embeddable":true,"href":"https:\/\/www.dragonframe.com\/de\/wp-json\/wp\/v2\/product_cat?post=64274"},{"taxonomy":"product_tag","embeddable":true,"href":"https:\/\/www.dragonframe.com\/de\/wp-json\/wp\/v2\/product_tag?post=64274"}],"curies":[{"name":"wp","href":"https:\/\/api.w.org\/{rel}","templated":true}]}}