{"id":45986,"date":"2021-05-15T17:00:50","date_gmt":"2021-05-16T00:00:50","guid":{"rendered":"https:\/\/www.dragonframe.com\/?post_type=product&#038;p=45986"},"modified":"2025-10-28T08:43:10","modified_gmt":"2025-10-28T15:43:10","slug":"zdmc-16-upgrade-card","status":"publish","type":"product","link":"https:\/\/www.dragonframe.com\/de\/product\/zdmc-16-upgrade-card\/","title":{"rendered":"zDMC-16 Upgrade-Karte"},"content":{"rendered":"","protected":false},"excerpt":{"rendered":"<p>Dieses Produkt r\u00fcstet Ihr vorhandenes DMC-16 mit unserer verbesserten Tochterplatine oder unserem \u201eGehirn\u201c auf.<\/p>\n<p>Das neue Gehirn ist ein Z-Turn 7Z020. Es ist schneller und zuverl\u00e4ssiger und erm\u00f6glicht es uns, die DMC-Funktionalit\u00e4t zu verbessern.<br \/>\nBeispielsweise unterst\u00fctzt der zDMC-16 die neue \u201eZielpunkt\u201c-Funktionalit\u00e4t in Dragonframe 5 und auch die Motorkopplung (das gemeinsame Antreiben von zwei Motoren).<\/p>\n<p>In unserem Benutzerhandbuch und anderswo bezeichnen wir Ihr aktualisiertes DMC-16 als \u201ezDMC-16\u201c.<\/p>\n<p>Firmware f\u00fcr aktualisierte Ger\u00e4te beginnt mit \u201ezDMC\u201c.<\/p>\n<p>Hier sind die Anweisungen zum Ersetzen der DE0-Nano-Tochterplatine in Ihrem DMC-16 durch eine neue Z-Turn-Platine:<br \/>\n<a href=\"\/download\/DMC16-ZTurn.pdf\">DMC16-ZTurn.pdf<\/a><\/p>","protected":false},"featured_media":50246,"template":"","meta":[],"product_brand":[],"product_cat":[372],"product_tag":[],"class_list":{"0":"post-45986","1":"product","2":"type-product","3":"status-publish","4":"has-post-thumbnail","6":"product_cat-dragonframe-hardware","7":"no-featured-image-padding","8":"","9":"woocommerce-text-align-center","10":"woocommerce-image-align-center","11":"do-quantity-buttons","13":"first","14":"instock","15":"taxable","16":"shipping-taxable","17":"purchasable","18":"product-type-simple"},"bundled_by":[],"bundle_stock_status":"instock","bundle_stock_quantity":2,"bundle_virtual":false,"bundle_layout":"","bundle_add_to_cart_form_location":"","bundle_editable_in_cart":false,"bundle_sold_individually_context":"","bundle_item_grouping":"","bundle_min_size":"","bundle_max_size":"","bundle_price":[],"bundled_items":[],"bundle_sell_ids":[],"exclude_global_add_ons":[],"addons":[],"_links":{"self":[{"href":"https:\/\/www.dragonframe.com\/de\/wp-json\/wp\/v2\/product\/45986","targetHints":{"allow":["GET"]}}],"collection":[{"href":"https:\/\/www.dragonframe.com\/de\/wp-json\/wp\/v2\/product"}],"about":[{"href":"https:\/\/www.dragonframe.com\/de\/wp-json\/wp\/v2\/types\/product"}],"wp:featuredmedia":[{"embeddable":true,"href":"https:\/\/www.dragonframe.com\/de\/wp-json\/wp\/v2\/media\/50246"}],"wp:attachment":[{"href":"https:\/\/www.dragonframe.com\/de\/wp-json\/wp\/v2\/media?parent=45986"}],"wp:term":[{"taxonomy":"product_brand","embeddable":true,"href":"https:\/\/www.dragonframe.com\/de\/wp-json\/wp\/v2\/product_brand?post=45986"},{"taxonomy":"product_cat","embeddable":true,"href":"https:\/\/www.dragonframe.com\/de\/wp-json\/wp\/v2\/product_cat?post=45986"},{"taxonomy":"product_tag","embeddable":true,"href":"https:\/\/www.dragonframe.com\/de\/wp-json\/wp\/v2\/product_tag?post=45986"}],"curies":[{"name":"wp","href":"https:\/\/api.w.org\/{rel}","templated":true}]}}