{"id":19626,"date":"2017-03-25T14:12:35","date_gmt":"2017-03-25T21:12:35","guid":{"rendered":"http:\/\/dev.dragonframe.com\/product\/ddmx-s2\/"},"modified":"2024-03-22T11:47:07","modified_gmt":"2024-03-22T18:47:07","slug":"ddmx-s2","status":"publish","type":"product","link":"https:\/\/www.dragonframe.com\/de\/product\/ddmx-s2\/","title":{"rendered":"DDMX-S2"},"content":{"rendered":"<div data-post-id=\"19662\" class=\"insert-page insert-page-19662\">\n<div class=\"productSectionTitleBox\" style=\"margin-top:20px;\">\n<h1>DDMX-S2 <span class=\"white\">Lichtsteuerung<\/span><\/h1>\n<\/div>\n\n\n\n<div class=\"wp-block-columns is-layout-flex wp-container-core-columns-is-layout-9d6595d7 wp-block-columns-is-layout-flex\">\n<div class=\"wp-block-column is-layout-flow wp-block-column-is-layout-flow\" style=\"flex-basis:66.66%\">\n<h3 style=\"margin-top: 20px;\">\u00dcberblick<\/h3>\n<strong>Das <span data-scaytid=\"4\">DDMX-S2<\/span> ist ein Hardwareger\u00e4t, mit dem Sie koppeln k\u00f6nnen <span data-scayt_word=\"Dragonframe\" data-scaytid=\"5\">Dragonframe<\/span> zu:<\/strong>\n<ul>\n \t<li>Automatisieren Sie das Ein- und Ausschalten eines Arbeitslichts (Bash Light).<\/li>\n \t<li>Automatisieren Sie Vorderlicht-\/Gegenlichtbeleuchtungsdurchg\u00e4nge.<\/li>\n \t<li>Automatisieren <span data-scayt_word=\"keyframe-based\" data-scaytid=\"7\">Keyframe-basiert<\/span> Lichtprogramme f\u00fcr Ihre Szene.<\/li>\n \t<li>L\u00f6sen Sie eine RED-Kamera, eine Filmkamera oder eine nicht unterst\u00fctzte Standbildkamera aus.<\/li>\n \t<li>L\u00f6sen Sie ein Bewegungssteuerungssystem f\u00fcr die Aufnahme-Bewegung-Aufnahme-Integration aus.<\/li>\n \t<li>Abzug <span data-scayt_word=\"Dragonframe\" data-scaytid=\"6\">Dragonframe<\/span> von einem externen System.<\/li>\n<\/ul>\n<h3>Beleuchtung steuern<\/h3>\n<p><span data-scayt_word=\"DMX512\" data-scaytid=\"8\">DMX512<\/span> (oder <span data-scayt_word=\"DMX\" data-scaytid=\"9\">DMX<\/span>) ist ein Standardprotokoll zur Steuerung von Beleuchtung. Wenn mit einem oder mehreren gepaart <span data-scayt_word=\"DMX\" data-scaytid=\"10\">DMX<\/span> Dimmer\/Switch Packs k\u00f6nnen Sie bis zu 99 verschiedene Lichtkan\u00e4le steuern.<\/p>\n<h3>Steuerger\u00e4te<\/h3>\n<p>Interagieren Sie mit externen Ger\u00e4ten \u00fcber den integrierten Relaisschalter, den digitalen Eingang und den digitalen Ausgang.<\/p>\n<h3>Was brauche ich noch?<\/h3>\n<p>Das <span data-scaytid=\"11\">DDMX-S2<\/span> Schnittstellen <span data-scayt_word=\"Dragonframe\" data-scaytid=\"12\">Dragonframe<\/span> zu einem oder mehreren <span data-scayt_word=\"DMX\" data-scaytid=\"13\">DMX<\/span> Dimmer-\/Schalterpakete. Sie m\u00fcssen eine kaufen <span data-scayt_word=\"DMX\" data-scaytid=\"14\">DMX<\/span> Dimmer-\/Schalterpaket, um Ihre Beleuchtung mit Strom zu versorgen. Sie k\u00f6nnen mehrere finden <a href=\"http:\/\/www.amazon.com\/gp\/search?ie=UTF8&amp;keywords=dmx%20dimmer&amp;tag=drastomot-20&amp;index=mi&amp;linkCode=ur2&amp;camp=1789&amp;creative=9325\"><span data-scayt_word=\"DMX\" data-scaytid=\"15\">DMX<\/span> Dimmerpakete<\/a> bei <span data-scayt_word=\"Amazon.com\" data-scaytid=\"16\">Amazon.com<\/span> . Stellen Sie sicher, dass die von Ihnen gew\u00e4hlte den Strombedarf Ihrer Beleuchtung bew\u00e4ltigen kann.<\/p>\n<p>Au\u00dferdem ben\u00f6tigen Sie ein Kabel. Sie m\u00fcssen ein f\u00fcr DMX ausgelegtes Kabel verwenden, kein Mikrofonkabel. Wenn Sie einen 5-poligen verwenden <span data-scayt_word=\"DMX\" data-scaytid=\"18\">DMX<\/span> Dimmerpack ben\u00f6tigen Sie einen 5-Pin-auf-3-Pin-Adapter.<\/p>\n<h2>Technische Spezifikationen<\/h2>\n<h3>Ausg\u00e4nge<\/h3>\n<p>Um m\u00f6gliche Sch\u00e4den am Host-Computer durch schlecht geerdete Peripherieger\u00e4te zu vermeiden, alle <span data-scaytid=\"22\">DDMX-S2<\/span> Ausg\u00e4nge und Eing\u00e4nge sind optisch vom Host-USB-Bus isoliert. Die E\/A-Kan\u00e4le \u201eschweben\u201c elektrisch relativ zum USB, wodurch die M\u00f6glichkeit von Masseschleifen minimiert wird.<\/p>\n<h3>DMX-Ausgang<\/h3>\n<p><span data-scaytid=\"88\">DDMX-S2<\/span> unterst\u00fctzt a <span data-scayt_word=\"USITT\" data-scaytid=\"33\">USITT<\/span> Standard <span data-scayt_word=\"DMX512\" data-scaytid=\"30\">DMX512<\/span> Ausgabeprotokoll. Das <span data-scaytid=\"28\">DDMX-S2<\/span> Der Ausgang treibt problemlos einen standardm\u00e4\u00dfigen 120-Ohm-Busabschluss. Das <span data-scayt_word=\"DMX\" data-scaytid=\"24\">DMX<\/span> Channel bietet Pakete mit 199 Slots, mit a <span data-scayt_word=\"50mS\" data-scaytid=\"35\">50mS<\/span> Zeitraum zwischen Paketen. Das <span data-scayt_word=\"DMX\" data-scaytid=\"25\">DMX<\/span> Port ist typischerweise mit einem 3-Pin ausgestattet <span data-scayt_word=\"XLR\" data-scaytid=\"31\">XLR<\/span> Anschluss f\u00fcr einfachen Anschluss an \u201eEntertainment\u201c-Stil <span data-scayt_word=\"DMX\" data-scaytid=\"26\">DMX<\/span> Packungen. Verbinden <span data-scaytid=\"29\">DDMX-S2<\/span> zu einer <span data-scayt_word=\"USITT\" data-scaytid=\"34\">USITT<\/span> Standard 5-polig <span data-scayt_word=\"XLR\" data-scaytid=\"32\">XLR<\/span> Anschluss f\u00fcr die Verwendung mit \u201eprofessionellen\u201c Ger\u00e4ten verwenden Sie einen standardm\u00e4\u00dfigen 3-Pin-zu-5-Pin-Adapter.<\/p>\n<h3>Relais aus<\/h3>\n<p>Das Relais soll Steuersignale mit geringer Leistung wie Tastendr\u00fccke schalten, kann aber auch kleine Mengen an Leistung schalten. Nicht \u00fcberschreiten <span data-scayt_word=\"0.5A\" data-scaytid=\"36\">0,5 A<\/span> @ <span data-scayt_word=\"24VDC\" data-scaytid=\"38\">24VDC<\/span>, oder <span data-scayt_word=\"0.25A\" data-scaytid=\"37\">0,25A<\/span> @ <span data-scayt_word=\"125VAC\" data-scaytid=\"39\">125 VAC<\/span>.<\/p>\n<h3>Logik raus<\/h3>\n<p>Logic out ist ein Standard <span data-scayt_word=\"5V\" data-scaytid=\"40\">5V<\/span>, <span data-scayt_word=\"TTL\" data-scaytid=\"41\">TTL<\/span> Pegel, Logiksignal (relativ zum Masseanschluss). Das Signal wird sowohl in aktiver High- als auch in aktiver Low-Version bereitgestellt. Maximale Belastung ist <span data-scayt_word=\"30mA\" data-scaytid=\"42\">30mA<\/span> in jedem Staat. Diese Signale k\u00f6nnen auch als Differenzpaar mit einer Abschlusslast von mehr als 220 Ohm verwendet werden.<\/p>\n<h3>Wechseln in<\/h3>\n<p>Das Einschalten ist so ausgelegt, dass es das Schlie\u00dfen des Schalters an Masse erkennt. Diese Eingabe dauert auch a <span data-scayt_word=\"5V\" data-scaytid=\"43\">5V<\/span> <span data-scayt_word=\"TTL\" data-scaytid=\"45\">TTL<\/span> Pegelsignal. Beachten Sie, dass entsprechend einer Schalterschlie\u00dfung die Logik an diesem Pin aktiv niedrig ist. Dieser Stift wird intern gezogen <span data-scayt_word=\"5V\" data-scaytid=\"44\">5V<\/span> mit einer <span data-scayt_word=\"1Kohm\" data-scaytid=\"46\">1Kohm<\/span> Widerst\u00e4ndler. Wenn Sie diesen Pin extern ansteuern, \u00fcberschreiten Sie 5 Volt nicht.<\/p>\n<h3>Abmessungen<\/h3>\n<p>4,7\u2033 X 3,7\u2033 X 1,3\u2033 (<span data-scayt_word=\"12cm\" data-scaytid=\"50\">12cm<\/span> X <span data-scayt_word=\"9cm\" data-scaytid=\"51\">9cm<\/span> X <span data-scayt_word=\"3.5cm\" data-scaytid=\"47\">3,5 cm<\/span>). Gewicht: ca <span data-scayt_word=\"12oz\" data-scaytid=\"52\">12 Unzen<\/span>. (<span data-scayt_word=\"340g\" data-scaytid=\"53\">340gr<\/span>) mit 5\u2032 (<span data-scayt_word=\"1.5m\" data-scaytid=\"48\">1,5 m<\/span>) Typ A USB-Pigtail. <span data-scaytid=\"49\">DDMX-S2<\/span> ist robust gebaut, in einem 0,090\u2033 dicken Aluminiumgusskasten und mit einer harten Pulverbeschichtung lackiert, um jahrelang in einer rauen B\u00fchnenumgebung zu \u00fcberleben.<\/p>\n<h3>Leistung<\/h3>\n<p><span data-scaytid=\"54\">DDMX-S2<\/span> ist ein \u201eHochstrom\u201c-USB-Peripherieger\u00e4t mit bis zu <span data-scayt_word=\"220mA\" data-scaytid=\"56\">220mA<\/span> mit allen Ausg\u00e4ngen aktiv und voll geladen. Daher muss es direkt an einen Computeranschluss oder einen USB-Hub mit eigener Stromversorgung angeschlossen werden. Ihre Stromquelle muss mindestens 4,5 Volt liefern. <span data-scaytid=\"55\">DDMX-S2<\/span> sollte nicht an a angeschlossen werden <span data-scayt_word=\"unpowered\" data-scaytid=\"57\">ohne Strom<\/span> USB-Hub. USB-Peripherieger\u00e4te senden ihren Strombedarf bei der Initialisierung an das System und <span data-scayt_word=\"unpowered\" data-scaytid=\"58\">ohne Strom<\/span> Hubs sollen Peripherieger\u00e4te ablehnen, die nicht als \u201eNiedrigstrom\u201c identifiziert werden, dh alle Peripherieger\u00e4te, die mehr als ben\u00f6tigen <span data-scayt_word=\"100mA\" data-scaytid=\"59\">100mA<\/span>.<\/p>\n<\/div>\n\n\n\n<div class=\"wp-block-column is-layout-flow wp-block-column-is-layout-flow\" style=\"flex-basis:33.33%\">\n<h3 style=\"margin-top: 20px;\">Ressourcen<\/h3>\n<p>Benutzerhandbuch\n<br><a href=\"\/download\/DDMXS2v1.1.pdf\">DDMX-S2-Benutzerhandbuch<\/a>\n<\/p>\n<p>\nHardware-Garantie:\n<br><a href=\"\/download\/DZEDLimitedWarranty-2yr.pdf\">Eingeschr\u00e4nkte DZED-Garantie \u2013 2 Jahre<\/a>\n<\/p>\n<p>\nWeitere h\u00e4ufig gestellte Fragen:\n<br><a href=\"\/de\/faq\/#_ewd-ufaq-faq-category-dmx\">H\u00e4ufig gestellte Fragen zu DMX<\/a>\n<\/p>\n<\/div>\n<\/div>\n<\/div>","protected":false},"excerpt":{"rendered":"<div class=\"stockNote\">Wir f\u00fchren dieses Produkt nicht mehr. W\u00e4hlen Sie das <a href='\/de\/produkt\/ddmx-512\/'>DDMX-512<\/a> stattdessen.<\/div>\n<p>Automatisieren Sie die Beleuchtung und interagieren Sie mit externen Ger\u00e4ten \u00fcber unsere <b>DMX512<\/b> und digitaler E\/A-Controller. Programmieren Sie die Szenen-\/Belichtungsbeleuchtung f\u00fcr erweiterte Effekte und automatisieren Sie die Bash-Beleuchtung mit Leichtigkeit.<\/p>\n<p>Der Standardbetrieb des DDMX-S2 unterst\u00fctzt 99 Kan\u00e4le mit spezialisierter Ausgabe auf den Kan\u00e4len 101-199 und 201-299.<\/p>\n<p>Wenn Sie den DDMX-S2 bereits besitzen und ihn aktualisieren m\u00f6chten, um 512 Kan\u00e4le mit Dragonframe 4 zu verwenden, kaufen Sie bitte den <a href=\"\/de\/produkt\/ddmx-s2-upgrade-chip\/\">DDMX-S2-Upgrade-Chip<\/a>.<\/p>\n<p>Dieses Produkt eignet sich f\u00fcr Stop-Motion und Zeitraffer. F\u00fcr Echtzeit-DMX-F\u00e4higkeiten ben\u00f6tigen Sie unsere <a href='\/de\/produkt\/dmc-16\/'>DMC-16<\/a> Echtzeit-Controller.<\/p>","protected":false},"featured_media":19627,"template":"","meta":[],"product_brand":[],"product_cat":[372],"product_tag":[],"class_list":{"0":"post-19626","1":"product","2":"type-product","3":"status-publish","4":"has-post-thumbnail","6":"product_cat-dragonframe-hardware","7":"no-featured-image-padding","8":"","9":"woocommerce-text-align-center","10":"woocommerce-image-align-center","11":"do-quantity-buttons","13":"first","14":"outofstock","15":"taxable","16":"shipping-taxable","17":"purchasable","18":"product-type-simple"},"bundled_by":[],"bundle_stock_status":"outofstock","bundle_stock_quantity":0,"bundle_virtual":false,"bundle_layout":"","bundle_add_to_cart_form_location":"","bundle_editable_in_cart":false,"bundle_sold_individually_context":"","bundle_item_grouping":"","bundle_min_size":"","bundle_max_size":"","bundle_price":[],"bundled_items":[],"bundle_sell_ids":[],"exclude_global_add_ons":[],"addons":[],"_links":{"self":[{"href":"https:\/\/www.dragonframe.com\/de\/wp-json\/wp\/v2\/product\/19626","targetHints":{"allow":["GET"]}}],"collection":[{"href":"https:\/\/www.dragonframe.com\/de\/wp-json\/wp\/v2\/product"}],"about":[{"href":"https:\/\/www.dragonframe.com\/de\/wp-json\/wp\/v2\/types\/product"}],"wp:featuredmedia":[{"embeddable":true,"href":"https:\/\/www.dragonframe.com\/de\/wp-json\/wp\/v2\/media\/19627"}],"wp:attachment":[{"href":"https:\/\/www.dragonframe.com\/de\/wp-json\/wp\/v2\/media?parent=19626"}],"wp:term":[{"taxonomy":"product_brand","embeddable":true,"href":"https:\/\/www.dragonframe.com\/de\/wp-json\/wp\/v2\/product_brand?post=19626"},{"taxonomy":"product_cat","embeddable":true,"href":"https:\/\/www.dragonframe.com\/de\/wp-json\/wp\/v2\/product_cat?post=19626"},{"taxonomy":"product_tag","embeddable":true,"href":"https:\/\/www.dragonframe.com\/de\/wp-json\/wp\/v2\/product_tag?post=19626"}],"curies":[{"name":"wp","href":"https:\/\/api.w.org\/{rel}","templated":true}]}}