{"id":18158,"date":"2017-02-06T11:31:22","date_gmt":"2017-02-06T19:31:22","guid":{"rendered":"http:\/\/dev.dragonframe.com\/?post_type=product&#038;p=18158"},"modified":"2024-03-22T11:47:07","modified_gmt":"2024-03-22T18:47:07","slug":"dmc-16","status":"publish","type":"product","link":"https:\/\/www.dragonframe.com\/de\/product\/dmc-16\/","title":{"rendered":"DMC-16 (eingestellt)"},"content":{"rendered":"<div class=\"fusion-clearfix\"><\/div>\n<div data-post-id=\"20195\" class=\"insert-page insert-page-20195\">\n<div class=\"productSectionTitleBox\" style=\"margin-top: 20px;\">\n<h1>Dragonframe <span class=\"white\">Master-Controller<\/span><\/h1>\n<\/div>\n\n\n\n<div class=\"wp-block-columns is-layout-flex wp-container-core-columns-is-layout-9d6595d7 wp-block-columns-is-layout-flex\">\n<div class=\"wp-block-column is-layout-flow wp-block-column-is-layout-flow\" style=\"flex-basis:66.66%\">\n<h3 style=\"margin-top: 20px;\">Merkmale<\/h3>\n<ul>\n \t<li>16 Kan\u00e4le mit Schritt-\/Richtungssignalen zur Verwendung mit Schrittmotortreibern.<\/li>\n \t<li>Maximale Schrittimpulsrate von 200.000 Schritten\/Sekunde (200 kHz).<\/li>\n \t<li>16 RJ45-Buchsen mit differenziellen und nicht differenziellen Ausg\u00e4ngen f\u00fcr Schritt und Richtung.<\/li>\n \t<li>Ein Kuper\/Flair-kompatibler DB37-Schritt-\/Richtungsausgang (nicht differenziell).<\/li>\n \t<li>16 Endschaltereing\u00e4nge auf DB25. (8 S\u00e4tze niedriger und hoher Grenzwerte f\u00fcr die Motoren 1-8).<\/li>\n \t<li>Ein Kameraausl\u00f6ser mit separaten Mess- und Verschlussausg\u00e4ngen.<\/li>\n \t<li>Ein DMX512-Ausgang zur Steuerung von bis zu 512 Leuchten.<\/li>\n \t<li>E\/A-Trigger zum Verbinden des DMC-16\/Dragonframe mit einem anderen externen Ger\u00e4t.<\/li>\n \t<li>Umfasst ein Relais, einen Logikpegelausgang, einen Schaltereingang und einen Notstoppeingang.<\/li>\n \t<li>Eingangsspannung: 115 VAC bis 230 VAC.<\/li>\n<\/ul>\n<h3>Physikalische Spezifikationen<\/h3>\n<ul>\n \t<li>1U Rack-Geh\u00e4use<\/li>\n \t<li>Abmessungen: 17\u2033 breit x 1.719\u2033 hoch x 8\u2033 tief<\/li>\n \t<li>Gewicht: 6,5 Pfund<\/li>\n<\/ul>\n<h3>Paket beinhaltet<\/h3>\n<ul>\n \t<li>Netzkabel Ihrer Wahl: US\/UK\/EU\/None.<\/li>\n \t<li>USB-Kabel (6&#039; L\u00e4nge).<\/li>\n \t<li>Rack-Mount-Ohren zur Montage in einem Rack.<\/li>\n \t<li>Gummif\u00fc\u00dfe f\u00fcr den Desktop-Einsatz.<\/li>\n<\/ul>\n<h3>H\u00e4ufig gestellte Fragen:<\/h3>\n<p><strong>Q: <\/strong>Was ist der Unterschied zwischen dem DMC-16 und der Verwendung eines Arduino zur Bewegungssteuerung? Warum sollte ich so viel mehr f\u00fcr das DMC-16 bezahlen?<\/p>\n\n<p><strong>EIN: <\/strong>Das Arduino (mit Dragonframe und unserem DFMoco-Sketch) ist ein gro\u00dfartiges Werkzeug f\u00fcr die Bewegungssteuerung in Stop-Motion und Zeitraffer, aber es ist sehr einfach. Es hat eine maximale Motorgeschwindigkeit von 20.000 Schritten\/Sekunde, mit ziemlich grober Beschleunigung\/Verz\u00f6gerung. Der DMC-16 ist zehnmal so schnell, was eine sanftere Beschleunigung und Verz\u00f6gerung erm\u00f6glicht. Der Arduino bietet grundlegende Shoot-Move-Shoot-Funktionen, w\u00e4hrend der DMC-16 Bewegungen mit voller Geschwindigkeit ausf\u00fchren kann. Der DMC-16 bietet auch vollst\u00e4ndige DMX-Beleuchtungsfunktionen und -Trigger.<p>\n\n<p><strong>Q: <\/strong>Kann ich das DMC-16 mit Ditogear-Hardware verwenden? Ben\u00f6tige ich die Ditogear Dragonbridge?<p>\n\n<p><strong>EIN: <\/strong>Das DMC-16 bietet Echtzeitf\u00e4higkeiten bei Verwendung von Ditogear-Hardware mit Dragonframe. (Achten Sie darauf, die zu kaufen <a href=\"https:\/\/ditogear.com\/store\/motion-controllers\/114-ditogear-dragonframe-dmc-16-adapter-5901750921605.html\">DitoGear\u2122 DMC-16 Adapter<\/a>.) Alternativ k\u00f6nnen Sie die Ditogear Dragonbridge verwenden, die Ihnen eine Shoot-Move-Shoot-Funktionalit\u00e4t \u00e4hnlich unserer Arduino DFMoco-L\u00f6sung bietet. Sie brauchen nicht beides.<p>\n\n<p><strong>Q: <\/strong>Enth\u00e4lt der DMC-16 angetriebene Schrittmotortreiber?<p>\n\n<p><strong>EIN: <\/strong>Nein. Es liefert Schritt- und Richtungssignale. Sie m\u00fcssen separate Treiber verwenden, z. B. die von <a href=\"https:\/\/www.geckodrive.com\/g201x-digital-step-drive.html\" target=\"dframe\" rel=\"noopener noreferrer\">Geckodrive<\/a>.<p>\n\n<p><strong>Q: <\/strong>Ist das DMC-16 genlockf\u00e4hig?<p>\n\n<p><strong>EIN: <\/strong>Nein, ist es nicht.<p>\n\n<p><strong>Q: <\/strong>Ist die DMC-16 so erstaunlich gro\u00dfartig, wie sie zu sein scheint?<p>\n\n<p><strong>EIN: <\/strong>Ja ist es.<p>\n<\/div>\n\n\n\n<div class=\"wp-block-column is-layout-flow wp-block-column-is-layout-flow\" style=\"flex-basis:33.33%\">\n<h3 style=\"margin-top: 20px;\">Ressourcen<\/h3>\n<p>Weitere technische Daten, Sicherheitshinweise und Schaltpl\u00e4ne finden Sie in der Bedienungsanleitung:<\/p>\n\n<p><a href=\"\/download\/DMC16-1.6.pdf\">DMC-16 Benutzerhandbuch<\/a><\/p>\n\n<p>Hardware-Garantie:<\/p>\n\n<p><a href=\"\/download\/DZEDLimitedWarranty-2yr.pdf\">Eingeschr\u00e4nkte DZED-Garantie \u2013 2 Jahre<\/a><\/p>\n\n<p>Weitere h\u00e4ufig gestellte Fragen:<\/p>\n\n<p><a href=\"\/de\/faq\/#_ewd-ufaq-faq-category-motion-control\">H\u00e4ufig gestellte Fragen zur Bewegungssteuerung<\/a><\/p>\n\n<\/div>\n<\/div>\n\n\n\n<p><\/p>\n<\/div>","protected":false},"excerpt":{"rendered":"<p><strong>Abgesetzt:<\/strong> Bitte sehen Sie sich unsere aktualisierte Version dieses Produkts an, die <a href='\/de\/produkt\/dmc-32\/'>DMC-32<\/a>.<\/p>\n<p>Der DMC-16 (Dragonframe Master Controller) ist ein 16-Achsen-Bewegungssteuerungskoordinator zur Verwendung mit der Dragonframe-Software.<\/p>\n<p>Es bietet sechzehn Kan\u00e4le mit vollst\u00e4ndig synchronisierten Schritt- und Richtungssignalen bei Geschwindigkeiten von bis zu 200 kHz, einen Kameratrigger, eine DMX512-Lichtsteuerung, Endschaltereing\u00e4nge und eine Reihe von Triggern f\u00fcr die Verbindung mit einem externen Ger\u00e4t.<\/p>\n<p>Neu aufger\u00fcstet mit einem Zynq 7Z020-Prozessor f\u00fcr verbesserte Leistung und Zuverl\u00e4ssigkeit.<\/p>","protected":false},"featured_media":18215,"template":"","meta":[],"product_brand":[],"product_cat":[372],"product_tag":[],"class_list":{"0":"post-18158","1":"product","2":"type-product","3":"status-publish","4":"has-post-thumbnail","6":"product_cat-dragonframe-hardware","7":"no-featured-image-padding","8":"","9":"woocommerce-text-align-center","10":"woocommerce-image-align-center","11":"do-quantity-buttons","13":"first","14":"outofstock","15":"taxable","16":"shipping-taxable","17":"purchasable","18":"product-type-variable","19":"has-default-attributes"},"bundled_by":[],"bundle_stock_status":"outofstock","bundle_stock_quantity":0,"bundle_virtual":false,"bundle_layout":"","bundle_add_to_cart_form_location":"","bundle_editable_in_cart":false,"bundle_sold_individually_context":"","bundle_item_grouping":"","bundle_min_size":"","bundle_max_size":"","bundle_price":[],"bundled_items":[],"bundle_sell_ids":[],"exclude_global_add_ons":[],"addons":[],"_links":{"self":[{"href":"https:\/\/www.dragonframe.com\/de\/wp-json\/wp\/v2\/product\/18158","targetHints":{"allow":["GET"]}}],"collection":[{"href":"https:\/\/www.dragonframe.com\/de\/wp-json\/wp\/v2\/product"}],"about":[{"href":"https:\/\/www.dragonframe.com\/de\/wp-json\/wp\/v2\/types\/product"}],"wp:featuredmedia":[{"embeddable":true,"href":"https:\/\/www.dragonframe.com\/de\/wp-json\/wp\/v2\/media\/18215"}],"wp:attachment":[{"href":"https:\/\/www.dragonframe.com\/de\/wp-json\/wp\/v2\/media?parent=18158"}],"wp:term":[{"taxonomy":"product_brand","embeddable":true,"href":"https:\/\/www.dragonframe.com\/de\/wp-json\/wp\/v2\/product_brand?post=18158"},{"taxonomy":"product_cat","embeddable":true,"href":"https:\/\/www.dragonframe.com\/de\/wp-json\/wp\/v2\/product_cat?post=18158"},{"taxonomy":"product_tag","embeddable":true,"href":"https:\/\/www.dragonframe.com\/de\/wp-json\/wp\/v2\/product_tag?post=18158"}],"curies":[{"name":"wp","href":"https:\/\/api.w.org\/{rel}","templated":true}]}}