{"id":17976,"date":"2016-12-01T23:58:36","date_gmt":"2016-12-02T07:58:36","guid":{"rendered":"http:\/\/dev.dragonframe.com\/?post_type=product&#038;p=17976"},"modified":"2024-03-22T11:47:08","modified_gmt":"2024-03-22T18:47:08","slug":"dmc-plus","status":"publish","type":"product","link":"https:\/\/www.dragonframe.com\/de\/product\/dmc-plus\/","title":{"rendered":"DMC+ (eingestellt)"},"content":{"rendered":"<div data-post-id=\"19548\" class=\"insert-page insert-page-19548\">\n<div class=\"wp-block-group alignfull\"><div class=\"wp-block-group__inner-container is-layout-flow wp-block-group-is-layout-flow\">\n<div class=\"productSectionTitleBox\">\n<h1>Dragonframe <span class=\"white\">Master-Controller +<\/span><\/h1>\n<\/div>\n<\/div><\/div>\n\n\n\n<div class=\"wp-block-columns is-layout-flex wp-container-core-columns-is-layout-9d6595d7 wp-block-columns-is-layout-flex\">\n<div class=\"wp-block-column is-layout-flow wp-block-column-is-layout-flow\" style=\"flex-basis:66.66%\">\n<h3 style=\"padding-top: 20px;\">Merkmale<\/h3>\n<ul>\n \t<li>8x <a href=\"http:\/\/www.geckodrive.com\/\">Geckodrive 250x<\/a> Schrittmotortreiber, l\u00e4uft bei 30V und 1A\/2A\/3A.<\/li>\n \t<li>8 x Kan\u00e4le f\u00fcr Schritt-\/Richtungssignale zur Verwendung mit Schrittmotortreibern.<\/li>\n \t<li>Maximale Schrittimpulsrate von 200.000 Schritten\/Sekunde (200 kHz).<\/li>\n \t<li>8 x RJ45-Buchsen mit differenziellen und nicht differenziellen Ausg\u00e4ngen f\u00fcr Schritt und Richtung.<\/li>\n \t<li>16 x Endschaltereing\u00e4nge auf DB25. (8 S\u00e4tze niedriger und hoher Grenzwerte f\u00fcr die Motoren 1-8).<\/li>\n \t<li>Kameraausl\u00f6ser mit separaten Mess- und Verschlussausg\u00e4ngen.<\/li>\n \t<li>DMX512-Ausgang zur Steuerung von bis zu 512 Leuchten.<\/li>\n \t<li>E\/A-Trigger zum Verbinden von DMC+\/Dragonframe mit einem anderen externen Ger\u00e4t.<\/li>\n \t<li>Umfasst ein Relais, einen Logikpegelausgang, einen Schaltereingang und einen Notstoppeingang.<\/li>\n \t<li>Eingangsspannung: 115 VAC bis 230 VAC.<\/li>\n<\/ul>\n<h3>Physikalische Spezifikationen<\/h3>\n<ul>\n \t<li>1,5-HE-Rack-Geh\u00e4use<\/li>\n \t<li>Abmessungen: 19\u2033 breit x 2,5\u2033 hoch x 13,5\u2033 tief<\/li>\n \t<li>Gewicht: 10 Pfund<\/li>\n<\/ul>\n<h3>Paket beinhaltet<\/h3>\n<ul>\n \t<li>Netzkabel Ihrer Wahl: US\/UK\/EU\/None.<\/li>\n \t<li>USB-Kabel (6&#039; L\u00e4nge).<\/li>\n<\/ul>\n<h3>H\u00e4ufig gestellte Fragen<\/h3>\n<p>\n<strong>Q: <\/strong>Was ist der Unterschied zwischen dem DMC+ und dem DMC-16?\n<br><strong>EIN: <\/strong>Das DMC+ verf\u00fcgt \u00fcber aktive Schrittmotortreiber f\u00fcr die Kan\u00e4le 1-8, sodass Sie f\u00fcr die meisten Rigs keine eigenen Schrittmotortreiber ben\u00f6tigen. Das DMC-16 liefert nur Schritt-\/Richtungssignale.\n<\/p>\n\n<p>\n<strong>Q: <\/strong>Was ist der Unterschied zwischen dem DMC+ und der Verwendung eines Arduino zur Bewegungssteuerung? Warum sollte ich f\u00fcr DMC+ so viel mehr bezahlen?\n<br><strong>EIN: <\/strong>Das Arduino (mit Dragonframe und unserem DFMoco-Sketch) ist ein gro\u00dfartiges Werkzeug f\u00fcr die Bewegungssteuerung in Stop-Motion und Zeitraffer, aber es ist sehr einfach. Es hat eine maximale Motorgeschwindigkeit von 20.000 Schritten\/Sekunde, mit ziemlich grober Beschleunigung\/Verz\u00f6gerung. Der DMC+ ist zehnmal so schnell, was sanfteres Beschleunigen und Abbremsen erm\u00f6glicht. Der Arduino bietet grundlegende Shoot-Move-Shoot-Funktionen, w\u00e4hrend der DMC+ Moves mit voller Geschwindigkeit ausf\u00fchren kann. Der DMC+ bietet auch vollst\u00e4ndige DMX-Beleuchtungsfunktionen und -Trigger.\n<\/p>\n\n<p>\n<strong>Q: <\/strong>Enth\u00e4lt das DMC+ aktive Schrittmotortreiber?\n<br><strong>EIN: <\/strong>Ja, f\u00fcr die Kan\u00e4le 1-8. F\u00fcr die Kan\u00e4le 9-16 liefert es differentielle Schritt- und Richtungssignale \u00fcber RJ45-Anschl\u00fcsse.\n<\/p>\n\n<p>\n<strong>Q: <\/strong>Kann ich 5-polige DMX-Kabel verwenden?\n<br><strong>EIN: <\/strong>Nein, zumindest nicht ohne sie vorher zu modifizieren. Sie haben Pin 1 an Masse angeschlossen. Sie werden Ihren Motor verbrennen, wenn Sie sie nicht \u00e4ndern.\n<\/p>\n\n<p>\n<strong>Q: <\/strong>Ist DMC+ genlockf\u00e4hig?\n<br><strong>EIN: <\/strong>Nein, ist es nicht.\n<\/p>\n\n<p>\n<strong>Q: <\/strong>Ist das DMC+ so erstaunlich gro\u00dfartig, wie es scheint?\n<br><strong>EIN: <\/strong>Ja ist es.\n<\/p>\n<\/div>\n\n\n\n<div class=\"wp-block-column is-layout-flow wp-block-column-is-layout-flow\" style=\"flex-basis:33.33%\">\n<h3 style=\"padding-top: 20px;\">Ressourcen<\/h3>\n<p>Weitere technische Daten, Sicherheitshinweise und Schaltpl\u00e4ne finden Sie in der Bedienungsanleitung:\n<br><a href=\"\/download\/DMCPlus-1.5.pdf\">DMC+ Benutzerhandbuch<\/a>\n<\/p>\n\n<p>Hardware-Garantie:\n<br><a href=\"\/download\/DZEDLimitedWarranty-2yr.pdf\">Eingeschr\u00e4nkte DZED-Garantie \u2013 2 Jahre<\/a>\n<\/p>\n\n<p>Weitere h\u00e4ufig gestellte Fragen:\n<br><a href=\"\/de\/faq\/#_ewd-ufaq-faq-category-motion-control\">H\u00e4ufig gestellte Fragen zur Bewegungssteuerung<\/a>\n<\/p>\n<\/div>\n<\/div>\n<\/div>","protected":false},"excerpt":{"rendered":"<p><b>HINWEIS:<\/b> <i>Das DMC+ wurde eingestellt. Bitte beachten Sie die <a href=\"https:\/\/www.dragonframe.com\/de\/produkt\/dmc-32\/\">DMC-32<\/a> als Alternative.<\/i><\/p>\n<p>Der DMC+ (Dragonframe Master Controller +) ist ein 16-Achsen-Bewegungssteuerungskoordinator zur Verwendung mit der Dragonframe-Software.<\/p>\n<p>Es bietet acht angetriebene Schrittmotortreiber (Kan\u00e4le 1-8) und acht S\u00e4tze von differentiellen Schritt- und Richtungssignalen f\u00fcr (Kan\u00e4le 9-16).<\/p>\n<p>Es bietet auch einen Kameraausl\u00f6ser, eine DMX512-Lichtsteuerung, Endschaltereing\u00e4nge und eine Reihe von Ausl\u00f6sern f\u00fcr die Verbindung mit einem externen Ger\u00e4t.<\/p>","protected":false},"featured_media":19633,"template":"","meta":[],"product_brand":[],"product_cat":[372],"product_tag":[],"class_list":{"0":"post-17976","1":"product","2":"type-product","3":"status-publish","4":"has-post-thumbnail","6":"product_cat-dragonframe-hardware","7":"no-featured-image-padding","8":"","9":"woocommerce-text-align-center","10":"woocommerce-image-align-center","11":"do-quantity-buttons","13":"first","14":"outofstock","15":"taxable","16":"shipping-taxable","17":"purchasable","18":"product-type-variable","19":"has-default-attributes"},"bundled_by":[],"bundle_stock_status":"outofstock","bundle_stock_quantity":0,"bundle_virtual":false,"bundle_layout":"","bundle_add_to_cart_form_location":"","bundle_editable_in_cart":false,"bundle_sold_individually_context":"","bundle_item_grouping":"","bundle_min_size":"","bundle_max_size":"","bundle_price":[],"bundled_items":[],"bundle_sell_ids":[],"exclude_global_add_ons":[],"addons":[],"_links":{"self":[{"href":"https:\/\/www.dragonframe.com\/de\/wp-json\/wp\/v2\/product\/17976","targetHints":{"allow":["GET"]}}],"collection":[{"href":"https:\/\/www.dragonframe.com\/de\/wp-json\/wp\/v2\/product"}],"about":[{"href":"https:\/\/www.dragonframe.com\/de\/wp-json\/wp\/v2\/types\/product"}],"wp:featuredmedia":[{"embeddable":true,"href":"https:\/\/www.dragonframe.com\/de\/wp-json\/wp\/v2\/media\/19633"}],"wp:attachment":[{"href":"https:\/\/www.dragonframe.com\/de\/wp-json\/wp\/v2\/media?parent=17976"}],"wp:term":[{"taxonomy":"product_brand","embeddable":true,"href":"https:\/\/www.dragonframe.com\/de\/wp-json\/wp\/v2\/product_brand?post=17976"},{"taxonomy":"product_cat","embeddable":true,"href":"https:\/\/www.dragonframe.com\/de\/wp-json\/wp\/v2\/product_cat?post=17976"},{"taxonomy":"product_tag","embeddable":true,"href":"https:\/\/www.dragonframe.com\/de\/wp-json\/wp\/v2\/product_tag?post=17976"}],"curies":[{"name":"wp","href":"https:\/\/api.w.org\/{rel}","templated":true}]}}