{"id":42460,"date":"2020-11-29T15:25:41","date_gmt":"2020-11-29T23:25:41","guid":{"rendered":"https:\/\/www.dragonframe.com\/?page_id=42460"},"modified":"2025-06-30T09:57:54","modified_gmt":"2025-06-30T16:57:54","slug":"camera-setup-webcam","status":"publish","type":"page","link":"https:\/\/www.dragonframe.com\/de\/camera-setup-webcam\/","title":{"rendered":"Webcam-Setup"},"content":{"rendered":"<div class=\"pageTitle\">\r\n<h1 class=\"translation-block\">USB-Webcam- <span class=\"white\">Setup<\/span><\/h1>\r\n<\/div>\n\n\n\n<div class=\"wp-block-columns is-layout-flex wp-container-core-columns-is-layout-9d6595d7 wp-block-columns-is-layout-flex\">\n<div class=\"wp-block-column is-layout-flow wp-block-column-is-layout-flow\" style=\"flex-basis:25%\"><\/div>\n\n\n\n<div class=\"wp-block-column is-layout-flow wp-block-column-is-layout-flow\" style=\"flex-basis:50%\">\n<div class=\"tether\" style=\"max-width: 640px;\">\n<p>Webcams sind eine kosteng\u00fcnstige M\u00f6glichkeit f\u00fcr den Einstieg in die Stop-Motion-Animation. Sie k\u00f6nnen auch als Videoassistent f\u00fcr Standbildkameras ohne Live-Ansicht n\u00fctzlich sein.<\/p>\n\n<p>Dragonframe sollte jede UVC-kompatible (USB Video Class) Webcam unterst\u00fctzen. UVC ist ein Standard, dem die meisten Webcam-Hersteller folgen, und sie f\u00fchren dies normalerweise in den Produktspezifikationen auf.<\/p>\n\n<p>Stellen Sie sicher, dass Sie Ihre Kamera mit Dragonframe testen, bevor Sie eine Volllizenz erwerben.<\/p>\n<h2>Anweisungen:<\/h2>\n<ol>\n \t<li>Verbinden Sie Ihre Webcam \u00fcber ein USB-Kabel mit Ihrem Computer.<\/li>\n \t<li>Starten Sie die Dragonframe-Software auf dem Computer.<\/li>\n \t<li class=\"translation-block\"><a href=\"https:\/\/www.dragonframe.com\/wp-content\/uploads\/2019\/06\/CreateScene.png\" rel=\"iLightBox\" data-caption=\"\" target=\"_self\">Erstellen Sie eine neue Szene<\/a> oder \u00f6ffnen Sie eine vorhandene Szene.<\/li>\n \t<li>Starten Sie DF Tether auf Ihrem Ger\u00e4t.<\/li>\n<\/ol>\n<p>Dragonframe erkennt es automatisch und stellt eine Verbindung her.<\/p>\n<h2>Nachdem es verbunden ist:<\/h2>\n<ul>\n \t<li>Dragonframe zeigt mithilfe der Webcam eine Videovorschau an. (Angenommen, Sie haben eine Szene ge\u00f6ffnet, gem\u00e4\u00df Anweisung #3 oben.)<\/li>\n \t<li>Je nach Modell verf\u00fcgen Sie m\u00f6glicherweise \u00fcber Belichtungssteuerungen wie Verst\u00e4rkung, Helligkeit usw.<\/li>\n \t<li>Erfassen Sie JPG- oder TIFF-Bilder direkt auf dem Computer.<\/li>\n \t<li>Einige Modelle bieten digitalen Fokus in Dragonframe. Sie k\u00f6nnen darauf zugreifen, indem Sie in den Arbeitsbereichen Animation oder Kinematographie auf das Fadenkreuzsymbol klicken.<\/li>\n<\/ul>\n\n<h2>Lernprogramm:<\/h2>\n<div style=\"display:none;width:100%;height:100%\"><iframe loading=\"lazy\" src=\"https:\/\/player.vimeo.com\/video\/661072365?autoplay=1&preview=0&muted=0\" id=\"fs-661072365\"  frameborder=\"0\" width=\"1920px\" height=\"1080px\" allowfullscreen allow=\"autoplay; fullscreen\"><\/iframe><\/div><div class='tutVideo'><a href='#fs-661072365' data-fslightbox='fs-661072365'><img  loading='lazy' src='\/wp-content\/uploads\/facade\/tut-661072365.jpg' alt='Video abspielen Dragonframe Webcam-Fokus + Einstellungen' width='200' height='150' \/><span><\/span><\/a><\/div><p style='padding:8px 0;'>Dragonframe Webcam-Fokus + Einstellungen<br\/>04:13 min<\/p>\n\n<\/div>\n<\/div>\n\n\n\n<div class=\"wp-block-column is-layout-flow wp-block-column-is-layout-flow\" style=\"flex-basis:25%\"><\/div>\n<\/div>\n\n\n\n<p><\/p>","protected":false},"excerpt":{"rendered":"<p>USB-Webcam-Einrichtung: Webcams sind eine kosteng\u00fcnstige Option f\u00fcr den Einstieg in die Stop-Motion-Animation. Sie eignen sich auch als Videoassistent f\u00fcr Fotokameras ohne Live-Ansicht. Dragonframe unterst\u00fctzt alle UVC-kompatiblen (USB Video Class) Webcams. UVC ist ein Standard, den die meisten Webcam-Hersteller befolgen. Sie listen in der Regel \u2026 <a title=\"Webcam-Setup\" class=\"read-more\" href=\"https:\/\/www.dragonframe.com\/de\/camera-setup-webcam\/\" aria-label=\"Weitere Informationen \u00fcber Webcam-Setup\">Mehr lesen<\/a><\/p>","protected":false},"author":1,"featured_media":0,"parent":0,"menu_order":0,"comment_status":"closed","ping_status":"closed","template":"","meta":{"footnotes":""},"class_list":{"0":"post-42460","1":"page","2":"type-page","3":"status-publish","5":"no-featured-image-padding"},"_links":{"self":[{"href":"https:\/\/www.dragonframe.com\/de\/wp-json\/wp\/v2\/pages\/42460","targetHints":{"allow":["GET"]}}],"collection":[{"href":"https:\/\/www.dragonframe.com\/de\/wp-json\/wp\/v2\/pages"}],"about":[{"href":"https:\/\/www.dragonframe.com\/de\/wp-json\/wp\/v2\/types\/page"}],"author":[{"embeddable":true,"href":"https:\/\/www.dragonframe.com\/de\/wp-json\/wp\/v2\/users\/1"}],"replies":[{"embeddable":true,"href":"https:\/\/www.dragonframe.com\/de\/wp-json\/wp\/v2\/comments?post=42460"}],"version-history":[{"count":0,"href":"https:\/\/www.dragonframe.com\/de\/wp-json\/wp\/v2\/pages\/42460\/revisions"}],"wp:attachment":[{"href":"https:\/\/www.dragonframe.com\/de\/wp-json\/wp\/v2\/media?parent=42460"}],"curies":[{"name":"wp","href":"https:\/\/api.w.org\/{rel}","templated":true}]}}