{"id":37831,"date":"2020-03-11T19:35:04","date_gmt":"2020-03-12T02:35:04","guid":{"rendered":"https:\/\/www.dragonframe.com\/?page_id=37831"},"modified":"2025-06-30T10:37:31","modified_gmt":"2025-06-30T17:37:31","slug":"shipping-policy","status":"publish","type":"page","link":"https:\/\/www.dragonframe.com\/de\/shipping-policy\/","title":{"rendered":"Versandbedingungen"},"content":{"rendered":"<h3 style=\"padding-top: 30px;\">Inlandsversand (innerhalb der USA)<\/h3>\n<p>Wir bieten derzeit USPS Priority Mail und mehrere UPS-Optionen an.<\/p>\n\n<p>Bestellungen, die nach 10:00 Uhr PST eingehen, werden am n\u00e4chsten Werktag versandt.<\/p>\n\n<p>UPS Servicenamen sind keine Garantie f\u00fcr Lieferzeiten. Einzelheiten zu bestimmten Diensten finden Sie unter UPS.<\/p>\n<h3>Internationaler Versand (au\u00dferhalb der USA)<\/h3>\nWir bieten derzeit folgende internationale Versandoptionen an:\n<ul>\n \t<li><b>APC International<\/b>. Sie zahlen alle Versandkosten, Geb\u00fchren, Z\u00f6lle und Steuern im Voraus. Die Lieferzeit variiert, betr\u00e4gt jedoch in der Regel 3\u20134 Wochen (2\u20133 Wochen in die EU\/das Vereinigte K\u00f6nigreich).\n<div style=\"padding-left: 30px; padding-top: 10px;\">\n\n<p><strong>Wenn Ihr \u00f6rtlicher Spediteur Sie auffordert, Steuern\/Z\u00f6lle\/Geb\u00fchren zu zahlen<\/strong>, leiten Sie die Anfrage bitte an uns weiter <a href=\"mailto:support@dragonframe.com\">support@dragonframe.com<\/a>, und wir werden es bezahlen.\n<br>Wenn Sie einen Zahlungslink erhalten, k\u00f6nnen wir diesen direkt bezahlen.\n<br>Wenn Sie bar bezahlen m\u00fcssen, senden Sie uns ein Foto der Quittung und wir erstatten Ihnen den Betrag.<\/p>\n\n<\/div><\/li>\n \t<li><b>DHL Express mit vorausbezahlten Z\u00f6llen<\/b>. Dies ist eine DDP-Option (Delivery Duty Paid), bei der Sie den Versand, Geb\u00fchren, Z\u00f6lle und Steuern im Voraus bezahlen. Die Lieferzeit variiert, betr\u00e4gt aber normalerweise 3-10 Werktage.<\/li>\n \t<li><b>DHL Express Worldwide DAP<\/b>. Dies ist eine DAP-Option (Duties at Place), bei der Sie f\u00fcr den gesamten Versand, Geb\u00fchren, Z\u00f6lle und Steuern verantwortlich sind. Die Versandkosten werden im Voraus bezahlt, aber Sie m\u00fcssen Steuern auf die Zolllieferung zahlen. Die Lieferzeit variiert, betr\u00e4gt aber normalerweise 3-10 Werktage.<\/li>\n<\/ul>\n<h3>Brasilien<\/h3>\n<p>Leider versenden wir nicht nach Brasilien. Wir haben es mit verschiedenen Partnern versucht, aber der brasilianische Zoll erhebt wahllos ungerechtfertigte Steuern, die wir nicht \u00fcbernehmen k\u00f6nnen.<\/p>\n<h3>Indien<\/h3>\n<p>Wir liefern nicht nach Indien. Wir hatten zu viele Probleme mit exorbitanten Z\u00f6llen, Geb\u00fchren und Doppelbesteuerung.<\/p>\n<h3>Ukraine<\/h3>\n<p>Wir k\u00f6nnen derzeit nicht in die Ukraine versenden.<\/p>","protected":false},"excerpt":{"rendered":"<p>Inlandsversand (innerhalb der USA): Wir bieten derzeit USPS Priority Mail und verschiedene UPS-Optionen an. Bestellungen, die nach 10:00 Uhr PST eingehen, werden am n\u00e4chsten Werktag versendet. UPS-Servicenamen garantieren keine Lieferzeit. Details zu den einzelnen Services finden Sie bei UPS. Internationaler Versand (au\u00dferhalb der USA): Wir bieten derzeit folgende internationale Versandarten an \u2026 <a title=\"Versandbedingungen\" class=\"read-more\" href=\"https:\/\/www.dragonframe.com\/de\/shipping-policy\/\" aria-label=\"Weitere Informationen zu Versandbedingungen\">Mehr lesen<\/a><\/p>","protected":false},"author":1,"featured_media":0,"parent":0,"menu_order":0,"comment_status":"closed","ping_status":"closed","template":"","meta":{"footnotes":""},"class_list":{"0":"post-37831","1":"page","2":"type-page","3":"status-publish","5":"no-featured-image-padding"},"_links":{"self":[{"href":"https:\/\/www.dragonframe.com\/de\/wp-json\/wp\/v2\/pages\/37831","targetHints":{"allow":["GET"]}}],"collection":[{"href":"https:\/\/www.dragonframe.com\/de\/wp-json\/wp\/v2\/pages"}],"about":[{"href":"https:\/\/www.dragonframe.com\/de\/wp-json\/wp\/v2\/types\/page"}],"author":[{"embeddable":true,"href":"https:\/\/www.dragonframe.com\/de\/wp-json\/wp\/v2\/users\/1"}],"replies":[{"embeddable":true,"href":"https:\/\/www.dragonframe.com\/de\/wp-json\/wp\/v2\/comments?post=37831"}],"version-history":[{"count":0,"href":"https:\/\/www.dragonframe.com\/de\/wp-json\/wp\/v2\/pages\/37831\/revisions"}],"wp:attachment":[{"href":"https:\/\/www.dragonframe.com\/de\/wp-json\/wp\/v2\/media?parent=37831"}],"curies":[{"name":"wp","href":"https:\/\/api.w.org\/{rel}","templated":true}]}}